{"id":679,"date":"2010-11-01T20:32:31","date_gmt":"2010-11-02T00:32:31","guid":{"rendered":"http:\/\/www.dramaction.qc.ca\/fr\/"},"modified":"2016-07-15T19:18:25","modified_gmt":"2016-07-15T23:18:25","slug":"atelier-pour-jeunes-acteurs-montreal","status":"publish","type":"page","link":"https:\/\/www.dramaction.qc.ca\/fr\/cours-de-theatre\/atelier-pour-jeunes-acteurs-montreal\/","title":{"rendered":"Atelier pour jeunes acteurs, Montr\u00e9al"},"content":{"rendered":"<h1><strong><a href=\"http:\/\/www.dramaction.qc.ca\/fr\/wp-content\/uploads\/2010\/11\/atelier-theatre-brigitte_Rivet_clip_image002.jpg\"><img decoding=\"async\" class=\"alignleft size-full wp-image-681\" title=\"Atelier pour jeunes acteurs\" src=\"http:\/\/www.dramaction.qc.ca\/fr\/wp-content\/uploads\/2010\/11\/atelier-theatre-brigitte_Rivet_clip_image002.jpg\" alt=\"\" width=\"136\" height=\"136\" srcset=\"https:\/\/www.dramaction.qc.ca\/fr\/wp-content\/uploads\/2010\/11\/atelier-theatre-brigitte_Rivet_clip_image002.jpg 136w, https:\/\/www.dramaction.qc.ca\/fr\/wp-content\/uploads\/2010\/11\/atelier-theatre-brigitte_Rivet_clip_image002-200x200.jpg 200w, https:\/\/www.dramaction.qc.ca\/fr\/wp-content\/uploads\/2010\/11\/atelier-theatre-brigitte_Rivet_clip_image002-100x100.jpg 100w, https:\/\/www.dramaction.qc.ca\/fr\/wp-content\/uploads\/2010\/11\/atelier-theatre-brigitte_Rivet_clip_image002-500x500.jpg 500w\" sizes=\"(max-width: 136px) 100vw, 136px\" \/><\/a>Ateliers pour Jeunes Acteurs de Montr\u00e9al<\/strong><\/h1>\n<p>Jeu d\u2019acteur, jeu cam\u00e9ra et pr\u00e9paration d\u2019auditions<br \/>\nSite\u00a0: <a href=\"http:\/\/ecoleacteursmontreal.com\/?v=c4782f5abe5c\" target=\"_blank\">ecoleacteursmontreal.com<\/a><br \/>\nCourriel\u00a0: contact@ajam.tv<br \/>\nT\u00e9l\u00e9phone\u00a0: (514) 373-4873<\/p>\n<p>AJAM ou Les Ateliers pour Jeunes Acteurs de Montr\u00e9al offre une formation pertinente et adapt\u00e9e aux jeunes \u00e2g\u00e9s entre 5 ans et 20 ans dans la grande r\u00e9gion de Montr\u00e9al. <em>Les cours sont ouverts \u00e0 tous (exp\u00e9riment\u00e9s ou non).<\/em><\/p>\n<p>La ligne directrice de notre \u00e9cole est de donner une formation aux enfants, aux ados et aux jeunes adultes qui veulent percer dans le milieu de la t\u00e9l\u00e9vision, de la publicit\u00e9 et\/ou du cin\u00e9ma. Nous avons cr\u00e9\u00e9 un programme pour leur permettre d\u2019avoir une prise sur leurs performances en audition et en tournage, et leur offrir la chance de d\u00e9velopper leur potentiel de com\u00e9dien, en leur donnant tous les trucs possibles pour y parvenir.<\/p>\n<p>Notre formation propose un programme adapt\u00e9 aux besoins de chaque groupe d\u2019\u00e2ge (et en fonction de l\u2019exp\u00e9rience de l\u2019\u00e9l\u00e8ve)\u00a0:<\/p>\n<ol>\n<li>Exploration et mouvement (5 \u00e0 8 ans)<\/li>\n<li>Mise en train de l&#8217;acteur (9 \u00e0 11 ans)<\/li>\n<li>Pr\u00e9paration d&#8217;auditions (12 \u00e0 14 ans)<\/li>\n<li>Jeu d&#8217;acteur (15 \u00e0 17 ans)<\/li>\n<li>Perfectionnement (18 ans et +)<\/li>\n<\/ol>\n<p>Des coachings priv\u00e9s sont aussi offerts, sur rendez-vous, pour pr\u00e9parer des auditions professionnelles.<\/p>\n<p><strong>Visitez notre site web pour plus d\u2019infos !<\/strong><br \/>\n<a href=\"http:\/\/ajam.tv\/affiliates\/atelierspourjeunesacteurs\" target=\"_blank\">http:\/\/ajam.tv\/affiliates\/atelierspourjeunesacteurs<\/a><\/p>\n","protected":false},"excerpt":{"rendered":"<p>Ateliers pour Jeunes Acteurs de Montr\u00e9al Jeu d\u2019acteur, jeu cam\u00e9ra et pr\u00e9paration d\u2019auditions Site\u00a0: ecoleacteursmontreal.com Courriel\u00a0: contact@ajam.tv T\u00e9l\u00e9phone\u00a0: (514) 373-4873 AJAM ou Les Ateliers pour Jeunes Acteurs de Montr\u00e9al offre une formation pertinente et adapt\u00e9e aux jeunes \u00e2g\u00e9s entre 5 ans et 20 ans dans la grande r\u00e9gion de Montr\u00e9al. Les cours sont ouverts \u00e0 [&hellip;]<\/p>\n","protected":false},"author":22,"featured_media":0,"parent":49,"menu_order":31,"comment_status":"open","ping_status":"open","template":"","meta":{"footnotes":""},"class_list":["post-679","page","type-page","status-publish","hentry"],"jetpack_sharing_enabled":true,"_links":{"self":[{"href":"https:\/\/www.dramaction.qc.ca\/fr\/wp-json\/wp\/v2\/pages\/679","targetHints":{"allow":["GET"]}}],"collection":[{"href":"https:\/\/www.dramaction.qc.ca\/fr\/wp-json\/wp\/v2\/pages"}],"about":[{"href":"https:\/\/www.dramaction.qc.ca\/fr\/wp-json\/wp\/v2\/types\/page"}],"author":[{"embeddable":true,"href":"https:\/\/www.dramaction.qc.ca\/fr\/wp-json\/wp\/v2\/users\/22"}],"replies":[{"embeddable":true,"href":"https:\/\/www.dramaction.qc.ca\/fr\/wp-json\/wp\/v2\/comments?post=679"}],"version-history":[{"count":0,"href":"https:\/\/www.dramaction.qc.ca\/fr\/wp-json\/wp\/v2\/pages\/679\/revisions"}],"up":[{"embeddable":true,"href":"https:\/\/www.dramaction.qc.ca\/fr\/wp-json\/wp\/v2\/pages\/49"}],"wp:attachment":[{"href":"https:\/\/www.dramaction.qc.ca\/fr\/wp-json\/wp\/v2\/media?parent=679"}],"curies":[{"name":"wp","href":"https:\/\/api.w.org\/{rel}","templated":true}]}}