{"id":671,"date":"2010-11-01T20:26:20","date_gmt":"2010-11-02T00:26:20","guid":{"rendered":"http:\/\/www.dramaction.qc.ca\/fr\/"},"modified":"2011-01-25T20:16:14","modified_gmt":"2011-01-26T01:16:14","slug":"ecole-de-theatre-brigitte-rivet-%e2%80%93-rive-sud-de-montreal-chateauguay-saint-jean-sur-richelieu-napierville-st-remi","status":"publish","type":"page","link":"https:\/\/www.dramaction.qc.ca\/fr\/cours-de-theatre\/ecole-de-theatre-brigitte-rivet-%e2%80%93-rive-sud-de-montreal-chateauguay-saint-jean-sur-richelieu-napierville-st-remi\/","title":{"rendered":"\u00c9cole d&#8217;acteurs Brigitte Rivet \u2013 Rive-Sud de Montr\u00e9al, Chateauguay et Saint-Jean-sur-Richelieu"},"content":{"rendered":"<h2><strong><a href=\"http:\/\/www.dramaction.qc.ca\/fr\/wp-content\/uploads\/2010\/11\/DSC_9613nb.jpg\"><img decoding=\"async\" class=\"size-thumbnail wp-image-672 alignright\" src=\"http:\/\/www.dramaction.qc.ca\/fr\/wp-content\/uploads\/2010\/11\/DSC_9613nb-150x150.jpg\" alt=\"\" width=\"150\" height=\"150\" srcset=\"https:\/\/www.dramaction.qc.ca\/fr\/wp-content\/uploads\/2010\/11\/DSC_9613nb-150x150.jpg 150w, https:\/\/www.dramaction.qc.ca\/fr\/wp-content\/uploads\/2010\/11\/DSC_9613nb-200x200.jpg 200w, https:\/\/www.dramaction.qc.ca\/fr\/wp-content\/uploads\/2010\/11\/DSC_9613nb-100x100.jpg 100w\" sizes=\"(max-width: 150px) 100vw, 150px\" \/><\/a>\u00c9cole d&#8217;acteurs Brigitte Rivet<\/strong><\/h2>\n<h3>Rive-Sud de Montr\u00e9al,           Chateauguay et Saint-Jean-sur-Richelieu<\/h3>\n<p>450-245-7475<em> (pour \u00e9viter l&#8217;interrurbain, composez 514-877-5000 avant le num\u00e9ro)<\/em><br \/>\n<a href=\"http:\/\/wwww.coursdetheatre.tv\/\" target=\"_blank\">www.coursdetheatre.tv<\/a><\/p>\n<p><strong>Programmes offerts :<\/strong><\/p>\n<p>&#8211; Exploration th\u00e9\u00e2trale (3-6 ans)<\/p>\n<p>&#8211; Th\u00e9\u00e2tre (7 ans et plus)<\/p>\n<p>&#8211; Pr\u00e9paration aux auditions (6-7 ans)<\/p>\n<p>&#8211; Jeu devant la cam\u00e9ra 1-2 (8 ans et plus)<\/p>\n<p>&#8211; Cin\u00e9ma (11 ans et plus &#8211; pr\u00e9-requis n\u00e9cessaire)<\/p>\n<p>&#8211; Camp de jour \/ session intensive d&#8217;\u00e9t\u00e9<\/p>\n<p>&#8211; ART \/ \u00c9tudes CIN\u00c9MA (12 heures par semaine), en  collaboration avec la commission scolaire des Haute-Rivi\u00e8res  (Saint-Jean-sur-Richelieu seulement)<\/p>\n<p><strong>Lieu des cours :<\/strong><\/p>\n<blockquote>\n<ul>\n<li>Ch\u00e2teauguay &#8211; \u00c9cole de musique Jocelyne Laberge (450) 692-9572<\/li>\n<li>Saint-Jean-sur-Richelieu &#8211; Centre Artistique Brigitte Rivet (450) 741-7476<\/li>\n<\/ul>\n<\/blockquote>\n<p><a href=\"http:\/\/www.dramaction.qc.ca\/fr\/wp-content\/uploads\/2010\/11\/2DSC_98051.jpg\"><img decoding=\"async\" class=\"size-thumbnail wp-image-674 alignnone\" style=\"margin-left: 15px;margin-right: 15px\" src=\"http:\/\/www.dramaction.qc.ca\/fr\/wp-content\/uploads\/2010\/11\/2DSC_98051-150x150.jpg\" alt=\"\" width=\"293\" height=\"194\" srcset=\"https:\/\/www.dramaction.qc.ca\/fr\/wp-content\/uploads\/2010\/11\/2DSC_98051-500x331.jpg 500w, https:\/\/www.dramaction.qc.ca\/fr\/wp-content\/uploads\/2010\/11\/2DSC_98051.jpg 293w\" sizes=\"(max-width: 293px) 100vw, 293px\" \/><\/a><\/p>\n<p><a href=\"http:\/\/www.dramaction.qc.ca\/fr\/wp-content\/uploads\/2010\/11\/3DSC_9814.jpg\"><img decoding=\"async\" class=\"size-full wp-image-675 alignnone\" src=\"http:\/\/www.dramaction.qc.ca\/fr\/wp-content\/uploads\/2010\/11\/3DSC_9814.jpg\" alt=\"\" width=\"296\" height=\"197\" srcset=\"https:\/\/www.dramaction.qc.ca\/fr\/wp-content\/uploads\/2010\/11\/3DSC_9814.jpg 296w, https:\/\/www.dramaction.qc.ca\/fr\/wp-content\/uploads\/2010\/11\/3DSC_9814-500x332.jpg 500w\" sizes=\"(max-width: 296px) 100vw, 296px\" \/><\/a><\/p>\n<h5>Photos : Daniel Deneault, studio Photomaitre, Saint-Jean-sur-Richelieu<\/h5>\n","protected":false},"excerpt":{"rendered":"<p>\u00c9cole d&#8217;acteurs Brigitte Rivet Rive-Sud de Montr\u00e9al, Chateauguay et Saint-Jean-sur-Richelieu 450-245-7475 (pour \u00e9viter l&#8217;interrurbain, composez 514-877-5000 avant le num\u00e9ro) www.coursdetheatre.tv Programmes offerts : &#8211; Exploration th\u00e9\u00e2trale (3-6 ans) &#8211; Th\u00e9\u00e2tre (7 ans et plus) &#8211; Pr\u00e9paration aux auditions (6-7 ans) &#8211; Jeu devant la cam\u00e9ra 1-2 (8 ans et plus) &#8211; Cin\u00e9ma (11 ans et [&hellip;]<\/p>\n","protected":false},"author":9,"featured_media":0,"parent":49,"menu_order":30,"comment_status":"open","ping_status":"closed","template":"","meta":{"footnotes":""},"class_list":["post-671","page","type-page","status-publish","hentry"],"jetpack_sharing_enabled":true,"_links":{"self":[{"href":"https:\/\/www.dramaction.qc.ca\/fr\/wp-json\/wp\/v2\/pages\/671","targetHints":{"allow":["GET"]}}],"collection":[{"href":"https:\/\/www.dramaction.qc.ca\/fr\/wp-json\/wp\/v2\/pages"}],"about":[{"href":"https:\/\/www.dramaction.qc.ca\/fr\/wp-json\/wp\/v2\/types\/page"}],"author":[{"embeddable":true,"href":"https:\/\/www.dramaction.qc.ca\/fr\/wp-json\/wp\/v2\/users\/9"}],"replies":[{"embeddable":true,"href":"https:\/\/www.dramaction.qc.ca\/fr\/wp-json\/wp\/v2\/comments?post=671"}],"version-history":[{"count":0,"href":"https:\/\/www.dramaction.qc.ca\/fr\/wp-json\/wp\/v2\/pages\/671\/revisions"}],"up":[{"embeddable":true,"href":"https:\/\/www.dramaction.qc.ca\/fr\/wp-json\/wp\/v2\/pages\/49"}],"wp:attachment":[{"href":"https:\/\/www.dramaction.qc.ca\/fr\/wp-json\/wp\/v2\/media?parent=671"}],"curies":[{"name":"wp","href":"https:\/\/api.w.org\/{rel}","templated":true}]}}