{"id":667,"date":"2010-11-01T20:20:36","date_gmt":"2010-11-02T00:20:36","guid":{"rendered":"http:\/\/www.dramaction.qc.ca\/fr\/"},"modified":"2010-11-01T20:21:29","modified_gmt":"2010-11-02T00:21:29","slug":"atelier-de-theatre-et-musique-marie-claude-marleau","status":"publish","type":"page","link":"https:\/\/www.dramaction.qc.ca\/fr\/cours-de-theatre\/atelier-de-theatre-et-musique-marie-claude-marleau\/","title":{"rendered":"Atelier de Th\u00e9\u00e2tre et Musique Marie-Claude Marleau, Pincourt, St-Lazare et Vaudreuil-Dorion"},"content":{"rendered":"<div>\n<p><strong><strong>Atelier de Th\u00e9\u00e2tre et Musique   Marie-Claude Marleau<\/strong><\/strong><\/p>\n<\/div>\n<div>\n<p>Cours de th\u00e9\u00e2tre et musique pour   jeunes de\u00a03 \u00e0 16 ans et adultes<\/p>\n<\/div>\n<div>\n<p>Pincourt,   St-Lazare, Vaudreuil-Dorion\u00a0(ouest de l&#8217;\u00eele de   Montr\u00e9al)<\/p>\n<\/div>\n<div>\n<p>info:514-924-8584<\/p>\n<\/div>\n<div>\n<p>Les ateliers offrent des   cours con\u00e7us  pour chacun des groupes d&#8217;\u00e2ges. Le programme est divis\u00e9 entre des    exercices tel que; improvisation, expression corporelle, diction,  sketches&#8230; et   la pr\u00e9paration de courtes ou de plus longues pi\u00e8ce de  th\u00e9\u00e2tre selon la session.   Spectacle de fin d&#8217;ann\u00e9e dans une vraie  salle de spectacle professionnelle. Nous   avons aussi une troupe de  th\u00e9\u00e2tre amateur pour adultes.<\/p>\n<p>Ouvert \u00e0   tous.<\/p>\n<\/div>\n","protected":false},"excerpt":{"rendered":"<p>Atelier de Th\u00e9\u00e2tre et Musique Marie-Claude Marleau Cours de th\u00e9\u00e2tre et musique pour jeunes de\u00a03 \u00e0 16 ans et adultes Pincourt, St-Lazare, Vaudreuil-Dorion\u00a0(ouest de l&#8217;\u00eele de Montr\u00e9al) info:514-924-8584 Les ateliers offrent des cours con\u00e7us pour chacun des groupes d&#8217;\u00e2ges. Le programme est divis\u00e9 entre des exercices tel que; improvisation, expression corporelle, diction, sketches&#8230; et la [&hellip;]<\/p>\n","protected":false},"author":22,"featured_media":0,"parent":49,"menu_order":29,"comment_status":"open","ping_status":"open","template":"","meta":{"footnotes":""},"class_list":["post-667","page","type-page","status-publish","hentry"],"jetpack_sharing_enabled":true,"_links":{"self":[{"href":"https:\/\/www.dramaction.qc.ca\/fr\/wp-json\/wp\/v2\/pages\/667","targetHints":{"allow":["GET"]}}],"collection":[{"href":"https:\/\/www.dramaction.qc.ca\/fr\/wp-json\/wp\/v2\/pages"}],"about":[{"href":"https:\/\/www.dramaction.qc.ca\/fr\/wp-json\/wp\/v2\/types\/page"}],"author":[{"embeddable":true,"href":"https:\/\/www.dramaction.qc.ca\/fr\/wp-json\/wp\/v2\/users\/22"}],"replies":[{"embeddable":true,"href":"https:\/\/www.dramaction.qc.ca\/fr\/wp-json\/wp\/v2\/comments?post=667"}],"version-history":[{"count":0,"href":"https:\/\/www.dramaction.qc.ca\/fr\/wp-json\/wp\/v2\/pages\/667\/revisions"}],"up":[{"embeddable":true,"href":"https:\/\/www.dramaction.qc.ca\/fr\/wp-json\/wp\/v2\/pages\/49"}],"wp:attachment":[{"href":"https:\/\/www.dramaction.qc.ca\/fr\/wp-json\/wp\/v2\/media?parent=667"}],"curies":[{"name":"wp","href":"https:\/\/api.w.org\/{rel}","templated":true}]}}