{"id":5721,"date":"2017-10-13T09:41:41","date_gmt":"2017-10-13T13:41:41","guid":{"rendered":"http:\/\/www.dramaction.qc.ca\/fr\/?page_id=5721"},"modified":"2017-10-13T09:41:41","modified_gmt":"2017-10-13T13:41:41","slug":"studio-catharsis","status":"publish","type":"page","link":"https:\/\/www.dramaction.qc.ca\/fr\/cours-de-theatre\/studio-catharsis\/","title":{"rendered":"Studio Catharsis"},"content":{"rendered":"<p style=\"text-align: center;\">O\u00f9 sommes nous?<br \/>\nNous sommes situ\u00e9s au 99, boulevard<br \/>\ndes Hauts-Bois \u00e0 Ste-Julie dans<br \/>\nles locaux du Studio Dancing MLB.<br \/>\nVous pouvez nous rejoindre par<br \/>\nt\u00e9l\u00e9phone, courriel ou via Facebook!<br \/>\n514.817.6108<br \/>\nstudiocatharsis@yahoo.com<br \/>\n<a href=\"http:\/\/www.studiocatharsis.ca\" target=\"_blank\" rel=\"noopener\">www.studiocatharsis.ca<\/a><\/p>\n<p>&nbsp;<\/p>\n<p>QUI SOMMES-NOUS?<\/p>\n<p>Caroline a d\u00e9but\u00e9 ses \u00e9tudes en th\u00e9\u00e2tre au c\u00e9gep de St-Hyacinthe en Exploration th\u00e9\u00e2trale. Elle a continu\u00e9 au c\u00e9gep de Lionel-Groulx dans le programme en Interpr\u00e9tation th\u00e9\u00e2trale.<\/p>\n<p>Ensuite, elle a compl\u00e9t\u00e9 deux baccalaur\u00e9ats \u00e0 l\u2019Universit\u00e9 du Qu\u00e9bec \u00e0 Montr\u00e9al; le premier en Interpr\u00e9tation th\u00e9\u00e2trale et le second en enseignement de l\u2019art dramatique au secondaire. Elle a d\u00e9croch\u00e9 plusieurs r\u00f4les \u00e0 la t\u00e9l\u00e9vision, au cin\u00e9ma et dans quelques pubs dont Bob Gratton ma vie my life, Les gags juste pour rire, Coloc.tv, C.A., Les Bougons, Histoires de filles, le film le Steak, etc.<\/p>\n<p>Elle enseigne le th\u00e9\u00e2tre \u00e0 l\u2019\u00c9cole secondaire Saint-Joseph de Saint-Hyacinthe depuis plus de 15 ans. Elle a sign\u00e9 un contrat avec la maison d\u2019\u00e9dition Gu\u00e9rin. Ces cahiers d\u2019exercices en art dramatique pour le premier cycle du secondaire sont une premi\u00e8re au Qu\u00e9bec!<\/p>\n<p>Elle a \u00e9galement dirig\u00e9 le Camp des Artistes pendant 5 ans \u00e0 Trois-Saumons et a \u00e9t\u00e9 propri\u00e9taire du Camp des arts de la sc\u00e8ne \u00e0 Portneuf.<\/p>\n<p>Aujourd\u2019hui, Caroline est fi\u00e8re propri\u00e9taire et directrice du Studio Catharsis!<\/p>\n<p>LES COURS<br \/>\n\u00c9VEIL TH\u00c9\u00c2TRAL 1 2-3 ans<br \/>\n(Avec parent)<br \/>\nDimanche de 8h15 \u00e0 8h45<\/p>\n<p>\u00c9VEIL TH\u00c9\u00c2TRAL 2 4-5 ans<br \/>\nDimanche de 8h45 \u00e0 9h30<\/p>\n<p>TH\u00c9\u00c2TRE \/ CIN\u00c9MA 1 6-8 ans<br \/>\nDimanche de 14h00 \u00e0 15h00<\/p>\n<p>TH\u00c9\u00c2TRE \/ CIN\u00c9MA 2 9-11 ans<br \/>\nDimanche de 15h00 \u00e0 16h00<\/p>\n<p>TH\u00c9\u00c2TRE \/ CIN\u00c9MA 3 12-14 ans<br \/>\nDimanche de 16h00 \u00e0 17h00<\/p>\n<p>TROUPE REL\u00c8VE 15-17 ans<br \/>\n\u00c0 d\u00e9terminer (bloc de 2hres)<\/p>\n<p>TROUPE DES DOTATOS! 7-14 ans<br \/>\n(Pour les enfants avec douance intellectuelle)<br \/>\n\u00c0 d\u00e9terminer (bloc de 2hres)<\/p>\n<p>TROUPE ADULTES 18-99 ans<br \/>\nMercredi de 20h00 \u00e0 22h00<br \/>\n(Bloc de 2hres)<\/p>\n<p>STRUCTURE DES COURS<\/p>\n<p>\u00c9VEIL TH\u00c9\u00c2TRAL<br \/>\nDe septembre \u00e0 d\u00e9cembre les cours sont ax\u00e9s sur le jeu th\u00e9\u00e2tral. Le dernier cours est une classe de d\u00e9monstration.<br \/>\nDe janvier \u00e0 juin les cours sont ax\u00e9s sur la pr\u00e9paration d\u2019un petit spectacle. Pr\u00e9sentation dans une vraie salle de spectacle en juin!<\/p>\n<p>TH\u00c9\u00c2TRE \/ CIN\u00c9MA<br \/>\nDe septembre \u00e0 d\u00e9cembre les cours sont ax\u00e9s sur la technique du jeu au th\u00e9\u00e2tre et au cin\u00e9ma.<br \/>\n\u00bd sessions en th\u00e9\u00e2tre<br \/>\n\u00bd sessions en cin\u00e9ma<br \/>\nLe dernier cours est une classe de d\u00e9monstration.<br \/>\nDe janvier \u00e0 juin les cours sont ax\u00e9s surla pr\u00e9paration d\u2019une pi\u00e8ce de th\u00e9\u00e2tre avec multim\u00e9dias! Pr\u00e9sentation dans une vraie salle de spectacle en juin!<\/p>\n<p>LES TROUPES<\/p>\n<p>&#8211; LA REL\u00c8VE<br \/>\nPr\u00e9paration d\u2019une pi\u00e8ce de th\u00e9\u00e2tre de septembre \u00e0 juin.<\/p>\n<p>&#8211; LES DOTATOS<br \/>\nPr\u00e9paration d\u2019une pi\u00e8ce de th\u00e9\u00e2tre de septembre \u00e0 d\u00e9cembre.<\/p>\n<p>&#8211; LES ADULTES<br \/>\nPr\u00e9paration d\u2019une pi\u00e8ce de th\u00e9\u00e2tre de septembre \u00e0 juin.<br \/>\nPr\u00e9sentation dans une vraie salle de spectacle!<\/p>\n","protected":false},"excerpt":{"rendered":"<p>O\u00f9 sommes nous? Nous sommes situ\u00e9s au 99, boulevard des Hauts-Bois \u00e0 Ste-Julie dans les locaux du Studio Dancing MLB. Vous pouvez nous rejoindre par t\u00e9l\u00e9phone, courriel ou via Facebook! 514.817.6108 studiocatharsis@yahoo.com www.studiocatharsis.ca &nbsp; QUI SOMMES-NOUS? Caroline a d\u00e9but\u00e9 ses \u00e9tudes en th\u00e9\u00e2tre au c\u00e9gep de St-Hyacinthe en Exploration th\u00e9\u00e2trale. Elle a continu\u00e9 au c\u00e9gep [&hellip;]<\/p>\n","protected":false},"author":22,"featured_media":0,"parent":49,"menu_order":0,"comment_status":"closed","ping_status":"closed","template":"","meta":{"footnotes":""},"class_list":["post-5721","page","type-page","status-publish","hentry"],"jetpack_sharing_enabled":true,"_links":{"self":[{"href":"https:\/\/www.dramaction.qc.ca\/fr\/wp-json\/wp\/v2\/pages\/5721","targetHints":{"allow":["GET"]}}],"collection":[{"href":"https:\/\/www.dramaction.qc.ca\/fr\/wp-json\/wp\/v2\/pages"}],"about":[{"href":"https:\/\/www.dramaction.qc.ca\/fr\/wp-json\/wp\/v2\/types\/page"}],"author":[{"embeddable":true,"href":"https:\/\/www.dramaction.qc.ca\/fr\/wp-json\/wp\/v2\/users\/22"}],"replies":[{"embeddable":true,"href":"https:\/\/www.dramaction.qc.ca\/fr\/wp-json\/wp\/v2\/comments?post=5721"}],"version-history":[{"count":0,"href":"https:\/\/www.dramaction.qc.ca\/fr\/wp-json\/wp\/v2\/pages\/5721\/revisions"}],"up":[{"embeddable":true,"href":"https:\/\/www.dramaction.qc.ca\/fr\/wp-json\/wp\/v2\/pages\/49"}],"wp:attachment":[{"href":"https:\/\/www.dramaction.qc.ca\/fr\/wp-json\/wp\/v2\/media?parent=5721"}],"curies":[{"name":"wp","href":"https:\/\/api.w.org\/{rel}","templated":true}]}}