{"id":560,"date":"2010-10-28T11:54:06","date_gmt":"2010-10-28T15:54:06","guid":{"rendered":"http:\/\/www.dramaction.qc.ca\/fr\/"},"modified":"2017-10-07T13:02:27","modified_gmt":"2017-10-07T17:02:27","slug":"virelangues","status":"publish","type":"page","link":"https:\/\/www.dramaction.qc.ca\/fr\/ressources\/documents-a-telecharger\/virelangues\/","title":{"rendered":"Virelangues"},"content":{"rendered":"<div class='w3eden'>\n    <div class=''>\n                                <div id=\"content_wpdm_package_1\">\n            <div class='row'><div class='col-lg-12 col-md-6 col-12'><!-- WPDM Link Template: Call to Action 3 -->\n\n<div class=\"well c2a3\">\n    <div class=\"media\">\n        <div class=\"mr-3\" align=\"left\">\n            <img decoding=\"async\" class=\"wpdm_icon\" alt=\"Ic\u00f4ne\" src=\"https:\/\/www.dramaction.qc.ca\/fr\/wp-content\/plugins\/download-manager\/assets\/file-type-icons\/pdf.svg\" \/>\n        <\/div>\n        <div class=\"media-body\">\n            <h3 class=\"media-heading\" style=\"padding-top: 0px;border:0px;margin: 0 0 5px 0;font-size:12pt;\">\n                <a style=\"font-weight: 700\" href=\"https:\/\/www.dramaction.qc.ca\/fr\/telechargements\/exercices-de-diction-tordus-tordants\/\">Exercices de diction tordus... et tordants<\/a>\n                <span style=\"font-size:8pt;font-weight:300\" class=\"text-muted ml-4\">\n                    <i class=\"fas fa-hdd mr-1\"><\/i> 100\n                    <i class=\"ml-3 far fa-arrow-alt-circle-down mr-1\"><\/i> 42227 downloads\n                <\/span>\n            <\/h3>\n            Pr\u00e9sent\u00e9 par Lyne Quirion, ce r\u00e9pertoire d'exercices de diction est bien utile...\n        <\/div>\n        <div class=\"ml-3\" align=\"right\">\n            <a class='wpdm-download-link download-on-click btn btn-danger btn-xs' rel='nofollow' href='#' data-downloadurl=\"https:\/\/www.dramaction.qc.ca\/fr\/telechargements\/exercices-de-diction-tordus-tordants\/?wpdmdl=5692&refresh=69e73914d676b1776761108\">T\u00e9l\u00e9charger<\/a>\n        <\/div>\n    <\/div>\n\n<\/div>\n<style>\n    .well.c2a3 .btn {\n        padding: 11px 30px;\n        font-size: 11pt;\n    }\n\n    .well.c2a3 .media-body {\n        font-size: 11pt;\n    }\n\n    .well.c2a3 .wpdm_icon {\n        height: 42px;\n        width: auto;\n    }<\/style>\n<\/div><div class='col-lg-12 col-md-6 col-12'><!-- WPDM Link Template: Call to Action 3 -->\n\n<div class=\"well c2a3\">\n    <div class=\"media\">\n        <div class=\"mr-3\" align=\"left\">\n            <img decoding=\"async\" class=\"wpdm_icon\" alt=\"Ic\u00f4ne\" src=\"https:\/\/www.dramaction.qc.ca\/fr\/wp-content\/plugins\/download-manager\/assets\/file-type-icons\/pdf.svg\" \/>\n        <\/div>\n        <div class=\"media-body\">\n            <h3 class=\"media-heading\" style=\"padding-top: 0px;border:0px;margin: 0 0 5px 0;font-size:12pt;\">\n                <a style=\"font-weight: 700\" href=\"https:\/\/www.dramaction.qc.ca\/fr\/telechargements\/la-ballade-de-chalclintlicuc\/\">La ballade de Chalclintlicuc<\/a>\n                <span style=\"font-size:8pt;font-weight:300\" class=\"text-muted ml-4\">\n                    <i class=\"fas fa-hdd mr-1\"><\/i> 11\n                    <i class=\"ml-3 far fa-arrow-alt-circle-down mr-1\"><\/i> 31019 downloads\n                <\/span>\n            <\/h3>\n            Texte exercice de diction \u00e0 travailler avec les \u00e9l\u00e8ves.\nMerci \u00e0 \u00c9milie Poirier...\n        <\/div>\n        <div class=\"ml-3\" align=\"right\">\n            <a class='wpdm-download-link download-on-click btn btn-danger btn-xs' rel='nofollow' href='#' data-downloadurl=\"https:\/\/www.dramaction.qc.ca\/fr\/telechargements\/la-ballade-de-chalclintlicuc\/?wpdmdl=5691&refresh=69e73915130171776761109\">T\u00e9l\u00e9charger<\/a>\n        <\/div>\n    <\/div>\n\n<\/div>\n<style>\n    .well.c2a3 .btn {\n        padding: 11px 30px;\n        font-size: 11pt;\n    }\n\n    .well.c2a3 .media-body {\n        font-size: 11pt;\n    }\n\n    .well.c2a3 .wpdm_icon {\n        height: 42px;\n        width: auto;\n    }<\/style>\n<\/div><div class='col-lg-12 col-md-6 col-12'><!-- WPDM Link Template: Call to Action 3 -->\n\n<div class=\"well c2a3\">\n    <div class=\"media\">\n        <div class=\"mr-3\" align=\"left\">\n            <img decoding=\"async\" class=\"wpdm_icon\" alt=\"Ic\u00f4ne\" src=\"https:\/\/www.dramaction.qc.ca\/fr\/wp-content\/plugins\/download-manager\/assets\/file-type-icons\/pdf.svg\" \/>\n        <\/div>\n        <div class=\"media-body\">\n            <h3 class=\"media-heading\" style=\"padding-top: 0px;border:0px;margin: 0 0 5px 0;font-size:12pt;\">\n                <a style=\"font-weight: 700\" href=\"https:\/\/www.dramaction.qc.ca\/fr\/telechargements\/virelangues-en-en-en-en\/\">Virelangues en \u00ab on \u00bb, en \u00ab en \u00bb et en \u00ab in \u00bb<\/a>\n                <span style=\"font-size:8pt;font-weight:300\" class=\"text-muted ml-4\">\n                    <i class=\"fas fa-hdd mr-1\"><\/i> 10\n                    <i class=\"ml-3 far fa-arrow-alt-circle-down mr-1\"><\/i> 30765 downloads\n                <\/span>\n            <\/h3>\n            Petit document permettant de travailler les \u00ab on \u00bb, en \u00ab en \u00bb et en \u00ab in \u00bb...\n        <\/div>\n        <div class=\"ml-3\" align=\"right\">\n            <a class='wpdm-download-link download-on-click btn btn-danger btn-xs' rel='nofollow' href='#' data-downloadurl=\"https:\/\/www.dramaction.qc.ca\/fr\/telechargements\/virelangues-en-en-en-en\/?wpdmdl=5689&refresh=69e73915376711776761109\">T\u00e9l\u00e9charger<\/a>\n        <\/div>\n    <\/div>\n\n<\/div>\n<style>\n    .well.c2a3 .btn {\n        padding: 11px 30px;\n        font-size: 11pt;\n    }\n\n    .well.c2a3 .media-body {\n        font-size: 11pt;\n    }\n\n    .well.c2a3 .wpdm_icon {\n        height: 42px;\n        width: auto;\n    }<\/style>\n<\/div><\/div>            <div style='clear:both'><\/div><div class='text-center'><ul class='pagination wpdm-pagination pagination-centered text-center'><\/ul><\/div><div style='clear:both'><\/div>        <\/div>\n\n        <div style='clear:both'><\/div>\n    <\/div>\n<\/div>\n\n","protected":false},"excerpt":{"rendered":"Exercices de diction tordus... et tordants 100 42227 downloads Pr\u00e9sent\u00e9 par Lyne Quirion, ce r\u00e9pertoire d'exercices de diction est bien utile... T\u00e9l\u00e9charger La ballade de Chalclintlicuc 11 31019 downloads Texte exercice de diction \u00e0 travailler avec les \u00e9l\u00e8ves. Merci \u00e0 \u00c9milie Poirier... T\u00e9l\u00e9charger Virelangues en \u00ab on \u00bb, en \u00ab en \u00bb et en \u00ab [...]","protected":false},"author":22,"featured_media":0,"parent":138,"menu_order":0,"comment_status":"open","ping_status":"open","template":"","meta":{"footnotes":""},"class_list":["post-560","page","type-page","status-publish","hentry"],"jetpack_sharing_enabled":true,"_links":{"self":[{"href":"https:\/\/www.dramaction.qc.ca\/fr\/wp-json\/wp\/v2\/pages\/560","targetHints":{"allow":["GET"]}}],"collection":[{"href":"https:\/\/www.dramaction.qc.ca\/fr\/wp-json\/wp\/v2\/pages"}],"about":[{"href":"https:\/\/www.dramaction.qc.ca\/fr\/wp-json\/wp\/v2\/types\/page"}],"author":[{"embeddable":true,"href":"https:\/\/www.dramaction.qc.ca\/fr\/wp-json\/wp\/v2\/users\/22"}],"replies":[{"embeddable":true,"href":"https:\/\/www.dramaction.qc.ca\/fr\/wp-json\/wp\/v2\/comments?post=560"}],"version-history":[{"count":0,"href":"https:\/\/www.dramaction.qc.ca\/fr\/wp-json\/wp\/v2\/pages\/560\/revisions"}],"up":[{"embeddable":true,"href":"https:\/\/www.dramaction.qc.ca\/fr\/wp-json\/wp\/v2\/pages\/138"}],"wp:attachment":[{"href":"https:\/\/www.dramaction.qc.ca\/fr\/wp-json\/wp\/v2\/media?parent=560"}],"curies":[{"name":"wp","href":"https:\/\/api.w.org\/{rel}","templated":true}]}}