{"id":49,"date":"2010-10-18T21:46:01","date_gmt":"2010-10-19T01:46:01","guid":{"rendered":"http:\/\/www.dramaction.qc.ca\/fr\/"},"modified":"2022-11-28T19:58:51","modified_gmt":"2022-11-29T00:58:51","slug":"cours-de-theatre","status":"publish","type":"page","link":"https:\/\/www.dramaction.qc.ca\/fr\/cours-de-theatre\/","title":{"rendered":"Cours de th\u00e9\u00e2tre"},"content":{"rendered":"<h2><strong>Ateliers de th\u00e9\u00e2tre offerts au Qu\u00e9bec<\/strong><\/h2>\n<ul>\n<li><a href=\"https:\/\/www.dramaction.qc.ca\/fr\/cours-de-theatre\/troupe-de-theatre-la-ruee-vers-lart-pierrefonds\/\">\u00c9cole de th\u00e9\u00e2tre Ru\u00e9e vers l&#8217;Art, depuis 1992 &#8212; Pierrefonds<\/a><\/li>\n<li><a href=\"https:\/\/www.dramaction.qc.ca\/fr\/cours-avec-elodie-lehoux-therrien\/\">Cours avec \u00c9lodie Lehoux-Therrien &#8211; Plusieurs villes<\/a><\/li>\n<li><a href=\"http:\/\/www.dramaction.qc.ca\/fr\/cours-de-theatre\/atelier-de-theatre-et-musique-marie-claude-marleau\/\">Atelier de Th\u00e9\u00e2tre et Musique Marie-Claude Marleau &#8212; Pincourt, St-Lazare,Vaudreuil-Dorion<\/a><\/li>\n<li><a href=\"http:\/\/www.dramaction.qc.ca\/fr\/cours-de-theatre\/ecole-de-theatre-brigitte-rivet-%E2%80%93-rive-sud-de-montreal-chateauguay-saint-jean-sur-richelieu-napierville-st-remi\/\">\u00c9cole pour acteurs Brigitte Rivet &#8211; Rive-Sud de Montr\u00e9al Ch\u00e2teauguay et St-Jean-sur-Richelieu<\/a><\/li>\n<li><a href=\"http:\/\/www.dramaction.qc.ca\/fr\/cours-de-theatre\/atelier-pour-jeunes-acteurs-montreal\/\">Atelier pour jeunes acteurs &#8212; Montr\u00e9al<\/a><\/li>\n<li><a href=\"http:\/\/www.dramaction.qc.ca\/fr\/cours-de-theatre\/ateliers-de-theatre-et-de-danse-cote-cour-cote-jardin-montreal\/\">Ateliers de th\u00e9\u00e2tre et de danse C\u00f4t\u00e9 Cour C\u00f4t\u00e9 Jardin &#8212; Montr\u00e9al<\/a><\/li>\n<li><a href=\"http:\/\/www.dramaction.qc.ca\/fr\/cours-de-theatre\/studio-catharsis\/\">Studio Catharsis &#8212; Ste-Julie<\/a><\/li>\n<li><a href=\"http:\/\/www.dramaction.qc.ca\/fr\/cours-de-theatre\/les-mil-visages\/\">Les Mil visages &#8212; Montr\u00e9al<\/a><\/li>\n<\/ul>\n<h2><strong>Ateliers de th\u00e9\u00e2tre offerts en Europe<\/strong><\/h2>\n<ul>\n<li><a href=\"http:\/\/www.dramaction.qc.ca\/fr\/cours-de-theatre\/corvis%E2%80%99art-ateliers-de-theatre-amateur-paris\/\">Corvis\u2019art : Ateliers de th\u00e9\u00e2tre amateur &#8212; Paris<\/a><\/li>\n<li><a href=\"http:\/\/www.dramaction.qc.ca\/fr\/cours-de-theatre\/commedia-dellarte-xvle-besancon\/\">Commedia Dell&#8217;arte (XVle) &#8212; Besan\u00e7on<\/a><\/li>\n<li><a href=\"http:\/\/www.dramaction.qc.ca\/fr\/cours-de-theatre\/chateau-sagonne-bourges\/\">Chateau Sagonne &#8212; Bourges<\/a><\/li>\n<li><a href=\"http:\/\/www.dramaction.qc.ca\/fr\/cours-de-theatre\/la-compagnie-pirazzoli-paris\/\">La Compagnie Pirazzoli &#8212; Paris<\/a><\/li>\n<li><a href=\"http:\/\/www.dramaction.qc.ca\/fr\/cours-de-theatre\/theatre-le-tremplin-cagnes-sur-mer\/\">Th\u00e9\u00e2tre Le Tremplin &#8212; Cagnes Sur Mer<\/a><\/li>\n<\/ul>\n<h2>Annoncez votre ateliers ou vos cours de th\u00e9\u00e2tre<\/h2>\n<p>\u00c9crivez-nous ici pour ajouter votre page gratuitement !<\/p>\n\n<div class=\"wpcf7 no-js\" id=\"wpcf7-f3985-o1\" lang=\"fr-FR\" dir=\"ltr\" data-wpcf7-id=\"3985\">\n<div class=\"screen-reader-response\"><p role=\"status\" aria-live=\"polite\" aria-atomic=\"true\"><\/p> <ul><\/ul><\/div>\n<form action=\"\/fr\/wp-json\/wp\/v2\/pages\/49#wpcf7-f3985-o1\" method=\"post\" class=\"wpcf7-form init\" aria-label=\"Formulaire de contact\" enctype=\"multipart\/form-data\" novalidate=\"novalidate\" data-status=\"init\">\n<fieldset class=\"hidden-fields-container\"><input type=\"hidden\" name=\"_wpcf7\" value=\"3985\" \/><input type=\"hidden\" name=\"_wpcf7_version\" value=\"6.1.1\" \/><input type=\"hidden\" name=\"_wpcf7_locale\" value=\"fr_FR\" \/><input type=\"hidden\" name=\"_wpcf7_unit_tag\" value=\"wpcf7-f3985-o1\" \/><input type=\"hidden\" name=\"_wpcf7_container_post\" value=\"0\" \/><input type=\"hidden\" name=\"_wpcf7_posted_data_hash\" value=\"\" \/>\n<\/fieldset>\n<p><label> Votre nom (obligatoire)<br \/>\n<span class=\"wpcf7-form-control-wrap\" data-name=\"your-name\"><input size=\"40\" maxlength=\"400\" class=\"wpcf7-form-control wpcf7-text wpcf7-validates-as-required\" aria-required=\"true\" aria-invalid=\"false\" value=\"\" type=\"text\" name=\"your-name\" \/><\/span> <\/label>\n<\/p>\n<p><label> Votre courriel (obligatoire)<br \/>\n<span class=\"wpcf7-form-control-wrap\" data-name=\"your-email\"><input size=\"40\" maxlength=\"400\" class=\"wpcf7-form-control wpcf7-email wpcf7-validates-as-required wpcf7-text wpcf7-validates-as-email\" aria-required=\"true\" aria-invalid=\"false\" value=\"\" type=\"email\" name=\"your-email\" \/><\/span> <\/label>\n<\/p>\n<p><label> Sujet<br \/>\n<span class=\"wpcf7-form-control-wrap\" data-name=\"your-subject\"><input size=\"40\" maxlength=\"400\" class=\"wpcf7-form-control wpcf7-text\" aria-invalid=\"false\" value=\"\" type=\"text\" name=\"your-subject\" \/><\/span> <\/label>\n<\/p>\n<p><label>Envoyez un document d\u00e9taill\u00e9 de votre offre de cours (2mb max - .pdf, .doc, .docx seulement)<br \/>\n<span class=\"wpcf7-form-control-wrap\" data-name=\"file-303\"><input size=\"40\" class=\"wpcf7-form-control wpcf7-file\" accept=\".pdf,.doc,.docx\" aria-invalid=\"false\" type=\"file\" name=\"file-303\" \/><\/span><\/label>\n<\/p>\n<p><label> Votre message<br \/>\n<span class=\"wpcf7-form-control-wrap\" data-name=\"your-message\"><textarea cols=\"40\" rows=\"10\" maxlength=\"2000\" class=\"wpcf7-form-control wpcf7-textarea\" aria-invalid=\"false\" name=\"your-message\"><\/textarea><\/span> <\/label>\n<\/p>\n<p><input class=\"wpcf7-form-control wpcf7-submit has-spinner\" type=\"submit\" value=\"Envoyer\" \/>\n<\/p><div class=\"wpcf7-response-output\" aria-hidden=\"true\"><\/div>\n<\/form>\n<\/div>\n\n","protected":false},"excerpt":{"rendered":"<p>Ateliers de th\u00e9\u00e2tre offerts au Qu\u00e9bec \u00c9cole de th\u00e9\u00e2tre Ru\u00e9e vers l&#8217;Art, depuis 1992 &#8212; Pierrefonds Cours avec \u00c9lodie Lehoux-Therrien &#8211; Plusieurs villes Atelier de Th\u00e9\u00e2tre et Musique Marie-Claude Marleau &#8212; Pincourt, St-Lazare,Vaudreuil-Dorion \u00c9cole pour acteurs Brigitte Rivet &#8211; Rive-Sud de Montr\u00e9al Ch\u00e2teauguay et St-Jean-sur-Richelieu Atelier pour jeunes acteurs &#8212; Montr\u00e9al Ateliers de th\u00e9\u00e2tre et [&hellip;]<\/p>\n","protected":false},"author":22,"featured_media":0,"parent":0,"menu_order":5,"comment_status":"closed","ping_status":"closed","template":"","meta":{"footnotes":""},"class_list":["post-49","page","type-page","status-publish","hentry"],"jetpack_sharing_enabled":true,"_links":{"self":[{"href":"https:\/\/www.dramaction.qc.ca\/fr\/wp-json\/wp\/v2\/pages\/49","targetHints":{"allow":["GET"]}}],"collection":[{"href":"https:\/\/www.dramaction.qc.ca\/fr\/wp-json\/wp\/v2\/pages"}],"about":[{"href":"https:\/\/www.dramaction.qc.ca\/fr\/wp-json\/wp\/v2\/types\/page"}],"author":[{"embeddable":true,"href":"https:\/\/www.dramaction.qc.ca\/fr\/wp-json\/wp\/v2\/users\/22"}],"replies":[{"embeddable":true,"href":"https:\/\/www.dramaction.qc.ca\/fr\/wp-json\/wp\/v2\/comments?post=49"}],"version-history":[{"count":3,"href":"https:\/\/www.dramaction.qc.ca\/fr\/wp-json\/wp\/v2\/pages\/49\/revisions"}],"predecessor-version":[{"id":8486,"href":"https:\/\/www.dramaction.qc.ca\/fr\/wp-json\/wp\/v2\/pages\/49\/revisions\/8486"}],"wp:attachment":[{"href":"https:\/\/www.dramaction.qc.ca\/fr\/wp-json\/wp\/v2\/media?parent=49"}],"curies":[{"name":"wp","href":"https:\/\/api.w.org\/{rel}","templated":true}]}}