{"id":4631,"date":"2016-12-22T20:48:24","date_gmt":"2016-12-23T01:48:24","guid":{"rendered":"http:\/\/www.dramaction.qc.ca\/fr\/?page_id=4631"},"modified":"2016-12-22T20:49:38","modified_gmt":"2016-12-23T01:49:38","slug":"luc-boulanger","status":"publish","type":"page","link":"https:\/\/www.dramaction.qc.ca\/fr\/luc-boulanger\/","title":{"rendered":"Pi\u00e8ces de Luc Boulanger"},"content":{"rendered":"<p style=\"text-align: center;\"><a href=\"http:\/\/www.dramaction.qc.ca\/fr\/textes-a-jouer-avec-vos-eleves\/textes-a-jouer\/\">Tous les textes<\/a> | <a href=\"http:\/\/www.dramaction.qc.ca\/fr\/textes-a-jouer-avec-vos-eleves\/textes-a-jouer\/textes-complets\/\">Textes complets<\/a> | <a href=\"http:\/\/www.dramaction.qc.ca\/fr\/textes-a-jouer-avec-vos-eleves\/textes-a-jouer\/texte-en-extrait-eprouves\/\">Texte en extrait (\u00e9prouv\u00e9s)<\/a><\/p>\n<p style=\"text-align: center;\"><strong>Genre<\/strong>: <a href=\"http:\/\/www.dramaction.qc.ca\/fr\/textes-a-jouer-avec-vos-eleves\/textes-a-jouer\/comedies\/\">Com\u00e9dies<\/a> \/ <a href=\"http:\/\/www.dramaction.qc.ca\/fr\/textes-a-jouer-avec-vos-eleves\/textes-a-jouer\/drames\/\">Drames<\/a> | <strong>nb. personnages<\/strong> <a href=\"http:\/\/www.dramaction.qc.ca\/fr\/textes-a-jouer-avec-vos-eleves\/textes-a-jouer\/texte-de-theatre-de-1-a-5-personnages\/\">1 \u00e0 5 personnages<\/a> \/ <a href=\"http:\/\/www.dramaction.qc.ca\/fr\/textes-a-jouer-avec-vos-eleves\/textes-a-jouer\/pieces-de-theatre-a-telecharger-de-6-a-15-personnages\/\">6 \u00e0 15 personnages<\/a> \/ <a href=\"http:\/\/www.dramaction.qc.ca\/fr\/textes-a-jouer-avec-vos-eleves\/textes-a-jouer\/pieces-de-theatre-a-telecharger-de-15-a-30-personnages\/\">15 \u00e0 30 personnages<\/a> | <strong>Dur\u00e9e<\/strong> : <a href=\"http:\/\/www.dramaction.qc.ca\/fr\/textes-a-jouer-avec-vos-eleves\/textes-a-jouer\/scenes-de-theatre-de-moins-de-5-minutes\/\">Moins de 5 minutes<\/a> \/ <a href=\"http:\/\/www.dramaction.qc.ca\/fr\/textes-a-jouer-avec-vos-eleves\/textes-a-jouer\/courtes-pieces-de-theatre-entre-6-30-minutes\/\">Entre 6 et 30 minutes<\/a> \/ <a href=\"http:\/\/www.dramaction.qc.ca\/fr\/textes-a-jouer-avec-vos-eleves\/textes-a-jouer\/pieces-de-theatre-entre-30-60-minutes\/\">Entre 30 et 60 minutes<\/a> \/ <a href=\"http:\/\/www.dramaction.qc.ca\/fr\/textes-a-jouer-avec-vos-eleves\/textes-a-jouer\/pieces-de-theatre-longues-de-de-60-minutes\/\">Plus de 60 minutes<\/a> | <strong>Pour des \u00e9l\u00e8ves de<\/strong> : <a href=\"http:\/\/www.dramaction.qc.ca\/fr\/textes-a-jouer-avec-vos-eleves\/textes-a-jouer\/pieces-pour-enfants\/\">8 \u00e0 12 ans<\/a> \/ <a href=\"http:\/\/www.dramaction.qc.ca\/fr\/textes-a-jouer-avec-vos-eleves\/textes-a-jouer\/pieces-theatre-12-16-ans\/\">12 \u00e0 16 ans<\/a> \/ <a href=\"http:\/\/www.dramaction.qc.ca\/fr\/textes-a-jouer-avec-vos-eleves\/textes-a-jouer\/pieces-de-theatre-pour-adolescents-adultes\/\">Plus de 16 ans<\/a><\/p>\n<p style=\"text-align: center;\">Auteurs jeunesse de renom : <a href=\"http:\/\/www.dramaction.qc.ca\/fr\/textes-a-jouer-avec-vos-eleves\/textes-a-jouer\/extraits-de-pieces-de-theatre-de-jimmy-doucet\/\">Jimmy Doucet<\/a> \/ <a href=\"http:\/\/www.dramaction.qc.ca\/fr\/luc-boulanger\/\">Luc Boulanger<\/a><\/p>\n<div class='w3eden'>\n    <div class=''>\n                <p>T\u00e9l\u00e9chargez les textes gratuits offerts sur Dramaction<\/p>\n                <div id=\"content_wpdm_package_1\">\n            <div class='row'><div class='col-lg-12 col-md-12 col-12'><div class=\"panel panel-default\">\n    <div class=\"panel-body\">\n<div class=\"media\">\n   <a class=\"pull-left\" link=\"<a href='https:\/\/www.dramaction.qc.ca\/fr\/telechargements\/le-parc-en-ciel\/'>Le Parc-en-ciel<\/a>\">\n    <img decoding=\"async\" class=\"wpdm_icon\" alt=\"Ic\u00f4ne\" src=\"https:\/\/www.dramaction.qc.ca\/fr\/wp-content\/plugins\/download-manager\/assets\/file-type-icons\/pdf.svg\" \/>\n   <\/a>\n    <div class=\"media-body\">\n    <h4 class=\"media-heading\" style=\"padding-top: 0px;border:0px;margin: 0px;height: 20px;overflow: hidden\"><a href='https:\/\/www.dramaction.qc.ca\/fr\/telechargements\/le-parc-en-ciel\/'>Le Parc-en-ciel<\/a><\/h4>\n    <i style=\"margin: 4px 0 0 5px;opacity:0.5\" class=\"fa fa-th-large\"><\/i>  Taille du fichier : 0.00 KB kb<Br\/><i style=\"margin: 2px 0 0 5px;\" class=\"icon icon-download-alt\"><\/i> 38694 T\u00e9l\u00e9chargements<br\/><br\/><a class='wpdm-download-link download-on-click btn btn-danger btn-xs' rel='nofollow' href='#' data-downloadurl=\"https:\/\/www.dramaction.qc.ca\/fr\/telechargements\/le-parc-en-ciel\/?wpdmdl=4629&refresh=69e6430aa1d731776698122\">T\u00e9l\u00e9charger l'extrait<\/a>\n   <\/div>\n<div class=\"media-body\"><div class=\"media-body\">\n<p><strong>Nombre de personnages<\/strong> : 14F 14H<br \/>\n<strong>Nombre d'acteurs<\/strong> : Entre 18 et 28<br \/>\n<strong>\u00c2ge<\/strong> : 8 - 13 ans<br \/>\n<strong>Dur\u00e9e<\/strong> : 50 minutes<br \/>\n<strong>Genre<\/strong> : Com\u00e9die<br \/>\n<strong>Auteur<\/strong> : Luc Boulanger<\/p>\n<p><strong>R\u00e9sum\u00e9<\/strong> : Un parc dans une petite ville, un banc, un buisson. Un lieu tout simple qui sera le th\u00e9\u00e2tre de p\u00e9rip\u00e9ties \u00e9tonnantes. Deux bandits qui ont vol\u00e9 la banque cachent leur magot sous un buisson. Par hasard, des enfants retrouvent l\u2019argent. Comment vont-ils r\u00e9agir\u2009? Le garder pour eux ou le rendre ? Leur choix aura des r\u00e9percussions inattendues pour les habitu\u00e9s du parc.<\/p>\n<p>Extrait seulement<br \/>\n<strong>Pour acheter le texte complet<\/strong>\u00a0 <a href=\"https:\/\/www.theatreanimagination.com\/fr\/textes-a-jouer\/textes-de-theatre-pour-les-8-a-13-ans\/parcenciel.html\">https:\/\/www.theatreanimagination.com\/fr\/textes-a-jouer\/textes-de-theatre-pour-les-8-a-13-ans\/parcenciel.html<\/a><\/p>\n<\/div>\n\n    <\/div>\n\n<\/div>\n<\/div>\n<\/div>\n\n\n<\/div><div class='col-lg-12 col-md-12 col-12'><div class=\"panel panel-default\">\n    <div class=\"panel-body\">\n<div class=\"media\">\n   <a class=\"pull-left\" link=\"<a href='https:\/\/www.dramaction.qc.ca\/fr\/telechargements\/le-ptit-bourgeois-gentilhomme\/'>Le p'tit Bourgeois Gentilhomme<\/a>\">\n    <img decoding=\"async\" class=\"wpdm_icon\" alt=\"Ic\u00f4ne\" src=\"https:\/\/www.dramaction.qc.ca\/fr\/wp-content\/plugins\/download-manager\/assets\/file-type-icons\/pdf.svg\" \/>\n   <\/a>\n    <div class=\"media-body\">\n    <h4 class=\"media-heading\" style=\"padding-top: 0px;border:0px;margin: 0px;height: 20px;overflow: hidden\"><a href='https:\/\/www.dramaction.qc.ca\/fr\/telechargements\/le-ptit-bourgeois-gentilhomme\/'>Le p'tit Bourgeois Gentilhomme<\/a><\/h4>\n    <i style=\"margin: 4px 0 0 5px;opacity:0.5\" class=\"fa fa-th-large\"><\/i>  Taille du fichier : 0.00 KB kb<Br\/><i style=\"margin: 2px 0 0 5px;\" class=\"icon icon-download-alt\"><\/i> 80011 T\u00e9l\u00e9chargements<br\/><br\/><a class='wpdm-download-link download-on-click btn btn-danger btn-xs' rel='nofollow' href='#' data-downloadurl=\"https:\/\/www.dramaction.qc.ca\/fr\/telechargements\/le-ptit-bourgeois-gentilhomme\/?wpdmdl=4663&refresh=69e6430ad05031776698122\">T\u00e9l\u00e9charger l'extrait<\/a>\n   <\/div>\n<div class=\"media-body\"><div class=\"media-body\">\n<div class=\"media-body\">\n<p><strong>Nombre de personnages<\/strong> : 6 (2H 4F)<br \/>\n<strong>Nombre d'acteurs<\/strong> : 6<br \/>\n<strong>\u00c2ge<\/strong> : 12-16<br \/>\n<strong>Dur\u00e9e<\/strong> : 12 minutes<br \/>\n<strong>Genre<\/strong> : Com\u00e9die (d'apr\u00e8s Moli\u00e8re<br \/>\n<strong>Auteur<\/strong> : Luc Boulanger<\/p>\n<p><strong>R\u00e9sum\u00e9<\/strong> : M. Jourdain a fait fortune et il est riche. Mais, il aimerait aussi faire partie de la noblesse. C'est pourquoi il cherche \u00e0 marier sa fille \u00e0 un noble. Mais comme celle-ci a d\u00e9j\u00e0 un amoureux, elle fait appel \u00e0 l\u2019espi\u00e8gle servante Nicole qui n\u2019h\u00e9site pas \u00e0 utiliser d\u00e9guisements et mensonges afin de contourner les projets de son ma\u00eetre.<\/p>\n<p>Extrait seulement<br \/>\n<strong>Pour acheter le texte complet<\/strong>\u00a0 <a href=\"https:\/\/www.theatreanimagination.com\/fr\/\" target=\"_blank\">https:\/\/www.theatreanimagination.com\/fr\/<\/a><\/p>\n<\/div>\n<\/div>\n\n    <\/div>\n\n<\/div>\n<\/div>\n<\/div>\n\n\n<\/div><\/div>            <div style='clear:both'><\/div><div class='text-center'><ul class='pagination wpdm-pagination pagination-centered text-center'><\/ul><\/div><div style='clear:both'><\/div>        <\/div>\n\n        <div style='clear:both'><\/div>\n    <\/div>\n<\/div>\n\n","protected":false},"excerpt":{"rendered":"<p>Tous les textes | Textes complets | Texte en extrait (\u00e9prouv\u00e9s) Genre: Com\u00e9dies \/ Drames | nb. personnages 1 \u00e0 5 personnages \/ 6 \u00e0 15 personnages \/ 15 \u00e0 30 personnages | Dur\u00e9e : Moins de 5 minutes \/ Entre 6 et 30 minutes \/ Entre 30 et 60 minutes \/ Plus de 60 [&hellip;]<\/p>\n","protected":false},"author":22,"featured_media":0,"parent":0,"menu_order":0,"comment_status":"closed","ping_status":"closed","template":"","meta":{"footnotes":""},"class_list":["post-4631","page","type-page","status-publish","hentry"],"jetpack_sharing_enabled":true,"_links":{"self":[{"href":"https:\/\/www.dramaction.qc.ca\/fr\/wp-json\/wp\/v2\/pages\/4631","targetHints":{"allow":["GET"]}}],"collection":[{"href":"https:\/\/www.dramaction.qc.ca\/fr\/wp-json\/wp\/v2\/pages"}],"about":[{"href":"https:\/\/www.dramaction.qc.ca\/fr\/wp-json\/wp\/v2\/types\/page"}],"author":[{"embeddable":true,"href":"https:\/\/www.dramaction.qc.ca\/fr\/wp-json\/wp\/v2\/users\/22"}],"replies":[{"embeddable":true,"href":"https:\/\/www.dramaction.qc.ca\/fr\/wp-json\/wp\/v2\/comments?post=4631"}],"version-history":[{"count":0,"href":"https:\/\/www.dramaction.qc.ca\/fr\/wp-json\/wp\/v2\/pages\/4631\/revisions"}],"wp:attachment":[{"href":"https:\/\/www.dramaction.qc.ca\/fr\/wp-json\/wp\/v2\/media?parent=4631"}],"curies":[{"name":"wp","href":"https:\/\/api.w.org\/{rel}","templated":true}]}}