{"id":4604,"date":"2016-12-22T18:46:55","date_gmt":"2016-12-22T23:46:55","guid":{"rendered":"http:\/\/www.dramaction.qc.ca\/fr\/?page_id=4604"},"modified":"2016-12-22T20:53:11","modified_gmt":"2016-12-23T01:53:11","slug":"extraits-de-pieces-de-theatre-de-jimmy-doucet","status":"publish","type":"page","link":"https:\/\/www.dramaction.qc.ca\/fr\/textes-a-jouer-avec-vos-eleves\/textes-a-jouer\/extraits-de-pieces-de-theatre-de-jimmy-doucet\/","title":{"rendered":"Extraits de pi\u00e8ces de th\u00e9\u00e2tre de Jimmy Doucet"},"content":{"rendered":"<p style=\"text-align: center;\"><a href=\"http:\/\/www.dramaction.qc.ca\/fr\/textes-a-jouer-avec-vos-eleves\/textes-a-jouer\/\">Tous les textes<\/a> | <a href=\"http:\/\/www.dramaction.qc.ca\/fr\/textes-a-jouer-avec-vos-eleves\/textes-a-jouer\/textes-complets\/\">Textes complets<\/a> | <a href=\"http:\/\/www.dramaction.qc.ca\/fr\/textes-a-jouer-avec-vos-eleves\/textes-a-jouer\/texte-en-extrait-eprouves\/\">Texte en extrait (\u00e9prouv\u00e9s)<\/a><\/p>\n<p style=\"text-align: center;\"><strong>Genre<\/strong>: <a href=\"http:\/\/www.dramaction.qc.ca\/fr\/textes-a-jouer-avec-vos-eleves\/textes-a-jouer\/comedies\/\">Com\u00e9dies<\/a> \/ <a href=\"http:\/\/www.dramaction.qc.ca\/fr\/textes-a-jouer-avec-vos-eleves\/textes-a-jouer\/drames\/\">Drames<\/a> | <strong>nb. personnages<\/strong> <a href=\"http:\/\/www.dramaction.qc.ca\/fr\/textes-a-jouer-avec-vos-eleves\/textes-a-jouer\/texte-de-theatre-de-1-a-5-personnages\/\">1 \u00e0 5 personnages<\/a> \/ <a href=\"http:\/\/www.dramaction.qc.ca\/fr\/textes-a-jouer-avec-vos-eleves\/textes-a-jouer\/pieces-de-theatre-a-telecharger-de-6-a-15-personnages\/\">6 \u00e0 15 personnages<\/a> \/ <a href=\"http:\/\/www.dramaction.qc.ca\/fr\/textes-a-jouer-avec-vos-eleves\/textes-a-jouer\/pieces-de-theatre-a-telecharger-de-15-a-30-personnages\/\">15 \u00e0 30 personnages<\/a> | <strong>Dur\u00e9e<\/strong> : <a href=\"http:\/\/www.dramaction.qc.ca\/fr\/textes-a-jouer-avec-vos-eleves\/textes-a-jouer\/scenes-de-theatre-de-moins-de-5-minutes\/\">Moins de 5 minutes<\/a> \/ <a href=\"http:\/\/www.dramaction.qc.ca\/fr\/textes-a-jouer-avec-vos-eleves\/textes-a-jouer\/courtes-pieces-de-theatre-entre-6-30-minutes\/\">Entre 6 et 30 minutes<\/a> \/ <a href=\"http:\/\/www.dramaction.qc.ca\/fr\/textes-a-jouer-avec-vos-eleves\/textes-a-jouer\/pieces-de-theatre-entre-30-60-minutes\/\">Entre 30 et 60 minutes<\/a> \/ <a href=\"http:\/\/www.dramaction.qc.ca\/fr\/textes-a-jouer-avec-vos-eleves\/textes-a-jouer\/pieces-de-theatre-longues-de-de-60-minutes\/\">Plus de 60 minutes<\/a> | <strong>Pour des \u00e9l\u00e8ves de<\/strong> : <a href=\"http:\/\/www.dramaction.qc.ca\/fr\/textes-a-jouer-avec-vos-eleves\/textes-a-jouer\/pieces-pour-enfants\/\">8 \u00e0 12 ans<\/a> \/ <a href=\"http:\/\/www.dramaction.qc.ca\/fr\/textes-a-jouer-avec-vos-eleves\/textes-a-jouer\/pieces-theatre-12-16-ans\/\">12 \u00e0 16 ans<\/a> \/ <a href=\"http:\/\/www.dramaction.qc.ca\/fr\/textes-a-jouer-avec-vos-eleves\/textes-a-jouer\/pieces-de-theatre-pour-adolescents-adultes\/\">Plus de 16 ans<\/a><\/p>\n<p style=\"text-align: center;\">Auteurs jeunesse de renom : <a href=\"http:\/\/www.dramaction.qc.ca\/fr\/textes-a-jouer-avec-vos-eleves\/textes-a-jouer\/extraits-de-pieces-de-theatre-de-jimmy-doucet\/\">Jimmy Doucet<\/a> \/ <a href=\"http:\/\/www.dramaction.qc.ca\/fr\/luc-boulanger\/\">Luc Boulanger<\/a><\/p>\n<div class='w3eden'>\n    <div class=''>\n                <p>Pi\u00e8ces de th\u00e9\u00e2tre de Jimmy Doucet<\/p>\n                <div id=\"content_wpdm_package_1\">\n            <div class='row'><div class='col-lg-12 col-md-12 col-12'><div class=\"panel panel-default\">\n    <div class=\"panel-body\">\n<div class=\"media\">\n   <a class=\"pull-left\" link=\"<a href='https:\/\/www.dramaction.qc.ca\/fr\/telechargements\/pour-le-meilleur-pour-le-pire\/'>Pour le meilleur et pour le pire<\/a>\">\n    <img decoding=\"async\" class=\"wpdm_icon\" alt=\"Ic\u00f4ne\" src=\"https:\/\/www.dramaction.qc.ca\/fr\/wp-content\/plugins\/download-manager\/assets\/file-type-icons\/pdf.svg\" \/>\n   <\/a>\n    <div class=\"media-body\">\n    <h4 class=\"media-heading\" style=\"padding-top: 0px;border:0px;margin: 0px;height: 20px;overflow: hidden\"><a href='https:\/\/www.dramaction.qc.ca\/fr\/telechargements\/pour-le-meilleur-pour-le-pire\/'>Pour le meilleur et pour le pire<\/a><\/h4>\n    <i style=\"margin: 4px 0 0 5px;opacity:0.5\" class=\"fa fa-th-large\"><\/i>  Taille du fichier : 117 kb<Br\/><i style=\"margin: 2px 0 0 5px;\" class=\"icon icon-download-alt\"><\/i> 23639 T\u00e9l\u00e9chargements<br\/><br\/><a class='wpdm-download-link download-on-click btn btn-danger btn-xs' rel='nofollow' href='#' data-downloadurl=\"https:\/\/www.dramaction.qc.ca\/fr\/telechargements\/pour-le-meilleur-pour-le-pire\/?wpdmdl=4567&refresh=69f20684340541777469060\">T\u00e9l\u00e9charger l'extrait<\/a>\n   <\/div>\n<div class=\"media-body\"><div class=\"media-body\">\n<p><strong>Nombre de personnages<\/strong> : 13<br \/>\n<strong>Nombre d'acteurs<\/strong> : 13 (10f 3h)<br \/>\n<strong>\u00c2ge<\/strong> : 13 ans et plus<br \/>\n<strong>Dur\u00e9e<\/strong> : 1h15<br \/>\n<strong>Genre<\/strong> : Com\u00e9die<br \/>\n<strong>Th\u00e8me<\/strong> : Mariage<br \/>\n<strong>Auteur<\/strong> : Jimmy Doucet<\/p>\n<p><strong>R\u00e9sum\u00e9<\/strong> : Les mariages doubles \u00e9taient tr\u00e8s populaires dans les ann\u00e9es 80. Voici le plus long mariage double jamais vu de la d\u00e9cennie la plus color\u00e9e.<\/p>\n<p>Extrait<br \/>\nTexte disponible sur <a href=\"http:\/\/www.jimmydoucet.com\/textes-theatre-jeunesse\" target=\"_blank\">http:\/\/www.jimmydoucet.com\/textes-theatre-jeunesse<\/a><\/p>\n<\/div>\n\n    <\/div>\n\n<\/div>\n<\/div>\n<\/div>\n\n\n<\/div><div class='col-lg-12 col-md-12 col-12'><div class=\"panel panel-default\">\n    <div class=\"panel-body\">\n<div class=\"media\">\n   <a class=\"pull-left\" link=\"<a href='https:\/\/www.dramaction.qc.ca\/fr\/telechargements\/ma-vie-est-film\/'>Ma vie est un film<\/a>\">\n    <img decoding=\"async\" class=\"wpdm_icon\" alt=\"Ic\u00f4ne\" src=\"https:\/\/www.dramaction.qc.ca\/fr\/wp-content\/plugins\/download-manager\/assets\/file-type-icons\/pdf.svg\" \/>\n   <\/a>\n    <div class=\"media-body\">\n    <h4 class=\"media-heading\" style=\"padding-top: 0px;border:0px;margin: 0px;height: 20px;overflow: hidden\"><a href='https:\/\/www.dramaction.qc.ca\/fr\/telechargements\/ma-vie-est-film\/'>Ma vie est un film<\/a><\/h4>\n    <i style=\"margin: 4px 0 0 5px;opacity:0.5\" class=\"fa fa-th-large\"><\/i>  Taille du fichier : 123 kb<Br\/><i style=\"margin: 2px 0 0 5px;\" class=\"icon icon-download-alt\"><\/i> 29794 T\u00e9l\u00e9chargements<br\/><br\/><a class='wpdm-download-link download-on-click btn btn-danger btn-xs' rel='nofollow' href='#' data-downloadurl=\"https:\/\/www.dramaction.qc.ca\/fr\/telechargements\/ma-vie-est-film\/?wpdmdl=4626&refresh=69f20684585c41777469060\">T\u00e9l\u00e9charger l'extrait<\/a>\n   <\/div>\n<div class=\"media-body\"><div class=\"media-body\">\n<div class=\"media-body\">\n<p><strong>Nombre de personnages<\/strong> : 13 + 13 r\u00f4les secondaire pouvant \u00eatre jou\u00e9s par les com\u00e9diens principaux<br \/>\n<strong>Nombre d'acteurs<\/strong> : minimum 13 (10f 3h)<br \/>\n<strong>\u00c2ge<\/strong> : 13 ans et plus<br \/>\n<strong>Dur\u00e9e<\/strong> : 1h15<br \/>\n<strong>Genre<\/strong> : Com\u00e9die<br \/>\n<strong>Th\u00e8me<\/strong> : \u00c9cole, cheerleadind, parodie<br \/>\n<strong>Auteur<\/strong> : Jimmy Doucet<\/p>\n<p><strong>R\u00e9sum\u00e9<\/strong> : Parodie des films am\u00e9ricains pour adolescents. L'histoire d'une \u00e9quipe de cheerleading devant remporter une comp\u00e9tition provinciale afin de sauver leur \u00e9cole.<\/p>\n<p>Extrait<br \/>\nTexte disponible sur <a href=\"http:\/\/www.jimmydoucet.com\/textes-theatre-jeunesse\" target=\"_blank\">http:\/\/www.jimmydoucet.com\/textes-theatre-jeunesse<\/a><\/p>\n<\/div>\n<\/div>\n\n    <\/div>\n\n<\/div>\n<\/div>\n<\/div>\n\n\n<\/div><div class='col-lg-12 col-md-12 col-12'><div class=\"panel panel-default\">\n    <div class=\"panel-body\">\n<div class=\"media\">\n   <a class=\"pull-left\" link=\"<a href='https:\/\/www.dramaction.qc.ca\/fr\/telechargements\/lhypothese\/'>L'hypoth\u00e8se<\/a>\">\n    <img decoding=\"async\" class=\"wpdm_icon\" alt=\"Ic\u00f4ne\" src=\"https:\/\/www.dramaction.qc.ca\/fr\/wp-content\/plugins\/download-manager\/assets\/file-type-icons\/pdf.svg\" \/>\n   <\/a>\n    <div class=\"media-body\">\n    <h4 class=\"media-heading\" style=\"padding-top: 0px;border:0px;margin: 0px;height: 20px;overflow: hidden\"><a href='https:\/\/www.dramaction.qc.ca\/fr\/telechargements\/lhypothese\/'>L'hypoth\u00e8se<\/a><\/h4>\n    <i style=\"margin: 4px 0 0 5px;opacity:0.5\" class=\"fa fa-th-large\"><\/i>  Taille du fichier : 0.00 KB kb<Br\/><i style=\"margin: 2px 0 0 5px;\" class=\"icon icon-download-alt\"><\/i> 29279 T\u00e9l\u00e9chargements<br\/><br\/><a class='wpdm-download-link download-on-click btn btn-danger btn-xs' rel='nofollow' href='#' data-downloadurl=\"https:\/\/www.dramaction.qc.ca\/fr\/telechargements\/lhypothese\/?wpdmdl=4628&refresh=69f206847c0221777469060\">T\u00e9l\u00e9charger l'extrait<\/a>\n   <\/div>\n<div class=\"media-body\"><div class=\"media-body\">\n<div class=\"media-body\">\n<p><strong>Nombre de personnages<\/strong> : 11<br \/>\n<strong>Nombre d'acteurs<\/strong> : 11 (5f 6h)<br \/>\n<strong>\u00c2ge<\/strong> : 13 ans et plus<br \/>\n<strong>Dur\u00e9e<\/strong> : 1h15<br \/>\n<strong>Genre<\/strong> : Com\u00e9die<br \/>\n<strong>Th\u00e8me<\/strong> : intimidation<br \/>\n<strong>Auteur<\/strong> : Jimmy Doucet<\/p>\n<p><strong>R\u00e9sum\u00e9<\/strong> : C'est d'abord Thomas et Rosalie qui nous font part de tout ce qui se passe dans leur t\u00eate. Au d\u00e9but de la pi\u00e8ce, ils ne posent aucun geste pour se sortir de l'intimidation. Plus l'histoire se d\u00e9veloppe, plus ils posent des gestes pour s'en sortir et on se rend compte que toutes les hypoth\u00e8ses qu'ils ont pu se faire n'\u00e9taient pas totalement repr\u00e9sentatives de la r\u00e9alit\u00e9. Pendant la pi\u00e8ce, on se retrouve aussi, parfois, dans les pens\u00e9es de ceux qui intimident et, \u00e0 la fin, on se retrouve dans la t\u00eate des t\u00e9moins. C'est le moment cl\u00e9 de la pi\u00e8ce qui montre \u00e0 quel point ceux qui ne se sentent pas concern\u00e9s ont une importance capitale dans toutes ces histoires...<\/p>\n<p>Extrait<br \/>\nTexte disponible sur <a href=\"http:\/\/www.jimmydoucet.com\/textes-theatre-jeunesse\" target=\"_blank\">http:\/\/www.jimmydoucet.com\/textes-theatre-jeunesse<\/a><\/p>\n<\/div>\n<\/div>\n\n    <\/div>\n\n<\/div>\n<\/div>\n<\/div>\n\n\n<\/div><div class='col-lg-12 col-md-12 col-12'><div class=\"panel panel-default\">\n    <div class=\"panel-body\">\n<div class=\"media\">\n   <a class=\"pull-left\" link=\"<a href='https:\/\/www.dramaction.qc.ca\/fr\/telechargements\/conte-de-la-jeune-fille\/'>Conte de la jeune fille<\/a>\">\n    <img decoding=\"async\" class=\"wpdm_icon\" alt=\"Ic\u00f4ne\" src=\"https:\/\/www.dramaction.qc.ca\/fr\/wp-content\/plugins\/download-manager\/assets\/file-type-icons\/pdf.svg\" \/>\n   <\/a>\n    <div class=\"media-body\">\n    <h4 class=\"media-heading\" style=\"padding-top: 0px;border:0px;margin: 0px;height: 20px;overflow: hidden\"><a href='https:\/\/www.dramaction.qc.ca\/fr\/telechargements\/conte-de-la-jeune-fille\/'>Conte de la jeune fille<\/a><\/h4>\n    <i style=\"margin: 4px 0 0 5px;opacity:0.5\" class=\"fa fa-th-large\"><\/i>  Taille du fichier : 0.00 KB kb<Br\/><i style=\"margin: 2px 0 0 5px;\" class=\"icon icon-download-alt\"><\/i> 18226 T\u00e9l\u00e9chargements<br\/><br\/><a class='wpdm-download-link download-on-click btn btn-danger btn-xs' rel='nofollow' href='#' data-downloadurl=\"https:\/\/www.dramaction.qc.ca\/fr\/telechargements\/conte-de-la-jeune-fille\/?wpdmdl=4853&refresh=69f20684a0b2e1777469060\">T\u00e9l\u00e9chargez l'extrait<\/a>\n   <\/div>\n<div class=\"media-body\"><p><strong>Nombre de personnages<\/strong> : 24\u00a0(7f 17h)<br \/>\n<strong>Nombre d'acteurs<\/strong> : 13 minimum<br \/>\n<strong>\u00c2ge<\/strong> : 13 ans et plus<br \/>\n<strong>Dur\u00e9e<\/strong> : 2h00<br \/>\n<strong>Genre<\/strong> : Drame<br \/>\n<strong>Th\u00e8me<\/strong> :\u00a0adolescence, amiti\u00e9, choix<br \/>\n<strong>Auteur<\/strong> : Jimmy Doucet<\/p>\n<p><strong>R\u00e9sum\u00e9<\/strong> :\u00a0D'abord est arriv\u00e9e la r\u00eaveuse, ensuite la sage puis l'agressive et la d\u00e9raisonnable. Quatre facettes d'une m\u00eame personnalit\u00e9 qui se bousculent dans la t\u00eate de Julie. Au fil des souvenirs racont\u00e9s, chacune des Julie prendra le contr\u00f4le sur les \u00e9v\u00e8nements marquants de sa vie d'adolescente et influencera l'adulte que Julie deviendra.<\/p>\n<p>Extrait<br \/>\nTexte disponible sur <a href=\"http:\/\/www.jimmydoucet.com\/textes-theatre-jeunesse\" target=\"_blank\">http:\/\/www.jimmydoucet.com\/textes-theatre-jeunesse<\/a><\/p>\n\n    <\/div>\n\n<\/div>\n<\/div>\n<\/div>\n\n\n<\/div><div class='col-lg-12 col-md-12 col-12'><div class=\"panel panel-default\">\n    <div class=\"panel-body\">\n<div class=\"media\">\n   <a class=\"pull-left\" link=\"<a href='https:\/\/www.dramaction.qc.ca\/fr\/telechargements\/super-heros-quebecois\/'>Super-H\u00e9ros Qu\u00e9b\u00e9cois<\/a>\">\n    <img decoding=\"async\" class=\"wpdm_icon\" alt=\"Ic\u00f4ne\" src=\"https:\/\/www.dramaction.qc.ca\/fr\/wp-content\/plugins\/download-manager\/assets\/file-type-icons\/pdf.svg\" \/>\n   <\/a>\n    <div class=\"media-body\">\n    <h4 class=\"media-heading\" style=\"padding-top: 0px;border:0px;margin: 0px;height: 20px;overflow: hidden\"><a href='https:\/\/www.dramaction.qc.ca\/fr\/telechargements\/super-heros-quebecois\/'>Super-H\u00e9ros Qu\u00e9b\u00e9cois<\/a><\/h4>\n    <i style=\"margin: 4px 0 0 5px;opacity:0.5\" class=\"fa fa-th-large\"><\/i>  Taille du fichier : 81 kb<Br\/><i style=\"margin: 2px 0 0 5px;\" class=\"icon icon-download-alt\"><\/i> 9015 T\u00e9l\u00e9chargements<br\/><br\/><a class='wpdm-download-link download-on-click btn btn-danger btn-xs' rel='nofollow' href='#' data-downloadurl=\"https:\/\/www.dramaction.qc.ca\/fr\/telechargements\/super-heros-quebecois\/?wpdmdl=4915&refresh=69f20684c44d61777469060\">T\u00e9l\u00e9chargez l'extrait<\/a>\n   <\/div>\n<div class=\"media-body\"><p><strong>Nombre de personnages<\/strong> : 17 (5H 12Fe)<br \/>\n<strong>Nombre d'acteurs<\/strong> : 15 minimum<br \/>\n<strong>\u00c2ge<\/strong> : 13 ans et plus<br \/>\n<strong>Dur\u00e9e<\/strong> : 1h45<br \/>\n<strong>Genre<\/strong> : Com\u00e9die<br \/>\n<strong>Th\u00e8me<\/strong> : \u00e9tudes, pouvoir, super-h\u00e9ros<br \/>\n<strong>Auteur<\/strong> : Jimmy Doucet<\/p>\n<p><strong>R\u00e9sum\u00e9<\/strong> : Un groupe de jeunes adultes qu\u00e9b\u00e9cois d\u00e9couvrent pendant leur enfance qu'ils poss\u00e8dent des dons particuliers. Apr\u00e8s plusieurs ann\u00e9es d'incompr\u00e9hension face \u00e0 leurs pouvoirs, un groupe secret les recrute et tente de leur venir en aide.<\/p>\n<p>Extrait<br \/>\nTexte disponible sur <a href=\"http:\/\/www.jimmydoucet.com\/textes-theatre-jeunesse\" target=\"_blank\">http:\/\/www.jimmydoucet.com\/textes-theatre-jeunesse<\/a><\/p>\n\n    <\/div>\n\n<\/div>\n<\/div>\n<\/div>\n\n\n<\/div><\/div>            <div style='clear:both'><\/div><div class='text-center'><ul class='pagination wpdm-pagination pagination-centered text-center'><\/ul><\/div><div style='clear:both'><\/div>        <\/div>\n\n        <div style='clear:both'><\/div>\n    <\/div>\n<\/div>\n\n","protected":false},"excerpt":{"rendered":"<p>Tous les textes | Textes complets | Texte en extrait (\u00e9prouv\u00e9s) Genre: Com\u00e9dies \/ Drames | nb. personnages 1 \u00e0 5 personnages \/ 6 \u00e0 15 personnages \/ 15 \u00e0 30 personnages | Dur\u00e9e : Moins de 5 minutes \/ Entre 6 et 30 minutes \/ Entre 30 et 60 minutes \/ Plus de 60 [&hellip;]<\/p>\n","protected":false},"author":22,"featured_media":0,"parent":552,"menu_order":0,"comment_status":"closed","ping_status":"closed","template":"","meta":{"footnotes":""},"class_list":["post-4604","page","type-page","status-publish","hentry"],"jetpack_sharing_enabled":true,"_links":{"self":[{"href":"https:\/\/www.dramaction.qc.ca\/fr\/wp-json\/wp\/v2\/pages\/4604","targetHints":{"allow":["GET"]}}],"collection":[{"href":"https:\/\/www.dramaction.qc.ca\/fr\/wp-json\/wp\/v2\/pages"}],"about":[{"href":"https:\/\/www.dramaction.qc.ca\/fr\/wp-json\/wp\/v2\/types\/page"}],"author":[{"embeddable":true,"href":"https:\/\/www.dramaction.qc.ca\/fr\/wp-json\/wp\/v2\/users\/22"}],"replies":[{"embeddable":true,"href":"https:\/\/www.dramaction.qc.ca\/fr\/wp-json\/wp\/v2\/comments?post=4604"}],"version-history":[{"count":0,"href":"https:\/\/www.dramaction.qc.ca\/fr\/wp-json\/wp\/v2\/pages\/4604\/revisions"}],"up":[{"embeddable":true,"href":"https:\/\/www.dramaction.qc.ca\/fr\/wp-json\/wp\/v2\/pages\/552"}],"wp:attachment":[{"href":"https:\/\/www.dramaction.qc.ca\/fr\/wp-json\/wp\/v2\/media?parent=4604"}],"curies":[{"name":"wp","href":"https:\/\/api.w.org\/{rel}","templated":true}]}}