{"id":4591,"date":"2016-12-22T18:33:06","date_gmt":"2016-12-22T23:33:06","guid":{"rendered":"http:\/\/www.dramaction.qc.ca\/fr\/?page_id=4591"},"modified":"2016-12-22T20:52:57","modified_gmt":"2016-12-23T01:52:57","slug":"pieces-de-theatre-entre-30-60-minutes","status":"publish","type":"page","link":"https:\/\/www.dramaction.qc.ca\/fr\/textes-a-jouer-avec-vos-eleves\/textes-a-jouer\/pieces-de-theatre-entre-30-60-minutes\/","title":{"rendered":"Pi\u00e8ces de th\u00e9\u00e2tre entre 30 et 60 minutes"},"content":{"rendered":"<p style=\"text-align: center;\"><a href=\"http:\/\/www.dramaction.qc.ca\/fr\/textes-a-jouer-avec-vos-eleves\/textes-a-jouer\/\">Tous les textes<\/a> | <a href=\"http:\/\/www.dramaction.qc.ca\/fr\/textes-a-jouer-avec-vos-eleves\/textes-a-jouer\/textes-complets\/\">Textes complets<\/a> | <a href=\"http:\/\/www.dramaction.qc.ca\/fr\/textes-a-jouer-avec-vos-eleves\/textes-a-jouer\/texte-en-extrait-eprouves\/\">Texte en extrait (\u00e9prouv\u00e9s)<\/a><\/p>\n<p style=\"text-align: center;\"><strong>Genre<\/strong>: <a href=\"http:\/\/www.dramaction.qc.ca\/fr\/textes-a-jouer-avec-vos-eleves\/textes-a-jouer\/comedies\/\">Com\u00e9dies<\/a> \/ <a href=\"http:\/\/www.dramaction.qc.ca\/fr\/textes-a-jouer-avec-vos-eleves\/textes-a-jouer\/drames\/\">Drames<\/a> | <strong>nb. personnages<\/strong> <a href=\"http:\/\/www.dramaction.qc.ca\/fr\/textes-a-jouer-avec-vos-eleves\/textes-a-jouer\/texte-de-theatre-de-1-a-5-personnages\/\">1 \u00e0 5 personnages<\/a> \/ <a href=\"http:\/\/www.dramaction.qc.ca\/fr\/textes-a-jouer-avec-vos-eleves\/textes-a-jouer\/pieces-de-theatre-a-telecharger-de-6-a-15-personnages\/\">6 \u00e0 15 personnages<\/a> \/ <a href=\"http:\/\/www.dramaction.qc.ca\/fr\/textes-a-jouer-avec-vos-eleves\/textes-a-jouer\/pieces-de-theatre-a-telecharger-de-15-a-30-personnages\/\">15 \u00e0 30 personnages<\/a> | <strong>Dur\u00e9e<\/strong> : <a href=\"http:\/\/www.dramaction.qc.ca\/fr\/textes-a-jouer-avec-vos-eleves\/textes-a-jouer\/scenes-de-theatre-de-moins-de-5-minutes\/\">Moins de 5 minutes<\/a> \/ <a href=\"http:\/\/www.dramaction.qc.ca\/fr\/textes-a-jouer-avec-vos-eleves\/textes-a-jouer\/courtes-pieces-de-theatre-entre-6-30-minutes\/\">Entre 6 et 30 minutes<\/a> \/ <a href=\"http:\/\/www.dramaction.qc.ca\/fr\/textes-a-jouer-avec-vos-eleves\/textes-a-jouer\/pieces-de-theatre-entre-30-60-minutes\/\">Entre 30 et 60 minutes<\/a> \/ <a href=\"http:\/\/www.dramaction.qc.ca\/fr\/textes-a-jouer-avec-vos-eleves\/textes-a-jouer\/pieces-de-theatre-longues-de-de-60-minutes\/\">Plus de 60 minutes<\/a> | <strong>Pour des \u00e9l\u00e8ves de<\/strong> : <a href=\"http:\/\/www.dramaction.qc.ca\/fr\/textes-a-jouer-avec-vos-eleves\/textes-a-jouer\/pieces-pour-enfants\/\">8 \u00e0 12 ans<\/a> \/ <a href=\"http:\/\/www.dramaction.qc.ca\/fr\/textes-a-jouer-avec-vos-eleves\/textes-a-jouer\/pieces-theatre-12-16-ans\/\">12 \u00e0 16 ans<\/a> \/ <a href=\"http:\/\/www.dramaction.qc.ca\/fr\/textes-a-jouer-avec-vos-eleves\/textes-a-jouer\/pieces-de-theatre-pour-adolescents-adultes\/\">Plus de 16 ans<\/a><\/p>\n<p style=\"text-align: center;\">Auteurs jeunesse de renom : <a href=\"http:\/\/www.dramaction.qc.ca\/fr\/textes-a-jouer-avec-vos-eleves\/textes-a-jouer\/extraits-de-pieces-de-theatre-de-jimmy-doucet\/\">Jimmy Doucet<\/a> \/ <a href=\"http:\/\/www.dramaction.qc.ca\/fr\/luc-boulanger\/\">Luc Boulanger<\/a><\/p>\n<div class='w3eden'>\n    <div class=''>\n                <p>Courtes pi\u00e8ces de th\u00e9\u00e2tre entre 30 et 60 minutes disponibles sur le site Dramction<\/p>\n                <div id=\"content_wpdm_package_1\">\n            <div class='row'><div class='col-lg-12 col-md-12 col-12'><div class=\"panel panel-default\">\n    <div class=\"panel-body\">\n<div class=\"media\">\n   <a class=\"pull-left\" link=\"<a href='https:\/\/www.dramaction.qc.ca\/fr\/telechargements\/piece-theatre-cahier-magique\/'>Le cahier magique<\/a>\">\n    <img decoding=\"async\" class=\"wpdm_icon\" alt=\"Ic\u00f4ne\" src=\"https:\/\/www.dramaction.qc.ca\/fr\/wp-content\/plugins\/download-manager\/assets\/file-type-icons\/doc.svg\" \/>\n   <\/a>\n    <div class=\"media-body\">\n    <h4 class=\"media-heading\" style=\"padding-top: 0px;border:0px;margin: 0px;height: 20px;overflow: hidden\"><a href='https:\/\/www.dramaction.qc.ca\/fr\/telechargements\/piece-theatre-cahier-magique\/'>Le cahier magique<\/a><\/h4>\n    <i style=\"margin: 4px 0 0 5px;opacity:0.5\" class=\"fa fa-th-large\"><\/i>  Taille du fichier : 0.00 KB kb<Br\/><i style=\"margin: 2px 0 0 5px;\" class=\"icon icon-download-alt\"><\/i> 97629 T\u00e9l\u00e9chargements<br\/><br\/><a class='wpdm-download-link download-on-click btn btn-danger btn-xs' rel='nofollow' href='#' data-downloadurl=\"https:\/\/www.dramaction.qc.ca\/fr\/telechargements\/piece-theatre-cahier-magique\/?wpdmdl=4676&refresh=69edfab7951221777203895\">T\u00e9l\u00e9charger<\/a>\n   <\/div>\n<div class=\"media-body\"><p><strong>Nombre de personnages<\/strong> : 10<br \/>\n<strong>Nombre d'acteurs<\/strong> : 10 modulable (\u00e0 l'infini)<br \/>\n<strong>\u00c2ge<\/strong> : 8-12 ans<br \/>\n<strong>Dur\u00e9e<\/strong> : Environs 10 minutes<br \/>\n<strong>Auteur<\/strong> : Sylvia Fardel<\/p>\n<p><strong>Infos laiss\u00e9s par l'auteure<\/strong> : Le cahier magique est un texte de th\u00e9\u00e2tre pour enfants . Pour 10 com\u00e9diens, modulable \u00e0 l'infini. Il apprend toutes les bases du m\u00e9tier:-) Les \u00e9tats, l'\u00e9coute, la construction physique d'un personnage, l'int\u00e9gration dans une troupe; avec des \u00e9motions simples et accessibles aux d\u00e9butants. Photos d'une repr\u00e9sentation avec des enfants de 8 ans sous <a href=\"http:\/\/www.ecole-theatre.ch\" target=\"_blank\">www.ecole-theatre.ch<\/a> Je reste \u00e0 votre disposition pour toute info suppl\u00e9mentaires.<br \/>\nP.S Les didascalies sont en rouge pour faciliter la lecture aux plus petits:-) Plans de r\u00e9gie \u00e0 votre disposition sur demande.<\/p>\n<p><strong>Joindre l'auteure pour obtenir tout le texte : <a href=\"mailto:sylvia.fardel@bluewin.ch\">sylvia.fardel@bluewin.ch<\/a> <\/strong><\/p>\n\n    <\/div>\n\n<\/div>\n<\/div>\n<\/div>\n\n\n<\/div><div class='col-lg-12 col-md-12 col-12'><div class=\"panel panel-default\">\n    <div class=\"panel-body\">\n<div class=\"media\">\n   <a class=\"pull-left\" link=\"<a href='https:\/\/www.dramaction.qc.ca\/fr\/telechargements\/lhistoire-du-petit-kirikou\/'>L'histoire du petit Kirikou<\/a>\">\n    <img decoding=\"async\" class=\"wpdm_icon\" alt=\"Ic\u00f4ne\" src=\"https:\/\/www.dramaction.qc.ca\/fr\/wp-content\/plugins\/download-manager\/assets\/file-type-icons\/docx.svg\" \/>\n   <\/a>\n    <div class=\"media-body\">\n    <h4 class=\"media-heading\" style=\"padding-top: 0px;border:0px;margin: 0px;height: 20px;overflow: hidden\"><a href='https:\/\/www.dramaction.qc.ca\/fr\/telechargements\/lhistoire-du-petit-kirikou\/'>L'histoire du petit Kirikou<\/a><\/h4>\n    <i style=\"margin: 4px 0 0 5px;opacity:0.5\" class=\"fa fa-th-large\"><\/i>  Taille du fichier : 0.00 KB kb<Br\/><i style=\"margin: 2px 0 0 5px;\" class=\"icon icon-download-alt\"><\/i> 43683 T\u00e9l\u00e9chargements<br\/><br\/><a class='wpdm-download-link download-on-click btn btn-danger btn-xs' rel='nofollow' href='#' data-downloadurl=\"https:\/\/www.dramaction.qc.ca\/fr\/telechargements\/lhistoire-du-petit-kirikou\/?wpdmdl=4678&refresh=69edfab7c4deb1777203895\">T\u00e9l\u00e9charger<\/a>\n   <\/div>\n<div class=\"media-body\"><p><strong>Nombre de personnages<\/strong> : 14<br \/>\n<strong>Nombre d'acteurs<\/strong> : 14<br \/>\n<strong>\u00c2ge<\/strong> : 8-12 ans<br \/>\n<strong>Dur\u00e9e<\/strong> : Environs 30 minutes<br \/>\n<strong>Genre<\/strong> : Adaptation du conte africain<\/p>\n<p><strong>Note de l'auteur :\u00a0<\/strong>Je vous pr\u00e9sente une r\u00e9\u00e9criture du conte africain et dessin anim\u00e9 de Michel Ocelot Kirikou et la sorci\u00e8re, que j'ai fait jouer \u00e0 des enfants de 8-9 ans non-francophones avec des chansons, des danses et costumes!<\/p>\n\n    <\/div>\n\n<\/div>\n<\/div>\n<\/div>\n\n\n<\/div><div class='col-lg-12 col-md-12 col-12'><div class=\"panel panel-default\">\n    <div class=\"panel-body\">\n<div class=\"media\">\n   <a class=\"pull-left\" link=\"<a href='https:\/\/www.dramaction.qc.ca\/fr\/telechargements\/les-secretaires\/'>Les secr\u00e9taires<\/a>\">\n    <img decoding=\"async\" class=\"wpdm_icon\" alt=\"Ic\u00f4ne\" src=\"https:\/\/www.dramaction.qc.ca\/fr\/wp-content\/plugins\/download-manager\/assets\/file-type-icons\/pdf.svg\" \/>\n   <\/a>\n    <div class=\"media-body\">\n    <h4 class=\"media-heading\" style=\"padding-top: 0px;border:0px;margin: 0px;height: 20px;overflow: hidden\"><a href='https:\/\/www.dramaction.qc.ca\/fr\/telechargements\/les-secretaires\/'>Les secr\u00e9taires<\/a><\/h4>\n    <i style=\"margin: 4px 0 0 5px;opacity:0.5\" class=\"fa fa-th-large\"><\/i>  Taille du fichier : 652 kb<Br\/><i style=\"margin: 2px 0 0 5px;\" class=\"icon icon-download-alt\"><\/i> 3446 T\u00e9l\u00e9chargements<br\/><br\/><a class='wpdm-download-link download-on-click btn btn-danger btn-xs' rel='nofollow' href='#' data-downloadurl=\"https:\/\/www.dramaction.qc.ca\/fr\/telechargements\/les-secretaires\/?wpdmdl=5720&refresh=69edfab7e80471777203895\">T\u00e9l\u00e9charger<\/a>\n   <\/div>\n<div class=\"media-body\"><p><strong>Nombre de personnages<\/strong> : 15 \u00e0 21 r\u00f4les (24 acteurs maximum si les gros r\u00f4les sont d\u00e9doubl\u00e9s)<br \/>\n<strong>Nombre d'acteurs<\/strong> : 15 \u00e0 24<br \/>\n<strong>\u00c2ge<\/strong> : 14+<br \/>\n<strong>Dur\u00e9e<\/strong> : 35 minutes<br \/>\n<strong>Genre<\/strong> : Farce en deux actes<br \/>\n<strong>Auteur<\/strong> : Laurent Roitg (roitg.laurent@free.fr)<\/p>\n<p><strong>R\u00e9sum\u00e9<\/strong> : La journ\u00e9e agit\u00e9e de deux secr\u00e9taires de coll\u00e8ge un peu d\u00e9jant\u00e9e et pas toujours morales..<\/p>\n\n    <\/div>\n\n<\/div>\n<\/div>\n<\/div>\n\n\n<\/div><div class='col-lg-12 col-md-12 col-12'><div class=\"panel panel-default\">\n    <div class=\"panel-body\">\n<div class=\"media\">\n   <a class=\"pull-left\" link=\"<a href='https:\/\/www.dramaction.qc.ca\/fr\/telechargements\/dialogue-a-la-noix\/'>Dialogue \u00e0 la noix<\/a>\">\n    <img decoding=\"async\" class=\"wpdm_icon\" alt=\"Ic\u00f4ne\" src=\"https:\/\/www.dramaction.qc.ca\/fr\/wp-content\/plugins\/download-manager\/assets\/file-type-icons\/pdf.svg\" \/>\n   <\/a>\n    <div class=\"media-body\">\n    <h4 class=\"media-heading\" style=\"padding-top: 0px;border:0px;margin: 0px;height: 20px;overflow: hidden\"><a href='https:\/\/www.dramaction.qc.ca\/fr\/telechargements\/dialogue-a-la-noix\/'>Dialogue \u00e0 la noix<\/a><\/h4>\n    <i style=\"margin: 4px 0 0 5px;opacity:0.5\" class=\"fa fa-th-large\"><\/i>  Taille du fichier : 0.00 KB kb<Br\/><i style=\"margin: 2px 0 0 5px;\" class=\"icon icon-download-alt\"><\/i> 14658 T\u00e9l\u00e9chargements<br\/><br\/><a class='wpdm-download-link download-on-click btn btn-danger btn-xs' rel='nofollow' href='#' data-downloadurl=\"https:\/\/www.dramaction.qc.ca\/fr\/telechargements\/dialogue-a-la-noix\/?wpdmdl=5905&refresh=69edfab819cc91777203896\">T\u00e9l\u00e9charger<\/a>\n   <\/div>\n<div class=\"media-body\"><p><strong>Nombre de personnages<\/strong> : 4<br \/>\n<strong>\u00c2ge<\/strong> : 14+<br \/>\n<strong>Dur\u00e9e<\/strong> : 50 minutes<br \/>\n<strong>Genre<\/strong> : Com\u00e9die<br \/>\n<strong>Auteur<\/strong> : Yfig (yyfig@yahoo.fr)<\/p>\n\n    <\/div>\n\n<\/div>\n<\/div>\n<\/div>\n\n\n<\/div><div class='col-lg-12 col-md-12 col-12'><div class=\"panel panel-default\">\n    <div class=\"panel-body\">\n<div class=\"media\">\n   <a class=\"pull-left\" link=\"<a href='https:\/\/www.dramaction.qc.ca\/fr\/telechargements\/5971\/'>Les Cinq Chevaliers de M\u00e8re Nature<\/a>\">\n    <img decoding=\"async\" class=\"wpdm_icon\" alt=\"Ic\u00f4ne\" src=\"https:\/\/www.dramaction.qc.ca\/fr\/wp-content\/plugins\/download-manager\/assets\/file-type-icons\/docx.svg\" \/>\n   <\/a>\n    <div class=\"media-body\">\n    <h4 class=\"media-heading\" style=\"padding-top: 0px;border:0px;margin: 0px;height: 20px;overflow: hidden\"><a href='https:\/\/www.dramaction.qc.ca\/fr\/telechargements\/5971\/'>Les Cinq Chevaliers de M\u00e8re Nature<\/a><\/h4>\n    <i style=\"margin: 4px 0 0 5px;opacity:0.5\" class=\"fa fa-th-large\"><\/i>  Taille du fichier : 0.00 KB kb<Br\/><i style=\"margin: 2px 0 0 5px;\" class=\"icon icon-download-alt\"><\/i> 6313 T\u00e9l\u00e9chargements<br\/><br\/><a class='wpdm-download-link download-on-click btn btn-danger btn-xs' rel='nofollow' href='#' data-downloadurl=\"https:\/\/www.dramaction.qc.ca\/fr\/telechargements\/5971\/?wpdmdl=5971&refresh=69edfab84b4151777203896\">T\u00e9l\u00e9charger<\/a>\n   <\/div>\n<div class=\"media-body\"><p><strong>Nombre de personnages<\/strong> : 6<br \/>\n<strong>\u00c2ge<\/strong> : 12+<br \/>\n<strong>Dur\u00e9e<\/strong> : 30 minutes<br \/>\n<strong>Genre<\/strong> : Com\u00e9die<br \/>\n<strong>Auteur<\/strong> : Barbara<\/p>\n<p><strong>R\u00e9sum\u00e9<\/strong> : Ma petite troupe et moi avons \u00e9crit cette pi\u00e8ce ensemble. Ils ont eu beaucoup de plaisir \u00e0 l'interpr\u00e9ter.<br \/>\nJ'esp\u00e8re que vous aussi aurez du plaisir.<\/p>\n\n    <\/div>\n\n<\/div>\n<\/div>\n<\/div>\n\n\n<\/div><\/div>            <div style='clear:both'><\/div><div class='text-center'><ul class='pagination wpdm-pagination pagination-centered text-center'><\/ul><\/div><div style='clear:both'><\/div>        <\/div>\n\n        <div style='clear:both'><\/div>\n    <\/div>\n<\/div>\n\n","protected":false},"excerpt":{"rendered":"<p>Tous les textes | Textes complets | Texte en extrait (\u00e9prouv\u00e9s) Genre: Com\u00e9dies \/ Drames | nb. personnages 1 \u00e0 5 personnages \/ 6 \u00e0 15 personnages \/ 15 \u00e0 30 personnages | Dur\u00e9e : Moins de 5 minutes \/ Entre 6 et 30 minutes \/ Entre 30 et 60 minutes \/ Plus de 60 [&hellip;]<\/p>\n","protected":false},"author":22,"featured_media":0,"parent":552,"menu_order":0,"comment_status":"closed","ping_status":"closed","template":"","meta":{"footnotes":""},"class_list":["post-4591","page","type-page","status-publish","hentry"],"jetpack_sharing_enabled":true,"_links":{"self":[{"href":"https:\/\/www.dramaction.qc.ca\/fr\/wp-json\/wp\/v2\/pages\/4591","targetHints":{"allow":["GET"]}}],"collection":[{"href":"https:\/\/www.dramaction.qc.ca\/fr\/wp-json\/wp\/v2\/pages"}],"about":[{"href":"https:\/\/www.dramaction.qc.ca\/fr\/wp-json\/wp\/v2\/types\/page"}],"author":[{"embeddable":true,"href":"https:\/\/www.dramaction.qc.ca\/fr\/wp-json\/wp\/v2\/users\/22"}],"replies":[{"embeddable":true,"href":"https:\/\/www.dramaction.qc.ca\/fr\/wp-json\/wp\/v2\/comments?post=4591"}],"version-history":[{"count":0,"href":"https:\/\/www.dramaction.qc.ca\/fr\/wp-json\/wp\/v2\/pages\/4591\/revisions"}],"up":[{"embeddable":true,"href":"https:\/\/www.dramaction.qc.ca\/fr\/wp-json\/wp\/v2\/pages\/552"}],"wp:attachment":[{"href":"https:\/\/www.dramaction.qc.ca\/fr\/wp-json\/wp\/v2\/media?parent=4591"}],"curies":[{"name":"wp","href":"https:\/\/api.w.org\/{rel}","templated":true}]}}