{"id":4584,"date":"2016-12-22T17:34:41","date_gmt":"2016-12-22T22:34:41","guid":{"rendered":"http:\/\/www.dramaction.qc.ca\/fr\/?page_id=4584"},"modified":"2016-12-22T20:52:48","modified_gmt":"2016-12-23T01:52:48","slug":"pieces-de-theatre-a-telecharger-de-15-a-30-personnages","status":"publish","type":"page","link":"https:\/\/www.dramaction.qc.ca\/fr\/textes-a-jouer-avec-vos-eleves\/textes-a-jouer\/pieces-de-theatre-a-telecharger-de-15-a-30-personnages\/","title":{"rendered":"Pi\u00e8ces de th\u00e9\u00e2tre \u00e0 t\u00e9l\u00e9charger : de 15 \u00e0 30 personnages"},"content":{"rendered":"<p style=\"text-align: center;\"><a href=\"http:\/\/www.dramaction.qc.ca\/fr\/textes-a-jouer-avec-vos-eleves\/textes-a-jouer\/\">Tous les textes<\/a> | <a href=\"http:\/\/www.dramaction.qc.ca\/fr\/textes-a-jouer-avec-vos-eleves\/textes-a-jouer\/textes-complets\/\">Textes complets<\/a> | <a href=\"http:\/\/www.dramaction.qc.ca\/fr\/textes-a-jouer-avec-vos-eleves\/textes-a-jouer\/texte-en-extrait-eprouves\/\">Texte en extrait (\u00e9prouv\u00e9s)<\/a><\/p>\n<p style=\"text-align: center;\"><strong>Genre<\/strong>: <a href=\"http:\/\/www.dramaction.qc.ca\/fr\/textes-a-jouer-avec-vos-eleves\/textes-a-jouer\/comedies\/\">Com\u00e9dies<\/a> \/ <a href=\"http:\/\/www.dramaction.qc.ca\/fr\/textes-a-jouer-avec-vos-eleves\/textes-a-jouer\/drames\/\">Drames<\/a> | <strong>nb. personnages<\/strong> <a href=\"http:\/\/www.dramaction.qc.ca\/fr\/textes-a-jouer-avec-vos-eleves\/textes-a-jouer\/texte-de-theatre-de-1-a-5-personnages\/\">1 \u00e0 5 personnages<\/a> \/ <a href=\"http:\/\/www.dramaction.qc.ca\/fr\/textes-a-jouer-avec-vos-eleves\/textes-a-jouer\/pieces-de-theatre-a-telecharger-de-6-a-15-personnages\/\">6 \u00e0 15 personnages<\/a> \/ <a href=\"http:\/\/www.dramaction.qc.ca\/fr\/textes-a-jouer-avec-vos-eleves\/textes-a-jouer\/pieces-de-theatre-a-telecharger-de-15-a-30-personnages\/\">15 \u00e0 30 personnages<\/a> | <strong>Dur\u00e9e<\/strong> : <a href=\"http:\/\/www.dramaction.qc.ca\/fr\/textes-a-jouer-avec-vos-eleves\/textes-a-jouer\/scenes-de-theatre-de-moins-de-5-minutes\/\">Moins de 5 minutes<\/a> \/ <a href=\"http:\/\/www.dramaction.qc.ca\/fr\/textes-a-jouer-avec-vos-eleves\/textes-a-jouer\/courtes-pieces-de-theatre-entre-6-30-minutes\/\">Entre 6 et 30 minutes<\/a> \/ <a href=\"http:\/\/www.dramaction.qc.ca\/fr\/textes-a-jouer-avec-vos-eleves\/textes-a-jouer\/pieces-de-theatre-entre-30-60-minutes\/\">Entre 30 et 60 minutes<\/a> \/ <a href=\"http:\/\/www.dramaction.qc.ca\/fr\/textes-a-jouer-avec-vos-eleves\/textes-a-jouer\/pieces-de-theatre-longues-de-de-60-minutes\/\">Plus de 60 minutes<\/a> | <strong>Pour des \u00e9l\u00e8ves de<\/strong> : <a href=\"http:\/\/www.dramaction.qc.ca\/fr\/textes-a-jouer-avec-vos-eleves\/textes-a-jouer\/pieces-pour-enfants\/\">8 \u00e0 12 ans<\/a> \/ <a href=\"http:\/\/www.dramaction.qc.ca\/fr\/textes-a-jouer-avec-vos-eleves\/textes-a-jouer\/pieces-theatre-12-16-ans\/\">12 \u00e0 16 ans<\/a> \/ <a href=\"http:\/\/www.dramaction.qc.ca\/fr\/textes-a-jouer-avec-vos-eleves\/textes-a-jouer\/pieces-de-theatre-pour-adolescents-adultes\/\">Plus de 16 ans<\/a><\/p>\n<p style=\"text-align: center;\">Auteurs jeunesse de renom : <a href=\"http:\/\/www.dramaction.qc.ca\/fr\/textes-a-jouer-avec-vos-eleves\/textes-a-jouer\/extraits-de-pieces-de-theatre-de-jimmy-doucet\/\">Jimmy Doucet<\/a> \/ <a href=\"http:\/\/www.dramaction.qc.ca\/fr\/luc-boulanger\/\">Luc Boulanger<\/a><\/p>\n<div class='w3eden'>\n    <div class=''>\n                <p>Textes ayant de 15 \u00e0 30 personnages disponibles sur le site Dramction<\/p>\n                <div id=\"content_wpdm_package_1\">\n            <div class='row'><div class='col-lg-12 col-md-12 col-12'><div class=\"panel panel-default\">\n    <div class=\"panel-body\">\n<div class=\"media\">\n   <a class=\"pull-left\" link=\"<a href='https:\/\/www.dramaction.qc.ca\/fr\/telechargements\/ma-vie-est-film\/'>Ma vie est un film<\/a>\">\n    <img decoding=\"async\" class=\"wpdm_icon\" alt=\"Ic\u00f4ne\" src=\"https:\/\/www.dramaction.qc.ca\/fr\/wp-content\/plugins\/download-manager\/assets\/file-type-icons\/pdf.svg\" \/>\n   <\/a>\n    <div class=\"media-body\">\n    <h4 class=\"media-heading\" style=\"padding-top: 0px;border:0px;margin: 0px;height: 20px;overflow: hidden\"><a href='https:\/\/www.dramaction.qc.ca\/fr\/telechargements\/ma-vie-est-film\/'>Ma vie est un film<\/a><\/h4>\n    <i style=\"margin: 4px 0 0 5px;opacity:0.5\" class=\"fa fa-th-large\"><\/i>  Taille du fichier : 123 kb<Br\/><i style=\"margin: 2px 0 0 5px;\" class=\"icon icon-download-alt\"><\/i> 29802 T\u00e9l\u00e9chargements<br\/><br\/><a class='wpdm-download-link download-on-click btn btn-danger btn-xs' rel='nofollow' href='#' data-downloadurl=\"https:\/\/www.dramaction.qc.ca\/fr\/telechargements\/ma-vie-est-film\/?wpdmdl=4626&refresh=69f90d573a9b91777929559\">T\u00e9l\u00e9charger l'extrait<\/a>\n   <\/div>\n<div class=\"media-body\"><div class=\"media-body\">\n<div class=\"media-body\">\n<p><strong>Nombre de personnages<\/strong> : 13 + 13 r\u00f4les secondaire pouvant \u00eatre jou\u00e9s par les com\u00e9diens principaux<br \/>\n<strong>Nombre d'acteurs<\/strong> : minimum 13 (10f 3h)<br \/>\n<strong>\u00c2ge<\/strong> : 13 ans et plus<br \/>\n<strong>Dur\u00e9e<\/strong> : 1h15<br \/>\n<strong>Genre<\/strong> : Com\u00e9die<br \/>\n<strong>Th\u00e8me<\/strong> : \u00c9cole, cheerleadind, parodie<br \/>\n<strong>Auteur<\/strong> : Jimmy Doucet<\/p>\n<p><strong>R\u00e9sum\u00e9<\/strong> : Parodie des films am\u00e9ricains pour adolescents. L'histoire d'une \u00e9quipe de cheerleading devant remporter une comp\u00e9tition provinciale afin de sauver leur \u00e9cole.<\/p>\n<p>Extrait<br \/>\nTexte disponible sur <a href=\"http:\/\/www.jimmydoucet.com\/textes-theatre-jeunesse\" target=\"_blank\">http:\/\/www.jimmydoucet.com\/textes-theatre-jeunesse<\/a><\/p>\n<\/div>\n<\/div>\n\n    <\/div>\n\n<\/div>\n<\/div>\n<\/div>\n\n\n<\/div><div class='col-lg-12 col-md-12 col-12'><div class=\"panel panel-default\">\n    <div class=\"panel-body\">\n<div class=\"media\">\n   <a class=\"pull-left\" link=\"<a href='https:\/\/www.dramaction.qc.ca\/fr\/telechargements\/le-reflet-de-narcisse\/'>Le reflet de Narcisse<\/a>\">\n    <img decoding=\"async\" class=\"wpdm_icon\" alt=\"Ic\u00f4ne\" src=\"https:\/\/www.dramaction.qc.ca\/fr\/wp-content\/plugins\/download-manager\/assets\/file-type-icons\/doc.svg\" \/>\n   <\/a>\n    <div class=\"media-body\">\n    <h4 class=\"media-heading\" style=\"padding-top: 0px;border:0px;margin: 0px;height: 20px;overflow: hidden\"><a href='https:\/\/www.dramaction.qc.ca\/fr\/telechargements\/le-reflet-de-narcisse\/'>Le reflet de Narcisse<\/a><\/h4>\n    <i style=\"margin: 4px 0 0 5px;opacity:0.5\" class=\"fa fa-th-large\"><\/i>  Taille du fichier : 0.00 KB kb<Br\/><i style=\"margin: 2px 0 0 5px;\" class=\"icon icon-download-alt\"><\/i> 42606 T\u00e9l\u00e9chargements<br\/><br\/><a class='wpdm-download-link download-on-click btn btn-danger btn-xs' rel='nofollow' href='#' data-downloadurl=\"https:\/\/www.dramaction.qc.ca\/fr\/telechargements\/le-reflet-de-narcisse\/?wpdmdl=4671&refresh=69f90d575f0af1777929559\">T\u00e9l\u00e9charger<\/a>\n   <\/div>\n<div class=\"media-body\"><p><strong>Nombre de personnages<\/strong> : un groupe divis\u00e9 en 3<br \/>\n<strong>Nombre d'acteurs<\/strong> :\u00a0 15 et plus<br \/>\n<strong>\u00c2ge<\/strong> : 8 ans et plus<br \/>\n<strong>Dur\u00e9e<\/strong> : plus de 60 minutes<br \/>\n<strong>Genre<\/strong> : Jeu choral<br \/>\n<strong>Auteur<\/strong> : Collectif<\/p>\n\n    <\/div>\n\n<\/div>\n<\/div>\n<\/div>\n\n\n<\/div><div class='col-lg-12 col-md-12 col-12'><div class=\"panel panel-default\">\n    <div class=\"panel-body\">\n<div class=\"media\">\n   <a class=\"pull-left\" link=\"<a href='https:\/\/www.dramaction.qc.ca\/fr\/telechargements\/lecon-de-vie\/'>Le\u00e7on de vie<\/a>\">\n    <img decoding=\"async\" class=\"wpdm_icon\" alt=\"Ic\u00f4ne\" src=\"https:\/\/www.dramaction.qc.ca\/fr\/wp-content\/plugins\/download-manager\/assets\/file-type-icons\/pdf.svg\" \/>\n   <\/a>\n    <div class=\"media-body\">\n    <h4 class=\"media-heading\" style=\"padding-top: 0px;border:0px;margin: 0px;height: 20px;overflow: hidden\"><a href='https:\/\/www.dramaction.qc.ca\/fr\/telechargements\/lecon-de-vie\/'>Le\u00e7on de vie<\/a><\/h4>\n    <i style=\"margin: 4px 0 0 5px;opacity:0.5\" class=\"fa fa-th-large\"><\/i>  Taille du fichier : 277 kb<Br\/><i style=\"margin: 2px 0 0 5px;\" class=\"icon icon-download-alt\"><\/i> 36936 T\u00e9l\u00e9chargements<br\/><br\/><a class='wpdm-download-link download-on-click btn btn-danger btn-xs' rel='nofollow' href='#' data-downloadurl=\"https:\/\/www.dramaction.qc.ca\/fr\/telechargements\/lecon-de-vie\/?wpdmdl=4677&refresh=69f90d578342e1777929559\">T\u00e9l\u00e9charger<\/a>\n   <\/div>\n<div class=\"media-body\"><p><strong>Nombre de personnages<\/strong> : 20<br \/>\n<strong>Nombre d'acteurs<\/strong> : 20<br \/>\n<strong>\u00c2ge<\/strong> : 12-16 ans<br \/>\n<strong>Dur\u00e9e<\/strong> : plus de 60 minutes<br \/>\n<strong>Genre<\/strong> : Com\u00e9die<br \/>\n<strong>Auteur<\/strong> :Gloria Giraneza et Lyne Quirion<\/p>\n<p><strong>R\u00e9sum\u00e9 : <\/strong>Quelques semaines avant la fin de l\u2019ann\u00e9e, les \u00e9tudiants font leurs examens, ce qui d\u00e9cidera de leurs notes finales et qui les fera obtenir ou non leur dipl\u00f4me. Certains sont stress\u00e9s, d\u2019autres moins, cependant pour lamajorit\u00e9, leurs parents ont mis des conditions s\u00e9v\u00e8res.<\/p>\n\n    <\/div>\n\n<\/div>\n<\/div>\n<\/div>\n\n\n<\/div><div class='col-lg-12 col-md-12 col-12'><div class=\"panel panel-default\">\n    <div class=\"panel-body\">\n<div class=\"media\">\n   <a class=\"pull-left\" link=\"<a href='https:\/\/www.dramaction.qc.ca\/fr\/telechargements\/parodie-de-romeo-juliette\/'>Parodie de Rom\u00e9o et Juliette<\/a>\">\n    <img decoding=\"async\" class=\"wpdm_icon\" alt=\"Ic\u00f4ne\" src=\"https:\/\/www.dramaction.qc.ca\/fr\/wp-content\/plugins\/download-manager\/assets\/file-type-icons\/docx.svg\" \/>\n   <\/a>\n    <div class=\"media-body\">\n    <h4 class=\"media-heading\" style=\"padding-top: 0px;border:0px;margin: 0px;height: 20px;overflow: hidden\"><a href='https:\/\/www.dramaction.qc.ca\/fr\/telechargements\/parodie-de-romeo-juliette\/'>Parodie de Rom\u00e9o et Juliette<\/a><\/h4>\n    <i style=\"margin: 4px 0 0 5px;opacity:0.5\" class=\"fa fa-th-large\"><\/i>  Taille du fichier : 28 kb<Br\/><i style=\"margin: 2px 0 0 5px;\" class=\"icon icon-download-alt\"><\/i> 55004 T\u00e9l\u00e9chargements<br\/><br\/><a class='wpdm-download-link download-on-click btn btn-danger btn-xs' rel='nofollow' href='#' data-downloadurl=\"https:\/\/www.dramaction.qc.ca\/fr\/telechargements\/parodie-de-romeo-juliette\/?wpdmdl=4679&refresh=69f90d57a6fef1777929559\">T\u00e9l\u00e9charger<\/a>\n   <\/div>\n<div class=\"media-body\"><p><strong>Nombre de personnages<\/strong> : 23<br \/>\n<strong>Nombre d'acteurs<\/strong> : Minimum 17<br \/>\n<strong>\u00c2ge<\/strong> : 12-16 ans<br \/>\n<strong>Dur\u00e9e<\/strong> : Environs 60 minutes<br \/>\n<strong>Genre<\/strong> : Parodie de Rom\u00e9o et Juliette<\/p>\n<p><strong>Note de l'auteur :\u00a0<\/strong>Voici un texte jou\u00e9 avec des \u00e9l\u00e8ves de 12 \u00e0 15 ans dans le cadre d'un spectacle scolaire dont le th\u00e8me \u00e9tait l'amour. C'est une s\u00e9rie de 5 sayn\u00e8tes - parodies (ou variations sur le th\u00e8me) de Rom\u00e9o et Juliette - dont la premi\u00e8re sert d'introduction (rappel de l'histoire).<\/p>\n\n    <\/div>\n\n<\/div>\n<\/div>\n<\/div>\n\n\n<\/div><div class='col-lg-12 col-md-12 col-12'><div class=\"panel panel-default\">\n    <div class=\"panel-body\">\n<div class=\"media\">\n   <a class=\"pull-left\" link=\"<a href='https:\/\/www.dramaction.qc.ca\/fr\/telechargements\/ciel-rouge\/'>Ciel Rouge<\/a>\">\n    <img decoding=\"async\" class=\"wpdm_icon\" alt=\"Ic\u00f4ne\" src=\"https:\/\/www.dramaction.qc.ca\/fr\/wp-content\/plugins\/download-manager\/assets\/file-type-icons\/pdf.svg\" \/>\n   <\/a>\n    <div class=\"media-body\">\n    <h4 class=\"media-heading\" style=\"padding-top: 0px;border:0px;margin: 0px;height: 20px;overflow: hidden\"><a href='https:\/\/www.dramaction.qc.ca\/fr\/telechargements\/ciel-rouge\/'>Ciel Rouge<\/a><\/h4>\n    <i style=\"margin: 4px 0 0 5px;opacity:0.5\" class=\"fa fa-th-large\"><\/i>  Taille du fichier : 0.00 KB kb<Br\/><i style=\"margin: 2px 0 0 5px;\" class=\"icon icon-download-alt\"><\/i> 17150 T\u00e9l\u00e9chargements<br\/><br\/><a class='wpdm-download-link download-on-click btn btn-danger btn-xs' rel='nofollow' href='#' data-downloadurl=\"https:\/\/www.dramaction.qc.ca\/fr\/telechargements\/ciel-rouge\/?wpdmdl=4697&refresh=69f90d57cc1711777929559\">T\u00e9l\u00e9charger<\/a>\n   <\/div>\n<div class=\"media-body\"><div class=\"media-body\">\n<p><strong>Nombre de personnages<\/strong> : 29<br \/>\n<strong>Nombre d'acteurs<\/strong> : 20 et +, modulable<br \/>\n<strong>\u00c2ge<\/strong> : 8-12 ans<br \/>\n<strong>Dur\u00e9e<\/strong> : plus de 60 minutes<br \/>\n<strong>Genre<\/strong> : Pi\u00e8ce pour les enfants<br \/>\n<strong>Auteur <\/strong>: Guy Morant<\/p>\n<p><strong>R\u00e9sum\u00e9 :\u00a0<\/strong>Un beau jour, le ciel devient rouge. Premi\u00e8res victimes : les thylacines, dont le dernier repr\u00e9sentant s'\u00e9teint sous les dents ac\u00e9r\u00e9es d'un serpent. Camille, le (la) scientifique r\u00e9unit ses fr\u00e8res et s\u0153urs pour les alerter de la situation : Marcel(le), Maximilien(ne) et Charles(otte), sans oublier l'Autre, qui n'est pas le (la) bienvenu(e). S\u00e9par\u00e9ment, chacun \u00e0 sa fa\u00e7on, les cinq vont se pencher sur le probl\u00e8me, avec des motivations souvent tr\u00e8s \u00e9go\u00efstes.<\/p>\n<\/div>\n\n    <\/div>\n\n<\/div>\n<\/div>\n<\/div>\n\n\n<\/div><div class='col-lg-12 col-md-12 col-12'><div class=\"panel panel-default\">\n    <div class=\"panel-body\">\n<div class=\"media\">\n   <a class=\"pull-left\" link=\"<a href='https:\/\/www.dramaction.qc.ca\/fr\/telechargements\/piece-theatre-maladie-leandre\/'>La maladie de Leandre<\/a>\">\n    <img decoding=\"async\" class=\"wpdm_icon\" alt=\"Ic\u00f4ne\" src=\"https:\/\/www.dramaction.qc.ca\/fr\/wp-content\/plugins\/download-manager\/assets\/file-type-icons\/pdf.svg\" \/>\n   <\/a>\n    <div class=\"media-body\">\n    <h4 class=\"media-heading\" style=\"padding-top: 0px;border:0px;margin: 0px;height: 20px;overflow: hidden\"><a href='https:\/\/www.dramaction.qc.ca\/fr\/telechargements\/piece-theatre-maladie-leandre\/'>La maladie de Leandre<\/a><\/h4>\n    <i style=\"margin: 4px 0 0 5px;opacity:0.5\" class=\"fa fa-th-large\"><\/i>  Taille du fichier : 0.00 KB kb<Br\/><i style=\"margin: 2px 0 0 5px;\" class=\"icon icon-download-alt\"><\/i> 139326 T\u00e9l\u00e9chargements<br\/><br\/><a class='wpdm-download-link download-on-click btn btn-danger btn-xs' rel='nofollow' href='#' data-downloadurl=\"https:\/\/www.dramaction.qc.ca\/fr\/telechargements\/piece-theatre-maladie-leandre\/?wpdmdl=4698&refresh=69f90d57f0d481777929559\">T\u00e9l\u00e9charger<\/a>\n   <\/div>\n<div class=\"media-body\"><div class=\"media-body\">\n<p><strong>Nombre de personnages<\/strong> : 28<br \/>\n<strong>Nombre d'acteurs<\/strong> : 20 et +, modulable<br \/>\n<strong>\u00c2ge<\/strong> : 8-12 ans<br \/>\n<strong>Dur\u00e9e<\/strong> : plus de 60 minutes<br \/>\n<strong>Genre<\/strong> : Pi\u00e8ce pour les enfants<br \/>\n<strong>Auteur <\/strong>: Guy Morant<\/p>\n<p><strong>R\u00e9sum\u00e9 :\u00a0<\/strong>Tout va bien dans le meilleur des monde pour L\u00e9andre. Tout le monde s'occupe si bien de lui : sa belle-m\u00e8re, son pr\u00e9cepteur, son valet\u2026 Jusqu'au jour o\u00f9 ses amis le trouvent un peu p\u00e2le. D\u00e8s lors, trois m\u00e9decins, un hygi\u00e9niste et un r\u00e9harmonisateur se succ\u00e8dent \u00e0 son chevet. S'ils sont efficaces, pourquoi L\u00e9andre va-t-il de plus en plus mal ? Sa m\u00e8re, cette sauvageonne, si elle \u00e9tait encore en vie, conna\u00eetrait peut-\u00eatre la r\u00e9ponse.<\/p>\n<\/div>\n\n    <\/div>\n\n<\/div>\n<\/div>\n<\/div>\n\n\n<\/div><div class='col-lg-12 col-md-12 col-12'><div class=\"panel panel-default\">\n    <div class=\"panel-body\">\n<div class=\"media\">\n   <a class=\"pull-left\" link=\"<a href='https:\/\/www.dramaction.qc.ca\/fr\/telechargements\/la-dingomachine\/'>La Dingomachine<\/a>\">\n    <img decoding=\"async\" class=\"wpdm_icon\" alt=\"Ic\u00f4ne\" src=\"https:\/\/www.dramaction.qc.ca\/fr\/wp-content\/plugins\/download-manager\/assets\/file-type-icons\/pdf.svg\" \/>\n   <\/a>\n    <div class=\"media-body\">\n    <h4 class=\"media-heading\" style=\"padding-top: 0px;border:0px;margin: 0px;height: 20px;overflow: hidden\"><a href='https:\/\/www.dramaction.qc.ca\/fr\/telechargements\/la-dingomachine\/'>La Dingomachine<\/a><\/h4>\n    <i style=\"margin: 4px 0 0 5px;opacity:0.5\" class=\"fa fa-th-large\"><\/i>  Taille du fichier : 0.00 KB kb<Br\/><i style=\"margin: 2px 0 0 5px;\" class=\"icon icon-download-alt\"><\/i> 26410 T\u00e9l\u00e9chargements<br\/><br\/><a class='wpdm-download-link download-on-click btn btn-danger btn-xs' rel='nofollow' href='#' data-downloadurl=\"https:\/\/www.dramaction.qc.ca\/fr\/telechargements\/la-dingomachine\/?wpdmdl=4701&refresh=69f90d58247fe1777929560\">T\u00e9l\u00e9charger<\/a>\n   <\/div>\n<div class=\"media-body\"><p><strong>Nombre de personnages<\/strong> :\u00a0 20<br \/>\n<strong>Nombre d'acteurs<\/strong> : Jusqu'\u00e0 15-20 acteurs<br \/>\n<strong>\u00c2ge<\/strong> : 8-16 ans<br \/>\n<strong>Dur\u00e9e<\/strong> : 3 minutes<br \/>\n<strong>Genre<\/strong> : Com\u00e9die. Th\u00e9\u00e2tre pour enfants \/ ados. Exercice de style.<br \/>\n<strong>Auteur<\/strong> : Collectif d'\u00e9l\u00e8ves du secondaire<\/p>\n<p><strong>R\u00e9sum\u00e9<\/strong> : Manu a invent\u00e9 une machine \u00e0 rendre plus intelligent. Il souhaite la tester sur lui-m\u00eame et r\u00e9ussir ainsi son examen de fin d'ann\u00e9e. Malheureusement, la machine a des probl\u00e8mes et Manu en ressort diff\u00e9rent \u00e0 chaque tentative.<\/p>\n<p>Cette pi\u00e8ce ne peut pas \u00eatre jou\u00e9e sans autorisation pr\u00e9alable de l'auteur. Pour obtenir une autorisation, allez sur le site <a href=\"http:\/\/www.kava.fr\/\" target=\"_blank\"><strong>www.kava.fr<\/strong><\/a><\/p>\n<p>&nbsp;<\/p>\n\n    <\/div>\n\n<\/div>\n<\/div>\n<\/div>\n\n\n<\/div><div class='col-lg-12 col-md-12 col-12'><div class=\"panel panel-default\">\n    <div class=\"panel-body\">\n<div class=\"media\">\n   <a class=\"pull-left\" link=\"<a href='https:\/\/www.dramaction.qc.ca\/fr\/telechargements\/conte-de-la-jeune-fille\/'>Conte de la jeune fille<\/a>\">\n    <img decoding=\"async\" class=\"wpdm_icon\" alt=\"Ic\u00f4ne\" src=\"https:\/\/www.dramaction.qc.ca\/fr\/wp-content\/plugins\/download-manager\/assets\/file-type-icons\/pdf.svg\" \/>\n   <\/a>\n    <div class=\"media-body\">\n    <h4 class=\"media-heading\" style=\"padding-top: 0px;border:0px;margin: 0px;height: 20px;overflow: hidden\"><a href='https:\/\/www.dramaction.qc.ca\/fr\/telechargements\/conte-de-la-jeune-fille\/'>Conte de la jeune fille<\/a><\/h4>\n    <i style=\"margin: 4px 0 0 5px;opacity:0.5\" class=\"fa fa-th-large\"><\/i>  Taille du fichier : 0.00 KB kb<Br\/><i style=\"margin: 2px 0 0 5px;\" class=\"icon icon-download-alt\"><\/i> 18229 T\u00e9l\u00e9chargements<br\/><br\/><a class='wpdm-download-link download-on-click btn btn-danger btn-xs' rel='nofollow' href='#' data-downloadurl=\"https:\/\/www.dramaction.qc.ca\/fr\/telechargements\/conte-de-la-jeune-fille\/?wpdmdl=4853&refresh=69f90d5847d601777929560\">T\u00e9l\u00e9chargez l'extrait<\/a>\n   <\/div>\n<div class=\"media-body\"><p><strong>Nombre de personnages<\/strong> : 24\u00a0(7f 17h)<br \/>\n<strong>Nombre d'acteurs<\/strong> : 13 minimum<br \/>\n<strong>\u00c2ge<\/strong> : 13 ans et plus<br \/>\n<strong>Dur\u00e9e<\/strong> : 2h00<br \/>\n<strong>Genre<\/strong> : Drame<br \/>\n<strong>Th\u00e8me<\/strong> :\u00a0adolescence, amiti\u00e9, choix<br \/>\n<strong>Auteur<\/strong> : Jimmy Doucet<\/p>\n<p><strong>R\u00e9sum\u00e9<\/strong> :\u00a0D'abord est arriv\u00e9e la r\u00eaveuse, ensuite la sage puis l'agressive et la d\u00e9raisonnable. Quatre facettes d'une m\u00eame personnalit\u00e9 qui se bousculent dans la t\u00eate de Julie. Au fil des souvenirs racont\u00e9s, chacune des Julie prendra le contr\u00f4le sur les \u00e9v\u00e8nements marquants de sa vie d'adolescente et influencera l'adulte que Julie deviendra.<\/p>\n<p>Extrait<br \/>\nTexte disponible sur <a href=\"http:\/\/www.jimmydoucet.com\/textes-theatre-jeunesse\" target=\"_blank\">http:\/\/www.jimmydoucet.com\/textes-theatre-jeunesse<\/a><\/p>\n\n    <\/div>\n\n<\/div>\n<\/div>\n<\/div>\n\n\n<\/div><div class='col-lg-12 col-md-12 col-12'><div class=\"panel panel-default\">\n    <div class=\"panel-body\">\n<div class=\"media\">\n   <a class=\"pull-left\" link=\"<a href='https:\/\/www.dramaction.qc.ca\/fr\/telechargements\/super-heros-quebecois\/'>Super-H\u00e9ros Qu\u00e9b\u00e9cois<\/a>\">\n    <img decoding=\"async\" class=\"wpdm_icon\" alt=\"Ic\u00f4ne\" src=\"https:\/\/www.dramaction.qc.ca\/fr\/wp-content\/plugins\/download-manager\/assets\/file-type-icons\/pdf.svg\" \/>\n   <\/a>\n    <div class=\"media-body\">\n    <h4 class=\"media-heading\" style=\"padding-top: 0px;border:0px;margin: 0px;height: 20px;overflow: hidden\"><a href='https:\/\/www.dramaction.qc.ca\/fr\/telechargements\/super-heros-quebecois\/'>Super-H\u00e9ros Qu\u00e9b\u00e9cois<\/a><\/h4>\n    <i style=\"margin: 4px 0 0 5px;opacity:0.5\" class=\"fa fa-th-large\"><\/i>  Taille du fichier : 81 kb<Br\/><i style=\"margin: 2px 0 0 5px;\" class=\"icon icon-download-alt\"><\/i> 9016 T\u00e9l\u00e9chargements<br\/><br\/><a class='wpdm-download-link download-on-click btn btn-danger btn-xs' rel='nofollow' href='#' data-downloadurl=\"https:\/\/www.dramaction.qc.ca\/fr\/telechargements\/super-heros-quebecois\/?wpdmdl=4915&refresh=69f90d586bf8d1777929560\">T\u00e9l\u00e9chargez l'extrait<\/a>\n   <\/div>\n<div class=\"media-body\"><p><strong>Nombre de personnages<\/strong> : 17 (5H 12Fe)<br \/>\n<strong>Nombre d'acteurs<\/strong> : 15 minimum<br \/>\n<strong>\u00c2ge<\/strong> : 13 ans et plus<br \/>\n<strong>Dur\u00e9e<\/strong> : 1h45<br \/>\n<strong>Genre<\/strong> : Com\u00e9die<br \/>\n<strong>Th\u00e8me<\/strong> : \u00e9tudes, pouvoir, super-h\u00e9ros<br \/>\n<strong>Auteur<\/strong> : Jimmy Doucet<\/p>\n<p><strong>R\u00e9sum\u00e9<\/strong> : Un groupe de jeunes adultes qu\u00e9b\u00e9cois d\u00e9couvrent pendant leur enfance qu'ils poss\u00e8dent des dons particuliers. Apr\u00e8s plusieurs ann\u00e9es d'incompr\u00e9hension face \u00e0 leurs pouvoirs, un groupe secret les recrute et tente de leur venir en aide.<\/p>\n<p>Extrait<br \/>\nTexte disponible sur <a href=\"http:\/\/www.jimmydoucet.com\/textes-theatre-jeunesse\" target=\"_blank\">http:\/\/www.jimmydoucet.com\/textes-theatre-jeunesse<\/a><\/p>\n\n    <\/div>\n\n<\/div>\n<\/div>\n<\/div>\n\n\n<\/div><div class='col-lg-12 col-md-12 col-12'><div class=\"panel panel-default\">\n    <div class=\"panel-body\">\n<div class=\"media\">\n   <a class=\"pull-left\" link=\"<a href='https:\/\/www.dramaction.qc.ca\/fr\/telechargements\/les-secretaires\/'>Les secr\u00e9taires<\/a>\">\n    <img decoding=\"async\" class=\"wpdm_icon\" alt=\"Ic\u00f4ne\" src=\"https:\/\/www.dramaction.qc.ca\/fr\/wp-content\/plugins\/download-manager\/assets\/file-type-icons\/pdf.svg\" \/>\n   <\/a>\n    <div class=\"media-body\">\n    <h4 class=\"media-heading\" style=\"padding-top: 0px;border:0px;margin: 0px;height: 20px;overflow: hidden\"><a href='https:\/\/www.dramaction.qc.ca\/fr\/telechargements\/les-secretaires\/'>Les secr\u00e9taires<\/a><\/h4>\n    <i style=\"margin: 4px 0 0 5px;opacity:0.5\" class=\"fa fa-th-large\"><\/i>  Taille du fichier : 652 kb<Br\/><i style=\"margin: 2px 0 0 5px;\" class=\"icon icon-download-alt\"><\/i> 3451 T\u00e9l\u00e9chargements<br\/><br\/><a class='wpdm-download-link download-on-click btn btn-danger btn-xs' rel='nofollow' href='#' data-downloadurl=\"https:\/\/www.dramaction.qc.ca\/fr\/telechargements\/les-secretaires\/?wpdmdl=5720&refresh=69f90d588f46d1777929560\">T\u00e9l\u00e9charger<\/a>\n   <\/div>\n<div class=\"media-body\"><p><strong>Nombre de personnages<\/strong> : 15 \u00e0 21 r\u00f4les (24 acteurs maximum si les gros r\u00f4les sont d\u00e9doubl\u00e9s)<br \/>\n<strong>Nombre d'acteurs<\/strong> : 15 \u00e0 24<br \/>\n<strong>\u00c2ge<\/strong> : 14+<br \/>\n<strong>Dur\u00e9e<\/strong> : 35 minutes<br \/>\n<strong>Genre<\/strong> : Farce en deux actes<br \/>\n<strong>Auteur<\/strong> : Laurent Roitg (roitg.laurent@free.fr)<\/p>\n<p><strong>R\u00e9sum\u00e9<\/strong> : La journ\u00e9e agit\u00e9e de deux secr\u00e9taires de coll\u00e8ge un peu d\u00e9jant\u00e9e et pas toujours morales..<\/p>\n\n    <\/div>\n\n<\/div>\n<\/div>\n<\/div>\n\n\n<\/div><\/div>            <div style='clear:both'><\/div><div class='text-center'><ul class='pagination wpdm-pagination pagination-centered text-center'><\/ul><\/div><div style='clear:both'><\/div>        <\/div>\n\n        <div style='clear:both'><\/div>\n    <\/div>\n<\/div>\n\n","protected":false},"excerpt":{"rendered":"<p>Tous les textes | Textes complets | Texte en extrait (\u00e9prouv\u00e9s) Genre: Com\u00e9dies \/ Drames | nb. personnages 1 \u00e0 5 personnages \/ 6 \u00e0 15 personnages \/ 15 \u00e0 30 personnages | Dur\u00e9e : Moins de 5 minutes \/ Entre 6 et 30 minutes \/ Entre 30 et 60 minutes \/ Plus de 60 [&hellip;]<\/p>\n","protected":false},"author":22,"featured_media":0,"parent":552,"menu_order":0,"comment_status":"open","ping_status":"closed","template":"","meta":{"footnotes":""},"class_list":["post-4584","page","type-page","status-publish","hentry"],"jetpack_sharing_enabled":true,"_links":{"self":[{"href":"https:\/\/www.dramaction.qc.ca\/fr\/wp-json\/wp\/v2\/pages\/4584","targetHints":{"allow":["GET"]}}],"collection":[{"href":"https:\/\/www.dramaction.qc.ca\/fr\/wp-json\/wp\/v2\/pages"}],"about":[{"href":"https:\/\/www.dramaction.qc.ca\/fr\/wp-json\/wp\/v2\/types\/page"}],"author":[{"embeddable":true,"href":"https:\/\/www.dramaction.qc.ca\/fr\/wp-json\/wp\/v2\/users\/22"}],"replies":[{"embeddable":true,"href":"https:\/\/www.dramaction.qc.ca\/fr\/wp-json\/wp\/v2\/comments?post=4584"}],"version-history":[{"count":0,"href":"https:\/\/www.dramaction.qc.ca\/fr\/wp-json\/wp\/v2\/pages\/4584\/revisions"}],"up":[{"embeddable":true,"href":"https:\/\/www.dramaction.qc.ca\/fr\/wp-json\/wp\/v2\/pages\/552"}],"wp:attachment":[{"href":"https:\/\/www.dramaction.qc.ca\/fr\/wp-json\/wp\/v2\/media?parent=4584"}],"curies":[{"name":"wp","href":"https:\/\/api.w.org\/{rel}","templated":true}]}}