{"id":4582,"date":"2016-12-22T17:32:34","date_gmt":"2016-12-22T22:32:34","guid":{"rendered":"http:\/\/www.dramaction.qc.ca\/fr\/?page_id=4582"},"modified":"2016-12-22T20:52:46","modified_gmt":"2016-12-23T01:52:46","slug":"pieces-de-theatre-a-telecharger-de-6-a-15-personnages","status":"publish","type":"page","link":"https:\/\/www.dramaction.qc.ca\/fr\/textes-a-jouer-avec-vos-eleves\/textes-a-jouer\/pieces-de-theatre-a-telecharger-de-6-a-15-personnages\/","title":{"rendered":"Pi\u00e8ces de th\u00e9\u00e2tre \u00e0 t\u00e9l\u00e9charger de 6 \u00e0 15 personnages"},"content":{"rendered":"<p style=\"text-align: center;\"><a href=\"http:\/\/www.dramaction.qc.ca\/fr\/textes-a-jouer-avec-vos-eleves\/textes-a-jouer\/\">Tous les textes<\/a> | <a href=\"http:\/\/www.dramaction.qc.ca\/fr\/textes-a-jouer-avec-vos-eleves\/textes-a-jouer\/textes-complets\/\">Textes complets<\/a> | <a href=\"http:\/\/www.dramaction.qc.ca\/fr\/textes-a-jouer-avec-vos-eleves\/textes-a-jouer\/texte-en-extrait-eprouves\/\">Texte en extrait (\u00e9prouv\u00e9s)<\/a><\/p>\n<p style=\"text-align: center;\"><strong>Genre<\/strong>: <a href=\"http:\/\/www.dramaction.qc.ca\/fr\/textes-a-jouer-avec-vos-eleves\/textes-a-jouer\/comedies\/\">Com\u00e9dies<\/a> \/ <a href=\"http:\/\/www.dramaction.qc.ca\/fr\/textes-a-jouer-avec-vos-eleves\/textes-a-jouer\/drames\/\">Drames<\/a> | <strong>nb. personnages<\/strong> <a href=\"http:\/\/www.dramaction.qc.ca\/fr\/textes-a-jouer-avec-vos-eleves\/textes-a-jouer\/texte-de-theatre-de-1-a-5-personnages\/\">1 \u00e0 5 personnages<\/a> \/ <a href=\"http:\/\/www.dramaction.qc.ca\/fr\/textes-a-jouer-avec-vos-eleves\/textes-a-jouer\/pieces-de-theatre-a-telecharger-de-6-a-15-personnages\/\">6 \u00e0 15 personnages<\/a> \/ <a href=\"http:\/\/www.dramaction.qc.ca\/fr\/textes-a-jouer-avec-vos-eleves\/textes-a-jouer\/pieces-de-theatre-a-telecharger-de-15-a-30-personnages\/\">15 \u00e0 30 personnages<\/a> | <strong>Dur\u00e9e<\/strong> : <a href=\"http:\/\/www.dramaction.qc.ca\/fr\/textes-a-jouer-avec-vos-eleves\/textes-a-jouer\/scenes-de-theatre-de-moins-de-5-minutes\/\">Moins de 5 minutes<\/a> \/ <a href=\"http:\/\/www.dramaction.qc.ca\/fr\/textes-a-jouer-avec-vos-eleves\/textes-a-jouer\/courtes-pieces-de-theatre-entre-6-30-minutes\/\">Entre 6 et 30 minutes<\/a> \/ <a href=\"http:\/\/www.dramaction.qc.ca\/fr\/textes-a-jouer-avec-vos-eleves\/textes-a-jouer\/pieces-de-theatre-entre-30-60-minutes\/\">Entre 30 et 60 minutes<\/a> \/ <a href=\"http:\/\/www.dramaction.qc.ca\/fr\/textes-a-jouer-avec-vos-eleves\/textes-a-jouer\/pieces-de-theatre-longues-de-de-60-minutes\/\">Plus de 60 minutes<\/a> | <strong>Pour des \u00e9l\u00e8ves de<\/strong> : <a href=\"http:\/\/www.dramaction.qc.ca\/fr\/textes-a-jouer-avec-vos-eleves\/textes-a-jouer\/pieces-pour-enfants\/\">8 \u00e0 12 ans<\/a> \/ <a href=\"http:\/\/www.dramaction.qc.ca\/fr\/textes-a-jouer-avec-vos-eleves\/textes-a-jouer\/pieces-theatre-12-16-ans\/\">12 \u00e0 16 ans<\/a> \/ <a href=\"http:\/\/www.dramaction.qc.ca\/fr\/textes-a-jouer-avec-vos-eleves\/textes-a-jouer\/pieces-de-theatre-pour-adolescents-adultes\/\">Plus de 16 ans<\/a><\/p>\n<p style=\"text-align: center;\">Auteurs jeunesse de renom : <a href=\"http:\/\/www.dramaction.qc.ca\/fr\/textes-a-jouer-avec-vos-eleves\/textes-a-jouer\/extraits-de-pieces-de-theatre-de-jimmy-doucet\/\">Jimmy Doucet<\/a> \/ <a href=\"http:\/\/www.dramaction.qc.ca\/fr\/luc-boulanger\/\">Luc Boulanger<\/a><\/p>\n<div class='w3eden'>\n    <div class=''>\n                <p>Textes ayant de 6 \u00e0 15 personnages disponibles sur le site Dramction<\/p>\n                <div id=\"content_wpdm_package_1\">\n            <div class='row'><div class='col-lg-12 col-md-12 col-12'><div class=\"panel panel-default\">\n    <div class=\"panel-body\">\n<div class=\"media\">\n   <a class=\"pull-left\" link=\"<a href='https:\/\/www.dramaction.qc.ca\/fr\/telechargements\/naissance-desirable\/'>Naissance d\u00e9sirable<\/a>\">\n    <img decoding=\"async\" class=\"wpdm_icon\" alt=\"Ic\u00f4ne\" src=\"https:\/\/www.dramaction.qc.ca\/fr\/wp-content\/plugins\/download-manager\/assets\/file-type-icons\/doc.svg\" \/>\n   <\/a>\n    <div class=\"media-body\">\n    <h4 class=\"media-heading\" style=\"padding-top: 0px;border:0px;margin: 0px;height: 20px;overflow: hidden\"><a href='https:\/\/www.dramaction.qc.ca\/fr\/telechargements\/naissance-desirable\/'>Naissance d\u00e9sirable<\/a><\/h4>\n    <i style=\"margin: 4px 0 0 5px;opacity:0.5\" class=\"fa fa-th-large\"><\/i>  Taille du fichier : 61 kb<Br\/><i style=\"margin: 2px 0 0 5px;\" class=\"icon icon-download-alt\"><\/i> 33433 T\u00e9l\u00e9chargements<br\/><br\/><a class='wpdm-download-link download-on-click btn btn-danger btn-xs' rel='nofollow' href='#' data-downloadurl=\"https:\/\/www.dramaction.qc.ca\/fr\/telechargements\/naissance-desirable\/?wpdmdl=4566&refresh=69dcdd52bf6291776082258\">T\u00e9l\u00e9charger<\/a>\n   <\/div>\n<div class=\"media-body\"><p><strong>Nombre de personnages<\/strong> : 9<br \/>\n<strong>Nombre d'acteurs<\/strong> : 9 (2h 3f + 4 modulables)<br \/>\n<strong>Dur\u00e9e<\/strong> : 2 minutes<br \/>\n<strong>Th\u00e8me<\/strong> : Texte de th\u00e9\u00e2tre sur l'enfant souhait\u00e9, les naissances d\u00e9sirables et la grossesse en milieu scolaire<br \/>\n<strong>Auteur <\/strong>: Jos\u00e9 Bau Diyabanza<\/p>\n\n    <\/div>\n\n<\/div>\n<\/div>\n<\/div>\n\n\n<\/div><div class='col-lg-12 col-md-12 col-12'><div class=\"panel panel-default\">\n    <div class=\"panel-body\">\n<div class=\"media\">\n   <a class=\"pull-left\" link=\"<a href='https:\/\/www.dramaction.qc.ca\/fr\/telechargements\/pour-le-meilleur-pour-le-pire\/'>Pour le meilleur et pour le pire<\/a>\">\n    <img decoding=\"async\" class=\"wpdm_icon\" alt=\"Ic\u00f4ne\" src=\"https:\/\/www.dramaction.qc.ca\/fr\/wp-content\/plugins\/download-manager\/assets\/file-type-icons\/pdf.svg\" \/>\n   <\/a>\n    <div class=\"media-body\">\n    <h4 class=\"media-heading\" style=\"padding-top: 0px;border:0px;margin: 0px;height: 20px;overflow: hidden\"><a href='https:\/\/www.dramaction.qc.ca\/fr\/telechargements\/pour-le-meilleur-pour-le-pire\/'>Pour le meilleur et pour le pire<\/a><\/h4>\n    <i style=\"margin: 4px 0 0 5px;opacity:0.5\" class=\"fa fa-th-large\"><\/i>  Taille du fichier : 117 kb<Br\/><i style=\"margin: 2px 0 0 5px;\" class=\"icon icon-download-alt\"><\/i> 23545 T\u00e9l\u00e9chargements<br\/><br\/><a class='wpdm-download-link download-on-click btn btn-danger btn-xs' rel='nofollow' href='#' data-downloadurl=\"https:\/\/www.dramaction.qc.ca\/fr\/telechargements\/pour-le-meilleur-pour-le-pire\/?wpdmdl=4567&refresh=69dcdd52e4b041776082258\">T\u00e9l\u00e9charger l'extrait<\/a>\n   <\/div>\n<div class=\"media-body\"><div class=\"media-body\">\n<p><strong>Nombre de personnages<\/strong> : 13<br \/>\n<strong>Nombre d'acteurs<\/strong> : 13 (10f 3h)<br \/>\n<strong>\u00c2ge<\/strong> : 13 ans et plus<br \/>\n<strong>Dur\u00e9e<\/strong> : 1h15<br \/>\n<strong>Genre<\/strong> : Com\u00e9die<br \/>\n<strong>Th\u00e8me<\/strong> : Mariage<br \/>\n<strong>Auteur<\/strong> : Jimmy Doucet<\/p>\n<p><strong>R\u00e9sum\u00e9<\/strong> : Les mariages doubles \u00e9taient tr\u00e8s populaires dans les ann\u00e9es 80. Voici le plus long mariage double jamais vu de la d\u00e9cennie la plus color\u00e9e.<\/p>\n<p>Extrait<br \/>\nTexte disponible sur <a href=\"http:\/\/www.jimmydoucet.com\/textes-theatre-jeunesse\" target=\"_blank\">http:\/\/www.jimmydoucet.com\/textes-theatre-jeunesse<\/a><\/p>\n<\/div>\n\n    <\/div>\n\n<\/div>\n<\/div>\n<\/div>\n\n\n<\/div><div class='col-lg-12 col-md-12 col-12'><div class=\"panel panel-default\">\n    <div class=\"panel-body\">\n<div class=\"media\">\n   <a class=\"pull-left\" link=\"<a href='https:\/\/www.dramaction.qc.ca\/fr\/telechargements\/amis-pour-la-vie-une-comedie-de-la-vie\/'>Amis pour la vie, une com\u00e9die de la vie<\/a>\">\n    <img decoding=\"async\" class=\"wpdm_icon\" alt=\"Ic\u00f4ne\" src=\"https:\/\/www.dramaction.qc.ca\/fr\/wp-content\/plugins\/download-manager\/assets\/file-type-icons\/pdf.svg\" \/>\n   <\/a>\n    <div class=\"media-body\">\n    <h4 class=\"media-heading\" style=\"padding-top: 0px;border:0px;margin: 0px;height: 20px;overflow: hidden\"><a href='https:\/\/www.dramaction.qc.ca\/fr\/telechargements\/amis-pour-la-vie-une-comedie-de-la-vie\/'>Amis pour la vie, une com\u00e9die de la vie<\/a><\/h4>\n    <i style=\"margin: 4px 0 0 5px;opacity:0.5\" class=\"fa fa-th-large\"><\/i>  Taille du fichier : 0.00 KB kb<Br\/><i style=\"margin: 2px 0 0 5px;\" class=\"icon icon-download-alt\"><\/i> 235697 T\u00e9l\u00e9chargements<br\/><br\/><a class='wpdm-download-link download-on-click btn btn-danger btn-xs' rel='nofollow' href='#' data-downloadurl=\"https:\/\/www.dramaction.qc.ca\/fr\/telechargements\/amis-pour-la-vie-une-comedie-de-la-vie\/?wpdmdl=4627&refresh=69dcdd53147de1776082259\">T\u00e9l\u00e9charger l'extrait<\/a>\n   <\/div>\n<div class=\"media-body\"><p><strong>Nombre de personnages<\/strong> : 7, distribution modulable<br \/>\n<strong>Nombre d'acteurs<\/strong> : 7 (6F et 1H)<br \/>\n<strong>\u00c2ge<\/strong> : 13 ans et plus<br \/>\n<strong>Dur\u00e9e<\/strong> : 20 minutes<br \/>\n<strong>Genre<\/strong> : Com\u00e9die<br \/>\n<strong>Th\u00e8me<\/strong> : Une com\u00e9die de la vie<br \/>\n<strong>Auteur<\/strong> : Andrey Myasnikov<\/p>\n<p><strong>R\u00e9sum\u00e9<\/strong> : Des enfants arrivent \u00e0 l'h\u00f4tel \u00ab Bellevue \u00bb pour y passer leurs vacances. \u00c0 cause de leur caract\u00e8re et de leur point de vue diff\u00e9rents, ils se divisent en deux camps. Mais comment passer de bonnes vacances si l'on est en guerre... il faut trouver une solution... et ils la trouveront\u2026<\/p>\n<p>Extrait seulement<br \/>\n<strong>Pour joindre l'auteur<\/strong> : <a href=\"mailto:andrey.myasnikov@gmail.com\">andrey.myasnikov@gmail.com<\/a><\/p>\n\n    <\/div>\n\n<\/div>\n<\/div>\n<\/div>\n\n\n<\/div><div class='col-lg-12 col-md-12 col-12'><div class=\"panel panel-default\">\n    <div class=\"panel-body\">\n<div class=\"media\">\n   <a class=\"pull-left\" link=\"<a href='https:\/\/www.dramaction.qc.ca\/fr\/telechargements\/lhypothese\/'>L'hypoth\u00e8se<\/a>\">\n    <img decoding=\"async\" class=\"wpdm_icon\" alt=\"Ic\u00f4ne\" src=\"https:\/\/www.dramaction.qc.ca\/fr\/wp-content\/plugins\/download-manager\/assets\/file-type-icons\/pdf.svg\" \/>\n   <\/a>\n    <div class=\"media-body\">\n    <h4 class=\"media-heading\" style=\"padding-top: 0px;border:0px;margin: 0px;height: 20px;overflow: hidden\"><a href='https:\/\/www.dramaction.qc.ca\/fr\/telechargements\/lhypothese\/'>L'hypoth\u00e8se<\/a><\/h4>\n    <i style=\"margin: 4px 0 0 5px;opacity:0.5\" class=\"fa fa-th-large\"><\/i>  Taille du fichier : 0.00 KB kb<Br\/><i style=\"margin: 2px 0 0 5px;\" class=\"icon icon-download-alt\"><\/i> 29228 T\u00e9l\u00e9chargements<br\/><br\/><a class='wpdm-download-link download-on-click btn btn-danger btn-xs' rel='nofollow' href='#' data-downloadurl=\"https:\/\/www.dramaction.qc.ca\/fr\/telechargements\/lhypothese\/?wpdmdl=4628&refresh=69dcdd533895c1776082259\">T\u00e9l\u00e9charger l'extrait<\/a>\n   <\/div>\n<div class=\"media-body\"><div class=\"media-body\">\n<div class=\"media-body\">\n<p><strong>Nombre de personnages<\/strong> : 11<br \/>\n<strong>Nombre d'acteurs<\/strong> : 11 (5f 6h)<br \/>\n<strong>\u00c2ge<\/strong> : 13 ans et plus<br \/>\n<strong>Dur\u00e9e<\/strong> : 1h15<br \/>\n<strong>Genre<\/strong> : Com\u00e9die<br \/>\n<strong>Th\u00e8me<\/strong> : intimidation<br \/>\n<strong>Auteur<\/strong> : Jimmy Doucet<\/p>\n<p><strong>R\u00e9sum\u00e9<\/strong> : C'est d'abord Thomas et Rosalie qui nous font part de tout ce qui se passe dans leur t\u00eate. Au d\u00e9but de la pi\u00e8ce, ils ne posent aucun geste pour se sortir de l'intimidation. Plus l'histoire se d\u00e9veloppe, plus ils posent des gestes pour s'en sortir et on se rend compte que toutes les hypoth\u00e8ses qu'ils ont pu se faire n'\u00e9taient pas totalement repr\u00e9sentatives de la r\u00e9alit\u00e9. Pendant la pi\u00e8ce, on se retrouve aussi, parfois, dans les pens\u00e9es de ceux qui intimident et, \u00e0 la fin, on se retrouve dans la t\u00eate des t\u00e9moins. C'est le moment cl\u00e9 de la pi\u00e8ce qui montre \u00e0 quel point ceux qui ne se sentent pas concern\u00e9s ont une importance capitale dans toutes ces histoires...<\/p>\n<p>Extrait<br \/>\nTexte disponible sur <a href=\"http:\/\/www.jimmydoucet.com\/textes-theatre-jeunesse\" target=\"_blank\">http:\/\/www.jimmydoucet.com\/textes-theatre-jeunesse<\/a><\/p>\n<\/div>\n<\/div>\n\n    <\/div>\n\n<\/div>\n<\/div>\n<\/div>\n\n\n<\/div><div class='col-lg-12 col-md-12 col-12'><div class=\"panel panel-default\">\n    <div class=\"panel-body\">\n<div class=\"media\">\n   <a class=\"pull-left\" link=\"<a href='https:\/\/www.dramaction.qc.ca\/fr\/telechargements\/la-lecon-de-mme-chocotoffva\/'>La le\u00e7on de Mme Chocotoffva<\/a>\">\n    <img decoding=\"async\" class=\"wpdm_icon\" alt=\"Ic\u00f4ne\" src=\"https:\/\/www.dramaction.qc.ca\/fr\/wp-content\/plugins\/download-manager\/assets\/file-type-icons\/docx.svg\" \/>\n   <\/a>\n    <div class=\"media-body\">\n    <h4 class=\"media-heading\" style=\"padding-top: 0px;border:0px;margin: 0px;height: 20px;overflow: hidden\"><a href='https:\/\/www.dramaction.qc.ca\/fr\/telechargements\/la-lecon-de-mme-chocotoffva\/'>La le\u00e7on de Mme Chocotoffva<\/a><\/h4>\n    <i style=\"margin: 4px 0 0 5px;opacity:0.5\" class=\"fa fa-th-large\"><\/i>  Taille du fichier : 0.00 KB kb<Br\/><i style=\"margin: 2px 0 0 5px;\" class=\"icon icon-download-alt\"><\/i> 46536 T\u00e9l\u00e9chargements<br\/><br\/><a class='wpdm-download-link download-on-click btn btn-danger btn-xs' rel='nofollow' href='#' data-downloadurl=\"https:\/\/www.dramaction.qc.ca\/fr\/telechargements\/la-lecon-de-mme-chocotoffva\/?wpdmdl=4630&refresh=69dcdd53669611776082259\">T\u00e9l\u00e9charger<\/a>\n   <\/div>\n<div class=\"media-body\"><p><strong>Nombre de personnages<\/strong> : 11 (9F 2G)<br \/>\n<strong>Nombre d'acteurs<\/strong> : 11<br \/>\n<strong>\u00c2ge<\/strong> : 13 ans et plus<br \/>\n<strong>Dur\u00e9e<\/strong> : 15 minutes<br \/>\n<strong>Genre<\/strong> : Com\u00e9die<br \/>\n<strong>Th\u00e8me<\/strong> : Sensibilisation \u00e0 la pauvret\u00e9<br \/>\n<strong>Auteur<\/strong> : Collectif<\/p>\n\n    <\/div>\n\n<\/div>\n<\/div>\n<\/div>\n\n\n<\/div><div class='col-lg-12 col-md-12 col-12'><div class=\"panel panel-default\">\n    <div class=\"panel-body\">\n<div class=\"media\">\n   <a class=\"pull-left\" link=\"<a href='https:\/\/www.dramaction.qc.ca\/fr\/telechargements\/larmoire\/'>L'armoire<\/a>\">\n    <img decoding=\"async\" class=\"wpdm_icon\" alt=\"Ic\u00f4ne\" src=\"https:\/\/www.dramaction.qc.ca\/fr\/wp-content\/plugins\/download-manager\/assets\/file-type-icons\/zip.svg\" \/>\n   <\/a>\n    <div class=\"media-body\">\n    <h4 class=\"media-heading\" style=\"padding-top: 0px;border:0px;margin: 0px;height: 20px;overflow: hidden\"><a href='https:\/\/www.dramaction.qc.ca\/fr\/telechargements\/larmoire\/'>L'armoire<\/a><\/h4>\n    <i style=\"margin: 4px 0 0 5px;opacity:0.5\" class=\"fa fa-th-large\"><\/i>  Taille du fichier : 0.00 KB kb<Br\/><i style=\"margin: 2px 0 0 5px;\" class=\"icon icon-download-alt\"><\/i> 54253 T\u00e9l\u00e9chargements<br\/><br\/><a class='wpdm-download-link download-on-click btn btn-danger btn-xs' rel='nofollow' href='#' data-downloadurl=\"https:\/\/www.dramaction.qc.ca\/fr\/telechargements\/larmoire\/?wpdmdl=4660&refresh=69dcdd538b54e1776082259\">T\u00e9l\u00e9charger<\/a>\n   <\/div>\n<div class=\"media-body\"><p><strong>Nombre de personnages<\/strong> : 13<br \/>\n<strong>Nombre d'acteurs<\/strong> : 13 (12F 1G)<br \/>\n<strong>\u00c2ge<\/strong> : 13 ans et plus<br \/>\n<strong>Dur\u00e9e<\/strong> : plus de 60 minutes<br \/>\n<strong>Genre<\/strong> : Com\u00e9die de boulevard se terminant en trag\u00e9die antique<br \/>\n<strong>Auteur<\/strong> : Pierrick Villann\u00e9<\/p>\n<p>Un utilisateur a mentionn\u00e9 que ce document comporte de nombreuses fautes d'orthographe et de syntaxe.\u00a0 Si vous l'avez corrig\u00e9, n'h\u00e9sitez pas \u00e0 nous faire parvenir une version toute \"propre\" !\u00a0 La communaut\u00e9 de Dramaction en sera grandement reconnaissante \ud83d\ude42<\/p>\n\n    <\/div>\n\n<\/div>\n<\/div>\n<\/div>\n\n\n<\/div><div class='col-lg-12 col-md-12 col-12'><div class=\"panel panel-default\">\n    <div class=\"panel-body\">\n<div class=\"media\">\n   <a class=\"pull-left\" link=\"<a href='https:\/\/www.dramaction.qc.ca\/fr\/telechargements\/le-ptit-bourgeois-gentilhomme\/'>Le p'tit Bourgeois Gentilhomme<\/a>\">\n    <img decoding=\"async\" class=\"wpdm_icon\" alt=\"Ic\u00f4ne\" src=\"https:\/\/www.dramaction.qc.ca\/fr\/wp-content\/plugins\/download-manager\/assets\/file-type-icons\/pdf.svg\" \/>\n   <\/a>\n    <div class=\"media-body\">\n    <h4 class=\"media-heading\" style=\"padding-top: 0px;border:0px;margin: 0px;height: 20px;overflow: hidden\"><a href='https:\/\/www.dramaction.qc.ca\/fr\/telechargements\/le-ptit-bourgeois-gentilhomme\/'>Le p'tit Bourgeois Gentilhomme<\/a><\/h4>\n    <i style=\"margin: 4px 0 0 5px;opacity:0.5\" class=\"fa fa-th-large\"><\/i>  Taille du fichier : 0.00 KB kb<Br\/><i style=\"margin: 2px 0 0 5px;\" class=\"icon icon-download-alt\"><\/i> 79980 T\u00e9l\u00e9chargements<br\/><br\/><a class='wpdm-download-link download-on-click btn btn-danger btn-xs' rel='nofollow' href='#' data-downloadurl=\"https:\/\/www.dramaction.qc.ca\/fr\/telechargements\/le-ptit-bourgeois-gentilhomme\/?wpdmdl=4663&refresh=69dcdd53b084e1776082259\">T\u00e9l\u00e9charger l'extrait<\/a>\n   <\/div>\n<div class=\"media-body\"><div class=\"media-body\">\n<div class=\"media-body\">\n<p><strong>Nombre de personnages<\/strong> : 6 (2H 4F)<br \/>\n<strong>Nombre d'acteurs<\/strong> : 6<br \/>\n<strong>\u00c2ge<\/strong> : 12-16<br \/>\n<strong>Dur\u00e9e<\/strong> : 12 minutes<br \/>\n<strong>Genre<\/strong> : Com\u00e9die (d'apr\u00e8s Moli\u00e8re<br \/>\n<strong>Auteur<\/strong> : Luc Boulanger<\/p>\n<p><strong>R\u00e9sum\u00e9<\/strong> : M. Jourdain a fait fortune et il est riche. Mais, il aimerait aussi faire partie de la noblesse. C'est pourquoi il cherche \u00e0 marier sa fille \u00e0 un noble. Mais comme celle-ci a d\u00e9j\u00e0 un amoureux, elle fait appel \u00e0 l\u2019espi\u00e8gle servante Nicole qui n\u2019h\u00e9site pas \u00e0 utiliser d\u00e9guisements et mensonges afin de contourner les projets de son ma\u00eetre.<\/p>\n<p>Extrait seulement<br \/>\n<strong>Pour acheter le texte complet<\/strong>\u00a0 <a href=\"https:\/\/www.theatreanimagination.com\/fr\/\" target=\"_blank\">https:\/\/www.theatreanimagination.com\/fr\/<\/a><\/p>\n<\/div>\n<\/div>\n\n    <\/div>\n\n<\/div>\n<\/div>\n<\/div>\n\n\n<\/div><div class='col-lg-12 col-md-12 col-12'><div class=\"panel panel-default\">\n    <div class=\"panel-body\">\n<div class=\"media\">\n   <a class=\"pull-left\" link=\"<a href='https:\/\/www.dramaction.qc.ca\/fr\/telechargements\/adaptation-du-petit-poucet\/'>Adaptation du Petit poucet<\/a>\">\n    <img decoding=\"async\" class=\"wpdm_icon\" alt=\"Ic\u00f4ne\" src=\"https:\/\/www.dramaction.qc.ca\/fr\/wp-content\/plugins\/download-manager\/assets\/file-type-icons\/doc.svg\" \/>\n   <\/a>\n    <div class=\"media-body\">\n    <h4 class=\"media-heading\" style=\"padding-top: 0px;border:0px;margin: 0px;height: 20px;overflow: hidden\"><a href='https:\/\/www.dramaction.qc.ca\/fr\/telechargements\/adaptation-du-petit-poucet\/'>Adaptation du Petit poucet<\/a><\/h4>\n    <i style=\"margin: 4px 0 0 5px;opacity:0.5\" class=\"fa fa-th-large\"><\/i>  Taille du fichier : 0.00 KB kb<Br\/><i style=\"margin: 2px 0 0 5px;\" class=\"icon icon-download-alt\"><\/i> 93835 T\u00e9l\u00e9chargements<br\/><br\/><a class='wpdm-download-link download-on-click btn btn-danger btn-xs' rel='nofollow' href='#' data-downloadurl=\"https:\/\/www.dramaction.qc.ca\/fr\/telechargements\/adaptation-du-petit-poucet\/?wpdmdl=4665&refresh=69dcdd53d45cd1776082259\">T\u00e9l\u00e9charger<\/a>\n   <\/div>\n<div class=\"media-body\"><p><strong>Nombre de personnages<\/strong> : 7<br \/>\n<strong>Nombre d'acteurs<\/strong> : 7<br \/>\n<strong>\u00c2ge<\/strong> : 8-12 ans<br \/>\n<strong>Dur\u00e9e<\/strong> : Environs 25 minutes<br \/>\n<strong>Genre<\/strong> : Adaptation du Petit Poucet<\/p>\n<p><strong>Auteur<\/strong> : Ivan Gusset<\/p>\n\n    <\/div>\n\n<\/div>\n<\/div>\n<\/div>\n\n\n<\/div><div class='col-lg-12 col-md-12 col-12'><div class=\"panel panel-default\">\n    <div class=\"panel-body\">\n<div class=\"media\">\n   <a class=\"pull-left\" link=\"<a href='https:\/\/www.dramaction.qc.ca\/fr\/telechargements\/le-reflet-de-narcisse\/'>Le reflet de Narcisse<\/a>\">\n    <img decoding=\"async\" class=\"wpdm_icon\" alt=\"Ic\u00f4ne\" src=\"https:\/\/www.dramaction.qc.ca\/fr\/wp-content\/plugins\/download-manager\/assets\/file-type-icons\/doc.svg\" \/>\n   <\/a>\n    <div class=\"media-body\">\n    <h4 class=\"media-heading\" style=\"padding-top: 0px;border:0px;margin: 0px;height: 20px;overflow: hidden\"><a href='https:\/\/www.dramaction.qc.ca\/fr\/telechargements\/le-reflet-de-narcisse\/'>Le reflet de Narcisse<\/a><\/h4>\n    <i style=\"margin: 4px 0 0 5px;opacity:0.5\" class=\"fa fa-th-large\"><\/i>  Taille du fichier : 0.00 KB kb<Br\/><i style=\"margin: 2px 0 0 5px;\" class=\"icon icon-download-alt\"><\/i> 42521 T\u00e9l\u00e9chargements<br\/><br\/><a class='wpdm-download-link download-on-click btn btn-danger btn-xs' rel='nofollow' href='#' data-downloadurl=\"https:\/\/www.dramaction.qc.ca\/fr\/telechargements\/le-reflet-de-narcisse\/?wpdmdl=4671&refresh=69dcdd540521d1776082260\">T\u00e9l\u00e9charger<\/a>\n   <\/div>\n<div class=\"media-body\"><p><strong>Nombre de personnages<\/strong> : un groupe divis\u00e9 en 3<br \/>\n<strong>Nombre d'acteurs<\/strong> :\u00a0 15 et plus<br \/>\n<strong>\u00c2ge<\/strong> : 8 ans et plus<br \/>\n<strong>Dur\u00e9e<\/strong> : plus de 60 minutes<br \/>\n<strong>Genre<\/strong> : Jeu choral<br \/>\n<strong>Auteur<\/strong> : Collectif<\/p>\n\n    <\/div>\n\n<\/div>\n<\/div>\n<\/div>\n\n\n<\/div><div class='col-lg-12 col-md-12 col-12'><div class=\"panel panel-default\">\n    <div class=\"panel-body\">\n<div class=\"media\">\n   <a class=\"pull-left\" link=\"<a href='https:\/\/www.dramaction.qc.ca\/fr\/telechargements\/piece-theatre-cahier-magique\/'>Le cahier magique<\/a>\">\n    <img decoding=\"async\" class=\"wpdm_icon\" alt=\"Ic\u00f4ne\" src=\"https:\/\/www.dramaction.qc.ca\/fr\/wp-content\/plugins\/download-manager\/assets\/file-type-icons\/doc.svg\" \/>\n   <\/a>\n    <div class=\"media-body\">\n    <h4 class=\"media-heading\" style=\"padding-top: 0px;border:0px;margin: 0px;height: 20px;overflow: hidden\"><a href='https:\/\/www.dramaction.qc.ca\/fr\/telechargements\/piece-theatre-cahier-magique\/'>Le cahier magique<\/a><\/h4>\n    <i style=\"margin: 4px 0 0 5px;opacity:0.5\" class=\"fa fa-th-large\"><\/i>  Taille du fichier : 0.00 KB kb<Br\/><i style=\"margin: 2px 0 0 5px;\" class=\"icon icon-download-alt\"><\/i> 97456 T\u00e9l\u00e9chargements<br\/><br\/><a class='wpdm-download-link download-on-click btn btn-danger btn-xs' rel='nofollow' href='#' data-downloadurl=\"https:\/\/www.dramaction.qc.ca\/fr\/telechargements\/piece-theatre-cahier-magique\/?wpdmdl=4676&refresh=69dcdd5428dc81776082260\">T\u00e9l\u00e9charger<\/a>\n   <\/div>\n<div class=\"media-body\"><p><strong>Nombre de personnages<\/strong> : 10<br \/>\n<strong>Nombre d'acteurs<\/strong> : 10 modulable (\u00e0 l'infini)<br \/>\n<strong>\u00c2ge<\/strong> : 8-12 ans<br \/>\n<strong>Dur\u00e9e<\/strong> : Environs 10 minutes<br \/>\n<strong>Auteur<\/strong> : Sylvia Fardel<\/p>\n<p><strong>Infos laiss\u00e9s par l'auteure<\/strong> : Le cahier magique est un texte de th\u00e9\u00e2tre pour enfants . Pour 10 com\u00e9diens, modulable \u00e0 l'infini. Il apprend toutes les bases du m\u00e9tier:-) Les \u00e9tats, l'\u00e9coute, la construction physique d'un personnage, l'int\u00e9gration dans une troupe; avec des \u00e9motions simples et accessibles aux d\u00e9butants. Photos d'une repr\u00e9sentation avec des enfants de 8 ans sous <a href=\"http:\/\/www.ecole-theatre.ch\" target=\"_blank\">www.ecole-theatre.ch<\/a> Je reste \u00e0 votre disposition pour toute info suppl\u00e9mentaires.<br \/>\nP.S Les didascalies sont en rouge pour faciliter la lecture aux plus petits:-) Plans de r\u00e9gie \u00e0 votre disposition sur demande.<\/p>\n<p><strong>Joindre l'auteure pour obtenir tout le texte : <a href=\"mailto:sylvia.fardel@bluewin.ch\">sylvia.fardel@bluewin.ch<\/a> <\/strong><\/p>\n\n    <\/div>\n\n<\/div>\n<\/div>\n<\/div>\n\n\n<\/div><\/div>            <div style='clear:both'><\/div><div class='text-center'><ul class='pagination wpdm-pagination pagination-centered text-center'><li><span aria-current=\"page\" class=\"page-numbers current\">1<\/span><\/li><li><a data-container='#content_wpdm_package_1' class=\"page-numbers\" href=\"https:\/\/www.dramaction.qc.ca\/fr\/wp-json\/wp\/v2\/pages\/4582\/?cp=2\">2<\/a><\/li><li><a data-container='#content_wpdm_package_1' class=\"next page-numbers\" href=\"https:\/\/www.dramaction.qc.ca\/fr\/wp-json\/wp\/v2\/pages\/4582\/?cp=2\"> <i style=\"display: inline-block;width: 8px;height: 8px;border-right: 2px solid;border-top: 2px solid;transform: rotate(45deg);margin-left: -2px;margin-top: -2px;\"><\/i> <\/a><\/li><\/ul><\/div><div style='clear:both'><\/div>        <\/div>\n\n        <div style='clear:both'><\/div>\n    <\/div>\n<\/div>\n\n","protected":false},"excerpt":{"rendered":"<p>Tous les textes | Textes complets | Texte en extrait (\u00e9prouv\u00e9s) Genre: Com\u00e9dies \/ Drames | nb. personnages 1 \u00e0 5 personnages \/ 6 \u00e0 15 personnages \/ 15 \u00e0 30 personnages | Dur\u00e9e : Moins de 5 minutes \/ Entre 6 et 30 minutes \/ Entre 30 et 60 minutes \/ Plus de 60 [&hellip;]<\/p>\n","protected":false},"author":22,"featured_media":0,"parent":552,"menu_order":0,"comment_status":"closed","ping_status":"closed","template":"","meta":{"footnotes":""},"class_list":["post-4582","page","type-page","status-publish","hentry"],"jetpack_sharing_enabled":true,"_links":{"self":[{"href":"https:\/\/www.dramaction.qc.ca\/fr\/wp-json\/wp\/v2\/pages\/4582","targetHints":{"allow":["GET"]}}],"collection":[{"href":"https:\/\/www.dramaction.qc.ca\/fr\/wp-json\/wp\/v2\/pages"}],"about":[{"href":"https:\/\/www.dramaction.qc.ca\/fr\/wp-json\/wp\/v2\/types\/page"}],"author":[{"embeddable":true,"href":"https:\/\/www.dramaction.qc.ca\/fr\/wp-json\/wp\/v2\/users\/22"}],"replies":[{"embeddable":true,"href":"https:\/\/www.dramaction.qc.ca\/fr\/wp-json\/wp\/v2\/comments?post=4582"}],"version-history":[{"count":0,"href":"https:\/\/www.dramaction.qc.ca\/fr\/wp-json\/wp\/v2\/pages\/4582\/revisions"}],"up":[{"embeddable":true,"href":"https:\/\/www.dramaction.qc.ca\/fr\/wp-json\/wp\/v2\/pages\/552"}],"wp:attachment":[{"href":"https:\/\/www.dramaction.qc.ca\/fr\/wp-json\/wp\/v2\/media?parent=4582"}],"curies":[{"name":"wp","href":"https:\/\/api.w.org\/{rel}","templated":true}]}}