{"id":4580,"date":"2016-12-22T17:29:55","date_gmt":"2016-12-22T22:29:55","guid":{"rendered":"http:\/\/www.dramaction.qc.ca\/fr\/?page_id=4580"},"modified":"2016-12-22T20:52:42","modified_gmt":"2016-12-23T01:52:42","slug":"texte-de-theatre-de-1-a-5-personnages","status":"publish","type":"page","link":"https:\/\/www.dramaction.qc.ca\/fr\/textes-a-jouer-avec-vos-eleves\/textes-a-jouer\/texte-de-theatre-de-1-a-5-personnages\/","title":{"rendered":"Texte de th\u00e9\u00e2tre de 1 \u00e0 5 personnages"},"content":{"rendered":"<p style=\"text-align: center;\"><a href=\"http:\/\/www.dramaction.qc.ca\/fr\/textes-a-jouer-avec-vos-eleves\/textes-a-jouer\/\">Tous les textes<\/a> | <a href=\"http:\/\/www.dramaction.qc.ca\/fr\/textes-a-jouer-avec-vos-eleves\/textes-a-jouer\/textes-complets\/\">Textes complets<\/a> | <a href=\"http:\/\/www.dramaction.qc.ca\/fr\/textes-a-jouer-avec-vos-eleves\/textes-a-jouer\/texte-en-extrait-eprouves\/\">Texte en extrait (\u00e9prouv\u00e9s)<\/a><\/p>\n<p style=\"text-align: center;\"><strong>Genre<\/strong>: <a href=\"http:\/\/www.dramaction.qc.ca\/fr\/textes-a-jouer-avec-vos-eleves\/textes-a-jouer\/comedies\/\">Com\u00e9dies<\/a> \/ <a href=\"http:\/\/www.dramaction.qc.ca\/fr\/textes-a-jouer-avec-vos-eleves\/textes-a-jouer\/drames\/\">Drames<\/a> | <strong>nb. personnages<\/strong> <a href=\"http:\/\/www.dramaction.qc.ca\/fr\/textes-a-jouer-avec-vos-eleves\/textes-a-jouer\/texte-de-theatre-de-1-a-5-personnages\/\">1 \u00e0 5 personnages<\/a> \/ <a href=\"http:\/\/www.dramaction.qc.ca\/fr\/textes-a-jouer-avec-vos-eleves\/textes-a-jouer\/pieces-de-theatre-a-telecharger-de-6-a-15-personnages\/\">6 \u00e0 15 personnages<\/a> \/ <a href=\"http:\/\/www.dramaction.qc.ca\/fr\/textes-a-jouer-avec-vos-eleves\/textes-a-jouer\/pieces-de-theatre-a-telecharger-de-15-a-30-personnages\/\">15 \u00e0 30 personnages<\/a> | <strong>Dur\u00e9e<\/strong> : <a href=\"http:\/\/www.dramaction.qc.ca\/fr\/textes-a-jouer-avec-vos-eleves\/textes-a-jouer\/scenes-de-theatre-de-moins-de-5-minutes\/\">Moins de 5 minutes<\/a> \/ <a href=\"http:\/\/www.dramaction.qc.ca\/fr\/textes-a-jouer-avec-vos-eleves\/textes-a-jouer\/courtes-pieces-de-theatre-entre-6-30-minutes\/\">Entre 6 et 30 minutes<\/a> \/ <a href=\"http:\/\/www.dramaction.qc.ca\/fr\/textes-a-jouer-avec-vos-eleves\/textes-a-jouer\/pieces-de-theatre-entre-30-60-minutes\/\">Entre 30 et 60 minutes<\/a> \/ <a href=\"http:\/\/www.dramaction.qc.ca\/fr\/textes-a-jouer-avec-vos-eleves\/textes-a-jouer\/pieces-de-theatre-longues-de-de-60-minutes\/\">Plus de 60 minutes<\/a> | <strong>Pour des \u00e9l\u00e8ves de<\/strong> : <a href=\"http:\/\/www.dramaction.qc.ca\/fr\/textes-a-jouer-avec-vos-eleves\/textes-a-jouer\/pieces-pour-enfants\/\">8 \u00e0 12 ans<\/a> \/ <a href=\"http:\/\/www.dramaction.qc.ca\/fr\/textes-a-jouer-avec-vos-eleves\/textes-a-jouer\/pieces-theatre-12-16-ans\/\">12 \u00e0 16 ans<\/a> \/ <a href=\"http:\/\/www.dramaction.qc.ca\/fr\/textes-a-jouer-avec-vos-eleves\/textes-a-jouer\/pieces-de-theatre-pour-adolescents-adultes\/\">Plus de 16 ans<\/a><\/p>\n<p style=\"text-align: center;\">Auteurs jeunesse de renom : <a href=\"http:\/\/www.dramaction.qc.ca\/fr\/textes-a-jouer-avec-vos-eleves\/textes-a-jouer\/extraits-de-pieces-de-theatre-de-jimmy-doucet\/\">Jimmy Doucet<\/a> \/ <a href=\"http:\/\/www.dramaction.qc.ca\/fr\/luc-boulanger\/\">Luc Boulanger<\/a><\/p>\n<div class='w3eden'>\n    <div class=''>\n                <p>Textes ayant de 1 \u00e0 5 personnages disponibles sur le site Dramction<\/p>\n                <div id=\"content_wpdm_package_1\">\n            <div class='row'><div class='col-lg-12 col-md-12 col-12'><div class=\"panel panel-default\">\n    <div class=\"panel-body\">\n<div class=\"media\">\n   <a class=\"pull-left\" link=\"<a href='https:\/\/www.dramaction.qc.ca\/fr\/telechargements\/texte-a-trous\/'>Texte \u00e0 trous<\/a>\">\n    <img decoding=\"async\" class=\"wpdm_icon\" alt=\"Ic\u00f4ne\" src=\"https:\/\/www.dramaction.qc.ca\/fr\/wp-content\/plugins\/download-manager\/assets\/file-type-icons\/pdf.svg\" \/>\n   <\/a>\n    <div class=\"media-body\">\n    <h4 class=\"media-heading\" style=\"padding-top: 0px;border:0px;margin: 0px;height: 20px;overflow: hidden\"><a href='https:\/\/www.dramaction.qc.ca\/fr\/telechargements\/texte-a-trous\/'>Texte \u00e0 trous<\/a><\/h4>\n    <i style=\"margin: 4px 0 0 5px;opacity:0.5\" class=\"fa fa-th-large\"><\/i>  Taille du fichier : 13.51 KB kb<Br\/><i style=\"margin: 2px 0 0 5px;\" class=\"icon icon-download-alt\"><\/i> 145450 T\u00e9l\u00e9chargements<br\/><br\/><a class='wpdm-download-link download-on-click btn btn-danger btn-xs' rel='nofollow' href='#' data-downloadurl=\"https:\/\/www.dramaction.qc.ca\/fr\/telechargements\/texte-a-trous\/?wpdmdl=4558&refresh=69e64259b18841776697945\">T\u00e9l\u00e9charger<\/a>\n   <\/div>\n<div class=\"media-body\"><p><strong>Nombre de personnages<\/strong> : 2<br \/>\n<strong>Nombre d'acteurs<\/strong> : 2 (sans \u00e9gard au sexe)<br \/>\n<strong>Dur\u00e9e<\/strong> : 2 minutes<br \/>\n<strong>Th\u00e8me<\/strong> : Aucun, texte servant au d\u00e9veloppement de cr\u00e9ativit\u00e9<\/p>\n<p><strong>R\u00e9sum\u00e9<\/strong> : Petit texte \u00e0 trous \u00e0 travailler en atelier.\u00a0 Vous pouvez travailler les intentions, l\u2019intonation et la cr\u00e9ativit\u00e9.<\/p>\n\n    <\/div>\n\n<\/div>\n<\/div>\n<\/div>\n\n\n<\/div><div class='col-lg-12 col-md-12 col-12'><div class=\"panel panel-default\">\n    <div class=\"panel-body\">\n<div class=\"media\">\n   <a class=\"pull-left\" link=\"<a href='https:\/\/www.dramaction.qc.ca\/fr\/telechargements\/le-dentiste-avait-il-une-dent-contre-lui\/'>Le dentiste avait-il une dent contre lui?<\/a>\">\n    <img decoding=\"async\" class=\"wpdm_icon\" alt=\"Ic\u00f4ne\" src=\"https:\/\/www.dramaction.qc.ca\/fr\/wp-content\/plugins\/download-manager\/assets\/file-type-icons\/doc.svg\" \/>\n   <\/a>\n    <div class=\"media-body\">\n    <h4 class=\"media-heading\" style=\"padding-top: 0px;border:0px;margin: 0px;height: 20px;overflow: hidden\"><a href='https:\/\/www.dramaction.qc.ca\/fr\/telechargements\/le-dentiste-avait-il-une-dent-contre-lui\/'>Le dentiste avait-il une dent contre lui?<\/a><\/h4>\n    <i style=\"margin: 4px 0 0 5px;opacity:0.5\" class=\"fa fa-th-large\"><\/i>  Taille du fichier : 0.00 KB kb<Br\/><i style=\"margin: 2px 0 0 5px;\" class=\"icon icon-download-alt\"><\/i> 103336 T\u00e9l\u00e9chargements<br\/><br\/><a class='wpdm-download-link download-on-click btn btn-danger btn-xs' rel='nofollow' href='#' data-downloadurl=\"https:\/\/www.dramaction.qc.ca\/fr\/telechargements\/le-dentiste-avait-il-une-dent-contre-lui\/?wpdmdl=4625&refresh=69e64259e0e3f1776697945\">T\u00e9l\u00e9charger<\/a>\n   <\/div>\n<div class=\"media-body\"><p><strong>Nombre de personnages<\/strong> : 3<br \/>\n<strong>Nombre d'acteurs<\/strong> : 3 (3h)<br \/>\n<strong>\u00c2ge<\/strong> : 8 -12 ou plus<br \/>\n<strong>Dur\u00e9e<\/strong> : 10 minutes<br \/>\n<strong>Genre<\/strong> : Com\u00e9die<br \/>\n<strong>Auteur<\/strong> : Franck EVRARD<\/p>\n<p><strong>Message <\/strong>: Bonjour, avec mes 2 filles et pour faire une surprise \u00e0 leur maman nous avons adapt\u00e9 un des textes du site Dramaction. Il est donc naturel que je vous en refasse profiter. Merci pour vos ressources que vous acceptez de partager librement.<\/p>\n\n    <\/div>\n\n<\/div>\n<\/div>\n<\/div>\n\n\n<\/div><div class='col-lg-12 col-md-12 col-12'><div class=\"panel panel-default\">\n    <div class=\"panel-body\">\n<div class=\"media\">\n   <a class=\"pull-left\" link=\"<a href='https:\/\/www.dramaction.qc.ca\/fr\/telechargements\/le-gros-lot\/'>Le Gros lot<\/a>\">\n    <img decoding=\"async\" class=\"wpdm_icon\" alt=\"Ic\u00f4ne\" src=\"https:\/\/www.dramaction.qc.ca\/fr\/wp-content\/plugins\/download-manager\/assets\/file-type-icons\/doc.svg\" \/>\n   <\/a>\n    <div class=\"media-body\">\n    <h4 class=\"media-heading\" style=\"padding-top: 0px;border:0px;margin: 0px;height: 20px;overflow: hidden\"><a href='https:\/\/www.dramaction.qc.ca\/fr\/telechargements\/le-gros-lot\/'>Le Gros lot<\/a><\/h4>\n    <i style=\"margin: 4px 0 0 5px;opacity:0.5\" class=\"fa fa-th-large\"><\/i>  Taille du fichier : 0.00 KB kb<Br\/><i style=\"margin: 2px 0 0 5px;\" class=\"icon icon-download-alt\"><\/i> 75921 T\u00e9l\u00e9chargements<br\/><br\/><a class='wpdm-download-link download-on-click btn btn-danger btn-xs' rel='nofollow' href='#' data-downloadurl=\"https:\/\/www.dramaction.qc.ca\/fr\/telechargements\/le-gros-lot\/?wpdmdl=4659&refresh=69e6425a1d9c51776697946\">T\u00e9l\u00e9charger<\/a>\n   <\/div>\n<div class=\"media-body\"><p><strong>Nombre de personnages<\/strong> : 5<br \/>\n<strong>Nombre d'acteurs<\/strong> : 5<br \/>\n<strong>\u00c2ge<\/strong> : 12-16 ans<br \/>\n<strong>Dur\u00e9e<\/strong> : 10 minutes<br \/>\n<strong>Genre<\/strong> : Com\u00e9die<br \/>\n<strong>Auteur<\/strong> : Pierre Chevrier<\/p>\n\n    <\/div>\n\n<\/div>\n<\/div>\n<\/div>\n\n\n<\/div><div class='col-lg-12 col-md-12 col-12'><div class=\"panel panel-default\">\n    <div class=\"panel-body\">\n<div class=\"media\">\n   <a class=\"pull-left\" link=\"<a href='https:\/\/www.dramaction.qc.ca\/fr\/telechargements\/les-gens-qui-mangent-du-fromage\/'>Les gens qui mangent du fromage<\/a>\">\n    <img decoding=\"async\" class=\"wpdm_icon\" alt=\"Ic\u00f4ne\" src=\"https:\/\/www.dramaction.qc.ca\/fr\/wp-content\/plugins\/download-manager\/assets\/file-type-icons\/docx.svg\" \/>\n   <\/a>\n    <div class=\"media-body\">\n    <h4 class=\"media-heading\" style=\"padding-top: 0px;border:0px;margin: 0px;height: 20px;overflow: hidden\"><a href='https:\/\/www.dramaction.qc.ca\/fr\/telechargements\/les-gens-qui-mangent-du-fromage\/'>Les gens qui mangent du fromage<\/a><\/h4>\n    <i style=\"margin: 4px 0 0 5px;opacity:0.5\" class=\"fa fa-th-large\"><\/i>  Taille du fichier : 0.00 KB kb<Br\/><i style=\"margin: 2px 0 0 5px;\" class=\"icon icon-download-alt\"><\/i> 30857 T\u00e9l\u00e9chargements<br\/><br\/><a class='wpdm-download-link download-on-click btn btn-danger btn-xs' rel='nofollow' href='#' data-downloadurl=\"https:\/\/www.dramaction.qc.ca\/fr\/telechargements\/les-gens-qui-mangent-du-fromage\/?wpdmdl=4661&refresh=69e6425a4df701776697946\">T\u00e9l\u00e9charger l'extrait<\/a>\n   <\/div>\n<div class=\"media-body\"><p><strong>Nombre de personnages<\/strong> : 2<br \/>\n<strong>Nombre d'acteurs<\/strong> : 2<br \/>\n<strong>\u00c2ge<\/strong> : Plus de 16 ans<br \/>\n<strong>Dur\u00e9e<\/strong> : Plus de 60 minutes<br \/>\n<strong>Genre<\/strong> : Drame en un acte par Une com\u00e9die terrible!<br \/>\n<strong>Auteur<\/strong> : \u015etefanis Lupu<\/p>\n<p><strong>R\u00e9sum\u00e9<\/strong> :<\/p>\n<div class=\"inspira-boxed-wrapper\">\n<div class=\"inspira-boxed-container\">\n<div class=\"inspira-boxed-inner\">\n<div id=\"wrapper\">\n<div id=\"content\" class=\"sbar\">\n<div class=\"container\">\n<div class=\"row\">\n<div class=\"col-md-9\">\n<div class=\"page-content\">\n<p>Les gens qui mangent du fromage\u201d , est une pi\u00e8ce sur la paranoia et sur l`impossibilit\u00e9 de la communication entre le symbole du pouvoir-le roi et le symbole de la soumission-les masses,dans ce cas-les gens,mais pas n`importe quels gens, mais des gens qui mangent du fromage,cet aliment devenant le symbole de la foule amorphe qui se r\u00e9volte.En fait,la foule, comme personnage collectif,est, pratiquement invisible, elle existe seulement dans l'\u00e9tat d'\u00e9pouvante qu`elle provoque au roi, et \u00e0 son serviteur loyal,symbole de la fid\u00e9lit\u00e9, mais beaucoup plus humain que son maitre car il ne l`abandonne aux moments difficiles...<\/p>\n<p><strong>Texte int\u00e9gral disponible ici<\/strong> : <a href=\"http:\/\/www.youscribe.com\/stefanis\/\">http:\/\/www.youscribe.com\/stefanis\/<\/a><\/p>\n<\/div>\n<\/div>\n<\/div>\n<\/div>\n<\/div>\n<\/div>\n<\/div>\n<\/div>\n<\/div>\n\n    <\/div>\n\n<\/div>\n<\/div>\n<\/div>\n\n\n<\/div><div class='col-lg-12 col-md-12 col-12'><div class=\"panel panel-default\">\n    <div class=\"panel-body\">\n<div class=\"media\">\n   <a class=\"pull-left\" link=\"<a href='https:\/\/www.dramaction.qc.ca\/fr\/telechargements\/adaptation-cigale-fourmi\/'>Adaptation de la cigale et la fourmi<\/a>\">\n    <img decoding=\"async\" class=\"wpdm_icon\" alt=\"Ic\u00f4ne\" src=\"https:\/\/www.dramaction.qc.ca\/fr\/wp-content\/plugins\/download-manager\/assets\/file-type-icons\/doc.svg\" \/>\n   <\/a>\n    <div class=\"media-body\">\n    <h4 class=\"media-heading\" style=\"padding-top: 0px;border:0px;margin: 0px;height: 20px;overflow: hidden\"><a href='https:\/\/www.dramaction.qc.ca\/fr\/telechargements\/adaptation-cigale-fourmi\/'>Adaptation de la cigale et la fourmi<\/a><\/h4>\n    <i style=\"margin: 4px 0 0 5px;opacity:0.5\" class=\"fa fa-th-large\"><\/i>  Taille du fichier : 0.00 KB kb<Br\/><i style=\"margin: 2px 0 0 5px;\" class=\"icon icon-download-alt\"><\/i> 213886 T\u00e9l\u00e9chargements<br\/><br\/><a class='wpdm-download-link download-on-click btn btn-danger btn-xs' rel='nofollow' href='#' data-downloadurl=\"https:\/\/www.dramaction.qc.ca\/fr\/telechargements\/adaptation-cigale-fourmi\/?wpdmdl=4664&refresh=69e6425a7f77b1776697946\">T\u00e9l\u00e9charger<\/a>\n   <\/div>\n<div class=\"media-body\"><p><strong>Nombre de personnages<\/strong> : 2<br \/>\n<strong>Nombre d'acteurs<\/strong> : 2<br \/>\n<strong>\u00c2ge<\/strong> : 8-12 ans<br \/>\n<strong>Dur\u00e9e<\/strong> : Moins de 5 minutes<br \/>\n<strong>Genre<\/strong> : Adaptation de La cigale et la fourmi<\/p>\n\n    <\/div>\n\n<\/div>\n<\/div>\n<\/div>\n\n\n<\/div><div class='col-lg-12 col-md-12 col-12'><div class=\"panel panel-default\">\n    <div class=\"panel-body\">\n<div class=\"media\">\n   <a class=\"pull-left\" link=\"<a href='https:\/\/www.dramaction.qc.ca\/fr\/telechargements\/le-costume-moutarder\/'>Le costume moutarder<\/a>\">\n    <img decoding=\"async\" class=\"wpdm_icon\" alt=\"Ic\u00f4ne\" src=\"https:\/\/www.dramaction.qc.ca\/fr\/wp-content\/plugins\/download-manager\/assets\/file-type-icons\/pdf.svg\" \/>\n   <\/a>\n    <div class=\"media-body\">\n    <h4 class=\"media-heading\" style=\"padding-top: 0px;border:0px;margin: 0px;height: 20px;overflow: hidden\"><a href='https:\/\/www.dramaction.qc.ca\/fr\/telechargements\/le-costume-moutarder\/'>Le costume moutarder<\/a><\/h4>\n    <i style=\"margin: 4px 0 0 5px;opacity:0.5\" class=\"fa fa-th-large\"><\/i>  Taille du fichier : 0.00 KB kb<Br\/><i style=\"margin: 2px 0 0 5px;\" class=\"icon icon-download-alt\"><\/i> 83901 T\u00e9l\u00e9chargements<br\/><br\/><a class='wpdm-download-link download-on-click btn btn-danger btn-xs' rel='nofollow' href='#' data-downloadurl=\"https:\/\/www.dramaction.qc.ca\/fr\/telechargements\/le-costume-moutarder\/?wpdmdl=4666&refresh=69e6425ab063b1776697946\">T\u00e9l\u00e9charger<\/a>\n   <\/div>\n<div class=\"media-body\"><p><strong>Nombre de personnages<\/strong> : 2<br \/>\n<strong>Nombre d'acteurs<\/strong> : 2<br \/>\n<strong>\u00c2ge<\/strong> : 12-16<br \/>\n<strong>Dur\u00e9e<\/strong> : 5 minutes<br \/>\n<strong>Genre<\/strong> : Courte pi\u00e8ce absurde<br \/>\n<strong>Auteur<\/strong> : Mika<\/p>\n\n    <\/div>\n\n<\/div>\n<\/div>\n<\/div>\n\n\n<\/div><div class='col-lg-12 col-md-12 col-12'><div class=\"panel panel-default\">\n    <div class=\"panel-body\">\n<div class=\"media\">\n   <a class=\"pull-left\" link=\"<a href='https:\/\/www.dramaction.qc.ca\/fr\/telechargements\/le-theatre-daction\/'>Le th\u00e9\u00e2tre d'action<\/a>\">\n    <img decoding=\"async\" class=\"wpdm_icon\" alt=\"Ic\u00f4ne\" src=\"https:\/\/www.dramaction.qc.ca\/fr\/wp-content\/plugins\/download-manager\/assets\/file-type-icons\/pdf.svg\" \/>\n   <\/a>\n    <div class=\"media-body\">\n    <h4 class=\"media-heading\" style=\"padding-top: 0px;border:0px;margin: 0px;height: 20px;overflow: hidden\"><a href='https:\/\/www.dramaction.qc.ca\/fr\/telechargements\/le-theatre-daction\/'>Le th\u00e9\u00e2tre d'action<\/a><\/h4>\n    <i style=\"margin: 4px 0 0 5px;opacity:0.5\" class=\"fa fa-th-large\"><\/i>  Taille du fichier : 0.00 KB kb<Br\/><i style=\"margin: 2px 0 0 5px;\" class=\"icon icon-download-alt\"><\/i> 36115 T\u00e9l\u00e9chargements<br\/><br\/><a class='wpdm-download-link download-on-click btn btn-danger btn-xs' rel='nofollow' href='#' data-downloadurl=\"https:\/\/www.dramaction.qc.ca\/fr\/telechargements\/le-theatre-daction\/?wpdmdl=4672&refresh=69e6425ae05161776697946\">T\u00e9l\u00e9charger<\/a>\n   <\/div>\n<div class=\"media-body\"><p><strong>Nombre de personnages<\/strong> : 3<br \/>\n<strong>Nombre d'acteurs<\/strong> : Minimum 2<br \/>\n<strong>\u00c2ge<\/strong> : \u00e0 partir de 10 ans<br \/>\n<strong>Dur\u00e9e<\/strong> : plus de 60 minutes<br \/>\n<strong>Genre<\/strong> : Action<br \/>\n<strong>Auteur<\/strong> : Micha\u00ebl Benoit<\/p>\n\n    <\/div>\n\n<\/div>\n<\/div>\n<\/div>\n\n\n<\/div><div class='col-lg-12 col-md-12 col-12'><div class=\"panel panel-default\">\n    <div class=\"panel-body\">\n<div class=\"media\">\n   <a class=\"pull-left\" link=\"<a href='https:\/\/www.dramaction.qc.ca\/fr\/telechargements\/une-nuit-pas-comme-les-autres\/'>Une nuit pas comme les autres<\/a>\">\n    <img decoding=\"async\" class=\"wpdm_icon\" alt=\"Ic\u00f4ne\" src=\"https:\/\/www.dramaction.qc.ca\/fr\/wp-content\/plugins\/download-manager\/assets\/file-type-icons\/pdf.svg\" \/>\n   <\/a>\n    <div class=\"media-body\">\n    <h4 class=\"media-heading\" style=\"padding-top: 0px;border:0px;margin: 0px;height: 20px;overflow: hidden\"><a href='https:\/\/www.dramaction.qc.ca\/fr\/telechargements\/une-nuit-pas-comme-les-autres\/'>Une nuit pas comme les autres<\/a><\/h4>\n    <i style=\"margin: 4px 0 0 5px;opacity:0.5\" class=\"fa fa-th-large\"><\/i>  Taille du fichier : 0.00 KB kb<Br\/><i style=\"margin: 2px 0 0 5px;\" class=\"icon icon-download-alt\"><\/i> 84657 T\u00e9l\u00e9chargements<br\/><br\/><a class='wpdm-download-link download-on-click btn btn-danger btn-xs' rel='nofollow' href='#' data-downloadurl=\"https:\/\/www.dramaction.qc.ca\/fr\/telechargements\/une-nuit-pas-comme-les-autres\/?wpdmdl=4673&refresh=69e6425b1da3b1776697947\">T\u00e9l\u00e9charger<\/a>\n   <\/div>\n<div class=\"media-body\"><p><strong>Nombre de personnages<\/strong> : 2<br \/>\n<strong>Nombre d'acteurs<\/strong> : 2 (1F 1G)<br \/>\n<strong>\u00c2ge<\/strong> : \u00e0 partir de 12 ans<br \/>\n<strong>Dur\u00e9e<\/strong> : Environs 10 minutes<br \/>\n<strong>Genre<\/strong> : Com\u00e9die<br \/>\n<strong>Auteur<\/strong> : Raji LABABID<\/p>\n\n    <\/div>\n\n<\/div>\n<\/div>\n<\/div>\n\n\n<\/div><div class='col-lg-12 col-md-12 col-12'><div class=\"panel panel-default\">\n    <div class=\"panel-body\">\n<div class=\"media\">\n   <a class=\"pull-left\" link=\"<a href='https:\/\/www.dramaction.qc.ca\/fr\/telechargements\/adieu-imprevu\/'>Un adieu impr\u00e9vu<\/a>\">\n    <img decoding=\"async\" class=\"wpdm_icon\" alt=\"Ic\u00f4ne\" src=\"https:\/\/www.dramaction.qc.ca\/fr\/wp-content\/plugins\/download-manager\/assets\/file-type-icons\/pdf.svg\" \/>\n   <\/a>\n    <div class=\"media-body\">\n    <h4 class=\"media-heading\" style=\"padding-top: 0px;border:0px;margin: 0px;height: 20px;overflow: hidden\"><a href='https:\/\/www.dramaction.qc.ca\/fr\/telechargements\/adieu-imprevu\/'>Un adieu impr\u00e9vu<\/a><\/h4>\n    <i style=\"margin: 4px 0 0 5px;opacity:0.5\" class=\"fa fa-th-large\"><\/i>  Taille du fichier : 0.00 KB kb<Br\/><i style=\"margin: 2px 0 0 5px;\" class=\"icon icon-download-alt\"><\/i> 67836 T\u00e9l\u00e9chargements<br\/><br\/><a class='wpdm-download-link download-on-click btn btn-danger btn-xs' rel='nofollow' href='#' data-downloadurl=\"https:\/\/www.dramaction.qc.ca\/fr\/telechargements\/adieu-imprevu\/?wpdmdl=4674&refresh=69e6425b4f5721776697947\">T\u00e9l\u00e9charger<\/a>\n   <\/div>\n<div class=\"media-body\"><p><strong>Nombre de personnages<\/strong> : 3<br \/>\n<strong>Nombre d'acteurs<\/strong> : 3<br \/>\n<strong>\u00c2ge<\/strong> : \u00e0 partir de 10 ans<br \/>\n<strong>Dur\u00e9e<\/strong> : Environs 10 minutes<br \/>\n<strong>Genre<\/strong> : Courte sc\u00e8ne \u00e0 la mani\u00e8re d'une trag\u00e9die antique, rim\u00e9e<br \/>\n<strong>Auteur<\/strong> : Raji LABABIDI<\/p>\n\n    <\/div>\n\n<\/div>\n<\/div>\n<\/div>\n\n\n<\/div><div class='col-lg-12 col-md-12 col-12'><div class=\"panel panel-default\">\n    <div class=\"panel-body\">\n<div class=\"media\">\n   <a class=\"pull-left\" link=\"<a href='https:\/\/www.dramaction.qc.ca\/fr\/telechargements\/une-voyante-qui-navait-pas-perdu-la-boule\/'>Une voyante qui n'avait pas perdu la boule<\/a>\">\n    <img decoding=\"async\" class=\"wpdm_icon\" alt=\"Ic\u00f4ne\" src=\"data:image\/svg+xml;base64,ICAgICAgICAgICAgPHN2ZyBpZD0iTGF5ZXJfNjllNjQyNWI3Zjg4MCIgc3R5bGU9ImVuYWJsZS1iYWNrZ3JvdW5kOm5ldyAwIDAgNTEyIDUxMjsiIHZlcnNpb249IjEuMSIgdmlld0JveD0iMCAwIDUxMiA1MTIiCiAgICAgICAgICAgICAgICAgeG1sOnNwYWNlPSJwcmVzZXJ2ZSIgeG1sbnM9Imh0dHA6Ly93d3cudzMub3JnLzIwMDAvc3ZnIiB4bWxuczp4bGluaz0iaHR0cDovL3d3dy53My5vcmcvMTk5OS94bGluayI+PHN0eWxlCiAgICAgICAgICAgICAgICAgICAgICAgIHR5cGU9InRleHQvY3NzIj4KICAgICAgICAgICAgICAgICAgICAuc3RfNjllNjQyNWI3Zjg4MF8wIHsKICAgICAgICAgICAgICAgICAgICAgICAgZmlsbDogcmdiYSgzOCwgMTU3LCAyMzksIDAuMyk7CiAgICAgICAgICAgICAgICAgICAgfQoKICAgICAgICAgICAgICAgICAgICAuc3RfNjllNjQyNWI3Zjg4MF8xIHsKICAgICAgICAgICAgICAgICAgICAgICAgZmlsbDogcmdiYSgzOCwgMTU3LCAyMzksIDAuOSk7CiAgICAgICAgICAgICAgICAgICAgfQoKICAgICAgICAgICAgICAgICAgICAuc3RfNjllNjQyNWI3Zjg4MF8yIHsKICAgICAgICAgICAgICAgICAgICAgICAgZmlsbDogIzI2OWRlZjsKICAgICAgICAgICAgICAgICAgICB9CgogICAgICAgICAgICAgICAgICAgIC5zdF82OWU2NDI1YjdmODgwXzMgewogICAgICAgICAgICAgICAgICAgICAgICBmaWxsOiAjRkZGRkZGOwogICAgICAgICAgICAgICAgICAgIH0KICAgICAgICAgICAgICAgIDwvc3R5bGU+CiAgICAgICAgICAgICAgICA8ZyBpZD0iWE1MSURfMTY4XyI+CiAgICAgICAgICAgICAgICAgICAgPGcgaWQ9IlhNTElEXzgzXyI+CiAgICAgICAgICAgICAgICAgICAgICAgIDxwb2x5Z29uIGNsYXNzPSJzdF82OWU2NDI1YjdmODgwXzAiIGlkPSJYTUxJRF84N18iIHBvaW50cz0iMzMwLjcsNiA4Ny45LDYgODcuOSw1MDYgNDQ5LjIsNTA2IDQ0OS4yLDEyMi44ICAgIi8+CiAgICAgICAgICAgICAgICAgICAgICAgIDxwb2x5Z29uIGNsYXNzPSJzdF82OWU2NDI1YjdmODgwXzEiIGlkPSJYTUxJRF84Nl8iIHBvaW50cz0iMzMwLjcsNiA0NDkuMiwxMjIuOCAzMzAuNywxMjIuOCAgICIvPgogICAgICAgICAgICAgICAgICAgICAgICA8cmVjdCBjbGFzcz0ic3RfNjllNjQyNWI3Zjg4MF8xIiBoZWlnaHQ9IjE1Ni4xIiBpZD0iWE1MSURfODVfIiB3aWR0aD0iMzI5IiB4PSI2Mi44IiB5PSIyOTguOCIvPgogICAgICAgICAgICAgICAgICAgICAgICA8cG9seWdvbiBjbGFzcz0ic3RfNjllNjQyNWI3Zjg4MF8yIiBpZD0iWE1MSURfODRfIiBwb2ludHM9IjYyLjgsNDU0LjkgODcuOSw0NzYuMSA4Ny45LDQ1NC45ICAgIi8+CiAgICAgICAgICAgICAgICAgICAgPC9nPgogICAgICAgICAgICAgICAgICAgIDxnIHhtbG5zPSJodHRwOi8vd3d3LnczLm9yZy8yMDAwL3N2ZyIgaWQ9IlhNTElEXzMxMTNfIj4KICAgICAgICAgICAgICAgICAgICAgICAgPHRleHQgeD0iMjAlIiBmaWxsPSJ3aGl0ZSIgc3R5bGU9ImZvbnQtZmFtaWx5OiBzYW5zLXNlcmlmO2ZvbnQtc2l6ZTogNzI1JTtmb250LXdlaWdodDogYm9sZDsiCiAgICAgICAgICAgICAgICAgICAgICAgICAgICAgIHk9IjgyJSI+RE9DPC90ZXh0PgogICAgICAgICAgICAgICAgICAgIDwvZz4KICAgICAgICAgICAgICAgIDwvZz4KICAgICAgICA8L3N2Zz4KICAgICAgICAgICAg\" \/>\n   <\/a>\n    <div class=\"media-body\">\n    <h4 class=\"media-heading\" style=\"padding-top: 0px;border:0px;margin: 0px;height: 20px;overflow: hidden\"><a href='https:\/\/www.dramaction.qc.ca\/fr\/telechargements\/une-voyante-qui-navait-pas-perdu-la-boule\/'>Une voyante qui n'avait pas perdu la boule<\/a><\/h4>\n    <i style=\"margin: 4px 0 0 5px;opacity:0.5\" class=\"fa fa-th-large\"><\/i>  Taille du fichier : 0.00 KB kb<Br\/><i style=\"margin: 2px 0 0 5px;\" class=\"icon icon-download-alt\"><\/i> 124072 T\u00e9l\u00e9chargements<br\/><br\/><a class='wpdm-download-link download-on-click btn btn-danger btn-xs' rel='nofollow' href='#' data-downloadurl=\"https:\/\/www.dramaction.qc.ca\/fr\/telechargements\/une-voyante-qui-navait-pas-perdu-la-boule\/?wpdmdl=4691&refresh=69e6425b7f8e21776697947\">T\u00e9l\u00e9charger<\/a>\n   <\/div>\n<div class=\"media-body\"><div class=\"media-body\">\n<p><strong>Nombre de personnages<\/strong> : 3<br \/>\n<strong>Nombre d'acteurs<\/strong> : 3<br \/>\n<strong>\u00c2ge<\/strong> : 8-12 ans<br \/>\n<strong>Dur\u00e9e<\/strong> : Environs 5 minutes<br \/>\n<strong>Genre<\/strong> :\u00a0 Petite com\u00e9die<\/p>\n<p><strong>Note de l'auteur :\u00a0 <\/strong>D'apr\u00e8s une id\u00e9e originale de Jennnifer Imboden Anne Sophie Lourenco et\u00a0 Delphine, Roux ::\u00a0 sc\u00e8ne transcrite revue et corrig\u00e9e par PM Epiney<\/p>\n<\/div>\n\n    <\/div>\n\n<\/div>\n<\/div>\n<\/div>\n\n\n<\/div><\/div>            <div style='clear:both'><\/div><div class='text-center'><ul class='pagination wpdm-pagination pagination-centered text-center'><li><span aria-current=\"page\" class=\"page-numbers current\">1<\/span><\/li><li><a data-container='#content_wpdm_package_1' class=\"page-numbers\" href=\"https:\/\/www.dramaction.qc.ca\/fr\/wp-json\/wp\/v2\/pages\/4580\/?cp=2\">2<\/a><\/li><li><a data-container='#content_wpdm_package_1' class=\"page-numbers\" href=\"https:\/\/www.dramaction.qc.ca\/fr\/wp-json\/wp\/v2\/pages\/4580\/?cp=3\">3<\/a><\/li><li><a data-container='#content_wpdm_package_1' class=\"next page-numbers\" href=\"https:\/\/www.dramaction.qc.ca\/fr\/wp-json\/wp\/v2\/pages\/4580\/?cp=2\"> <i style=\"display: inline-block;width: 8px;height: 8px;border-right: 2px solid;border-top: 2px solid;transform: rotate(45deg);margin-left: -2px;margin-top: -2px;\"><\/i> <\/a><\/li><\/ul><\/div><div style='clear:both'><\/div>        <\/div>\n\n        <div style='clear:both'><\/div>\n    <\/div>\n<\/div>\n\n","protected":false},"excerpt":{"rendered":"<p>Tous les textes | Textes complets | Texte en extrait (\u00e9prouv\u00e9s) Genre: Com\u00e9dies \/ Drames | nb. personnages 1 \u00e0 5 personnages \/ 6 \u00e0 15 personnages \/ 15 \u00e0 30 personnages | Dur\u00e9e : Moins de 5 minutes \/ Entre 6 et 30 minutes \/ Entre 30 et 60 minutes \/ Plus de 60 [&hellip;]<\/p>\n","protected":false},"author":22,"featured_media":0,"parent":552,"menu_order":0,"comment_status":"open","ping_status":"closed","template":"","meta":{"footnotes":""},"class_list":["post-4580","page","type-page","status-publish","hentry"],"jetpack_sharing_enabled":true,"_links":{"self":[{"href":"https:\/\/www.dramaction.qc.ca\/fr\/wp-json\/wp\/v2\/pages\/4580","targetHints":{"allow":["GET"]}}],"collection":[{"href":"https:\/\/www.dramaction.qc.ca\/fr\/wp-json\/wp\/v2\/pages"}],"about":[{"href":"https:\/\/www.dramaction.qc.ca\/fr\/wp-json\/wp\/v2\/types\/page"}],"author":[{"embeddable":true,"href":"https:\/\/www.dramaction.qc.ca\/fr\/wp-json\/wp\/v2\/users\/22"}],"replies":[{"embeddable":true,"href":"https:\/\/www.dramaction.qc.ca\/fr\/wp-json\/wp\/v2\/comments?post=4580"}],"version-history":[{"count":0,"href":"https:\/\/www.dramaction.qc.ca\/fr\/wp-json\/wp\/v2\/pages\/4580\/revisions"}],"up":[{"embeddable":true,"href":"https:\/\/www.dramaction.qc.ca\/fr\/wp-json\/wp\/v2\/pages\/552"}],"wp:attachment":[{"href":"https:\/\/www.dramaction.qc.ca\/fr\/wp-json\/wp\/v2\/media?parent=4580"}],"curies":[{"name":"wp","href":"https:\/\/api.w.org\/{rel}","templated":true}]}}