{"id":4577,"date":"2016-12-22T17:23:23","date_gmt":"2016-12-22T22:23:23","guid":{"rendered":"http:\/\/www.dramaction.qc.ca\/fr\/?page_id=4577"},"modified":"2016-12-22T20:52:40","modified_gmt":"2016-12-23T01:52:40","slug":"drames","status":"publish","type":"page","link":"https:\/\/www.dramaction.qc.ca\/fr\/textes-a-jouer-avec-vos-eleves\/textes-a-jouer\/drames\/","title":{"rendered":"Drames"},"content":{"rendered":"<p style=\"text-align: center;\"><a href=\"http:\/\/www.dramaction.qc.ca\/fr\/textes-a-jouer-avec-vos-eleves\/textes-a-jouer\/\">Tous les textes<\/a> | <a href=\"http:\/\/www.dramaction.qc.ca\/fr\/textes-a-jouer-avec-vos-eleves\/textes-a-jouer\/textes-complets\/\">Textes complets<\/a> | <a href=\"http:\/\/www.dramaction.qc.ca\/fr\/textes-a-jouer-avec-vos-eleves\/textes-a-jouer\/texte-en-extrait-eprouves\/\">Texte en extrait (\u00e9prouv\u00e9s)<\/a><\/p>\n<p style=\"text-align: center;\"><strong>Genre<\/strong>: <a href=\"http:\/\/www.dramaction.qc.ca\/fr\/textes-a-jouer-avec-vos-eleves\/textes-a-jouer\/comedies\/\">Com\u00e9dies<\/a> \/ <a href=\"http:\/\/www.dramaction.qc.ca\/fr\/textes-a-jouer-avec-vos-eleves\/textes-a-jouer\/drames\/\">Drames<\/a> | <strong>nb. personnages<\/strong> <a href=\"http:\/\/www.dramaction.qc.ca\/fr\/textes-a-jouer-avec-vos-eleves\/textes-a-jouer\/texte-de-theatre-de-1-a-5-personnages\/\">1 \u00e0 5 personnages<\/a> \/ <a href=\"http:\/\/www.dramaction.qc.ca\/fr\/textes-a-jouer-avec-vos-eleves\/textes-a-jouer\/pieces-de-theatre-a-telecharger-de-6-a-15-personnages\/\">6 \u00e0 15 personnages<\/a> \/ <a href=\"http:\/\/www.dramaction.qc.ca\/fr\/textes-a-jouer-avec-vos-eleves\/textes-a-jouer\/pieces-de-theatre-a-telecharger-de-15-a-30-personnages\/\">15 \u00e0 30 personnages<\/a> | <strong>Dur\u00e9e<\/strong> : <a href=\"http:\/\/www.dramaction.qc.ca\/fr\/textes-a-jouer-avec-vos-eleves\/textes-a-jouer\/scenes-de-theatre-de-moins-de-5-minutes\/\">Moins de 5 minutes<\/a> \/ <a href=\"http:\/\/www.dramaction.qc.ca\/fr\/textes-a-jouer-avec-vos-eleves\/textes-a-jouer\/courtes-pieces-de-theatre-entre-6-30-minutes\/\">Entre 6 et 30 minutes<\/a> \/ <a href=\"http:\/\/www.dramaction.qc.ca\/fr\/textes-a-jouer-avec-vos-eleves\/textes-a-jouer\/pieces-de-theatre-entre-30-60-minutes\/\">Entre 30 et 60 minutes<\/a> \/ <a href=\"http:\/\/www.dramaction.qc.ca\/fr\/textes-a-jouer-avec-vos-eleves\/textes-a-jouer\/pieces-de-theatre-longues-de-de-60-minutes\/\">Plus de 60 minutes<\/a> | <strong>Pour des \u00e9l\u00e8ves de<\/strong> : <a href=\"http:\/\/www.dramaction.qc.ca\/fr\/textes-a-jouer-avec-vos-eleves\/textes-a-jouer\/pieces-pour-enfants\/\">8 \u00e0 12 ans<\/a> \/ <a href=\"http:\/\/www.dramaction.qc.ca\/fr\/textes-a-jouer-avec-vos-eleves\/textes-a-jouer\/pieces-theatre-12-16-ans\/\">12 \u00e0 16 ans<\/a> \/ <a href=\"http:\/\/www.dramaction.qc.ca\/fr\/textes-a-jouer-avec-vos-eleves\/textes-a-jouer\/pieces-de-theatre-pour-adolescents-adultes\/\">Plus de 16 ans<\/a><\/p>\n<p style=\"text-align: center;\">Auteurs jeunesse de renom : <a href=\"http:\/\/www.dramaction.qc.ca\/fr\/textes-a-jouer-avec-vos-eleves\/textes-a-jouer\/extraits-de-pieces-de-theatre-de-jimmy-doucet\/\">Jimmy Doucet<\/a> \/ <a href=\"http:\/\/www.dramaction.qc.ca\/fr\/luc-boulanger\/\">Luc Boulanger<\/a><\/p>\n<div class='w3eden'>\n    <div class=''>\n                <p>Drames disponibles sur le site Dramction<\/p>\n                <div id=\"content_wpdm_package_1\">\n            <div class='row'><div class='col-lg-12 col-md-12 col-12'><div class=\"panel panel-default\">\n    <div class=\"panel-body\">\n<div class=\"media\">\n   <a class=\"pull-left\" link=\"<a href='https:\/\/www.dramaction.qc.ca\/fr\/telechargements\/naissance-desirable\/'>Naissance d\u00e9sirable<\/a>\">\n    <img decoding=\"async\" class=\"wpdm_icon\" alt=\"Ic\u00f4ne\" src=\"https:\/\/www.dramaction.qc.ca\/fr\/wp-content\/plugins\/download-manager\/assets\/file-type-icons\/doc.svg\" \/>\n   <\/a>\n    <div class=\"media-body\">\n    <h4 class=\"media-heading\" style=\"padding-top: 0px;border:0px;margin: 0px;height: 20px;overflow: hidden\"><a href='https:\/\/www.dramaction.qc.ca\/fr\/telechargements\/naissance-desirable\/'>Naissance d\u00e9sirable<\/a><\/h4>\n    <i style=\"margin: 4px 0 0 5px;opacity:0.5\" class=\"fa fa-th-large\"><\/i>  Taille du fichier : 61 kb<Br\/><i style=\"margin: 2px 0 0 5px;\" class=\"icon icon-download-alt\"><\/i> 33552 T\u00e9l\u00e9chargements<br\/><br\/><a class='wpdm-download-link download-on-click btn btn-danger btn-xs' rel='nofollow' href='#' data-downloadurl=\"https:\/\/www.dramaction.qc.ca\/fr\/telechargements\/naissance-desirable\/?wpdmdl=4566&refresh=69e7393748e491776761143\">T\u00e9l\u00e9charger<\/a>\n   <\/div>\n<div class=\"media-body\"><p><strong>Nombre de personnages<\/strong> : 9<br \/>\n<strong>Nombre d'acteurs<\/strong> : 9 (2h 3f + 4 modulables)<br \/>\n<strong>Dur\u00e9e<\/strong> : 2 minutes<br \/>\n<strong>Th\u00e8me<\/strong> : Texte de th\u00e9\u00e2tre sur l'enfant souhait\u00e9, les naissances d\u00e9sirables et la grossesse en milieu scolaire<br \/>\n<strong>Auteur <\/strong>: Jos\u00e9 Bau Diyabanza<\/p>\n\n    <\/div>\n\n<\/div>\n<\/div>\n<\/div>\n\n\n<\/div><div class='col-lg-12 col-md-12 col-12'><div class=\"panel panel-default\">\n    <div class=\"panel-body\">\n<div class=\"media\">\n   <a class=\"pull-left\" link=\"<a href='https:\/\/www.dramaction.qc.ca\/fr\/telechargements\/lhypothese\/'>L'hypoth\u00e8se<\/a>\">\n    <img decoding=\"async\" class=\"wpdm_icon\" alt=\"Ic\u00f4ne\" src=\"https:\/\/www.dramaction.qc.ca\/fr\/wp-content\/plugins\/download-manager\/assets\/file-type-icons\/pdf.svg\" \/>\n   <\/a>\n    <div class=\"media-body\">\n    <h4 class=\"media-heading\" style=\"padding-top: 0px;border:0px;margin: 0px;height: 20px;overflow: hidden\"><a href='https:\/\/www.dramaction.qc.ca\/fr\/telechargements\/lhypothese\/'>L'hypoth\u00e8se<\/a><\/h4>\n    <i style=\"margin: 4px 0 0 5px;opacity:0.5\" class=\"fa fa-th-large\"><\/i>  Taille du fichier : 0.00 KB kb<Br\/><i style=\"margin: 2px 0 0 5px;\" class=\"icon icon-download-alt\"><\/i> 29251 T\u00e9l\u00e9chargements<br\/><br\/><a class='wpdm-download-link download-on-click btn btn-danger btn-xs' rel='nofollow' href='#' data-downloadurl=\"https:\/\/www.dramaction.qc.ca\/fr\/telechargements\/lhypothese\/?wpdmdl=4628&refresh=69e739376f1211776761143\">T\u00e9l\u00e9charger l'extrait<\/a>\n   <\/div>\n<div class=\"media-body\"><div class=\"media-body\">\n<div class=\"media-body\">\n<p><strong>Nombre de personnages<\/strong> : 11<br \/>\n<strong>Nombre d'acteurs<\/strong> : 11 (5f 6h)<br \/>\n<strong>\u00c2ge<\/strong> : 13 ans et plus<br \/>\n<strong>Dur\u00e9e<\/strong> : 1h15<br \/>\n<strong>Genre<\/strong> : Com\u00e9die<br \/>\n<strong>Th\u00e8me<\/strong> : intimidation<br \/>\n<strong>Auteur<\/strong> : Jimmy Doucet<\/p>\n<p><strong>R\u00e9sum\u00e9<\/strong> : C'est d'abord Thomas et Rosalie qui nous font part de tout ce qui se passe dans leur t\u00eate. Au d\u00e9but de la pi\u00e8ce, ils ne posent aucun geste pour se sortir de l'intimidation. Plus l'histoire se d\u00e9veloppe, plus ils posent des gestes pour s'en sortir et on se rend compte que toutes les hypoth\u00e8ses qu'ils ont pu se faire n'\u00e9taient pas totalement repr\u00e9sentatives de la r\u00e9alit\u00e9. Pendant la pi\u00e8ce, on se retrouve aussi, parfois, dans les pens\u00e9es de ceux qui intimident et, \u00e0 la fin, on se retrouve dans la t\u00eate des t\u00e9moins. C'est le moment cl\u00e9 de la pi\u00e8ce qui montre \u00e0 quel point ceux qui ne se sentent pas concern\u00e9s ont une importance capitale dans toutes ces histoires...<\/p>\n<p>Extrait<br \/>\nTexte disponible sur <a href=\"http:\/\/www.jimmydoucet.com\/textes-theatre-jeunesse\" target=\"_blank\">http:\/\/www.jimmydoucet.com\/textes-theatre-jeunesse<\/a><\/p>\n<\/div>\n<\/div>\n\n    <\/div>\n\n<\/div>\n<\/div>\n<\/div>\n\n\n<\/div><div class='col-lg-12 col-md-12 col-12'><div class=\"panel panel-default\">\n    <div class=\"panel-body\">\n<div class=\"media\">\n   <a class=\"pull-left\" link=\"<a href='https:\/\/www.dramaction.qc.ca\/fr\/telechargements\/les-gens-qui-mangent-du-fromage\/'>Les gens qui mangent du fromage<\/a>\">\n    <img decoding=\"async\" class=\"wpdm_icon\" alt=\"Ic\u00f4ne\" src=\"https:\/\/www.dramaction.qc.ca\/fr\/wp-content\/plugins\/download-manager\/assets\/file-type-icons\/docx.svg\" \/>\n   <\/a>\n    <div class=\"media-body\">\n    <h4 class=\"media-heading\" style=\"padding-top: 0px;border:0px;margin: 0px;height: 20px;overflow: hidden\"><a href='https:\/\/www.dramaction.qc.ca\/fr\/telechargements\/les-gens-qui-mangent-du-fromage\/'>Les gens qui mangent du fromage<\/a><\/h4>\n    <i style=\"margin: 4px 0 0 5px;opacity:0.5\" class=\"fa fa-th-large\"><\/i>  Taille du fichier : 0.00 KB kb<Br\/><i style=\"margin: 2px 0 0 5px;\" class=\"icon icon-download-alt\"><\/i> 30858 T\u00e9l\u00e9chargements<br\/><br\/><a class='wpdm-download-link download-on-click btn btn-danger btn-xs' rel='nofollow' href='#' data-downloadurl=\"https:\/\/www.dramaction.qc.ca\/fr\/telechargements\/les-gens-qui-mangent-du-fromage\/?wpdmdl=4661&refresh=69e73937969131776761143\">T\u00e9l\u00e9charger l'extrait<\/a>\n   <\/div>\n<div class=\"media-body\"><p><strong>Nombre de personnages<\/strong> : 2<br \/>\n<strong>Nombre d'acteurs<\/strong> : 2<br \/>\n<strong>\u00c2ge<\/strong> : Plus de 16 ans<br \/>\n<strong>Dur\u00e9e<\/strong> : Plus de 60 minutes<br \/>\n<strong>Genre<\/strong> : Drame en un acte par Une com\u00e9die terrible!<br \/>\n<strong>Auteur<\/strong> : \u015etefanis Lupu<\/p>\n<p><strong>R\u00e9sum\u00e9<\/strong> :<\/p>\n<div class=\"inspira-boxed-wrapper\">\n<div class=\"inspira-boxed-container\">\n<div class=\"inspira-boxed-inner\">\n<div id=\"wrapper\">\n<div id=\"content\" class=\"sbar\">\n<div class=\"container\">\n<div class=\"row\">\n<div class=\"col-md-9\">\n<div class=\"page-content\">\n<p>Les gens qui mangent du fromage\u201d , est une pi\u00e8ce sur la paranoia et sur l`impossibilit\u00e9 de la communication entre le symbole du pouvoir-le roi et le symbole de la soumission-les masses,dans ce cas-les gens,mais pas n`importe quels gens, mais des gens qui mangent du fromage,cet aliment devenant le symbole de la foule amorphe qui se r\u00e9volte.En fait,la foule, comme personnage collectif,est, pratiquement invisible, elle existe seulement dans l'\u00e9tat d'\u00e9pouvante qu`elle provoque au roi, et \u00e0 son serviteur loyal,symbole de la fid\u00e9lit\u00e9, mais beaucoup plus humain que son maitre car il ne l`abandonne aux moments difficiles...<\/p>\n<p><strong>Texte int\u00e9gral disponible ici<\/strong> : <a href=\"http:\/\/www.youscribe.com\/stefanis\/\">http:\/\/www.youscribe.com\/stefanis\/<\/a><\/p>\n<\/div>\n<\/div>\n<\/div>\n<\/div>\n<\/div>\n<\/div>\n<\/div>\n<\/div>\n<\/div>\n\n    <\/div>\n\n<\/div>\n<\/div>\n<\/div>\n\n\n<\/div><div class='col-lg-12 col-md-12 col-12'><div class=\"panel panel-default\">\n    <div class=\"panel-body\">\n<div class=\"media\">\n   <a class=\"pull-left\" link=\"<a href='https:\/\/www.dramaction.qc.ca\/fr\/telechargements\/le-reflet-de-narcisse\/'>Le reflet de Narcisse<\/a>\">\n    <img decoding=\"async\" class=\"wpdm_icon\" alt=\"Ic\u00f4ne\" src=\"https:\/\/www.dramaction.qc.ca\/fr\/wp-content\/plugins\/download-manager\/assets\/file-type-icons\/doc.svg\" \/>\n   <\/a>\n    <div class=\"media-body\">\n    <h4 class=\"media-heading\" style=\"padding-top: 0px;border:0px;margin: 0px;height: 20px;overflow: hidden\"><a href='https:\/\/www.dramaction.qc.ca\/fr\/telechargements\/le-reflet-de-narcisse\/'>Le reflet de Narcisse<\/a><\/h4>\n    <i style=\"margin: 4px 0 0 5px;opacity:0.5\" class=\"fa fa-th-large\"><\/i>  Taille du fichier : 0.00 KB kb<Br\/><i style=\"margin: 2px 0 0 5px;\" class=\"icon icon-download-alt\"><\/i> 42556 T\u00e9l\u00e9chargements<br\/><br\/><a class='wpdm-download-link download-on-click btn btn-danger btn-xs' rel='nofollow' href='#' data-downloadurl=\"https:\/\/www.dramaction.qc.ca\/fr\/telechargements\/le-reflet-de-narcisse\/?wpdmdl=4671&refresh=69e73937bab821776761143\">T\u00e9l\u00e9charger<\/a>\n   <\/div>\n<div class=\"media-body\"><p><strong>Nombre de personnages<\/strong> : un groupe divis\u00e9 en 3<br \/>\n<strong>Nombre d'acteurs<\/strong> :\u00a0 15 et plus<br \/>\n<strong>\u00c2ge<\/strong> : 8 ans et plus<br \/>\n<strong>Dur\u00e9e<\/strong> : plus de 60 minutes<br \/>\n<strong>Genre<\/strong> : Jeu choral<br \/>\n<strong>Auteur<\/strong> : Collectif<\/p>\n\n    <\/div>\n\n<\/div>\n<\/div>\n<\/div>\n\n\n<\/div><div class='col-lg-12 col-md-12 col-12'><div class=\"panel panel-default\">\n    <div class=\"panel-body\">\n<div class=\"media\">\n   <a class=\"pull-left\" link=\"<a href='https:\/\/www.dramaction.qc.ca\/fr\/telechargements\/adieu-imprevu\/'>Un adieu impr\u00e9vu<\/a>\">\n    <img decoding=\"async\" class=\"wpdm_icon\" alt=\"Ic\u00f4ne\" src=\"https:\/\/www.dramaction.qc.ca\/fr\/wp-content\/plugins\/download-manager\/assets\/file-type-icons\/pdf.svg\" \/>\n   <\/a>\n    <div class=\"media-body\">\n    <h4 class=\"media-heading\" style=\"padding-top: 0px;border:0px;margin: 0px;height: 20px;overflow: hidden\"><a href='https:\/\/www.dramaction.qc.ca\/fr\/telechargements\/adieu-imprevu\/'>Un adieu impr\u00e9vu<\/a><\/h4>\n    <i style=\"margin: 4px 0 0 5px;opacity:0.5\" class=\"fa fa-th-large\"><\/i>  Taille du fichier : 0.00 KB kb<Br\/><i style=\"margin: 2px 0 0 5px;\" class=\"icon icon-download-alt\"><\/i> 67842 T\u00e9l\u00e9chargements<br\/><br\/><a class='wpdm-download-link download-on-click btn btn-danger btn-xs' rel='nofollow' href='#' data-downloadurl=\"https:\/\/www.dramaction.qc.ca\/fr\/telechargements\/adieu-imprevu\/?wpdmdl=4674&refresh=69e73937e3e721776761143\">T\u00e9l\u00e9charger<\/a>\n   <\/div>\n<div class=\"media-body\"><p><strong>Nombre de personnages<\/strong> : 3<br \/>\n<strong>Nombre d'acteurs<\/strong> : 3<br \/>\n<strong>\u00c2ge<\/strong> : \u00e0 partir de 10 ans<br \/>\n<strong>Dur\u00e9e<\/strong> : Environs 10 minutes<br \/>\n<strong>Genre<\/strong> : Courte sc\u00e8ne \u00e0 la mani\u00e8re d'une trag\u00e9die antique, rim\u00e9e<br \/>\n<strong>Auteur<\/strong> : Raji LABABIDI<\/p>\n\n    <\/div>\n\n<\/div>\n<\/div>\n<\/div>\n\n\n<\/div><div class='col-lg-12 col-md-12 col-12'><div class=\"panel panel-default\">\n    <div class=\"panel-body\">\n<div class=\"media\">\n   <a class=\"pull-left\" link=\"<a href='https:\/\/www.dramaction.qc.ca\/fr\/telechargements\/petits-grands-de-sam\/'>Petits et grands de sam<\/a>\">\n    <img decoding=\"async\" class=\"wpdm_icon\" alt=\"Ic\u00f4ne\" src=\"https:\/\/www.dramaction.qc.ca\/fr\/wp-content\/plugins\/download-manager\/assets\/file-type-icons\/pdf.svg\" \/>\n   <\/a>\n    <div class=\"media-body\">\n    <h4 class=\"media-heading\" style=\"padding-top: 0px;border:0px;margin: 0px;height: 20px;overflow: hidden\"><a href='https:\/\/www.dramaction.qc.ca\/fr\/telechargements\/petits-grands-de-sam\/'>Petits et grands de sam<\/a><\/h4>\n    <i style=\"margin: 4px 0 0 5px;opacity:0.5\" class=\"fa fa-th-large\"><\/i>  Taille du fichier : 668 kb<Br\/><i style=\"margin: 2px 0 0 5px;\" class=\"icon icon-download-alt\"><\/i> 32020 T\u00e9l\u00e9chargements<br\/><br\/><a class='wpdm-download-link download-on-click btn btn-danger btn-xs' rel='nofollow' href='#' data-downloadurl=\"https:\/\/www.dramaction.qc.ca\/fr\/telechargements\/petits-grands-de-sam\/?wpdmdl=4688&refresh=69e7393815a7c1776761144\">T\u00e9l\u00e9charger<\/a>\n   <\/div>\n<div class=\"media-body\"><div class=\"media-body\">\n<p><strong>Nombre de personnages<\/strong> : 7<br \/>\n<strong>Nombre d'acteurs<\/strong> : 7 ou plus<br \/>\n<strong>\u00c2ge<\/strong> : 15 et plus<br \/>\n<strong>Dur\u00e9e<\/strong> : Plus de 60 minutes<\/p>\n<p><strong>Note de l'auteur :\u00a0<\/strong>Je vous joins une de mes pi\u00e8ces de th\u00e9\u00e2tre. Vous pouvez la faire jouer en partie ou en int\u00e9gralit\u00e9 gratuitement, modifier, \u00e0 votre convenance le texte en ajoutant et\/ou supprimant des dialogues. J'autorise aussi des com\u00e9diens \u00e0 d\u00e9poser les vid\u00e9os (extraits de ma pi\u00e8ce) sur Daily Motion et\/ou You Tube. Si une \u00e9cole est int\u00e9ress\u00e9e, cela permettra d'avoir, pour la premi\u00e8re fois, une pi\u00e8ce compl\u00e8te sur un site vid\u00e9o. Par exemple, 12 vid\u00e9os de 10 minutes avec 60 acteurs pour interpr\u00e9ter les 5 personnages. Sinc\u00e8res salutations. Sam. NB : Sur le site de ma pi\u00e8ce (http:\/\/coudebol.free.fr), vous trouverez aussi une autre pi\u00e8ce et onze sketches, dont j'offre aussi gratuitement les droits d'auteur.<\/p>\n<\/div>\n\n    <\/div>\n\n<\/div>\n<\/div>\n<\/div>\n\n\n<\/div><div class='col-lg-12 col-md-12 col-12'><div class=\"panel panel-default\">\n    <div class=\"panel-body\">\n<div class=\"media\">\n   <a class=\"pull-left\" link=\"<a href='https:\/\/www.dramaction.qc.ca\/fr\/telechargements\/il-manquait-la-moustache\/'>Il manquait la moustache !<\/a>\">\n    <img decoding=\"async\" class=\"wpdm_icon\" alt=\"Ic\u00f4ne\" src=\"https:\/\/www.dramaction.qc.ca\/fr\/wp-content\/plugins\/download-manager\/assets\/file-type-icons\/pdf.svg\" \/>\n   <\/a>\n    <div class=\"media-body\">\n    <h4 class=\"media-heading\" style=\"padding-top: 0px;border:0px;margin: 0px;height: 20px;overflow: hidden\"><a href='https:\/\/www.dramaction.qc.ca\/fr\/telechargements\/il-manquait-la-moustache\/'>Il manquait la moustache !<\/a><\/h4>\n    <i style=\"margin: 4px 0 0 5px;opacity:0.5\" class=\"fa fa-th-large\"><\/i>  Taille du fichier : 0.00 KB kb<Br\/><i style=\"margin: 2px 0 0 5px;\" class=\"icon icon-download-alt\"><\/i> 26759 T\u00e9l\u00e9chargements<br\/><br\/><a class='wpdm-download-link download-on-click btn btn-danger btn-xs' rel='nofollow' href='#' data-downloadurl=\"https:\/\/www.dramaction.qc.ca\/fr\/telechargements\/il-manquait-la-moustache\/?wpdmdl=4727&refresh=69e739383ad971776761144\">T\u00e9l\u00e9charger<\/a>\n   <\/div>\n<div class=\"media-body\"><p><strong><span style=\"color: #800000;\">NOUVEAU TEXTE<\/span><br \/>\nNombre de personnages<\/strong> :\u00a0 2<br \/>\n<strong>Nombre d'acteurs<\/strong> : 2<br \/>\n<strong>\u00c2ge<\/strong> : 14 ans et +<br \/>\n<strong>Dur\u00e9e<\/strong> : 10 minutes<br \/>\n<strong>Genre<\/strong> : Drame<br \/>\n<strong>Auteur<\/strong> : Laura T.-C. - Exercice d'\u00e9criture \u00e9crit pour son cours au secondaire.<\/p>\n<p><strong>R\u00e9sum\u00e9<\/strong> : Jacob et Adam sont dans le couloir de la mort.\u00a0 L'un pour avoir tu\u00e9 des milliers d'hommes et de femmes, l'autre pour y avoir song\u00e9...\u00a0 Adam comprendra vite que Jacob est Adolf Jacob Hitler...<\/p>\n<p>Un utilisateur a mentionn\u00e9 que ce document comporte de nombreuses fautes d'orthographe et de syntaxe. Si vous l'avez corrig\u00e9, n'h\u00e9sitez pas \u00e0 nous faire parvenir une version toute \"propre\" ! La communaut\u00e9 de Dramaction en sera grandement reconnaissante \ud83d\ude42<\/p>\n\n    <\/div>\n\n<\/div>\n<\/div>\n<\/div>\n\n\n<\/div><div class='col-lg-12 col-md-12 col-12'><div class=\"panel panel-default\">\n    <div class=\"panel-body\">\n<div class=\"media\">\n   <a class=\"pull-left\" link=\"<a href='https:\/\/www.dramaction.qc.ca\/fr\/telechargements\/bebe-change-tout\/'>Un b\u00e9b\u00e9 change tout<\/a>\">\n    <img decoding=\"async\" class=\"wpdm_icon\" alt=\"Ic\u00f4ne\" src=\"https:\/\/www.dramaction.qc.ca\/fr\/wp-content\/plugins\/download-manager\/assets\/file-type-icons\/pdf.svg\" \/>\n   <\/a>\n    <div class=\"media-body\">\n    <h4 class=\"media-heading\" style=\"padding-top: 0px;border:0px;margin: 0px;height: 20px;overflow: hidden\"><a href='https:\/\/www.dramaction.qc.ca\/fr\/telechargements\/bebe-change-tout\/'>Un b\u00e9b\u00e9 change tout<\/a><\/h4>\n    <i style=\"margin: 4px 0 0 5px;opacity:0.5\" class=\"fa fa-th-large\"><\/i>  Taille du fichier : 178 kb<Br\/><i style=\"margin: 2px 0 0 5px;\" class=\"icon icon-download-alt\"><\/i> 7465 T\u00e9l\u00e9chargements<br\/><br\/><a class='wpdm-download-link download-on-click btn btn-danger btn-xs' rel='nofollow' href='#' data-downloadurl=\"https:\/\/www.dramaction.qc.ca\/fr\/telechargements\/bebe-change-tout\/?wpdmdl=4730&refresh=69e73938610491776761144\">T\u00e9l\u00e9charger<\/a>\n   <\/div>\n<div class=\"media-body\"><p><strong><span style=\"color: #800000;\">NOUVEAU TEXTE<\/span><br \/>\nNombre de personnages<\/strong> :\u00a0 2<br \/>\n<strong>Nombre d'acteurs<\/strong> : 2<br \/>\n<strong>\u00c2ge<\/strong> : 14 ans et +<br \/>\n<strong>Dur\u00e9e<\/strong> : 10 minutes<br \/>\n<strong>Genre<\/strong> :\u00a0 Drame<br \/>\n<strong>Auteur<\/strong> : Luciana J.C. - Exercice d'\u00e9criture \u00e9crit pour son cours au secondaire.<\/p>\n<p><strong>R\u00e9sum\u00e9<\/strong> : Richard et Isabelle attendent un enfant, mais rapidement, on comprends qu'Isabelle regrette am\u00e8rement ce choix.<\/p>\n\n    <\/div>\n\n<\/div>\n<\/div>\n<\/div>\n\n\n<\/div><div class='col-lg-12 col-md-12 col-12'><div class=\"panel panel-default\">\n    <div class=\"panel-body\">\n<div class=\"media\">\n   <a class=\"pull-left\" link=\"<a href='https:\/\/www.dramaction.qc.ca\/fr\/telechargements\/conte-de-la-jeune-fille\/'>Conte de la jeune fille<\/a>\">\n    <img decoding=\"async\" class=\"wpdm_icon\" alt=\"Ic\u00f4ne\" src=\"https:\/\/www.dramaction.qc.ca\/fr\/wp-content\/plugins\/download-manager\/assets\/file-type-icons\/pdf.svg\" \/>\n   <\/a>\n    <div class=\"media-body\">\n    <h4 class=\"media-heading\" style=\"padding-top: 0px;border:0px;margin: 0px;height: 20px;overflow: hidden\"><a href='https:\/\/www.dramaction.qc.ca\/fr\/telechargements\/conte-de-la-jeune-fille\/'>Conte de la jeune fille<\/a><\/h4>\n    <i style=\"margin: 4px 0 0 5px;opacity:0.5\" class=\"fa fa-th-large\"><\/i>  Taille du fichier : 0.00 KB kb<Br\/><i style=\"margin: 2px 0 0 5px;\" class=\"icon icon-download-alt\"><\/i> 18219 T\u00e9l\u00e9chargements<br\/><br\/><a class='wpdm-download-link download-on-click btn btn-danger btn-xs' rel='nofollow' href='#' data-downloadurl=\"https:\/\/www.dramaction.qc.ca\/fr\/telechargements\/conte-de-la-jeune-fille\/?wpdmdl=4853&refresh=69e73938889b21776761144\">T\u00e9l\u00e9chargez l'extrait<\/a>\n   <\/div>\n<div class=\"media-body\"><p><strong>Nombre de personnages<\/strong> : 24\u00a0(7f 17h)<br \/>\n<strong>Nombre d'acteurs<\/strong> : 13 minimum<br \/>\n<strong>\u00c2ge<\/strong> : 13 ans et plus<br \/>\n<strong>Dur\u00e9e<\/strong> : 2h00<br \/>\n<strong>Genre<\/strong> : Drame<br \/>\n<strong>Th\u00e8me<\/strong> :\u00a0adolescence, amiti\u00e9, choix<br \/>\n<strong>Auteur<\/strong> : Jimmy Doucet<\/p>\n<p><strong>R\u00e9sum\u00e9<\/strong> :\u00a0D'abord est arriv\u00e9e la r\u00eaveuse, ensuite la sage puis l'agressive et la d\u00e9raisonnable. Quatre facettes d'une m\u00eame personnalit\u00e9 qui se bousculent dans la t\u00eate de Julie. Au fil des souvenirs racont\u00e9s, chacune des Julie prendra le contr\u00f4le sur les \u00e9v\u00e8nements marquants de sa vie d'adolescente et influencera l'adulte que Julie deviendra.<\/p>\n<p>Extrait<br \/>\nTexte disponible sur <a href=\"http:\/\/www.jimmydoucet.com\/textes-theatre-jeunesse\" target=\"_blank\">http:\/\/www.jimmydoucet.com\/textes-theatre-jeunesse<\/a><\/p>\n\n    <\/div>\n\n<\/div>\n<\/div>\n<\/div>\n\n\n<\/div><div class='col-lg-12 col-md-12 col-12'><div class=\"panel panel-default\">\n    <div class=\"panel-body\">\n<div class=\"media\">\n   <a class=\"pull-left\" link=\"<a href='https:\/\/www.dramaction.qc.ca\/fr\/telechargements\/mineur-au-xxieme-siecle\/'>Un mineur au XXI\u00e8me si\u00e8cle<\/a>\">\n    <img decoding=\"async\" class=\"wpdm_icon\" alt=\"Ic\u00f4ne\" src=\"https:\/\/www.dramaction.qc.ca\/fr\/wp-content\/plugins\/download-manager\/assets\/file-type-icons\/docx.svg\" \/>\n   <\/a>\n    <div class=\"media-body\">\n    <h4 class=\"media-heading\" style=\"padding-top: 0px;border:0px;margin: 0px;height: 20px;overflow: hidden\"><a href='https:\/\/www.dramaction.qc.ca\/fr\/telechargements\/mineur-au-xxieme-siecle\/'>Un mineur au XXI\u00e8me si\u00e8cle<\/a><\/h4>\n    <i style=\"margin: 4px 0 0 5px;opacity:0.5\" class=\"fa fa-th-large\"><\/i>  Taille du fichier : 18,6 kb<Br\/><i style=\"margin: 2px 0 0 5px;\" class=\"icon icon-download-alt\"><\/i> 3780 T\u00e9l\u00e9chargements<br\/><br\/><a class='wpdm-download-link download-on-click btn btn-danger btn-xs' rel='nofollow' href='#' data-downloadurl=\"https:\/\/www.dramaction.qc.ca\/fr\/telechargements\/mineur-au-xxieme-siecle\/?wpdmdl=5365&refresh=69e73938b17441776761144\">T\u00e9l\u00e9charger<\/a>\n   <\/div>\n<div class=\"media-body\"><p><strong>Nombre de personnages<\/strong> : 8<br \/>\n<strong>\u00c2ge<\/strong> : 14-16 ans<br \/>\n<strong>Dur\u00e9e<\/strong> : 15 minutes<br \/>\n<strong>Genre<\/strong> : Com\u00e9die<br \/>\n<strong>Auteur<\/strong> : Souri Kays<\/p>\n<p><strong>R\u00e9sum\u00e9<\/strong> : Ce texte constitue une adaptation de l'entrevue de Bonnemort et d'\u00c9tienne Lantier dans Germinal d'Emile Zola dans le contexte contemporain des mineur en Tunisie, post-r\u00e9volutionnaire o\u00f9 l'on recrute uniquement les analphab\u00e8tes. Les jeunes dipl\u00f4m\u00e9s des universit\u00e9s aimaient devenir mineur, mais l'\u00c9tat le leur interdit. Cette adaptation repose sur le renversement des situations, des r\u00f4les, .....<\/p>\n\n    <\/div>\n\n<\/div>\n<\/div>\n<\/div>\n\n\n<\/div><\/div>            <div style='clear:both'><\/div><div class='text-center'><ul class='pagination wpdm-pagination pagination-centered text-center'><li><span aria-current=\"page\" class=\"page-numbers current\">1<\/span><\/li><li><a data-container='#content_wpdm_package_1' class=\"page-numbers\" href=\"https:\/\/www.dramaction.qc.ca\/fr\/wp-json\/wp\/v2\/pages\/4577\/?cp=2\">2<\/a><\/li><li><a data-container='#content_wpdm_package_1' class=\"next page-numbers\" href=\"https:\/\/www.dramaction.qc.ca\/fr\/wp-json\/wp\/v2\/pages\/4577\/?cp=2\"> <i style=\"display: inline-block;width: 8px;height: 8px;border-right: 2px solid;border-top: 2px solid;transform: rotate(45deg);margin-left: -2px;margin-top: -2px;\"><\/i> <\/a><\/li><\/ul><\/div><div style='clear:both'><\/div>        <\/div>\n\n        <div style='clear:both'><\/div>\n    <\/div>\n<\/div>\n\n","protected":false},"excerpt":{"rendered":"<p>Tous les textes | Textes complets | Texte en extrait (\u00e9prouv\u00e9s) Genre: Com\u00e9dies \/ Drames | nb. personnages 1 \u00e0 5 personnages \/ 6 \u00e0 15 personnages \/ 15 \u00e0 30 personnages | Dur\u00e9e : Moins de 5 minutes \/ Entre 6 et 30 minutes \/ Entre 30 et 60 minutes \/ Plus de 60 [&hellip;]<\/p>\n","protected":false},"author":22,"featured_media":0,"parent":552,"menu_order":0,"comment_status":"open","ping_status":"closed","template":"","meta":{"footnotes":""},"class_list":["post-4577","page","type-page","status-publish","hentry"],"jetpack_sharing_enabled":true,"_links":{"self":[{"href":"https:\/\/www.dramaction.qc.ca\/fr\/wp-json\/wp\/v2\/pages\/4577","targetHints":{"allow":["GET"]}}],"collection":[{"href":"https:\/\/www.dramaction.qc.ca\/fr\/wp-json\/wp\/v2\/pages"}],"about":[{"href":"https:\/\/www.dramaction.qc.ca\/fr\/wp-json\/wp\/v2\/types\/page"}],"author":[{"embeddable":true,"href":"https:\/\/www.dramaction.qc.ca\/fr\/wp-json\/wp\/v2\/users\/22"}],"replies":[{"embeddable":true,"href":"https:\/\/www.dramaction.qc.ca\/fr\/wp-json\/wp\/v2\/comments?post=4577"}],"version-history":[{"count":0,"href":"https:\/\/www.dramaction.qc.ca\/fr\/wp-json\/wp\/v2\/pages\/4577\/revisions"}],"up":[{"embeddable":true,"href":"https:\/\/www.dramaction.qc.ca\/fr\/wp-json\/wp\/v2\/pages\/552"}],"wp:attachment":[{"href":"https:\/\/www.dramaction.qc.ca\/fr\/wp-json\/wp\/v2\/media?parent=4577"}],"curies":[{"name":"wp","href":"https:\/\/api.w.org\/{rel}","templated":true}]}}