{"id":4464,"date":"2016-12-21T21:23:06","date_gmt":"2016-12-22T02:23:06","guid":{"rendered":"http:\/\/www.dramaction.qc.ca\/fr\/?page_id=4464"},"modified":"2016-12-22T11:06:38","modified_gmt":"2016-12-22T16:06:38","slug":"telechargements-ateliers-theatre","status":"publish","type":"page","link":"https:\/\/www.dramaction.qc.ca\/fr\/telechargements-ateliers-theatre\/","title":{"rendered":"T\u00e9l\u00e9chargements &#8211; ateliers pr\u00e9par\u00e9s"},"content":{"rendered":"<div class='w3eden'>\n    <div class=''>\n                <p>T\u00e9l\u00e9chargez les ateliers complets propos\u00e9s par des enseignants<\/p>\n                <div id=\"content_wpdm_package_1\">\n            <div class='row'><div class='col-lg-12 col-md-12 col-12'><div class=\"panel panel-default\">\n    <div class=\"panel-body\">\n<div class=\"media\">\n   <a class=\"pull-left\" link=\"<a href='https:\/\/www.dramaction.qc.ca\/fr\/telechargements\/17-ateliers-planifies\/'>17 ateliers planifi\u00e9s<\/a>\">\n    <img decoding=\"async\" class=\"wpdm_icon\" alt=\"Ic\u00f4ne\" src=\"https:\/\/www.dramaction.qc.ca\/fr\/wp-content\/plugins\/download-manager\/assets\/file-type-icons\/doc.svg\" \/>\n   <\/a>\n    <div class=\"media-body\">\n    <h4 class=\"media-heading\" style=\"padding-top: 0px;border:0px;margin: 0px;height: 20px;overflow: hidden\"><a href='https:\/\/www.dramaction.qc.ca\/fr\/telechargements\/17-ateliers-planifies\/'>17 ateliers planifi\u00e9s<\/a><\/h4>\n    <i style=\"margin: 4px 0 0 5px;opacity:0.5\" class=\"fa fa-th-large\"><\/i>  Taille du fichier : 181 kb<Br\/><i style=\"margin: 2px 0 0 5px;\" class=\"icon icon-download-alt\"><\/i> 32649 T\u00e9l\u00e9chargements<br\/><br\/><a class='wpdm-download-link download-on-click btn btn-danger btn-xs' rel='nofollow' href='#' data-downloadurl=\"https:\/\/www.dramaction.qc.ca\/fr\/telechargements\/17-ateliers-planifies\/?wpdmdl=4442&refresh=69f1ec55b6ebb1777462357\">T\u00e9l\u00e9charger<\/a>\n   <\/div>\n<div class=\"media-body\"><p>Un enseignant nous laisse sa planification de 17 ateliers \u00e0 faire avec vos \u00e9l\u00e8ves.<\/p>\n\n    <\/div>\n\n<\/div>\n<\/div>\n<\/div>\n\n\n<\/div><div class='col-lg-12 col-md-12 col-12'><div class=\"panel panel-default\">\n    <div class=\"panel-body\">\n<div class=\"media\">\n   <a class=\"pull-left\" link=\"<a href='https:\/\/www.dramaction.qc.ca\/fr\/telechargements\/dialogues-petit-texte-vide-a-travailler\/'>Dialogues - Petit texte vide \u00e0 travailler<\/a>\">\n    <img decoding=\"async\" class=\"wpdm_icon\" alt=\"Ic\u00f4ne\" src=\"https:\/\/www.dramaction.qc.ca\/fr\/wp-content\/plugins\/download-manager\/assets\/file-type-icons\/doc.svg\" \/>\n   <\/a>\n    <div class=\"media-body\">\n    <h4 class=\"media-heading\" style=\"padding-top: 0px;border:0px;margin: 0px;height: 20px;overflow: hidden\"><a href='https:\/\/www.dramaction.qc.ca\/fr\/telechargements\/dialogues-petit-texte-vide-a-travailler\/'>Dialogues - Petit texte vide \u00e0 travailler<\/a><\/h4>\n    <i style=\"margin: 4px 0 0 5px;opacity:0.5\" class=\"fa fa-th-large\"><\/i>  Taille du fichier : 25 kb<Br\/><i style=\"margin: 2px 0 0 5px;\" class=\"icon icon-download-alt\"><\/i> 38960 T\u00e9l\u00e9chargements<br\/><br\/><a class='wpdm-download-link download-on-click btn btn-danger btn-xs' rel='nofollow' href='#' data-downloadurl=\"https:\/\/www.dramaction.qc.ca\/fr\/telechargements\/dialogues-petit-texte-vide-a-travailler\/?wpdmdl=4488&refresh=69f1ec55dc93d1777462357\">T\u00e9l\u00e9charger<\/a>\n   <\/div>\n<div class=\"media-body\"><p>C'est un exercice d\u2019\u00e9quipe qui permet aux \u00e9l\u00e8ves d'utiliser leur cr\u00e9ativit\u00e9 ! Un dialogue tr\u00e8s simple o\u00f9 ils doivent trouver leur relation ainsi que la situation.<\/p>\n\n    <\/div>\n\n<\/div>\n<\/div>\n<\/div>\n\n\n<\/div><div class='col-lg-12 col-md-12 col-12'><div class=\"panel panel-default\">\n    <div class=\"panel-body\">\n<div class=\"media\">\n   <a class=\"pull-left\" link=\"<a href='https:\/\/www.dramaction.qc.ca\/fr\/telechargements\/tableaux-vivants\/'>Tableaux vivants<\/a>\">\n    <img decoding=\"async\" class=\"wpdm_icon\" alt=\"Ic\u00f4ne\" src=\"https:\/\/www.dramaction.qc.ca\/fr\/wp-content\/plugins\/download-manager\/assets\/file-type-icons\/doc.svg\" \/>\n   <\/a>\n    <div class=\"media-body\">\n    <h4 class=\"media-heading\" style=\"padding-top: 0px;border:0px;margin: 0px;height: 20px;overflow: hidden\"><a href='https:\/\/www.dramaction.qc.ca\/fr\/telechargements\/tableaux-vivants\/'>Tableaux vivants<\/a><\/h4>\n    <i style=\"margin: 4px 0 0 5px;opacity:0.5\" class=\"fa fa-th-large\"><\/i>  Taille du fichier : 28 kb<Br\/><i style=\"margin: 2px 0 0 5px;\" class=\"icon icon-download-alt\"><\/i> 23063 T\u00e9l\u00e9chargements<br\/><br\/><a class='wpdm-download-link download-on-click btn btn-danger btn-xs' rel='nofollow' href='#' data-downloadurl=\"https:\/\/www.dramaction.qc.ca\/fr\/telechargements\/tableaux-vivants\/?wpdmdl=4491&refresh=69f1ec560b93d1777462358\">T\u00e9l\u00e9charger<\/a>\n   <\/div>\n<div class=\"media-body\"><p><strong>Projet multidisciplinaire <\/strong><br \/>\nProjet d'art dramatique visant \u00e0 faire une recherche historique afin de recr\u00e9er des tableaux vivants de sc\u00e8nes issues de l'histoire de l'humanit\u00e9. p\u00e9riodes de l\u2019histoire de l\u2019humanit\u00e9.<\/p>\n\n    <\/div>\n\n<\/div>\n<\/div>\n<\/div>\n\n\n<\/div><div class='col-lg-12 col-md-12 col-12'><div class=\"panel panel-default\">\n    <div class=\"panel-body\">\n<div class=\"media\">\n   <a class=\"pull-left\" link=\"<a href='https:\/\/www.dramaction.qc.ca\/fr\/telechargements\/la-mise-en-scene-aveugle\/'>La mise en sc\u00e8ne aveugle<\/a>\">\n    <img decoding=\"async\" class=\"wpdm_icon\" alt=\"Ic\u00f4ne\" src=\"https:\/\/www.dramaction.qc.ca\/fr\/wp-content\/plugins\/download-manager\/assets\/file-type-icons\/pdf.svg\" \/>\n   <\/a>\n    <div class=\"media-body\">\n    <h4 class=\"media-heading\" style=\"padding-top: 0px;border:0px;margin: 0px;height: 20px;overflow: hidden\"><a href='https:\/\/www.dramaction.qc.ca\/fr\/telechargements\/la-mise-en-scene-aveugle\/'>La mise en sc\u00e8ne aveugle<\/a><\/h4>\n    <i style=\"margin: 4px 0 0 5px;opacity:0.5\" class=\"fa fa-th-large\"><\/i>  Taille du fichier : 10 kb<Br\/><i style=\"margin: 2px 0 0 5px;\" class=\"icon icon-download-alt\"><\/i> 18251 T\u00e9l\u00e9chargements<br\/><br\/><a class='wpdm-download-link download-on-click btn btn-danger btn-xs' rel='nofollow' href='#' data-downloadurl=\"https:\/\/www.dramaction.qc.ca\/fr\/telechargements\/la-mise-en-scene-aveugle\/?wpdmdl=4497&refresh=69f1ec563bdc81777462358\">T\u00e9l\u00e9charger<\/a>\n   <\/div>\n<div class=\"media-body\"><p>\u00c9tal\u00e9es sur 3 p\u00e9riodes, travail de mise en sc\u00e8ne permettant aux \u00e9l\u00e8ves de comprendre l'importance de rester souple face aux didascalies ou aux exigences de la mise en sc\u00e8ne.<\/p>\n\n    <\/div>\n\n<\/div>\n<\/div>\n<\/div>\n\n\n<\/div><div class='col-lg-12 col-md-12 col-12'><div class=\"panel panel-default\">\n    <div class=\"panel-body\">\n<div class=\"media\">\n   <a class=\"pull-left\" link=\"<a href='https:\/\/www.dramaction.qc.ca\/fr\/telechargements\/la-commedia-dellarte\/'>La commedia dell'arte<\/a>\">\n    <img decoding=\"async\" class=\"wpdm_icon\" alt=\"Ic\u00f4ne\" src=\"https:\/\/www.dramaction.qc.ca\/fr\/wp-content\/plugins\/download-manager\/assets\/file-type-icons\/pdf.svg\" \/>\n   <\/a>\n    <div class=\"media-body\">\n    <h4 class=\"media-heading\" style=\"padding-top: 0px;border:0px;margin: 0px;height: 20px;overflow: hidden\"><a href='https:\/\/www.dramaction.qc.ca\/fr\/telechargements\/la-commedia-dellarte\/'>La commedia dell'arte<\/a><\/h4>\n    <i style=\"margin: 4px 0 0 5px;opacity:0.5\" class=\"fa fa-th-large\"><\/i>  Taille du fichier : 162 kb<Br\/><i style=\"margin: 2px 0 0 5px;\" class=\"icon icon-download-alt\"><\/i> 14706 T\u00e9l\u00e9chargements<br\/><br\/><a class='wpdm-download-link download-on-click btn btn-danger btn-xs' rel='nofollow' href='#' data-downloadurl=\"https:\/\/www.dramaction.qc.ca\/fr\/telechargements\/la-commedia-dellarte\/?wpdmdl=4511&refresh=69f1ec566a87e1777462358\">T\u00e9l\u00e9charger<\/a>\n   <\/div>\n<div class=\"media-body\"><p>Document assez complet sur l'histoire de la commedia dell'arte r\u00e9alis\u00e9 pour des \u00e9l\u00e8ves de secondaire 5 (16-17 ans). Tr\u00e8s complet et int\u00e9ressant.<\/p>\n\n    <\/div>\n\n<\/div>\n<\/div>\n<\/div>\n\n\n<\/div><div class='col-lg-12 col-md-12 col-12'><div class=\"panel panel-default\">\n    <div class=\"panel-body\">\n<div class=\"media\">\n   <a class=\"pull-left\" link=\"<a href='https:\/\/www.dramaction.qc.ca\/fr\/telechargements\/atelier-sur-le-personnage\/'>Atelier sur le personnage<\/a>\">\n    <img decoding=\"async\" class=\"wpdm_icon\" alt=\"Ic\u00f4ne\" src=\"https:\/\/www.dramaction.qc.ca\/fr\/wp-content\/plugins\/download-manager\/assets\/file-type-icons\/pdf.svg\" \/>\n   <\/a>\n    <div class=\"media-body\">\n    <h4 class=\"media-heading\" style=\"padding-top: 0px;border:0px;margin: 0px;height: 20px;overflow: hidden\"><a href='https:\/\/www.dramaction.qc.ca\/fr\/telechargements\/atelier-sur-le-personnage\/'>Atelier sur le personnage<\/a><\/h4>\n    <i style=\"margin: 4px 0 0 5px;opacity:0.5\" class=\"fa fa-th-large\"><\/i>  Taille du fichier : 17 kb<Br\/><i style=\"margin: 2px 0 0 5px;\" class=\"icon icon-download-alt\"><\/i> 32835 T\u00e9l\u00e9chargements<br\/><br\/><a class='wpdm-download-link download-on-click btn btn-danger btn-xs' rel='nofollow' href='#' data-downloadurl=\"https:\/\/www.dramaction.qc.ca\/fr\/telechargements\/atelier-sur-le-personnage\/?wpdmdl=4512&refresh=69f1ec568e7e71777462358\">T\u00e9l\u00e9charger<\/a>\n   <\/div>\n<div class=\"media-body\"><p>\u00ab Mon personnage du nord au sud, de l\u2019est \u00e0 l\u2019ouest! \u00bb<\/p>\n<p>Petit atelier int\u00e9ressant pour travaille le personnage avec vos \u00e9l\u00e8ves.\u00a0 On y propose aux \u00e9l\u00e8ves de construire un personnage \u00e0 partir, notamment, de visualisation.<\/p>\n\n    <\/div>\n\n<\/div>\n<\/div>\n<\/div>\n\n\n<\/div><div class='col-lg-12 col-md-12 col-12'><div class=\"panel panel-default\">\n    <div class=\"panel-body\">\n<div class=\"media\">\n   <a class=\"pull-left\" link=\"<a href='https:\/\/www.dramaction.qc.ca\/fr\/telechargements\/trucs-de-memorisation\/'>Trucs de m\u00e9morisation<\/a>\">\n    <img decoding=\"async\" class=\"wpdm_icon\" alt=\"Ic\u00f4ne\" src=\"https:\/\/www.dramaction.qc.ca\/fr\/wp-content\/plugins\/download-manager\/assets\/file-type-icons\/pdf.svg\" \/>\n   <\/a>\n    <div class=\"media-body\">\n    <h4 class=\"media-heading\" style=\"padding-top: 0px;border:0px;margin: 0px;height: 20px;overflow: hidden\"><a href='https:\/\/www.dramaction.qc.ca\/fr\/telechargements\/trucs-de-memorisation\/'>Trucs de m\u00e9morisation<\/a><\/h4>\n    <i style=\"margin: 4px 0 0 5px;opacity:0.5\" class=\"fa fa-th-large\"><\/i>  Taille du fichier : 50 kb<Br\/><i style=\"margin: 2px 0 0 5px;\" class=\"icon icon-download-alt\"><\/i> 25622 T\u00e9l\u00e9chargements<br\/><br\/><a class='wpdm-download-link download-on-click btn btn-danger btn-xs' rel='nofollow' href='#' data-downloadurl=\"https:\/\/www.dramaction.qc.ca\/fr\/telechargements\/trucs-de-memorisation\/?wpdmdl=4513&refresh=69f1ec56b22911777462358\">T\u00e9l\u00e9charger<\/a>\n   <\/div>\n<div class=\"media-body\"><p>Sur deux pages, ce document offre des trucs pertinents pour aider vos \u00e9l\u00e8ves \u00e0 am\u00e9liorer leur capacit\u00e9 de m\u00e9morisation.<\/p>\n<p>Sous forme d'aide m\u00e9moire \u00e0 imprimer.<\/p>\n\n    <\/div>\n\n<\/div>\n<\/div>\n<\/div>\n\n\n<\/div><div class='col-lg-12 col-md-12 col-12'><div class=\"panel panel-default\">\n    <div class=\"panel-body\">\n<div class=\"media\">\n   <a class=\"pull-left\" link=\"<a href='https:\/\/www.dramaction.qc.ca\/fr\/telechargements\/regles-decriture-dune-critique-theatrale\/'>R\u00e8gles d'\u00e9criture d'une critique th\u00e9\u00e2trale<\/a>\">\n    <img decoding=\"async\" class=\"wpdm_icon\" alt=\"Ic\u00f4ne\" src=\"https:\/\/www.dramaction.qc.ca\/fr\/wp-content\/plugins\/download-manager\/assets\/file-type-icons\/pdf.svg\" \/>\n   <\/a>\n    <div class=\"media-body\">\n    <h4 class=\"media-heading\" style=\"padding-top: 0px;border:0px;margin: 0px;height: 20px;overflow: hidden\"><a href='https:\/\/www.dramaction.qc.ca\/fr\/telechargements\/regles-decriture-dune-critique-theatrale\/'>R\u00e8gles d'\u00e9criture d'une critique th\u00e9\u00e2trale<\/a><\/h4>\n    <i style=\"margin: 4px 0 0 5px;opacity:0.5\" class=\"fa fa-th-large\"><\/i>  Taille du fichier : 31 kb<Br\/><i style=\"margin: 2px 0 0 5px;\" class=\"icon icon-download-alt\"><\/i> 30096 T\u00e9l\u00e9chargements<br\/><br\/><a class='wpdm-download-link download-on-click btn btn-danger btn-xs' rel='nofollow' href='#' data-downloadurl=\"https:\/\/www.dramaction.qc.ca\/fr\/telechargements\/regles-decriture-dune-critique-theatrale\/?wpdmdl=4515&refresh=69f1ec56d5ae71777462358\">T\u00e9l\u00e9charger<\/a>\n   <\/div>\n<div class=\"media-body\"><p>Document \u00e0 pr\u00e9senter aux \u00e9l\u00e8ves qui d\u00e9taillent les balises qu'une enseignante imposait \u00e0 ses \u00e9l\u00e8ves lors de la pr\u00e9sentation \u00e9crite d'une critique th\u00e9\u00e2trale.<\/p>\n<p>\u00c0 pr\u00e9senter aux \u00e9l\u00e8ves tel quel ou pour vous inspirer \u00e0 la cr\u00e9ation d'un tel type de document.<\/p>\n\n    <\/div>\n\n<\/div>\n<\/div>\n<\/div>\n\n\n<\/div><div class='col-lg-12 col-md-12 col-12'><div class=\"panel panel-default\">\n    <div class=\"panel-body\">\n<div class=\"media\">\n   <a class=\"pull-left\" link=\"<a href='https:\/\/www.dramaction.qc.ca\/fr\/telechargements\/compte-rendu-de-spectacle-secondaire-3\/'>Compte rendu de spectacle (secondaire 3)<\/a>\">\n    <img decoding=\"async\" class=\"wpdm_icon\" alt=\"Ic\u00f4ne\" src=\"https:\/\/www.dramaction.qc.ca\/fr\/wp-content\/plugins\/download-manager\/assets\/file-type-icons\/pdf.svg\" \/>\n   <\/a>\n    <div class=\"media-body\">\n    <h4 class=\"media-heading\" style=\"padding-top: 0px;border:0px;margin: 0px;height: 20px;overflow: hidden\"><a href='https:\/\/www.dramaction.qc.ca\/fr\/telechargements\/compte-rendu-de-spectacle-secondaire-3\/'>Compte rendu de spectacle (secondaire 3)<\/a><\/h4>\n    <i style=\"margin: 4px 0 0 5px;opacity:0.5\" class=\"fa fa-th-large\"><\/i>  Taille du fichier : 53 kb<Br\/><i style=\"margin: 2px 0 0 5px;\" class=\"icon icon-download-alt\"><\/i> 6742 T\u00e9l\u00e9chargements<br\/><br\/><a class='wpdm-download-link download-on-click btn btn-danger btn-xs' rel='nofollow' href='#' data-downloadurl=\"https:\/\/www.dramaction.qc.ca\/fr\/telechargements\/compte-rendu-de-spectacle-secondaire-3\/?wpdmdl=4516&refresh=69f1ec5705e171777462359\">T\u00e9l\u00e9charger<\/a>\n   <\/div>\n<div class=\"media-body\"><p><strong>Id\u00e9al pour la comp\u00e9tence qu\u00e9b\u00e9coise \"Appr\u00e9cier\"<\/strong><\/p>\n<p>Document permettant d'orienter intelligemment un compte-rendu de spectacle.\u00a0 Il guide les \u00e9l\u00e8ves \u00e0 travers des \u00e9tapes pour am\u00e9liorer leur r\u00e9flexion, leur collecte de renseignements et leur production.<\/p>\n\n    <\/div>\n\n<\/div>\n<\/div>\n<\/div>\n\n\n<\/div><div class='col-lg-12 col-md-12 col-12'><div class=\"panel panel-default\">\n    <div class=\"panel-body\">\n<div class=\"media\">\n   <a class=\"pull-left\" link=\"<a href='https:\/\/www.dramaction.qc.ca\/fr\/telechargements\/compte-rendu-de-spectacle-secondaire-4\/'>Compte rendu de spectacle (secondaire 4)<\/a>\">\n    <img decoding=\"async\" class=\"wpdm_icon\" alt=\"Ic\u00f4ne\" src=\"https:\/\/www.dramaction.qc.ca\/fr\/wp-content\/plugins\/download-manager\/assets\/file-type-icons\/pdf.svg\" \/>\n   <\/a>\n    <div class=\"media-body\">\n    <h4 class=\"media-heading\" style=\"padding-top: 0px;border:0px;margin: 0px;height: 20px;overflow: hidden\"><a href='https:\/\/www.dramaction.qc.ca\/fr\/telechargements\/compte-rendu-de-spectacle-secondaire-4\/'>Compte rendu de spectacle (secondaire 4)<\/a><\/h4>\n    <i style=\"margin: 4px 0 0 5px;opacity:0.5\" class=\"fa fa-th-large\"><\/i>  Taille du fichier : 82 kb<Br\/><i style=\"margin: 2px 0 0 5px;\" class=\"icon icon-download-alt\"><\/i> 26700 T\u00e9l\u00e9chargements<br\/><br\/><a class='wpdm-download-link download-on-click btn btn-danger btn-xs' rel='nofollow' href='#' data-downloadurl=\"https:\/\/www.dramaction.qc.ca\/fr\/telechargements\/compte-rendu-de-spectacle-secondaire-4\/?wpdmdl=4517&refresh=69f1ec572939e1777462359\">T\u00e9l\u00e9charger<\/a>\n   <\/div>\n<div class=\"media-body\"><p>Pour le secondaire 4 (15 ans)<\/p>\n<p>Document permettant d'orienter intelligemment un compte-rendu de spectacle.\u00a0 Il guide les \u00e9l\u00e8ves \u00e0 travers des \u00e9tapes pour am\u00e9liorer leur r\u00e9flexion, leur collecte de renseignements et leur production.<\/p>\n\n    <\/div>\n\n<\/div>\n<\/div>\n<\/div>\n\n\n<\/div><\/div>            <div style='clear:both'><\/div><div class='text-center'><ul class='pagination wpdm-pagination pagination-centered text-center'><li><span aria-current=\"page\" class=\"page-numbers current\">1<\/span><\/li><li><a data-container='#content_wpdm_package_1' class=\"page-numbers\" href=\"https:\/\/www.dramaction.qc.ca\/fr\/wp-json\/wp\/v2\/pages\/4464\/?cp=2\">2<\/a><\/li><li><a data-container='#content_wpdm_package_1' class=\"page-numbers\" href=\"https:\/\/www.dramaction.qc.ca\/fr\/wp-json\/wp\/v2\/pages\/4464\/?cp=3\">3<\/a><\/li><li><span class=\"page-numbers dots\">\u2026<\/span><\/li><li><a data-container='#content_wpdm_package_1' class=\"page-numbers\" href=\"https:\/\/www.dramaction.qc.ca\/fr\/wp-json\/wp\/v2\/pages\/4464\/?cp=5\">5<\/a><\/li><li><a data-container='#content_wpdm_package_1' class=\"next page-numbers\" href=\"https:\/\/www.dramaction.qc.ca\/fr\/wp-json\/wp\/v2\/pages\/4464\/?cp=2\"> <i style=\"display: inline-block;width: 8px;height: 8px;border-right: 2px solid;border-top: 2px solid;transform: rotate(45deg);margin-left: -2px;margin-top: -2px;\"><\/i> <\/a><\/li><\/ul><\/div><div style='clear:both'><\/div>        <\/div>\n\n        <div style='clear:both'><\/div>\n    <\/div>\n<\/div>\n\n","protected":false},"excerpt":{"rendered":"T\u00e9l\u00e9chargez les ateliers complets propos\u00e9s par des enseignants 17 ateliers planifi\u00e9s Taille du fichier : 181 kb 32649 T\u00e9l\u00e9chargementsT\u00e9l\u00e9charger Un enseignant nous laisse sa planification de 17 ateliers \u00e0 faire avec vos \u00e9l\u00e8ves. Dialogues - Petit texte vide \u00e0 travailler Taille du fichier : 25 kb 38960 T\u00e9l\u00e9chargementsT\u00e9l\u00e9charger C'est un exercice d\u2019\u00e9quipe qui permet aux [...]","protected":false},"author":22,"featured_media":0,"parent":0,"menu_order":0,"comment_status":"closed","ping_status":"closed","template":"","meta":{"footnotes":""},"class_list":["post-4464","page","type-page","status-publish","hentry"],"jetpack_sharing_enabled":true,"_links":{"self":[{"href":"https:\/\/www.dramaction.qc.ca\/fr\/wp-json\/wp\/v2\/pages\/4464","targetHints":{"allow":["GET"]}}],"collection":[{"href":"https:\/\/www.dramaction.qc.ca\/fr\/wp-json\/wp\/v2\/pages"}],"about":[{"href":"https:\/\/www.dramaction.qc.ca\/fr\/wp-json\/wp\/v2\/types\/page"}],"author":[{"embeddable":true,"href":"https:\/\/www.dramaction.qc.ca\/fr\/wp-json\/wp\/v2\/users\/22"}],"replies":[{"embeddable":true,"href":"https:\/\/www.dramaction.qc.ca\/fr\/wp-json\/wp\/v2\/comments?post=4464"}],"version-history":[{"count":0,"href":"https:\/\/www.dramaction.qc.ca\/fr\/wp-json\/wp\/v2\/pages\/4464\/revisions"}],"wp:attachment":[{"href":"https:\/\/www.dramaction.qc.ca\/fr\/wp-json\/wp\/v2\/media?parent=4464"}],"curies":[{"name":"wp","href":"https:\/\/api.w.org\/{rel}","templated":true}]}}