{"id":43,"date":"2010-10-18T21:37:11","date_gmt":"2010-10-19T01:37:11","guid":{"rendered":"http:\/\/www.dramaction.qc.ca\/fr\/"},"modified":"2010-11-04T13:07:02","modified_gmt":"2010-11-04T17:07:02","slug":"improvisation","status":"publish","type":"page","link":"https:\/\/www.dramaction.qc.ca\/fr\/improvisation\/","title":{"rendered":"Improvisation"},"content":{"rendered":"<p><strong>Qu&#8217;est-ce que l&#8217;improvisation?<\/strong><\/p>\n<p>\u2022 L&#8217;improvisation en tant que tel c&#8217;est le fait d\u2019\u00e9laborer, d\u2019imaginer et d\u2019improviser une histoire autour d&#8217;un th\u00e8me donn\u00e9 en tenant compte des exigences de la carte consigne.<br \/>\n\u2022 Le jeu, reproduisant la forme et la structure d&#8217;un match de hockey, consiste en l&#8217;affrontement de deux \u00e9quipes compos\u00e9es de joueurs-improvisateurs et d&#8217;un entra\u00eeneur. Un arbitre et ses deux assistants voient \u00e0 ce que le jeu se d\u00e9roule selon les r\u00e8glements.<br \/>\n\u2022 Le premier match d&#8217;improvisation th\u00e9\u00e2trale a eu lieu \u00e0 Montr\u00e9al en 1977 selon un concept imagin\u00e9 par Robert Gravel et Yvon Leduc.<br \/>\n\u2022 Ce concept est maintenant r\u00e9pandu dans plusieurs pays et une Coupe du Monde d&#8217;improvisation est organis\u00e9e chaque ann\u00e9e.<\/p>\n<p>Cette section propose diff\u00e9rentes ressources au sujet de l&#8217;improvisation !<\/p>\n<p>Bonne lecture<\/p>\n","protected":false},"excerpt":{"rendered":"<p>Qu&#8217;est-ce que l&#8217;improvisation? \u2022 L&#8217;improvisation en tant que tel c&#8217;est le fait d\u2019\u00e9laborer, d\u2019imaginer et d\u2019improviser une histoire autour d&#8217;un th\u00e8me donn\u00e9 en tenant compte des exigences de la carte consigne. \u2022 Le jeu, reproduisant la forme et la structure d&#8217;un match de hockey, consiste en l&#8217;affrontement de deux \u00e9quipes compos\u00e9es de joueurs-improvisateurs et d&#8217;un [&hellip;]<\/p>\n","protected":false},"author":22,"featured_media":0,"parent":0,"menu_order":3,"comment_status":"open","ping_status":"closed","template":"","meta":{"footnotes":""},"class_list":["post-43","page","type-page","status-publish","hentry"],"jetpack_sharing_enabled":true,"_links":{"self":[{"href":"https:\/\/www.dramaction.qc.ca\/fr\/wp-json\/wp\/v2\/pages\/43","targetHints":{"allow":["GET"]}}],"collection":[{"href":"https:\/\/www.dramaction.qc.ca\/fr\/wp-json\/wp\/v2\/pages"}],"about":[{"href":"https:\/\/www.dramaction.qc.ca\/fr\/wp-json\/wp\/v2\/types\/page"}],"author":[{"embeddable":true,"href":"https:\/\/www.dramaction.qc.ca\/fr\/wp-json\/wp\/v2\/users\/22"}],"replies":[{"embeddable":true,"href":"https:\/\/www.dramaction.qc.ca\/fr\/wp-json\/wp\/v2\/comments?post=43"}],"version-history":[{"count":0,"href":"https:\/\/www.dramaction.qc.ca\/fr\/wp-json\/wp\/v2\/pages\/43\/revisions"}],"wp:attachment":[{"href":"https:\/\/www.dramaction.qc.ca\/fr\/wp-json\/wp\/v2\/media?parent=43"}],"curies":[{"name":"wp","href":"https:\/\/api.w.org\/{rel}","templated":true}]}}