{"id":4283,"date":"2016-12-17T18:11:07","date_gmt":"2016-12-17T23:11:07","guid":{"rendered":"http:\/\/www.dramaction.qc.ca\/fr\/?page_id=4283"},"modified":"2017-03-03T08:45:43","modified_gmt":"2017-03-03T13:45:43","slug":"vendre-texte","status":"publish","type":"page","link":"https:\/\/www.dramaction.qc.ca\/fr\/boutique\/vendre-texte\/","title":{"rendered":"Vendre un texte"},"content":{"rendered":"<div id=\"attachment_4289\" style=\"width: 310px\" class=\"wp-caption alignright\"><img decoding=\"async\" aria-describedby=\"caption-attachment-4289\" class=\"size-medium wp-image-4289\" src=\"http:\/\/www.dramaction.qc.ca\/fr\/wp-content\/uploads\/2016\/12\/AdobeStock_120396912-300x300.jpeg\" alt=\"\" width=\"300\" height=\"300\" srcset=\"https:\/\/www.dramaction.qc.ca\/fr\/wp-content\/uploads\/2016\/12\/AdobeStock_120396912-300x300.jpeg 300w, https:\/\/www.dramaction.qc.ca\/fr\/wp-content\/uploads\/2016\/12\/AdobeStock_120396912-200x200.jpeg 200w, https:\/\/www.dramaction.qc.ca\/fr\/wp-content\/uploads\/2016\/12\/AdobeStock_120396912-100x100.jpeg 100w, https:\/\/www.dramaction.qc.ca\/fr\/wp-content\/uploads\/2016\/12\/AdobeStock_120396912-150x150.jpeg 150w, https:\/\/www.dramaction.qc.ca\/fr\/wp-content\/uploads\/2016\/12\/AdobeStock_120396912-1024x1024.jpeg 1024w\" sizes=\"(max-width: 300px) 100vw, 300px\" \/><p id=\"caption-attachment-4289\" class=\"wp-caption-text\">Auteurs&#8230; manifestez-vous !<\/p><\/div>\n<p><a href=\"#envoi\">Cliquez ici pour envoyer votre texte maintenant !<\/a><\/p>\n<p>Beaucoup d\u2019enseignants ont de la difficult\u00e9 \u00e0 trouver des textes \u00e0 faire jouer aux \u00e9l\u00e8ves.<\/p>\n<ul>\n<li>Certains classiques sont trop difficiles<\/li>\n<li>Difficile pour le public de bien comprendre l\u2019extrait d\u2019une pi\u00e8ce de th\u00e9\u00e2tre<\/li>\n<li>Texte peu adapt\u00e9s \u00e0 l\u2019\u00e2ge<\/li>\n<li>Etc..<\/li>\n<\/ul>\n<p>Au fil du temps, il a \u00e9t\u00e9 possible de trouver des auteurs qui r\u00e9pondent directement \u00e0 la demande et \u00e9crivent des textes adapt\u00e9s \u00e0 la r\u00e9alit\u00e9 scolaire.<\/p>\n<ul>\n<li>Courts textes \u00e0 boucle boucl\u00e9e<\/li>\n<li>Pi\u00e8ces de th\u00e9\u00e2tre avec de nombreux personnages<\/li>\n<li>Collages de courtes pi\u00e8ces dynamiques<\/li>\n<li>Pi\u00e8ces modulables<\/li>\n<li>Etc..<\/li>\n<\/ul>\n<p><strong>Ce que nous cherchons :<\/strong>Des pi\u00e8ces cl\u00e9 en main pour les enfants et les adolescents.<\/p>\n<p><strong>Ce que nous offrons :<\/strong> profitez de plus de 500 000 visiteurs annuels de Dramaction pour vendre votre texte.<\/p>\n<p><strong>Qu&#8217;est-ce qu&#8217;il en co\u00fbte ?<\/strong> : Dramaction, afin de financer la performance et la mise \u00e0 jour du site, garde 30% du prix de chaque texte vendu et 15% des droits d&#8217;auteur et de reproduction (apr\u00e8s les frais de transaction Paypal)<\/p>\n<p><strong>Comment vais-je recevoir l&#8217;argent ?<\/strong> : Dramaction fera un virement Paypal lorsque le compte de l&#8217;auteur d\u00e9passera 100$ Canadien.<\/p>\n<p><strong>Comment Dramaction s&#8217;assure que les droits d&#8217;auteur sont pay\u00e9s ?<\/strong> : Dramaction ne peut s&#8217;assurer qu&#8217;un enseignant qui ach\u00e8te le texte acquitte correctement les droits d&#8217;auteur et de reproduction. Par contre Dramaction :<\/p>\n<ol>\n<li>Encourage le paiement \u00e0 l&#8217;avance des droits.<\/li>\n<li>Met en lien l&#8217;auteur et l&#8217;enseignant d\u00e8s l&#8217;achat du texte.<\/li>\n<li>Relance les enseignants lorsque les paiement de droits ne sont pas fait.<\/li>\n<\/ol>\n<p>\u00c9videmment, ce n&#8217;est pas parce qu&#8217;un texte est vendu qu&#8217;il est n\u00e9cessairement jou\u00e9.<\/p>\n<p>Faites nous parvenir un texte d\u00e8s aujourd\u2019hui.\u00a0 S\u2019il est retenu, il fera partie de notre banque de texte et vous commencerez \u00e0 r\u00e9colter le fruit de vos efforts !<\/p>\n<p><strong>Comment je sais qu&#8217;un de mes texte est vendu ?<\/strong><\/p>\n<p>Vous aurez un compte d&#8217;auteur qui vous donne acc\u00e8s aux ventes, aux coordonn\u00e9es des enseignants qui ach\u00e8tent vos textes et ce, en temps r\u00e9el. D\u00e8s qu&#8217;une vente est conclue, vous recevez une notification courriel.\u00a0 Vous pourrez donc suivre toute l&#8217;activit\u00e9 concernant vos textes et comptabiliser vos revenus dans des comptes rendus graphiques qui peuvent \u00eatre personalis\u00e9s.<\/p>\n<h2 data-fontsize=\"18\" data-lineheight=\"27\"><a id=\"envoi\"><\/a>Envoyez-nous votre pi\u00e8ce aujourd\u2019hui !<\/h2>\n<div>[si-contact-form form=&#8217;4&#8242;]<\/div>\n","protected":false},"excerpt":{"rendered":"<p>Cliquez ici pour envoyer votre texte maintenant ! Beaucoup d\u2019enseignants ont de la difficult\u00e9 \u00e0 trouver des textes \u00e0 faire jouer aux \u00e9l\u00e8ves. Certains classiques sont trop difficiles Difficile pour le public de bien comprendre l\u2019extrait d\u2019une pi\u00e8ce de th\u00e9\u00e2tre Texte peu adapt\u00e9s \u00e0 l\u2019\u00e2ge Etc.. Au fil du temps, il a \u00e9t\u00e9 possible de [&hellip;]<\/p>\n","protected":false},"author":22,"featured_media":0,"parent":3778,"menu_order":0,"comment_status":"closed","ping_status":"closed","template":"","meta":{"footnotes":""},"class_list":["post-4283","page","type-page","status-publish","hentry"],"jetpack_sharing_enabled":true,"_links":{"self":[{"href":"https:\/\/www.dramaction.qc.ca\/fr\/wp-json\/wp\/v2\/pages\/4283","targetHints":{"allow":["GET"]}}],"collection":[{"href":"https:\/\/www.dramaction.qc.ca\/fr\/wp-json\/wp\/v2\/pages"}],"about":[{"href":"https:\/\/www.dramaction.qc.ca\/fr\/wp-json\/wp\/v2\/types\/page"}],"author":[{"embeddable":true,"href":"https:\/\/www.dramaction.qc.ca\/fr\/wp-json\/wp\/v2\/users\/22"}],"replies":[{"embeddable":true,"href":"https:\/\/www.dramaction.qc.ca\/fr\/wp-json\/wp\/v2\/comments?post=4283"}],"version-history":[{"count":0,"href":"https:\/\/www.dramaction.qc.ca\/fr\/wp-json\/wp\/v2\/pages\/4283\/revisions"}],"up":[{"embeddable":true,"href":"https:\/\/www.dramaction.qc.ca\/fr\/wp-json\/wp\/v2\/pages\/3778"}],"wp:attachment":[{"href":"https:\/\/www.dramaction.qc.ca\/fr\/wp-json\/wp\/v2\/media?parent=4283"}],"curies":[{"name":"wp","href":"https:\/\/api.w.org\/{rel}","templated":true}]}}