{"id":3979,"date":"2016-12-04T11:04:48","date_gmt":"2016-12-04T16:04:48","guid":{"rendered":"http:\/\/www.dramaction.qc.ca\/fr\/?page_id=3979"},"modified":"2016-12-04T11:04:48","modified_gmt":"2016-12-04T16:04:48","slug":"vocabulaire-au-theatre","status":"publish","type":"page","link":"https:\/\/www.dramaction.qc.ca\/fr\/vocabulaire-au-theatre\/","title":{"rendered":"Vocabulaire au th\u00e9\u00e2tre"},"content":{"rendered":"<p><strong>Jeu<\/strong><\/p>\n<p>Cabotinage\u00a0\u00a0\u00a0\u00a0\u00a0\u00a0\u00a0\u00a0\u00a0\u00a0\u00a0\u00a0\u00a0\u00a0\u00a0\u00a0\u00a0\u00a0\u00a0\u00a0\u00a0\u00a0\u00a0 Jeu de l\u2019acteur visant essentiellement \u00e0 se valoriser lui-m\u00eame.<\/p>\n<p>Diction *\u00a0\u00a0\u00a0\u00a0\u00a0\u00a0\u00a0\u00a0\u00a0\u00a0\u00a0\u00a0\u00a0\u00a0\u00a0\u00a0\u00a0\u00a0\u00a0\u00a0\u00a0\u00a0\u00a0\u00a0\u00a0\u00a0\u00a0\u00a0\u00a0 La diction est l\u2019art ou la discipline qui consiste \u00e0 bien prononcer en parlant ou en chantant un texte.<\/p>\n<p>Gestuelle *\u00a0\u00a0\u00a0\u00a0\u00a0\u00a0\u00a0\u00a0\u00a0\u00a0\u00a0\u00a0\u00a0\u00a0\u00a0\u00a0\u00a0\u00a0\u00a0\u00a0\u00a0\u00a0\u00a0 Ensemble et mode des mouvements d\u2019un acteur ou d\u2019un spectacle.<\/p>\n<p>Improvisation *\u00a0\u00a0\u00a0\u00a0\u00a0\u00a0\u00a0\u00a0\u00a0\u00a0\u00a0\u00a0\u00a0\u00a0\u00a0 Action de cr\u00e9er, d\u2019inventer et de jouer une sc\u00e8ne sur-le-champ en prenant comme point de d\u00e9part une id\u00e9e, un th\u00e8me, un mot, une phrase ou l\u2019inspiration du moment.<\/p>\n<p>Intention\u00a0\u00a0\u00a0\u00a0\u00a0\u00a0\u00a0\u00a0\u00a0\u00a0\u00a0\u00a0\u00a0\u00a0\u00a0\u00a0\u00a0\u00a0\u00a0\u00a0\u00a0\u00a0\u00a0\u00a0\u00a0\u00a0\u00a0 C\u2019est l\u2019objectif \u00e0 atteindre.\u00a0 Ce que l\u2019on veut exprimer, ce que l\u2019on veut dire.<\/p>\n<p>Italienne\u00a0\u00a0\u00a0\u00a0\u00a0\u00a0\u00a0\u00a0\u00a0\u00a0\u00a0\u00a0\u00a0\u00a0\u00a0\u00a0\u00a0\u00a0\u00a0\u00a0\u00a0\u00a0\u00a0\u00a0\u00a0\u00a0\u00a0\u00a0 Faire une r\u00e9p\u00e9tition \u00ab\u00a0\u00e0 l\u2019italienne\u00a0\u00bb, c\u2019est dire ses r\u00e9pliques en groupe sans y associer d\u2019autres \u00e9l\u00e9ments de jeu (d\u00e9placements, \u00e9motions, mouvements, expressions faciales) en vue de r\u00e9p\u00e9ter un texte.<\/p>\n<p>Jeu \u00a0\u00a0\u00a0\u00a0\u00a0\u00a0\u00a0\u00a0\u00a0\u00a0\u00a0\u00a0\u00a0\u00a0\u00a0\u00a0\u00a0\u00a0\u00a0\u00a0\u00a0\u00a0\u00a0\u00a0\u00a0\u00a0\u00a0\u00a0\u00a0\u00a0\u00a0\u00a0\u00a0\u00a0\u00a0\u00a0\u00a0\u00a0 Action libre, sentie comme fictive, situ\u00e9e hors de la vie courante, accomplie selon des r\u00e8gles donn\u00e9es, dans un temps et un espace donn\u00e9.<\/p>\n<p>Mime *\u00a0\u00a0\u00a0\u00a0\u00a0\u00a0\u00a0\u00a0\u00a0\u00a0\u00a0\u00a0\u00a0\u00a0\u00a0\u00a0\u00a0\u00a0\u00a0\u00a0\u00a0\u00a0\u00a0\u00a0\u00a0\u00a0\u00a0\u00a0\u00a0\u00a0\u00a0 Le mime est un acteur et une forme de th\u00e9\u00e2tre dont les expressions principales dont l\u2019attitude et le geste.<\/p>\n<p>Projection\u00a0\u00a0\u00a0\u00a0\u00a0\u00a0\u00a0\u00a0\u00a0\u00a0\u00a0\u00a0\u00a0\u00a0\u00a0\u00a0\u00a0\u00a0\u00a0\u00a0\u00a0\u00a0\u00a0\u00a0\u00a0 Contr\u00f4le du volume, de la clart\u00e9 et de la force de voix, afin de la rendre la plus audible et compr\u00e9hensible pour l\u2019auditoire.<\/p>\n<p>R\u00e9p\u00e9tition\u00a0\u00a0\u00a0\u00a0\u00a0\u00a0\u00a0\u00a0\u00a0\u00a0\u00a0\u00a0\u00a0\u00a0\u00a0\u00a0\u00a0\u00a0\u00a0\u00a0\u00a0\u00a0\u00a0\u00a0\u00a0 Exercice pr\u00e9paratoire o\u00f9 on reprend plusieurs fois des passages d\u2019une sc\u00e8ne, voire la pi\u00e8ce en entier.<\/p>\n<p>R\u00e9plique\u00a0\u00a0\u00a0\u00a0\u00a0\u00a0\u00a0\u00a0\u00a0\u00a0\u00a0\u00a0\u00a0\u00a0\u00a0\u00a0\u00a0\u00a0\u00a0\u00a0\u00a0\u00a0\u00a0\u00a0\u00a0\u00a0\u00a0\u00a0 R\u00e9ponse dans un dialogue.<\/p>\n<p>Surjouer\u00a0\u00a0\u00a0\u00a0\u00a0\u00a0\u00a0\u00a0\u00a0\u00a0\u00a0\u00a0\u00a0\u00a0\u00a0\u00a0\u00a0\u00a0\u00a0\u00a0\u00a0\u00a0\u00a0\u00a0\u00a0\u00a0\u00a0\u00a0 Jouer un r\u00f4le de mani\u00e8re trop appuy\u00e9e.<\/p>\n<p>&nbsp;<\/p>\n<p>&nbsp;<\/p>\n<p><strong>Dramaturgie<\/strong><\/p>\n<p>Action dramatique\u00a0\u00a0\u00a0\u00a0\u00a0\u00a0\u00a0\u00a0 Ce qui se produit sur sc\u00e8ne par l\u2019intervention des personnages.<\/p>\n<p><strong>Adaptation\u00a0\u00a0\u00a0\u00a0\u00a0\u00a0\u00a0\u00a0\u00a0\u00a0\u00a0\u00a0\u00a0\u00a0\u00a0 Transformation d\u2019une \u0153uvre \u00e9crite en texte dramatique. <\/strong><\/p>\n<p><strong>Canevas\u00a0\u00a0\u00a0\u00a0\u00a0\u00a0\u00a0\u00a0\u00a0\u00a0\u00a0\u00a0\u00a0\u00a0\u00a0\u00a0\u00a0\u00a0\u00a0\u00a0\u00a0 Plan de l\u2019ensemble de la pi\u00e8ce, notes pr\u00e9liminaires sur l\u2019intrigue, son d\u00e9roulement, ses points majeurs. <\/strong><\/p>\n<p>Com\u00e9die\u00a0\u00a0\u00a0\u00a0\u00a0\u00a0\u00a0\u00a0\u00a0\u00a0\u00a0\u00a0\u00a0\u00a0\u00a0\u00a0\u00a0\u00a0\u00a0\u00a0\u00a0\u00a0\u00a0\u00a0\u00a0\u00a0\u00a0\u00a0 Action sc\u00e9nique qui provoque le rire par la situation des personnages ou par la description des caract\u00e8res et dont le d\u00e9nouement est heureux.<\/p>\n<p>Conflit\u00a0\u00a0\u00a0\u00a0\u00a0\u00a0\u00a0\u00a0\u00a0\u00a0\u00a0\u00a0\u00a0\u00a0\u00a0\u00a0\u00a0\u00a0\u00a0\u00a0\u00a0\u00a0\u00a0\u00a0\u00a0\u00a0\u00a0\u00a0\u00a0\u00a0\u00a0\u00a0\u00a0 Ce qui vient bouleverser la situation de l\u2019histoire. Pas de conflit, pas de th\u00e9\u00e2tre.<\/p>\n<p>Coup de th\u00e9\u00e2tre\u00a0\u00a0\u00a0\u00a0\u00a0\u00a0\u00a0\u00a0\u00a0\u00a0\u00a0\u00a0\u00a0 \u00c9v\u00e9nement inattendu, retournement de situation.<\/p>\n<p>Dialogue\u00a0\u00a0\u00a0\u00a0\u00a0\u00a0\u00a0\u00a0\u00a0\u00a0\u00a0\u00a0\u00a0\u00a0\u00a0\u00a0\u00a0\u00a0\u00a0\u00a0\u00a0\u00a0\u00a0\u00a0\u00a0\u00a0\u00a0\u00a0 Ce qui se dit sur sc\u00e8ne entre deux ou plusieurs personnages.<\/p>\n<p>Didascalie\u00a0\u00a0\u00a0\u00a0\u00a0\u00a0\u00a0\u00a0\u00a0\u00a0\u00a0\u00a0\u00a0\u00a0\u00a0\u00a0\u00a0\u00a0\u00a0\u00a0\u00a0\u00a0\u00a0\u00a0\u00a0\u00a0 Indication sc\u00e9nique donn\u00e9es par l\u2019auteur, qui comprennent la liste des personnages, la description des d\u00e9cors et accessoires ainsi que les modes de jeu des acteurs.\u00a0 Il existe quatre types de didascalies\u00a0: Lieux, temps, actions, intentions de jeu.<\/p>\n<p>Drame\u00a0\u00a0\u00a0\u00a0\u00a0\u00a0\u00a0\u00a0\u00a0\u00a0\u00a0\u00a0\u00a0\u00a0\u00a0\u00a0\u00a0\u00a0\u00a0\u00a0\u00a0\u00a0\u00a0\u00a0\u00a0\u00a0\u00a0\u00a0\u00a0\u00a0\u00a0\u00a0\u00a0 Il s\u2019agit d\u2019un genre th\u00e9\u00e2tral qui \u00e9meut vivement, qui est grave, dangereux ou p\u00e9nible.<\/p>\n<p>\u00c9criture dramatique\u00a0\u00a0\u00a0\u00a0\u00a0\u00a0 Structure litt\u00e9raire reposant sur quelques principes dramaturgique\u00a0: S\u00e9paration des r\u00f4les, dialogues, tension dramatique, action des personnages.<\/p>\n<p>\u00c9criture sc\u00e9nique\u00a0\u00a0\u00a0\u00a0\u00a0\u00a0\u00a0\u00a0\u00a0\u00a0\u00a0 Issue de la mise en sc\u00e8ne, qu\u2019elle ait \u00e9t\u00e9 produite ou non \u00e0 partir d\u2019un texte dramatique.<\/p>\n<p>Genre\u00a0\u00a0\u00a0\u00a0\u00a0\u00a0\u00a0\u00a0\u00a0\u00a0\u00a0\u00a0\u00a0\u00a0\u00a0\u00a0\u00a0\u00a0\u00a0\u00a0\u00a0\u00a0\u00a0\u00a0\u00a0\u00a0\u00a0\u00a0\u00a0\u00a0\u00a0\u00a0\u00a0 Cat\u00e9gorie d\u2019\u0153uvres th\u00e9\u00e2trales\u00a0: Com\u00e9die, drame, trag\u00e9die, etc.<\/p>\n<p>Monologue\u00a0\u00a0\u00a0\u00a0\u00a0\u00a0\u00a0\u00a0\u00a0\u00a0\u00a0\u00a0\u00a0\u00a0\u00a0\u00a0\u00a0\u00a0\u00a0\u00a0\u00a0\u00a0\u00a0 Sc\u00e8ne parl\u00e9e, \u00e0 un personnage; discours apparemment adress\u00e9 \u00e0 soi-m\u00eame ou \u00e0 un auditoire dont on n\u2019attend pas de r\u00e9ponse.<\/p>\n<p>Progression dramatique\u00a0\u00a0\u00a0\u00a0\u00a0\u00a0\u00a0\u00a0\u00a0\u00a0\u00a0\u00a0\u00a0 \u00c9volution de l\u2019action dramatique.<\/p>\n<p>R\u00e9pertoire\u00a0\u00a0\u00a0\u00a0\u00a0\u00a0\u00a0\u00a0\u00a0\u00a0\u00a0\u00a0\u00a0\u00a0\u00a0\u00a0\u00a0\u00a0\u00a0\u00a0\u00a0\u00a0\u00a0\u00a0 Ensemble des pi\u00e8ces jou\u00e9es par un m\u00eame th\u00e9\u00e2tre; ensemble de pi\u00e8ces d\u2019un m\u00eame style ou d\u2019une m\u00eame \u00e9poque; ensemble des r\u00f4les qu\u2019un acteur a interpr\u00e9t\u00e9s ou qui sont dans son registre.<\/p>\n<p>Texte dramatique\u00a0\u00a0\u00a0\u00a0\u00a0\u00a0\u00a0\u00a0\u00a0\u00a0 \u00c9crit o\u00f9 la th\u00e9\u00e2tralit\u00e9 est inscrite.<\/p>\n<p>&nbsp;<\/p>\n<p><strong>Structure th\u00e9\u00e2trale<\/strong><\/p>\n<p>Aire de jeu\u00a0\u00a0\u00a0\u00a0\u00a0\u00a0\u00a0\u00a0\u00a0\u00a0\u00a0\u00a0\u00a0\u00a0\u00a0\u00a0\u00a0\u00a0\u00a0\u00a0\u00a0\u00a0\u00a0\u00a0 L\u2019endroit o\u00f9 les acteurs performent.<\/p>\n<p>Arri\u00e8re-sc\u00e8ne\u00a0\u00a0\u00a0\u00a0\u00a0\u00a0\u00a0\u00a0\u00a0\u00a0\u00a0\u00a0\u00a0\u00a0\u00a0\u00a0\u00a0\u00a0 Partie de la sc\u00e8ne qui est la plus \u00e9loign\u00e9e des spectateurs.<\/p>\n<p>Avant-sc\u00e8ne\u00a0\u00a0\u00a0\u00a0\u00a0\u00a0\u00a0\u00a0\u00a0\u00a0\u00a0\u00a0\u00a0\u00a0\u00a0\u00a0\u00a0\u00a0\u00a0\u00a0 Partie de la sc\u00e8ne qui est le plus pr\u00e8s des spectateurs.<\/p>\n<p>Convention th\u00e9\u00e2trale\u00a0\u00a0\u00a0 Ce sont l\u2019ensemble des r\u00e8gles qui r\u00e9git les diff\u00e9rents \u00e9l\u00e9ments th\u00e9\u00e2traux.<\/p>\n<p>C\u00f4t\u00e9 COUR\u00a0\u00a0\u00a0\u00a0\u00a0\u00a0\u00a0\u00a0\u00a0\u00a0\u00a0\u00a0\u00a0\u00a0\u00a0\u00a0\u00a0\u00a0\u00a0\u00a0\u00a0\u00a0\u00a0 C\u00f4t\u00e9 droit de la sc\u00e8ne du point de vue du public.<\/p>\n<p>C\u00f4t\u00e9 JARDIN\u00a0\u00a0\u00a0\u00a0\u00a0\u00a0\u00a0\u00a0\u00a0\u00a0\u00a0\u00a0\u00a0\u00a0\u00a0\u00a0\u00a0\u00a0\u00a0\u00a0 C\u00f4t\u00e9 gauche de la sc\u00e8ne du point de vue du public.<\/p>\n<p>Coulisse\u00a0\u00a0\u00a0\u00a0\u00a0\u00a0\u00a0\u00a0\u00a0\u00a0\u00a0\u00a0\u00a0\u00a0\u00a0\u00a0\u00a0\u00a0\u00a0\u00a0\u00a0\u00a0\u00a0\u00a0\u00a0\u00a0\u00a0\u00a0\u00a0\u00a0 Partie situ\u00e9e derri\u00e8re et sur les c\u00f4t\u00e9s de la sc\u00e8ne et qui ne peut \u00eatre vue du public.<\/p>\n<p>Encha\u00eenement *\u00a0\u00a0\u00a0\u00a0\u00a0\u00a0\u00a0\u00a0\u00a0\u00a0\u00a0\u00a0\u00a0 R\u00e9p\u00e9tition au cours de laquelle on joue toutes les sc\u00e8nes d\u2019un spectacle selon l\u2019ordre et en principe sans interruption.<\/p>\n<p>Espace sc\u00e9nique\u00a0\u00a0\u00a0\u00a0\u00a0\u00a0\u00a0\u00a0\u00a0\u00a0\u00a0\u00a0\u00a0 Espace propos\u00e9 sur sc\u00e8ne par le sc\u00e9nographe et le metteur en sc\u00e8ne.<\/p>\n<p>Espace sc\u00e9nographique\u00a0\u00a0\u00a0\u00a0\u00a0\u00a0\u00a0\u00a0\u00a0\u00a0\u00a0\u00a0\u00a0\u00a0 Am\u00e9nagement de la sc\u00e8ne comportant les d\u00e9cors et accessoires servant l\u2019\u0153uvre th\u00e9\u00e2trale.<\/p>\n<p>G\u00e9n\u00e9rale *\u00a0\u00a0\u00a0\u00a0\u00a0\u00a0\u00a0\u00a0\u00a0\u00a0\u00a0\u00a0\u00a0\u00a0\u00a0\u00a0\u00a0\u00a0\u00a0\u00a0\u00a0\u00a0\u00a0\u00a0 Premier encha\u00eenement complet et continu d\u2019un spectacle (Avec tous les \u00e9l\u00e9ments\u00a0: costumes, sc\u00e9nographie, \u00e9clairages, maquillages, effets sonores, effets sp\u00e9ciaux, ect.) La g\u00e9n\u00e9rale permet de voir le spectacle dans son ensemble, comme s\u2019il \u00e9tait jou\u00e9 devant public.<\/p>\n<p>Mise en sc\u00e8ne\u00a0\u00a0\u00a0\u00a0\u00a0\u00a0\u00a0\u00a0\u00a0\u00a0\u00a0\u00a0\u00a0\u00a0\u00a0\u00a0\u00a0 Action de diriger les com\u00e9diens pendant les r\u00e9p\u00e9titions et de les conseiller. Le metteur en sc\u00e8ne imagine l\u2019ensemble du spectacle et son d\u00e9roulement. Il d\u00e9cide du jeu des acteurs, de leurs costumes, de la sc\u00e9nographie, des accessoires, de l\u2019\u00e9clairage et de la musique.<\/p>\n<p>Noir\u00a0\u00a0\u00a0\u00a0\u00a0\u00a0\u00a0\u00a0\u00a0\u00a0\u00a0\u00a0\u00a0\u00a0\u00a0\u00a0\u00a0\u00a0\u00a0\u00a0\u00a0\u00a0\u00a0\u00a0\u00a0\u00a0\u00a0\u00a0\u00a0\u00a0\u00a0\u00a0\u00a0\u00a0\u00a0\u00a0\u00a0\u00a0 Absence de lumi\u00e8re sur sc\u00e8ne qui interrompt la continuit\u00e9 de l\u2019action dramatique.<\/p>\n<p>Repr\u00e9sentation\u00a0\u00a0\u00a0\u00a0\u00a0\u00a0\u00a0\u00a0\u00a0\u00a0\u00a0\u00a0\u00a0\u00a0\u00a0\u00a0\u00a0\u00a0\u00a0\u00a0\u00a0\u00a0\u00a0\u00a0\u00a0\u00a0\u00a0\u00a0\u00a0\u00a0 Action de pr\u00e9senter une \u0153uvre dramatique devant un public.<\/p>\n<p>Rythme\u00a0\u00a0\u00a0\u00a0\u00a0\u00a0\u00a0\u00a0\u00a0\u00a0\u00a0\u00a0\u00a0\u00a0\u00a0\u00a0\u00a0\u00a0\u00a0\u00a0\u00a0\u00a0\u00a0\u00a0\u00a0\u00a0\u00a0\u00a0\u00a0\u00a0 C\u2019est ce qui fait d\u2019une pi\u00e8ce qu\u2019il n\u2019y a pas de temps mort et que tout s\u2019encha\u00eene avec fluidit\u00e9.<\/p>\n<p>Sc\u00e8ne \u00a0\u00a0\u00a0\u00a0\u00a0\u00a0\u00a0\u00a0\u00a0\u00a0\u00a0\u00a0\u00a0\u00a0\u00a0\u00a0\u00a0\u00a0\u00a0\u00a0\u00a0\u00a0\u00a0\u00a0\u00a0\u00a0\u00a0\u00a0\u00a0\u00a0\u00a0\u00a0\u00a0 Lieu o\u00f9 se d\u00e9roule la repr\u00e9sentation th\u00e9\u00e2trale, o\u00f9 jouent les acteurs; plateau.<\/p>\n<p>Sc\u00e8ne \u00c9lisab\u00e9thaine\u00a0\u00a0\u00a0\u00a0\u00a0\u00a0 Le public entoure souvent la sc\u00e8ne par trois c\u00f4t\u00e9s.<\/p>\n<p>Sc\u00e8ne italienne\u00a0\u00a0\u00a0\u00a0\u00a0\u00a0\u00a0\u00a0\u00a0\u00a0\u00a0\u00a0\u00a0\u00a0\u00a0 Le cadre de sc\u00e8ne est per\u00e7u comme un tableau, compos\u00e9 en fonction de l&#8217;\u0153il du prince, c&#8217;est-\u00e0-dire de fa\u00e7on \u00e0 \u00eatre vu de face.<\/p>\n<p>Sc\u00e9nographie\u00a0\u00a0\u00a0\u00a0\u00a0\u00a0\u00a0\u00a0\u00a0\u00a0\u00a0\u00a0\u00a0\u00a0\u00a0\u00a0\u00a0\u00a0\u00a0 Art de l\u2019organisation de l\u2019espace th\u00e9\u00e2tral.\u00a0 Ensemble des \u00e9l\u00e9ments (toiles peintes, praticables, mobilier\u2026) qui d\u00e9terminent cet espace.\u00a0 Subdivision d\u2019une pi\u00e8ce de th\u00e9\u00e2tre o\u00f9 l\u2019action est uniforme. Une nouvelle sc\u00e8ne commence avec l\u2019arriv\u00e9e d\u2019un personnage ou un changement dans le d\u00e9roulement.<\/p>\n<p>&nbsp;<\/p>\n","protected":false},"excerpt":{"rendered":"<p>Jeu Cabotinage\u00a0\u00a0\u00a0\u00a0\u00a0\u00a0\u00a0\u00a0\u00a0\u00a0\u00a0\u00a0\u00a0\u00a0\u00a0\u00a0\u00a0\u00a0\u00a0\u00a0\u00a0\u00a0\u00a0 Jeu de l\u2019acteur visant essentiellement \u00e0 se valoriser lui-m\u00eame. Diction *\u00a0\u00a0\u00a0\u00a0\u00a0\u00a0\u00a0\u00a0\u00a0\u00a0\u00a0\u00a0\u00a0\u00a0\u00a0\u00a0\u00a0\u00a0\u00a0\u00a0\u00a0\u00a0\u00a0\u00a0\u00a0\u00a0\u00a0\u00a0\u00a0 La diction est l\u2019art ou la discipline qui consiste \u00e0 bien prononcer en parlant ou en chantant un texte. Gestuelle *\u00a0\u00a0\u00a0\u00a0\u00a0\u00a0\u00a0\u00a0\u00a0\u00a0\u00a0\u00a0\u00a0\u00a0\u00a0\u00a0\u00a0\u00a0\u00a0\u00a0\u00a0\u00a0\u00a0 Ensemble et mode des mouvements d\u2019un acteur ou d\u2019un spectacle. Improvisation *\u00a0\u00a0\u00a0\u00a0\u00a0\u00a0\u00a0\u00a0\u00a0\u00a0\u00a0\u00a0\u00a0\u00a0\u00a0 Action de cr\u00e9er, d\u2019inventer et de jouer une sc\u00e8ne [&hellip;]<\/p>\n","protected":false},"author":22,"featured_media":0,"parent":0,"menu_order":0,"comment_status":"closed","ping_status":"closed","template":"","meta":{"footnotes":""},"class_list":["post-3979","page","type-page","status-publish","hentry"],"jetpack_sharing_enabled":true,"_links":{"self":[{"href":"https:\/\/www.dramaction.qc.ca\/fr\/wp-json\/wp\/v2\/pages\/3979","targetHints":{"allow":["GET"]}}],"collection":[{"href":"https:\/\/www.dramaction.qc.ca\/fr\/wp-json\/wp\/v2\/pages"}],"about":[{"href":"https:\/\/www.dramaction.qc.ca\/fr\/wp-json\/wp\/v2\/types\/page"}],"author":[{"embeddable":true,"href":"https:\/\/www.dramaction.qc.ca\/fr\/wp-json\/wp\/v2\/users\/22"}],"replies":[{"embeddable":true,"href":"https:\/\/www.dramaction.qc.ca\/fr\/wp-json\/wp\/v2\/comments?post=3979"}],"version-history":[{"count":0,"href":"https:\/\/www.dramaction.qc.ca\/fr\/wp-json\/wp\/v2\/pages\/3979\/revisions"}],"wp:attachment":[{"href":"https:\/\/www.dramaction.qc.ca\/fr\/wp-json\/wp\/v2\/media?parent=3979"}],"curies":[{"name":"wp","href":"https:\/\/api.w.org\/{rel}","templated":true}]}}