{"id":3922,"date":"2016-12-03T14:53:58","date_gmt":"2016-12-03T19:53:58","guid":{"rendered":"http:\/\/www.dramaction.qc.ca\/fr\/?page_id=3922"},"modified":"2020-03-10T14:26:37","modified_gmt":"2020-03-10T18:26:37","slug":"idees-de-projets-cinema","status":"publish","type":"page","link":"https:\/\/www.dramaction.qc.ca\/fr\/idees-de-projets-cinema\/","title":{"rendered":"Id\u00e9es de projets cin\u00e9ma"},"content":{"rendered":"<div class=\"wpb-content-wrapper\"><p>[vc_row][vc_column][vc_column_text]Voici quelques projets cin\u00e9ma que vous pouvez r\u00e9aliser avec vos \u00e9l\u00e8ves.\u00a0 Ces projets peuvent \u00eatre r\u00e9alis\u00e9s rapidement et avec des cam\u00e9ras de t\u00e9l\u00e9phone cellulaire.<\/p>\n<p>Ce sont des projets que j&#8217;ai fait avec mes \u00e9l\u00e8ves et qui ont eu de beaux r\u00e9sultats ![\/vc_column_text][\/vc_column][\/vc_row][vc_row fullwidth=&#8221;yes&#8221; css=&#8221;.vc_custom_1480795527112{background-color: #561313 !important;}&#8221;][vc_column][vc_empty_space][\/vc_column][\/vc_row][vc_row][vc_column width=&#8221;2\/3&#8243;][vc_column_text]<\/p>\n<h2>Narration objet<\/h2>\n<p>C&#8217;est un projet vid\u00e9o tr\u00e8s int\u00e9ressant que j&#8217;ai imagin\u00e9 cette ann\u00e9e et qui a donn\u00e9 de bons r\u00e9sultats.\u00a0 Il s&#8217;agit d&#8217;\u00e9crire un monologue (ce que dirait l&#8217;objet) d&#8217;un objet, de pr\u00e9parer un Storyboard de quelques plans int\u00e9ressants et d&#8217;en faire le tournage.<\/p>\n<p>J&#8217;ai fait utiliser <a href=\"http:\/\/audacity.fr\/\" target=\"_blank\" rel=\"noopener noreferrer\">Audacity <\/a>pour l&#8217;enregistrement du son et ils ont utilis\u00e9 des logiciels courants pour faire le montage vid\u00e9o.<\/p>\n<p>En ce qui a trait \u00e0 Audacity, j&#8217;ai montr\u00e9 aux \u00e9l\u00e8ves \u00e0 <a href=\"https:\/\/www.youtube.com\/watch?v=kIFMwyqdyZw\" target=\"_blank\" rel=\"noopener noreferrer\">supprimer le bruit<\/a> de fond de la narration et \u00e0 utiliser diff\u00e9rents effets simples qu&#8217;offre le logiciel.<\/p>\n<p><strong>Objectif de la cr\u00e9ation de vid\u00e9o<\/strong><\/p>\n<p>J&#8217;ai souvent fait des courts m\u00e9trages avec mes \u00e9l\u00e8ves et je trouvais que le r\u00e9sultat n&#8217;\u00e9tais pas toujours int\u00e9ressant.\u00a0 Les \u00e9l\u00e8ves \u00e9crivaient de bons sc\u00e9narios mais avaient de la difficult\u00e9 \u00e0 travailler l&#8217;image&#8230;<\/p>\n<p>C&#8217;est avec ce projet, ou on doit &#8220;l\u00e9cher&#8221; l&#8217;image de chacun des plans que je suis arriv\u00e9 \u00e0 faire d\u00e9couvrir le cadrage et le geste artistique dans la vid\u00e9o ![\/vc_column_text][\/vc_column][vc_column width=&#8221;1\/3&#8243;]<h2 style=\"text-align: left;color: #841d1d;margin-bottom: 25px;\">Exemple d'\u00e9l\u00e8ves<\/h2>[vc_empty_space][vc_column_text]<strong>Exemple de projet r\u00e9alis\u00e9<\/strong><br \/>\n<iframe src=\"https:\/\/www.youtube.com\/embed\/sSwjNXMuh_E\" width=\"250\" height=\"150\" frameborder=\"0\" allowfullscreen=\"allowfullscreen\"><\/iframe>[\/vc_column_text][vc_column_text]<em>Je vous demande de l&#8217;indulgence en ce qui a trait \u00e0 la qualit\u00e9 de la langue&#8230; c&#8217;\u00e9tait un projet tr\u00e8s libre dans un milieu tr\u00e8s anglophone&#8230;<\/em>[\/vc_column_text][\/vc_column][\/vc_row][vc_row][vc_column][vc_separator color=&#8221;juicy_pink&#8221; border_width=&#8221;2&#8243;][\/vc_column][\/vc_row][vc_row][vc_column width=&#8221;2\/3&#8243;][vc_column_text]<\/p>\n<h2>Parce que le cin\u00e9ma\u2026 c\u2019est de la photo<\/h2>\n<p>Toujours dans le m\u00eame ordre d\u2019id\u00e9e (volont\u00e9 d\u2019aiguiser l\u2019oeil des \u00e9l\u00e8ves sur la beaut\u00e9 de l\u2019image), j\u2019ai cr\u00e9\u00e9 cet autre projet connexe, la prise de 5 photos d\u2019un m\u00eame objet dans des d\u00e9cors diff\u00e9rents. J\u2019ai demand\u00e9 \u00e0 recevoir des images qui ne sont pas modifi\u00e9es (filtres populaires, \u00e9clairages\u2026)<\/p>\n<p>Bien entendu, j\u2019ai fait quelques essais en classe pour leur montrer comment obtenir de meilleures images.<\/p>\n<ul>\n<li>\u00c0 la hauteur du sujet<\/li>\n<li>Tr\u00e8s du sujet<\/li>\n<li>Objet ayant une texture particuli\u00e8re (transparence, r\u00e9flexion\u2026)<\/li>\n<\/ul>\n<p>J\u2019ai \u00e9t\u00e9 bien satisfait du r\u00e9sultat et les \u00e9l\u00e8ves ont commencer \u00e0 composer d\u2019avantage leurs images (photos ou vid\u00e9o)[\/vc_column_text][\/vc_column][vc_column width=&#8221;1\/3&#8243;][vc_gallery interval=&#8221;3&#8243; images=&#8221;3931,3930,3929,3928,3927,3933,3934,3935,3936&#8243;][\/vc_column][\/vc_row][vc_row][vc_column][vc_separator color=&#8221;juicy_pink&#8221; border_width=&#8221;2&#8243;][\/vc_column][\/vc_row][vc_row][vc_column][vc_separator color=&#8221;juicy_pink&#8221; border_width=&#8221;2&#8243;][\/vc_column][\/vc_row][vc_row][vc_column width=&#8221;2\/3&#8243;][vc_column_text]<\/p>\n<h2>Conversation Facetime<\/h2>\n<p>Projet \u00e0 faire en classe et \u00e0 la maison. Les \u00e9l\u00e8ves doivent \u00e9crire un sc\u00e9nario : une conversation Facetime entre deux personnes.<\/p>\n<p>\u00c0 la maison, un des deux \u00e9l\u00e8ves se filme (plan s\u00e9quence avec cellulaire ou webcam) et fait sa partie du dialogue. Malgr\u00e9 le fait que \u00e7a ne soit pas enregistr\u00e9, il doit laisser un espace silencieux pour les endroits o\u00f9 parle son partenaire de jeu et surtout r\u00e9agir correctement \u00e0 ce qui serait dit.<\/p>\n<p>De retour en classe, On projette la vid\u00e9o et l&#8217;autre co-\u00e9quipier doit faire devant public comme s&#8217;il conversait avec le personnage \u00e0 l&#8217;\u00e9cran.<\/p>\n<p><strong>Objectifs vis\u00e9<\/strong><\/p>\n<p>Les \u00e9l\u00e8ves ont tendance \u00e0 n\u00e9gliger la pr\u00e9paration \u00e0 l&#8217;enregistrement d&#8217;un film. Ce projet les invite \u00e0 comprendre son importance.[\/vc_column_text][\/vc_column][vc_column width=&#8221;1\/3&#8243;][vc_column_text]D\u00e9sol\u00e9&#8230; ici pas d&#8217;exemple puisque le r\u00e9sultat implique des gros plans du visage de mes \u00e9l\u00e8ves :)[\/vc_column_text][\/vc_column][\/vc_row][vc_row][vc_column][vc_separator color=&#8221;juicy_pink&#8221; border_width=&#8221;2&#8243;][\/vc_column][\/vc_row][vc_row][vc_column width=&#8221;2\/3&#8243;][vc_column_text]<\/p>\n<h2>\u00ab Boring Room Challenge \u00bb<\/h2>\n<p>En cherchant des id\u00e9es de projets int\u00e9ressants, je suis tomb\u00e9 sur une vid\u00e9o YouTube qui pr\u00e9sentait un court projet cin\u00e9ma : \u00ab The Boring Room Challenge \u00bb.\u00a0 En gros, il s&#8217;agit de faire une courte sc\u00e8ne dans un lieu plus ou moins neutre, voire moche, et de tourner des images qui peuvent \u00eatre int\u00e9ressante en utilisant les d\u00e9tails, l&#8217;\u00e9motion.<\/p>\n<p>Voici le lien : https:\/\/www.youtube.com\/watch?v=i8Fo0yL18Pc<\/p>\n<p>Pour aller plus loin avec mes \u00e9l\u00e8ves, j&#8217;ai pris la peine de discuter des genres.\u00a0 Normalement, les \u00e9l\u00e8ves ont tendance \u00e0 faire un malheureux m\u00e9lange des genres&#8230; par manque d&#8217;exp\u00e9rience, par incompr\u00e9hension m\u00eame de l&#8217;importance de la constance&#8230;<\/p>\n<p>J&#8217;ai donc ajout\u00e9 au projet l&#8217;obligation de choisir un genre et de le respecter.<\/p>\n<p>Les r\u00e9sultats \u00e9taient vraiment tr\u00e8s int\u00e9ressants et leurs apprentissages ont \u00e9t\u00e9 surprenants.[\/vc_column_text][\/vc_column][vc_column width=&#8221;1\/3&#8243;][vc_column_text]D\u00e9sol\u00e9&#8230; ici pas d&#8217;exemple puisque le r\u00e9sultat implique des gros plans du visage de mes \u00e9l\u00e8ves :)[\/vc_column_text][\/vc_column][\/vc_row]<\/p>\n<\/div>","protected":false},"excerpt":{"rendered":"<p>[vc_row][vc_column][vc_column_text]Voici quelques projets cin\u00e9ma que vous pouvez r\u00e9aliser avec vos \u00e9l\u00e8ves.\u00a0 Ces projets peuvent \u00eatre r\u00e9alis\u00e9s rapidement et avec des cam\u00e9ras de t\u00e9l\u00e9phone cellulaire. Ce sont des projets que j&#8217;ai fait avec mes \u00e9l\u00e8ves et qui ont eu de beaux r\u00e9sultats ![\/vc_column_text][\/vc_column][\/vc_row][vc_row fullwidth=&#8221;yes&#8221; css=&#8221;.vc_custom_1480795527112{background-color: #561313 !important;}&#8221;][vc_column][vc_empty_space][\/vc_column][\/vc_row][vc_row][vc_column width=&#8221;2\/3&#8243;][vc_column_text] Narration objet C&#8217;est un projet vid\u00e9o tr\u00e8s int\u00e9ressant [&hellip;]<\/p>\n","protected":false},"author":22,"featured_media":0,"parent":0,"menu_order":0,"comment_status":"closed","ping_status":"closed","template":"","meta":{"footnotes":""},"class_list":["post-3922","page","type-page","status-publish","hentry"],"jetpack_sharing_enabled":true,"_links":{"self":[{"href":"https:\/\/www.dramaction.qc.ca\/fr\/wp-json\/wp\/v2\/pages\/3922","targetHints":{"allow":["GET"]}}],"collection":[{"href":"https:\/\/www.dramaction.qc.ca\/fr\/wp-json\/wp\/v2\/pages"}],"about":[{"href":"https:\/\/www.dramaction.qc.ca\/fr\/wp-json\/wp\/v2\/types\/page"}],"author":[{"embeddable":true,"href":"https:\/\/www.dramaction.qc.ca\/fr\/wp-json\/wp\/v2\/users\/22"}],"replies":[{"embeddable":true,"href":"https:\/\/www.dramaction.qc.ca\/fr\/wp-json\/wp\/v2\/comments?post=3922"}],"version-history":[{"count":1,"href":"https:\/\/www.dramaction.qc.ca\/fr\/wp-json\/wp\/v2\/pages\/3922\/revisions"}],"predecessor-version":[{"id":7174,"href":"https:\/\/www.dramaction.qc.ca\/fr\/wp-json\/wp\/v2\/pages\/3922\/revisions\/7174"}],"wp:attachment":[{"href":"https:\/\/www.dramaction.qc.ca\/fr\/wp-json\/wp\/v2\/media?parent=3922"}],"curies":[{"name":"wp","href":"https:\/\/api.w.org\/{rel}","templated":true}]}}