{"id":387,"date":"2010-10-25T10:05:55","date_gmt":"2010-10-25T14:05:55","guid":{"rendered":"http:\/\/www.dramaction.qc.ca\/fr\/"},"modified":"2017-01-25T17:17:54","modified_gmt":"2017-01-25T22:17:54","slug":"tableau-daffichage-gratuit","status":"publish","type":"page","link":"https:\/\/www.dramaction.qc.ca\/fr\/improvisation\/tableau-daffichage-gratuit\/","title":{"rendered":"Tableau d&#8217;affichage gratuit"},"content":{"rendered":"<p>Je suis vraiment heureux de voir que cette ressource est enfin revenue ! Voici la ressource, <strong>un tableau indicateur pour les joutes d&#8217;improvisation<\/strong> ! Tous les renseignements compris dans cette page provient directement de la d\u00e9funte page &#8220;Gazou.qc.ca&#8221; qui \u00e9tait une belle ressource pour les amateurs d&#8217;improvisation.<\/p>\n<p>L&#8217;affichage des r\u00e9sultats lors d&#8217;un match d&#8217;improvisation est souvent fort appr\u00e9ci\u00e9, mais il n&#8217;est pas toujours facile de s&#8217;\u00e9quiper d&#8217;un tableau indicateur attrayant et pouvant en offrir plus&#8230; Adieu les cartons num\u00e9rot\u00e9s, GAZOU vous offre maintenant une solution advenant pour vous la facilit\u00e9 de vous procurer un ordinateur portable et\/ou moniteur t\u00e9l\u00e9visuel (d\u00e9j\u00e0 pr\u00e9sent dans certains bars).<\/p>\n<p>Fonctionnant \u00e0 la fois sur les syst\u00e8mes d&#8217;exploitation PC et Mac, il s&#8217;agit d&#8217;un petit logiciel tout \u00e0 fait ind\u00e9pendant (vous n&#8217;aurez donc pas besoin d&#8217;installer quelconque lecteur pour le faire fonctionner).\u00a0 Cela est vraiment pratique et vous sauvera temps et efforts.<strong><img decoding=\"async\" class=\"size-full wp-image-4903 aligncenter\" src=\"http:\/\/www.dramaction.qc.ca\/fr\/wp-content\/uploads\/2010\/10\/compteur.gif\" alt=\"\" width=\"318\" height=\"237\" \/><\/strong><\/p>\n<p><strong>Mode d&#8217;emploi Les ic\u00f4nes secr\u00e8tes<\/strong><\/p>\n<p><img decoding=\"async\" class=\"alignright size-full wp-image-4904\" src=\"http:\/\/www.dramaction.qc.ca\/fr\/wp-content\/uploads\/2010\/10\/detailcompteur1.gif\" alt=\"\" width=\"329\" height=\"489\" \/>Peu perceptibles, c&#8217;est en positionnant la souris sur l&#8217;un d&#8217;eux qu&#8217;une image vient cacher tout l&#8217;\u00e9cran par une annonce. En tout, 9 possibilit\u00e9s sont offertes:<\/p>\n<ul>\n<li><span style=\"font-family: Verdana, Arial, Helvetica, sans-serif;\">L&#8217;annonce du d\u00e9but du match;<\/span><\/li>\n<li><span style=\"font-family: Verdana, Arial, Helvetica, sans-serif;\">L&#8217;hymne;<\/span><\/li>\n<li><span style=\"font-family: Verdana, Arial, Helvetica, sans-serif;\">Le caucus;<\/span><\/li>\n<li><span style=\"font-family: Verdana, Arial, Helvetica, sans-serif;\">Le vote;<\/span><\/li>\n<li><span style=\"font-family: Verdana, Arial, Helvetica, sans-serif;\">L&#8217;entracte;<\/span><\/li>\n<li><span style=\"font-family: Verdana, Arial, Helvetica, sans-serif;\">La p\u00e9nalit\u00e9;<\/span><\/li>\n<li><span style=\"font-family: Verdana, Arial, Helvetica, sans-serif;\">L&#8217;expulsion;<\/span><\/li>\n<li><span style=\"font-family: Verdana, Arial, Helvetica, sans-serif;\">La fusillade;<\/span><\/li>\n<li><span style=\"font-family: Verdana, Arial, Helvetica, sans-serif;\">Les \u00e9toiles du match.<\/span><\/li>\n<\/ul>\n<p><span style=\"font-family: Verdana, Arial, Helvetica, sans-serif;\">Il ne suffit que de laisser la souris sur l&#8217;ic\u00f4ne afin que l&#8217;image apparaisse et celle-ci repartira d\u00e8s que la souris bougera \u00e0 nouveau.*<\/span><\/p>\n<p><span style=\"font-family: Verdana, Arial, Helvetica, sans-serif;\"><strong>Les p\u00e9nalit\u00e9s<\/strong><br \/>\nServant \u00e0 symboliser qu&#8217;une p\u00e9nalit\u00e9 est attribu\u00e9e \u00e0 une \u00e9quipe, c&#8217;est en cliquant sur le cercle gris qu&#8217;un visage de gazou s&#8217;affichera. \u00c0 la suite de trois p\u00e9nalit\u00e9s tels qu&#8217;\u00e0 la coutume des r\u00e8glements du jeu, un point pourra s&#8217;ajouter \u00e0 l&#8217;\u00e9quipe adverse.<\/span><\/p>\n<p><span style=\"font-family: Verdana, Arial, Helvetica, sans-serif;\"><strong>Le pointage <\/strong><br \/>\nC&#8217;est en cliquant directement avec la souris sur les chiffres que nous pouvons, symbolis\u00e9 par une fl\u00e8che, augmenter le pointage en question ou encore le faire redescendre (en cas d&#8217;erreur) en cliquant cette fois-ci vers le bas.<\/span><\/p>\n<p><span style=\"font-family: Verdana, Arial, Helvetica, sans-serif;\"><strong>La couleur des pastilles<\/strong><br \/>\n\u00c0 la pointe de chacune des pastilles, un espace semi-visible lors du passage de la souris est destin\u00e9 \u00e0 faire changer la couleur afin de l&#8217;harmoniser avec les couleurs de l&#8217;\u00e9quipe s&#8217;y repr\u00e9sentant. Un choix de 15 couleurs est possible.<\/span><\/p>\n<p><strong><img decoding=\"async\" class=\"alignright size-full wp-image-4906\" src=\"http:\/\/www.dramaction.qc.ca\/fr\/wp-content\/uploads\/2010\/10\/jeu.gif\" alt=\"\" width=\"115\" height=\"110\" \/>Le d\u00e9compte de jeu<\/strong><\/p>\n<p>Il s&#8217;agit de la section la plus complexe du tableau indicateur qui, par d\u00e9faut, est occup\u00e9e par l&#8217;image de GAZOU. C&#8217;est en cliquant sur le visage de la mascotte que le choix du d\u00e9compte s&#8217;offre \u00e0 vous partant de 0:00 \u00e0 15:00 (le temps maximum consid\u00e9rable pour une improvisation). D\u00e8s le premier &#8220;clic de souris&#8221;, qu&#8217;il soit vers le haut ou le bas, vous constaterez \u00e0 quel niveau de la minute vous vous trouvez, soit le niveau 0 ou bien de 15 minutes, symbolis\u00e9 dans le cercle orang\u00e9. Vous n&#8217;aurez qu&#8217;\u00e0 cliquer \u00e0 nouveau pour vous rendre \u00e0 la minute d\u00e9sir\u00e9e. \u00c9galement s&#8217;affichera les secondes ajoutables \u00e0 la dite<\/p>\n<ul id=\"wp-admin-bar-root-default\" class=\"ab-top-menu\">\n<li id=\"wp-admin-bar-view\"><a class=\"ab-item\" href=\"http:\/\/www.dramaction.qc.ca\/fr\/improvisation\/tableau-daffichage-gratuit\/\">Voir la page<\/a><\/li>\n<\/ul>\n<p>minute &#8211; les cercles gris 00, 15, 30 et 45 &#8211; qui une fois le choix s\u00e9lectionn\u00e9 pr\u00e9sentera le d\u00e9compte voulu. Attention, le temps n&#8217;est pas activ\u00e9 \u00e0 ce moment. Afin de le mettre en mode &#8220;d\u00e9compte&#8221;, il faut cliquer sur le bouton &#8220;play&#8221; symbolis\u00e9 par un triangle pointant vers la droite et qui se d\u00e9voile par le passage de la souris sur les chiffres. Par ce passage, deux autres options sont \u00e9galement disponibles telles que la mise en \u00e9tat d&#8217;attente (pause), ainsi que le retour complet au choix du d\u00e9compte par un triangle \u00e0 gauche.<\/p>\n<p><strong><img decoding=\"async\" class=\"alignright size-full wp-image-4907\" src=\"http:\/\/www.dramaction.qc.ca\/fr\/wp-content\/uploads\/2010\/10\/periode1.gif\" alt=\"\" width=\"115\" height=\"110\" \/>Le d\u00e9compte de p\u00e9riode<\/strong><\/p>\n<p>Fonctionnant sous le m\u00eame principe &#8220;play&#8221; et &#8220;pause&#8221; que le d\u00e9compte de jeu, la s\u00e9lection du temps de p\u00e9riode se d\u00e9termine par les fl\u00e8ches \u00e0 l&#8217;extr\u00eame gauche du cadran offrant diff\u00e9rents niveaux allant de 15 \u00e0 50 minutes. L&#8217;utilisation du mode d&#8217;attente (pause) reste \u00e0 la discr\u00e9tion de l&#8217;utilisateur versus les r\u00e8gles de sa ligue. Pour changer de niveau il ne suffit que d&#8217;utiliser les triangles de gauche pointant soit vers le haut ou le bas.<\/p>\n<p><img decoding=\"async\" class=\"alignright size-full wp-image-4905\" src=\"http:\/\/www.dramaction.qc.ca\/fr\/wp-content\/uploads\/2010\/10\/ecrire.gif\" alt=\"\" width=\"116\" height=\"113\" \/><strong>L&#8217;affichage du th\u00e8me<\/strong><br \/>\nCette section est fort simple d&#8217;utilisation puisqu&#8217;il ne suffit que de s\u00e9lectionner le texte \u00e0 l&#8217;aide du curseur pour le changer. AVERTISSEMENT : Le nombre de caract\u00e8res \u00e9tant limit\u00e9, nous vous sugg\u00e9rons d&#8217;utiliser les points de suspension advenant un th\u00e8me trop long sinon les premiers caract\u00e8res s&#8217;effaceront par d\u00e9faut malgr\u00e9 un retour de charriot possible.<\/p>\n<p><img decoding=\"async\" class=\"alignright size-full wp-image-4908\" src=\"http:\/\/www.dramaction.qc.ca\/fr\/wp-content\/uploads\/2010\/10\/pleinecran.gif\" alt=\"\" width=\"116\" height=\"113\" \/><strong>L&#8217;affichage plein \u00e9cran<\/strong><br \/>\nAfin d&#8217;offrir de n&#8217;avoir que le tableau indicateur en plein \u00e9cran et \u00e9viter les autres interfaces de logiciel ou encore de syst\u00e8me d&#8217;exploitation, nous vous conseillons de s\u00e9lectionner dans le menu &#8220;Affichage&#8221; l&#8217;option du &#8220;Plein \u00e9cran&#8221;.<\/p>\n<p><img decoding=\"async\" class=\"alignright size-full wp-image-4907\" src=\"http:\/\/www.dramaction.qc.ca\/fr\/wp-content\/uploads\/2010\/10\/periode1.gif\" alt=\"\" width=\"115\" height=\"110\" \/><strong>L&#8217;affichage de la p\u00e9riode<\/strong><br \/>\nS&#8217;offre \u00e0 vous cinq possibilit\u00e9s. Un d\u00e9compte des p\u00e9riode de 1 \u00e0 4, ou bien encore l&#8217;affichage &#8220;premi\u00e8re&#8221; et &#8220;derni\u00e8re&#8221; p\u00e9riode, \u00e0 votre guise.<\/p>\n<p>&nbsp;<\/p>\n<hr style=\"width: 100%;\" \/>\n<p>&nbsp;<\/p>\n<h2><span style=\"font-size: large;\"><span style=\"color: #800000;\"><span style=\"font-family: Verdana,Arial,Helvetica,sans-serif;\"><strong>T\u00e9l\u00e9chargement<\/strong><\/span><\/span><\/span><\/h2>\n<hr \/>\n<p><span style=\"font-family: Verdana, Arial, Helvetica, sans-serif;\">T\u00e9l\u00e9chargez tout \u00e0 fait gratuitement le tableau indicateur GAZOU.QC.CA. <\/span><\/p>\n<p><span style=\"font-family: Verdana, Arial, Helvetica, sans-serif;\">Ind\u00e9pendant \u00e0 la version du syst\u00e8me d&#8217;exploitation install\u00e9 sur votre ordinateur, aucun autre lecteur n&#8217;est donc essentiel \u00e0 son bon fonctionnement.<\/span><\/p>\n<p>Pour ordinateur PC, sous syst\u00e8me Windows.<br \/>\n<a href=\"http:\/\/www.dramaction.qc.ca\/fr\/wp-content\/uploads\/2010\/10\/GAZOU.QC.CA15.zip\">Application PC (666K)<\/a><\/p>\n<p>Pour ordinateur Mac, sous syst\u00e8me Mac OS.<br \/>\n<a href=\"http:\/\/www.dramaction.qc.ca\/fr\/wp-content\/uploads\/2010\/10\/GAZOU.QC_.CA_.zip\">Application MAC (.zip)<\/a><\/p>\n","protected":false},"excerpt":{"rendered":"<p>Je suis vraiment heureux de voir que cette ressource est enfin revenue ! Voici la ressource, un tableau indicateur pour les joutes d&#8217;improvisation ! Tous les renseignements compris dans cette page provient directement de la d\u00e9funte page &#8220;Gazou.qc.ca&#8221; qui \u00e9tait une belle ressource pour les amateurs d&#8217;improvisation. L&#8217;affichage des r\u00e9sultats lors d&#8217;un match d&#8217;improvisation est [&hellip;]<\/p>\n","protected":false},"author":22,"featured_media":0,"parent":43,"menu_order":60,"comment_status":"open","ping_status":"open","template":"","meta":{"footnotes":""},"class_list":["post-387","page","type-page","status-publish","hentry"],"jetpack_sharing_enabled":true,"_links":{"self":[{"href":"https:\/\/www.dramaction.qc.ca\/fr\/wp-json\/wp\/v2\/pages\/387","targetHints":{"allow":["GET"]}}],"collection":[{"href":"https:\/\/www.dramaction.qc.ca\/fr\/wp-json\/wp\/v2\/pages"}],"about":[{"href":"https:\/\/www.dramaction.qc.ca\/fr\/wp-json\/wp\/v2\/types\/page"}],"author":[{"embeddable":true,"href":"https:\/\/www.dramaction.qc.ca\/fr\/wp-json\/wp\/v2\/users\/22"}],"replies":[{"embeddable":true,"href":"https:\/\/www.dramaction.qc.ca\/fr\/wp-json\/wp\/v2\/comments?post=387"}],"version-history":[{"count":0,"href":"https:\/\/www.dramaction.qc.ca\/fr\/wp-json\/wp\/v2\/pages\/387\/revisions"}],"up":[{"embeddable":true,"href":"https:\/\/www.dramaction.qc.ca\/fr\/wp-json\/wp\/v2\/pages\/43"}],"wp:attachment":[{"href":"https:\/\/www.dramaction.qc.ca\/fr\/wp-json\/wp\/v2\/media?parent=387"}],"curies":[{"name":"wp","href":"https:\/\/api.w.org\/{rel}","templated":true}]}}