{"id":385,"date":"2010-10-25T10:05:00","date_gmt":"2010-10-25T14:05:00","guid":{"rendered":"http:\/\/www.dramaction.qc.ca\/fr\/"},"modified":"2010-11-23T09:49:20","modified_gmt":"2010-11-23T14:49:20","slug":"histoire-de-la-lni","status":"publish","type":"page","link":"https:\/\/www.dramaction.qc.ca\/fr\/improvisation\/histoire-de-la-lni\/","title":{"rendered":"Histoire de la LNI"},"content":{"rendered":"<p>Dans les ann\u00e9es &#8217;60 et &#8217;70, plusieurs troupes ou compagnies th\u00e9\u00e2trales s&#8217;int\u00e9ressent au th\u00e9\u00e2tre d&#8217;improvisation et chacun y va de sa recherche pour mettre l&#8217;improvisation \u00e0 l&#8217;avant sc\u00e8ne. Plusieurs formules sont propos\u00e9es mais aucune n&#8217;atteint le succ\u00e8s du \u00abmatch d&#8217;impro\u00bb imagin\u00e9 par Robert Gravel et Yvon Leduc. Ce succ\u00e8s est sans doute attribuable au c\u00f4t\u00e9 ludique de ce spectacle qui laisse une grande latitude aux acteurs et \u00e0 son aspect interactif qui accorde une place pr\u00e9pond\u00e9rante au public.<\/p>\n<p>\u00c0 l&#8217;automne de 1977, ont lieu les premiers matchs d&#8217;improvisation th\u00e9\u00e2trale de la LNI. C&#8217;est \u00e0 m\u00eame la programmation du TEM (Th\u00e9\u00e2tre exp\u00e9rimental de Montr\u00e9al) qu&#8217;est produit ce spectacle inusit\u00e9 qui r\u00e9unit les acteurs de Montr\u00e9al autour d&#8217;une joute d&#8217;improvisation reproduisant la forme et la structure d&#8217;un match de hockey.<br \/>\nIl est pr\u00e9vu 4 repr\u00e9sentations de ce spectacle. Devant le succ\u00e8s imm\u00e9diat et pour r\u00e9pondre \u00e0 la demande (non pas seulement du public mais des acteurs qui veulent participer et des autres troupes et \u00e9coles de th\u00e9\u00e2tre qui lancent des d\u00e9fis), d&#8217;autres joutes sont organis\u00e9es; il y en aura 17 en tout en cette \u00abpremi\u00e8re saison\u00bb.<\/p>\n<p>L&#8217;ann\u00e9e suivante, le spectacle est repris avec 6 \u00e9quipes r\u00e9unissant une soixantaine d&#8217;artistes. C&#8217;est l&#8217;institutionnalisation d&#8217;un mouvement th\u00e9\u00e2tral qui fera \u00e9cole et qui demeure encore tr\u00e8s vivant.<\/p>\n<p>La formule aura \u00e9t\u00e9 reprise, avec plus ou moins de succ\u00e8s, autour de diff\u00e9rentes disciplines artistiques telles la danse, la musique, la peinture, la po\u00e9sie.<\/p>\n<p><strong>Dates importantes <\/strong><\/p>\n<ul>\n<li>En 1980, la Ligue nationale d&#8217;improvisation devient une compagnie autonome sous la gouverne de Robert Gravel, Anne-Marie Laprade et Yvon Leduc.<\/li>\n<li>En 1981, la LNI effectue une tourn\u00e9e en France. Des matchs d&#8217;exhibition et quelques rencontres avec les com\u00e9diens de Bordeaux, Marseille, Poitiers, Lille et Paris jettent les bases de l&#8217;organisation de ligues en Europe.<\/li>\n<li>\u00c0 Paris, la LNI affronte en \u00abmatchs d\u00e9fis\u00bb les compagnies suivantes : Alain Knapp, Carlo, Claude Confort\u00e8s, Le Petit Atelier, Polyg\u00e8ne et le Th\u00e9\u00e2tre de l&#8217;Unit\u00e9 qui donnent naissance \u00e0 la LIF (Ligue d&#8217;improvisation fran\u00e7aise).<\/li>\n<li>En 1982, la LNI rencontre la LIF au Festival d&#8217;Avignon.<\/li>\n<li>Le 20 d\u00e9cembre 1982, la finale de la 6e saison th\u00e9\u00e2trale de la LNI est diffus\u00e9e en direct sur les ondes de Radio-Qu\u00e9bec. C&#8217;est un point tournant qui annonce une expansion ph\u00e9nom\u00e9nale; des \u00e9quipes et des ligues d&#8217;improvisation voient le jour un peu partout.<\/li>\n<li>En 1983, la LNI se produit en Belgique, en Suisse et en France. La LIB (Belgique) et la LIS (Suisse) s&#8217;organisent. S&#8217;ajouteront aux ligues professionnelles une multitude de ligues semi-professionnelles ou d&#8217;amateurs.<\/li>\n<li>En 1985, la premi\u00e8re Coupe du Monde d&#8217;improvisation r\u00e9unit la France, la Suisse, la Belgique et le Qu\u00e9bec dans un tournoi \u00e0 Montr\u00e9al et \u00e0 Qu\u00e9bec.<\/li>\n<li>1986 : 2e Coupe du Monde \u00e0 Paris en France<\/li>\n<li>1988 : 3e en Suisse (Lausanne et Gen\u00e8ve)<\/li>\n<li>1990 : 4e en Belgique (Bruxelles)<\/li>\n<li>1992 : 5e au Qu\u00e9bec (Montr\u00e9al)<\/li>\n<li>1998 : 6e \u00e0 Marq-en-Baroeul en France<\/li>\n<li>2001 : 7e \u00e0 Grenoble en France<\/li>\n<li>En ao\u00fbt 1996, Robert Gravel d\u00e9c\u00e8de \u00e0 l&#8217;\u00e2ge de 51 ans.<\/li>\n<li>En 1997, la LNI c\u00e9l\u00e8bre ses 20 ans en organisant une s\u00e9rie d&#8217;\u00e9v\u00e9nements r\u00e9unissant plusieurs g\u00e9n\u00e9rations de joueurs.<\/li>\n<li>En 1998, en association avec le Festival Juste pour rire, la LNI effectue un retour \u00e0 la t\u00e9l\u00e9vision avec diverses adaptations de la formule originale.<\/li>\n<\/ul>\n<p><span style=\"font-family: Geneva,Arial,Helvetica,san-serif;\"><em>Source : <a href=\"http:\/\/www.lni.ca\/\" target=\"_blank\">www.lni.ca<\/a>, le site officiel de la LNI<\/em><\/span><\/p>\n","protected":false},"excerpt":{"rendered":"<p>Dans les ann\u00e9es &#8217;60 et &#8217;70, plusieurs troupes ou compagnies th\u00e9\u00e2trales s&#8217;int\u00e9ressent au th\u00e9\u00e2tre d&#8217;improvisation et chacun y va de sa recherche pour mettre l&#8217;improvisation \u00e0 l&#8217;avant sc\u00e8ne. Plusieurs formules sont propos\u00e9es mais aucune n&#8217;atteint le succ\u00e8s du \u00abmatch d&#8217;impro\u00bb imagin\u00e9 par Robert Gravel et Yvon Leduc. Ce succ\u00e8s est sans doute attribuable au c\u00f4t\u00e9 [&hellip;]<\/p>\n","protected":false},"author":22,"featured_media":0,"parent":43,"menu_order":160,"comment_status":"open","ping_status":"open","template":"","meta":{"footnotes":""},"class_list":["post-385","page","type-page","status-publish","hentry"],"jetpack_sharing_enabled":true,"_links":{"self":[{"href":"https:\/\/www.dramaction.qc.ca\/fr\/wp-json\/wp\/v2\/pages\/385","targetHints":{"allow":["GET"]}}],"collection":[{"href":"https:\/\/www.dramaction.qc.ca\/fr\/wp-json\/wp\/v2\/pages"}],"about":[{"href":"https:\/\/www.dramaction.qc.ca\/fr\/wp-json\/wp\/v2\/types\/page"}],"author":[{"embeddable":true,"href":"https:\/\/www.dramaction.qc.ca\/fr\/wp-json\/wp\/v2\/users\/22"}],"replies":[{"embeddable":true,"href":"https:\/\/www.dramaction.qc.ca\/fr\/wp-json\/wp\/v2\/comments?post=385"}],"version-history":[{"count":0,"href":"https:\/\/www.dramaction.qc.ca\/fr\/wp-json\/wp\/v2\/pages\/385\/revisions"}],"up":[{"embeddable":true,"href":"https:\/\/www.dramaction.qc.ca\/fr\/wp-json\/wp\/v2\/pages\/43"}],"wp:attachment":[{"href":"https:\/\/www.dramaction.qc.ca\/fr\/wp-json\/wp\/v2\/media?parent=385"}],"curies":[{"name":"wp","href":"https:\/\/api.w.org\/{rel}","templated":true}]}}