{"id":383,"date":"2010-10-25T10:04:23","date_gmt":"2010-10-25T14:04:23","guid":{"rendered":"http:\/\/www.dramaction.qc.ca\/fr\/"},"modified":"2010-10-25T12:55:11","modified_gmt":"2010-10-25T16:55:11","slug":"punitions","status":"publish","type":"page","link":"https:\/\/www.dramaction.qc.ca\/fr\/improvisation\/punitions\/","title":{"rendered":"Punitions"},"content":{"rendered":"<p><strong><a href=\"http:\/\/www.dramaction.qc.ca\/fr\/wp-content\/uploads\/2010\/10\/accessoire.gif\"><img decoding=\"async\" class=\"alignleft size-full wp-image-399\" title=\"accessoire ill\u00e9gal\" src=\"http:\/\/www.dramaction.qc.ca\/fr\/wp-content\/uploads\/2010\/10\/accessoire.gif\" alt=\"\" width=\"60\" height=\"50\" srcset=\"https:\/\/www.dramaction.qc.ca\/fr\/wp-content\/uploads\/2010\/10\/accessoire.gif 60w, https:\/\/www.dramaction.qc.ca\/fr\/wp-content\/uploads\/2010\/10\/accessoire-500x416.gif 500w\" sizes=\"(max-width: 60px) 100vw, 60px\" \/><\/a>Accessoire ill\u00e9gal<\/strong><br \/>\nCette punition s\u2019applique lors qu\u2019un joueur utilise un autre \u00e9l\u00e9ment que son chandail au cours d\u2019une impro. Cependant, un joueur n\u2019est plus p\u00e9nalis\u00e9 pour des d\u00e9tails mineurs du genre : mains dans ses poches, jouer dans ses cheveux, regarder sa montre, etc.\u00a0<\/p>\n<hr \/>\n<p>\u00a0<\/p>\n<p><strong><a href=\"http:\/\/www.dramaction.qc.ca\/fr\/wp-content\/uploads\/2010\/10\/cabotinage.gif\"><img decoding=\"async\" class=\"alignleft size-full wp-image-400\" title=\"cabotinage\" src=\"http:\/\/www.dramaction.qc.ca\/fr\/wp-content\/uploads\/2010\/10\/cabotinage.gif\" alt=\"\" width=\"60\" height=\"50\" srcset=\"https:\/\/www.dramaction.qc.ca\/fr\/wp-content\/uploads\/2010\/10\/cabotinage.gif 60w, https:\/\/www.dramaction.qc.ca\/fr\/wp-content\/uploads\/2010\/10\/cabotinage-500x416.gif 500w\" sizes=\"(max-width: 60px) 100vw, 60px\" \/><\/a>Cabotinage<\/strong><br \/>\nToute r\u00e9plique ou geste hors contexte et\/ou inutilisable pour construire une impro. Il y a cabotinage quand un joueur plogue une joke facile qui n\u2019a d\u2019autres objectifs que de faire rire le public et de s\u2019attirer les faveurs du votes. <\/p>\n<hr \/>\n<p>\u00a0<\/p>\n<p><strong><a href=\"http:\/\/www.dramaction.qc.ca\/fr\/wp-content\/uploads\/2010\/10\/clich\u00e9.gif\"><img decoding=\"async\" class=\"alignleft size-full wp-image-401\" title=\"clich\u00e9\" src=\"http:\/\/www.dramaction.qc.ca\/fr\/wp-content\/uploads\/2010\/10\/clich\u00e9.gif\" alt=\"\" width=\"60\" height=\"50\" srcset=\"https:\/\/www.dramaction.qc.ca\/fr\/wp-content\/uploads\/2010\/10\/clich\u00e9.gif 60w, https:\/\/www.dramaction.qc.ca\/fr\/wp-content\/uploads\/2010\/10\/clich\u00e9-500x416.gif 500w\" sizes=\"(max-width: 60px) 100vw, 60px\" \/><\/a>Clich\u00e9<\/strong><br \/>\nUtiliser ou pasticher une sc\u00e8ne ou une partie de sc\u00e8ne bien connue et qui se glisse bien dans le contexte de l\u2019impro en jeu. Le clich\u00e9 doit susciter un lien entre la r\u00e9alit\u00e9 et l\u2019impro en jeu pour s\u2019appliquer. Ex : un personnage fatigu\u00e9 qui dirait \u00ab Je suis assez fatigu\u00e9, l\u00e0! \u00bb sur le m\u00eame ton que le gars fatigu\u00e9 du duo L\u00e9vesque et Turcotte.\u00a0<\/p>\n<hr \/>\n<p>\u00a0<\/p>\n<p><strong><a href=\"http:\/\/www.dramaction.qc.ca\/fr\/wp-content\/uploads\/2010\/10\/confusion.gif\"><img decoding=\"async\" class=\"alignleft size-full wp-image-405\" title=\"confusion\" src=\"http:\/\/www.dramaction.qc.ca\/fr\/wp-content\/uploads\/2010\/10\/confusion.gif\" alt=\"\" width=\"60\" height=\"50\" srcset=\"https:\/\/www.dramaction.qc.ca\/fr\/wp-content\/uploads\/2010\/10\/confusion.gif 60w, https:\/\/www.dramaction.qc.ca\/fr\/wp-content\/uploads\/2010\/10\/confusion-500x416.gif 500w\" sizes=\"(max-width: 60px) 100vw, 60px\" \/><\/a>Confusion<\/strong><br \/>\nIl y a confusion lorsqu\u2019un ou plusieurs joueurs s\u2019emp\u00eatrent dans la situation qu\u2019ils mettent en jeu.\u00a0<\/p>\n<hr \/>\n<p>\u00a0<\/p>\n<p><strong><a href=\"http:\/\/www.dramaction.qc.ca\/fr\/wp-content\/uploads\/2010\/10\/decrochage.gif\"><img decoding=\"async\" class=\"alignleft size-full wp-image-407\" title=\"decrochage\" src=\"http:\/\/www.dramaction.qc.ca\/fr\/wp-content\/uploads\/2010\/10\/decrochage.gif\" alt=\"\" width=\"60\" height=\"50\" srcset=\"https:\/\/www.dramaction.qc.ca\/fr\/wp-content\/uploads\/2010\/10\/decrochage.gif 60w, https:\/\/www.dramaction.qc.ca\/fr\/wp-content\/uploads\/2010\/10\/decrochage-500x416.gif 500w\" sizes=\"(max-width: 60px) 100vw, 60px\" \/><\/a>D\u00e9crochage<\/strong><br \/>\nCette p\u00e9nalit\u00e9 s\u2019applique lorsqu\u2019un joueur sort subitement de son personnage sans raison. Peut aussi \u00eatre encourue par un personnage trop peu d\u00e9fini ou ayant un ton qui ne lui correspond pas assez.\u00a0<\/p>\n<hr \/>\n<p>\u00a0<\/p>\n<p><strong><a href=\"http:\/\/www.dramaction.qc.ca\/fr\/wp-content\/uploads\/2010\/10\/ecute.gif\"><img decoding=\"async\" class=\"alignleft size-full wp-image-408\" title=\"ecute\" src=\"http:\/\/www.dramaction.qc.ca\/fr\/wp-content\/uploads\/2010\/10\/ecute.gif\" alt=\"\" width=\"60\" height=\"50\" srcset=\"https:\/\/www.dramaction.qc.ca\/fr\/wp-content\/uploads\/2010\/10\/ecute.gif 60w, https:\/\/www.dramaction.qc.ca\/fr\/wp-content\/uploads\/2010\/10\/ecute-500x416.gif 500w\" sizes=\"(max-width: 60px) 100vw, 60px\" \/><\/a>Manque d\u2019\u00e9coute<\/strong><br \/>\nIl y a manque d\u2019\u00e9coute quand un personnage confond un lieu, une date, un nom, une contrainte physique amen\u00e9e par l\u2019impro, etc. Ex : appeler un joueur Pierre alors qu\u2019il s\u2019est pr\u00e9c\u00e9demment pr\u00e9sent\u00e9 comme Paul, passer \u00e0 travers une table, etc. <\/p>\n<hr \/>\n<p>\u00a0<\/p>\n<p><strong><a href=\"http:\/\/www.dramaction.qc.ca\/fr\/wp-content\/uploads\/2010\/10\/conduite.gif\"><img decoding=\"async\" class=\"alignleft size-full wp-image-409\" title=\"conduite\" src=\"http:\/\/www.dramaction.qc.ca\/fr\/wp-content\/uploads\/2010\/10\/conduite.gif\" alt=\"\" width=\"60\" height=\"50\" srcset=\"https:\/\/www.dramaction.qc.ca\/fr\/wp-content\/uploads\/2010\/10\/conduite.gif 60w, https:\/\/www.dramaction.qc.ca\/fr\/wp-content\/uploads\/2010\/10\/conduite-500x416.gif 500w\" sizes=\"(max-width: 60px) 100vw, 60px\" \/><\/a>Mauvaise conduite<\/strong><br \/>\nSera sanctionn\u00e9 par cette punition un joueur au comportement d\u00e9plac\u00e9, c\u2019est-\u00e0-dire, qui contrevient au plaisir de jouer un match d\u2019impro. Ceci peut se traduire par un manque de respect face aux autres personnes, face aux r\u00e8gles ou face \u00e0 la politesse minimale que requiert un milieu social.\u00a0<\/p>\n<hr \/>\n<p>\u00a0<\/p>\n<p><strong>Non respect&#8230;<\/strong><br \/>\nIl y a trois types de non respect : du th\u00e8me, de la cat\u00e9gorie et du nombre de joueurs.\u00a0<\/p>\n<hr \/>\n<p>\u00a0<\/p>\n<p><strong><a href=\"http:\/\/www.dramaction.qc.ca\/fr\/wp-content\/uploads\/2010\/10\/obstruction.gif\"><img decoding=\"async\" class=\"alignleft size-full wp-image-410\" title=\"obstruction\" src=\"http:\/\/www.dramaction.qc.ca\/fr\/wp-content\/uploads\/2010\/10\/obstruction.gif\" alt=\"\" width=\"60\" height=\"50\" srcset=\"https:\/\/www.dramaction.qc.ca\/fr\/wp-content\/uploads\/2010\/10\/obstruction.gif 60w, https:\/\/www.dramaction.qc.ca\/fr\/wp-content\/uploads\/2010\/10\/obstruction-500x416.gif 500w\" sizes=\"(max-width: 60px) 100vw, 60px\" \/><\/a>Obstruction<\/strong><br \/>\nCette p\u00e9nalit\u00e9 s\u2019applique lorsqu\u2019un ou plusieurs joueurs freinent syst\u00e9matiquement le d\u00e9roulement d\u2019une impro : soit en imposant ses id\u00e9es, en monopolisant l\u2019espace de jeu ou encore en jouant en mixte sans se pr\u00e9occuper des joueurs de l\u2019autre \u00e9quipe, cela sans que l\u2019impro en jeu ne le justifie.\u00a0<\/p>\n<hr \/>\n<p>\u00a0<\/p>\n<p><strong><a href=\"http:\/\/www.dramaction.qc.ca\/fr\/wp-content\/uploads\/2010\/10\/procedure.gif\"><img decoding=\"async\" class=\"alignleft size-full wp-image-411\" title=\"procedure\" src=\"http:\/\/www.dramaction.qc.ca\/fr\/wp-content\/uploads\/2010\/10\/procedure.gif\" alt=\"\" width=\"60\" height=\"50\" srcset=\"https:\/\/www.dramaction.qc.ca\/fr\/wp-content\/uploads\/2010\/10\/procedure.gif 60w, https:\/\/www.dramaction.qc.ca\/fr\/wp-content\/uploads\/2010\/10\/procedure-500x416.gif 500w\" sizes=\"(max-width: 60px) 100vw, 60px\" \/><\/a>Proc\u00e9dure ill\u00e9gale<\/strong><br \/>\nIl y a proc\u00e9dure ill\u00e9gale si une ou des r\u00e8gles g\u00e9n\u00e9rales sont enfreintes.\u00a0<\/p>\n<hr \/>\n<p>\u00a0<\/p>\n<p>\u00a0<strong>Refus de passe<\/strong><br \/>\nCette p\u00e9nalit\u00e9 s\u2019applique dans les cas o\u00f9 une proposition est lanc\u00e9e et que les joueurs et\/ou les personnages interpell\u00e9s par cette proposition ne r\u00e9agissent pas en cons\u00e9quence o\u00f9 ne lancent pas de contre-proposition.\u00a0<\/p>\n<hr \/>\n<p>\u00a0<\/p>\n<p><a href=\"http:\/\/www.dramaction.qc.ca\/fr\/wp-content\/uploads\/2010\/10\/retard.gif\"><img decoding=\"async\" class=\"alignleft size-full wp-image-412\" title=\"retard\" src=\"http:\/\/www.dramaction.qc.ca\/fr\/wp-content\/uploads\/2010\/10\/retard.gif\" alt=\"\" width=\"60\" height=\"50\" srcset=\"https:\/\/www.dramaction.qc.ca\/fr\/wp-content\/uploads\/2010\/10\/retard.gif 60w, https:\/\/www.dramaction.qc.ca\/fr\/wp-content\/uploads\/2010\/10\/retard-500x416.gif 500w\" sizes=\"(max-width: 60px) 100vw, 60px\" \/><\/a>\u00a0<strong>Retard de jeu<\/strong><br \/>\nP\u00e9nalit\u00e9 \u00e0 tout individu ou \u00e9quipe au comportement trop lent au go\u00fbt de l\u2019arbitre et ce, peu importe le moment dans le match.\u00a0<\/p>\n<hr \/>\n<p>\u00a0<\/p>\n<p>\u00a0<a href=\"http:\/\/www.dramaction.qc.ca\/fr\/wp-content\/uploads\/2010\/10\/rudesse.gif\"><img decoding=\"async\" class=\"alignleft size-full wp-image-413\" title=\"rudesse\" src=\"http:\/\/www.dramaction.qc.ca\/fr\/wp-content\/uploads\/2010\/10\/rudesse.gif\" alt=\"\" width=\"60\" height=\"50\" srcset=\"https:\/\/www.dramaction.qc.ca\/fr\/wp-content\/uploads\/2010\/10\/rudesse.gif 60w, https:\/\/www.dramaction.qc.ca\/fr\/wp-content\/uploads\/2010\/10\/rudesse-500x416.gif 500w\" sizes=\"(max-width: 60px) 100vw, 60px\" \/><\/a><strong>Rudesse<\/strong><br \/>\nCette p\u00e9nalit\u00e9 s\u2019applique surtout en mixte lorsqu\u2019un joueur impose en tout d\u00e9but d\u2019impro ses id\u00e9es d\u2019espace, de temps ou de personnage avant que l\u2019autre joueur n\u2019ait pu se d\u00e9finir un \u00e9tat personnel et\/ou contextuel. Il est aussi possible d\u2019attribuer cette punition \u00e0 un joueur au jeu physique trop rude et ce, m\u00eame si la situation semble le justifier.<\/p>\n<hr \/>\n<p>\u00a0<strong>Major\u00e9e<\/strong><br \/>\nCette p\u00e9nalit\u00e9 double une p\u00e9nalit\u00e9 d\u00e9j\u00e0 donn\u00e9e au cours d\u2019une m\u00eame impro. Toutes les p\u00e9nalit\u00e9s sont susceptibles d\u2019\u00eatre major\u00e9es.<\/p>\n","protected":false},"excerpt":{"rendered":"<p>Accessoire ill\u00e9gal Cette punition s\u2019applique lors qu\u2019un joueur utilise un autre \u00e9l\u00e9ment que son chandail au cours d\u2019une impro. Cependant, un joueur n\u2019est plus p\u00e9nalis\u00e9 pour des d\u00e9tails mineurs du genre : mains dans ses poches, jouer dans ses cheveux, regarder sa montre, etc.\u00a0 \u00a0 Cabotinage Toute r\u00e9plique ou geste hors contexte et\/ou inutilisable pour [&hellip;]<\/p>\n","protected":false},"author":22,"featured_media":0,"parent":43,"menu_order":0,"comment_status":"open","ping_status":"open","template":"","meta":{"footnotes":""},"class_list":["post-383","page","type-page","status-publish","hentry"],"jetpack_sharing_enabled":true,"_links":{"self":[{"href":"https:\/\/www.dramaction.qc.ca\/fr\/wp-json\/wp\/v2\/pages\/383","targetHints":{"allow":["GET"]}}],"collection":[{"href":"https:\/\/www.dramaction.qc.ca\/fr\/wp-json\/wp\/v2\/pages"}],"about":[{"href":"https:\/\/www.dramaction.qc.ca\/fr\/wp-json\/wp\/v2\/types\/page"}],"author":[{"embeddable":true,"href":"https:\/\/www.dramaction.qc.ca\/fr\/wp-json\/wp\/v2\/users\/22"}],"replies":[{"embeddable":true,"href":"https:\/\/www.dramaction.qc.ca\/fr\/wp-json\/wp\/v2\/comments?post=383"}],"version-history":[{"count":0,"href":"https:\/\/www.dramaction.qc.ca\/fr\/wp-json\/wp\/v2\/pages\/383\/revisions"}],"up":[{"embeddable":true,"href":"https:\/\/www.dramaction.qc.ca\/fr\/wp-json\/wp\/v2\/pages\/43"}],"wp:attachment":[{"href":"https:\/\/www.dramaction.qc.ca\/fr\/wp-json\/wp\/v2\/media?parent=383"}],"curies":[{"name":"wp","href":"https:\/\/api.w.org\/{rel}","templated":true}]}}