{"id":381,"date":"2010-10-25T10:03:25","date_gmt":"2010-10-25T14:03:25","guid":{"rendered":"http:\/\/www.dramaction.qc.ca\/fr\/"},"modified":"2016-12-27T22:53:05","modified_gmt":"2016-12-28T03:53:05","slug":"reglements-officiels-lni","status":"publish","type":"page","link":"https:\/\/www.dramaction.qc.ca\/fr\/improvisation\/reglements-officiels-lni\/","title":{"rendered":"R\u00e8glements officiels LNI"},"content":{"rendered":"<p>NOUVEAU !<\/p>\n<p>G\u00c9N\u00c9RATEUR DE CARTE D&#8217;IMPROVISATION<\/p>\n<div class=\"woocommerce \"><div class=\"products row columns-4\">\n<div class=\"col-md-3 col-sm-6 product type-product post-3790 status-publish first instock product_cat-exercices-et-ressources has-post-thumbnail featured downloadable sold-individually shipping-taxable purchasable product-type-simple\">\n\t<div class=\"project-item margin-bottom-20\">\n\t\t\t<figure>\n\t\t\t<a href=\"https:\/\/www.dramaction.qc.ca\/fr\/produit\/generateur-de-cartes-dimprovisation-xls\/\">\n\t\t\t\t<img decoding=\"async\" width=\"200\" height=\"200\" src=\"https:\/\/www.dramaction.qc.ca\/fr\/wp-content\/uploads\/2016\/12\/generateur-200x200.jpg\" class=\"attachment-woocommerce_thumbnail size-woocommerce_thumbnail\" alt=\"G\u00e9n\u00e9rateur de cartes d&#039;improvisation (XLS)\" srcset=\"https:\/\/www.dramaction.qc.ca\/fr\/wp-content\/uploads\/2016\/12\/generateur-200x200.jpg 200w, https:\/\/www.dramaction.qc.ca\/fr\/wp-content\/uploads\/2016\/12\/generateur-100x100.jpg 100w, https:\/\/www.dramaction.qc.ca\/fr\/wp-content\/uploads\/2016\/12\/generateur-150x150.jpg 150w, https:\/\/www.dramaction.qc.ca\/fr\/wp-content\/uploads\/2016\/12\/generateur-300x300.jpg 300w, https:\/\/www.dramaction.qc.ca\/fr\/wp-content\/uploads\/2016\/12\/generateur-1024x1024.jpg 1024w\" sizes=\"(max-width: 200px) 100vw, 200px\" \/>\t\t\t<\/a>\n\t\t<\/figure>\n\t\t<div class=\"info\">\t\n\t\t\t<p class=\"product-title\">\n\t\t\t\t<a href=\"https:\/\/www.dramaction.qc.ca\/fr\/produit\/generateur-de-cartes-dimprovisation-xls\/\">\t\t\n\t\t\t\t\tG\u00e9n\u00e9rateur de cartes d&#8217;improvisation (XLS)\t\t\t\t<\/a>\n\t\t\t<\/p>\n\t\t\t\n\t<span class=\"price\"><span class=\"woocommerce-Price-amount amount\"><bdi><span class=\"woocommerce-Price-currencySymbol\">&#36;<\/span>10.00<\/bdi><\/span><\/span>\n<a href=\"\/fr\/wp-json\/wp\/v2\/pages\/381?add-to-cart=3790\" aria-describedby=\"woocommerce_loop_add_to_cart_link_describedby_3790\" data-quantity=\"1\" class=\"button product_type_simple add_to_cart_button ajax_add_to_cart\" data-product_id=\"3790\" data-product_sku=\"\" aria-label=\"Ajouter au panier\u00a0: &ldquo;G\u00e9n\u00e9rateur de cartes d&#039;improvisation (XLS)&rdquo;\" rel=\"nofollow\" data-success_message=\"\u00ab\u00a0G\u00e9n\u00e9rateur de cartes d&#039;improvisation (XLS)\u00a0\u00bb a \u00e9t\u00e9 ajout\u00e9 \u00e0 votre panier\" role=\"button\">Ajouter au panier<\/a>\t<span id=\"woocommerce_loop_add_to_cart_link_describedby_3790\" class=\"screen-reader-text\">\n\t\t\t<\/span>\n\t\t\t\n\t\t<\/div>\t\n\t<\/div>\t\n<\/div>\n<\/div>\n<\/div>\n<p>&nbsp;<\/p>\n<table border=\"0\">\n<tbody>\n<tr>\n<td>\n<h2>1. Composition des \u00e9quipes<\/h2>\n<\/td>\n<\/tr>\n<tr>\n<td>Le jeu consiste en l&#8217;affrontement de deux \u00e9quipes compos\u00e9es de six joueurs-improvisateurs (trois femmes\/trois hommes) et d&#8217;un entra\u00eeneur. Un arbitre et ses deux assistants voient \u00e0 ce que le jeu se d\u00e9roule selon les r\u00e8glements.<\/p>\n<p>Aire de jeu<br \/>\nPendant toute la dur\u00e9e de l&#8217;improvisation, le joueur ne peut quitter l&#8217;aire de jeu (la patinoire).<\/td>\n<\/tr>\n<\/tbody>\n<\/table>\n<table border=\"0\">\n<tbody>\n<tr>\n<td>\n<h2>2. Dur\u00e9e de la partie<\/h2>\n<\/td>\n<\/tr>\n<tr>\n<td>Chaque partie a une dur\u00e9e de 90 minutes, c&#8217;est-\u00e0-dire trois p\u00e9riodes de 30 minutes. Un arr\u00eat de 10 minutes est pr\u00e9vu entre chaque p\u00e9riode.<\/td>\n<\/tr>\n<\/tbody>\n<\/table>\n<table border=\"0\">\n<tbody>\n<tr>\n<td>\n<h2>3. Chronom\u00e9trage<\/h2>\n<\/td>\n<\/tr>\n<tr>\n<td>\u00c0 l&#8217;int\u00e9rieur de la p\u00e9riode de 30 minutes, il n&#8217;y a aucun arr\u00eat du temps (chrono), bien qu&#8217;il y ait arr\u00eat du jeu<\/td>\n<\/tr>\n<\/tbody>\n<\/table>\n<table border=\"0\">\n<tbody>\n<tr>\n<td>\n<h2>4. Sir\u00e8ne<\/h2>\n<\/td>\n<\/tr>\n<tr>\n<td><small>Une sir\u00e8ne annonce la fin de chaque p\u00e9riode et la fin de la partie.<\/small><\/td>\n<\/tr>\n<\/tbody>\n<\/table>\n<table border=\"0\">\n<tbody>\n<tr>\n<td>\n<h2>5. Nature des improvisations<\/h2>\n<\/td>\n<\/tr>\n<tr>\n<td>\n<table border=\"0\" cellspacing=\"0\" cellpadding=\"0\">\n<tbody>\n<tr>\n<td colspan=\"4\" valign=\"top\">Les improvisations sont de deux ordres:<\/td>\n<\/tr>\n<tr>\n<td colspan=\"4\" valign=\"top\"><strong>Compar\u00e9e:<\/strong><\/td>\n<\/tr>\n<tr>\n<td colspan=\"4\" valign=\"top\">\n<blockquote><p>Chaque \u00e9quipe, \u00e0 tour de r\u00f4le, doit improviser sur le m\u00eame th\u00e8me. L&#8217;\u00e9quipe d\u00e9sign\u00e9e au hasard, par la couleur de la rondelle, a le choix de commencer ou non. Aucune communication ne sera permise sur le banc pendant l&#8217;improvisation de l&#8217;autre \u00e9quipe. En cas d&#8217;infraction, une p\u00e9nalit\u00e9 sera d\u00e9cern\u00e9e \u00e0 l&#8217;\u00e9quipe fautive au moyen d&#8217;un mouchoir exhib\u00e9 par les assistants-arbitre.<\/p><\/blockquote>\n<\/td>\n<\/tr>\n<tr>\n<td colspan=\"4\" valign=\"top\"><strong>Mixte:<\/strong><\/td>\n<\/tr>\n<tr>\n<td colspan=\"4\" valign=\"top\">\n<blockquote><p>Un ou des joueurs des deux \u00e9quipes doivent improviser ensemble sur le m\u00eame th\u00e8me.<\/p><\/blockquote>\n<\/td>\n<\/tr>\n<\/tbody>\n<\/table>\n<\/td>\n<\/tr>\n<\/tbody>\n<\/table>\n<table border=\"0\">\n<tbody>\n<tr>\n<td>\n<h2>6. D\u00e9roulement de chaque improvisation<\/h2>\n<\/td>\n<\/tr>\n<tr>\n<td>\n<table border=\"0\" cellspacing=\"0\" cellpadding=\"0\">\n<tbody>\n<tr>\n<td colspan=\"4\" valign=\"top\"><strong>a) annonce du th\u00e8me:<\/strong><\/td>\n<\/tr>\n<tr>\n<td colspan=\"4\" valign=\"top\">\n<blockquote><p>L&#8217;arbitre tire au hasard une carte et lit \u00e0 haute voix:<\/p><\/blockquote>\n<\/td>\n<\/tr>\n<tr>\n<td colspan=\"4\" valign=\"top\">\n<blockquote>\n<blockquote>\n<p align=\"left\">1. Nature de l&#8217;improvisation (compar\u00e9e ou mixte)<\/p>\n<\/blockquote>\n<\/blockquote>\n<\/td>\n<\/tr>\n<tr>\n<td colspan=\"4\" valign=\"top\">\n<blockquote>\n<blockquote><p>2. Titre de l&#8217;improvisation<\/p><\/blockquote>\n<\/blockquote>\n<\/td>\n<\/tr>\n<tr>\n<td colspan=\"4\" valign=\"top\">\n<blockquote>\n<blockquote><p>3. Nombre de joueurs<\/p><\/blockquote>\n<\/blockquote>\n<\/td>\n<\/tr>\n<tr>\n<td colspan=\"4\" valign=\"top\">\n<blockquote>\n<blockquote><p>4. Cat\u00e9gorie de l&#8217;improvisation.<\/p><\/blockquote>\n<\/blockquote>\n<\/td>\n<\/tr>\n<tr>\n<td colspan=\"4\" valign=\"top\">\n<blockquote>\n<blockquote><p>5. Dur\u00e9e de l&#8217;improvisation<\/p><\/blockquote>\n<\/blockquote>\n<\/td>\n<\/tr>\n<tr>\n<td colspan=\"4\" valign=\"top\"><strong>b) concertation<\/strong><\/td>\n<\/tr>\n<tr>\n<td colspan=\"4\" valign=\"top\">\n<blockquote><p>Les joueurs et l&#8217;entra\u00eeneur ont vingt (20) secondes pour se concerter et prendre place sur la patinoire. L&#8217;arbitre signale le d\u00e9but de l&#8217;improvisation par un coup de sifflet.<\/p><\/blockquote>\n<\/td>\n<\/tr>\n<tr>\n<td colspan=\"4\" valign=\"top\">Dans le cas d&#8217;une improvisation compar\u00e9e, la rondelle est lanc\u00e9e apr\u00e8s la concertation de vingt secondes.<\/td>\n<\/tr>\n<tr>\n<td colspan=\"4\" valign=\"top\"><strong>c) marque d&#8217;un point<\/strong><\/td>\n<\/tr>\n<tr>\n<td colspan=\"4\" valign=\"top\">\n<blockquote><p>L&#8217;improvisation termin\u00e9e, chaque spectateur est appel\u00e9 \u00e0 choisir l&#8217;\u00e9quipe gagnante de l&#8217;improvisation en montrant la couleur de son panneau de vote correspondant \u00e0 l&#8217;\u00e9quipe de son choix.<\/p><\/blockquote>\n<\/td>\n<\/tr>\n<tr>\n<td colspan=\"4\" valign=\"top\">\n<p align=\"left\">Advenant un verdict nul (\u00e9galit\u00e9 dans le compte des votes), aucun point n&#8217;est inscrit.<\/p>\n<\/td>\n<\/tr>\n<\/tbody>\n<\/table>\n<\/td>\n<\/tr>\n<\/tbody>\n<\/table>\n<table border=\"0\">\n<tbody>\n<tr>\n<td>\n<h2>7. Improvisation inachev\u00e9e en fin de p\u00e9riode<\/h2>\n<\/td>\n<\/tr>\n<tr>\n<td>Si, \u00e0 la fin de la premi\u00e8re et de la deuxi\u00e8me p\u00e9riode, l&#8217;improvisation n&#8217;est pas termin\u00e9e, elle reprend au d\u00e9but de la p\u00e9riode suivante, au point o\u00f9 elle s&#8217;\u00e9tait arr\u00eat\u00e9e (m\u00eame(s) position(s) et reprise de la derni\u00e8re r\u00e9plique). En premi\u00e8re ou deuxi\u00e8me p\u00e9riode, si la sir\u00e8ne se fait entendre durant le caucus, l&#8217;improvisation sera jou\u00e9e au d\u00e9but de p\u00e9riode suivante. Si la m\u00eame situation se produit en fin de troisi\u00e8me p\u00e9riode, l&#8217;improvisation est annul\u00e9e.<\/p>\n<blockquote><p>S&#8217;il reste moins de\u00a0quatre (4) minutes \u00e0 jouer dans une improvisation, le ma\u00eetre de c\u00e9r\u00e9monie signale, \u00e0 l&#8217;aide d&#8217;un carton blanc, que l&#8217;improvisation doit \u00eatre termin\u00e9e, m\u00eame si le temps de la p\u00e9riode est \u00e9coul\u00e9.<\/p><\/blockquote>\n<p align=\"left\">En fin de troisi\u00e8me p\u00e9riode, le temps minimum accord\u00e9e \u00e0 la derni\u00e8re improvisation, si elle ne peut \u00eatre jou\u00e9e compl\u00e8tement \u00e0 l&#8217;int\u00e9rieur du temps restant, est de 30 secondes. Le ma\u00eetre de c\u00e9r\u00e9monie signale, \u00e0 l&#8217;aide d&#8217;un carton blanc que le temps de la p\u00e9riode est \u00e9coul\u00e9 jusqu&#8217;\u00e0 \u00e9coulement du temps de gr\u00e2ce. Apr\u00e8s les 30 secondes r\u00e9glementaires, la sir\u00e8ne met fin \u00e0 l&#8217;improvisation et le vote est demand\u00e9.<\/p>\n<\/td>\n<\/tr>\n<\/tbody>\n<\/table>\n<table border=\"0\">\n<tbody>\n<tr>\n<td>\n<h2>8. Mi-temps de troisi\u00e8me periode<\/h2>\n<\/td>\n<\/tr>\n<tr>\n<td>Dans les quinze derni\u00e8res minutes de la troisi\u00e8me p\u00e9riode, les th\u00e8mes sont choisis dans un bocal sp\u00e9cial ne contenant que des improvisations mixtes n&#8217;exc\u00e9dant pas huit minutes. En troisi\u00e8me p\u00e9riode, advenant la fin du temps r\u00e9glementaire de trente minutes pendant une improvisation compar\u00e9e, celle-ci se d\u00e9roulera jusqu&#8217;\u00e0 \u00e9coulement de son temps.<\/td>\n<\/tr>\n<\/tbody>\n<\/table>\n<table border=\"0\">\n<tbody>\n<tr>\n<td>\n<h2>9. \u00c9galit\u00e9<\/h2>\n<\/td>\n<\/tr>\n<tr>\n<td>\n<table border=\"0\" cellspacing=\"0\" cellpadding=\"0\">\n<tbody>\n<tr>\n<td colspan=\"4\" valign=\"top\">Advenant une \u00e9galit\u00e9 \u00e0 la fin du temps r\u00e9glementaire de 90 minutes, une improvisation suppl\u00e9mentaire sera jou\u00e9e, apr\u00e8s une pause de soixante secondes. Pour cette p\u00e9riode de surtemps, la dur\u00e9e des improvisations n&#8217;exc\u00e9dera pas cinq minutes (en mixte) et trois minutes (en compar\u00e9e).\u00a0Un (1)\u00a0point au classement g\u00e9n\u00e9ral sera attribu\u00e9 \u00e0 l&#8217;\u00e9quipe qui perd en prolongation. L&#8217;\u00e9quipe gagnante en obtiendra deux (2).<\/p>\n<blockquote><p>S&#8217;il y a \u00e9galit\u00e9 dans le compte des votes, une autre improvisation suivra.<\/p><\/blockquote>\n<\/td>\n<\/tr>\n<tr>\n<td colspan=\"4\" valign=\"top\">\nEn s\u00e9rie \u00e9liminatoire, advenant une \u00e9galit\u00e9 apr\u00e8s les trois p\u00e9riodes r\u00e9glementaires, le jeu se poursuivra en p\u00e9riode(s) suppl\u00e9mentaire(s) jusqu&#8217;\u00e0 ce qu&#8217;un point soit marqu\u00e9.<\/td>\n<\/tr>\n<\/tbody>\n<\/table>\n<\/td>\n<\/tr>\n<\/tbody>\n<\/table>\n<table border=\"0\">\n<tbody>\n<tr>\n<td>\n<h2>10. P\u00e9nalit\u00e9s<\/h2>\n<\/td>\n<\/tr>\n<tr>\n<td>\n<table border=\"0\" cellspacing=\"0\" cellpadding=\"0\">\n<tbody>\n<tr>\n<td colspan=\"4\" valign=\"top\">L&#8217;arbitre est le ma\u00eetre absolu du jeu. En tout temps, il peut imposer une p\u00e9nalit\u00e9 \u00e0 un joueur ou \u00e0 une \u00e9quipe pour toute infraction nuisant \u00e0 la qualit\u00e9 du jeu ou au d\u00e9roulement de la partie. Au cours d&#8217;une improvisation, l&#8217;arbitre signale une p\u00e9nalit\u00e9 au moyen d&#8217;un &#8220;gazou&#8221;. La p\u00e9nalit\u00e9 est annonc\u00e9e avant le vote sur l&#8217;improvisation.<\/td>\n<\/tr>\n<tr>\n<td colspan=\"4\" valign=\"top\">Points de p\u00e9nalit\u00e9<\/p>\n<blockquote><p>L&#8217;\u00e9quipe p\u00e9nalis\u00e9e se voit accorder un ou deux points de p\u00e9nalit\u00e9 selon la nature de l&#8217;offense (mineure ou majeure). Une p\u00e9nalit\u00e9 majeure est une infraction qui d\u00e9truit sciemment le jeu, tandis qu&#8217;une infraction mineure peut \u00eatre un oubli, une maladresse, un retard, etc.<\/p><\/blockquote>\n<\/td>\n<\/tr>\n<tr>\n<td colspan=\"4\" valign=\"top\">\nL&#8217;accumulation de trois points de p\u00e9nalit\u00e9 (total accumul\u00e9 chronologiquement par les joueurs ou leur \u00e9quipe) donne automatiquement un point \u00e0 l&#8217;\u00e9quipe adverse.<\/td>\n<\/tr>\n<tr>\n<td colspan=\"4\" valign=\"top\">\n<blockquote><p>En temps suppl\u00e9mentaire, l&#8217;accumulation de trois points de p\u00e9nalit\u00e9 par une \u00e9quipe met imm\u00e9diatement (d\u00e8s le signalement de l&#8217;infraction) un terme \u00e0 l&#8217;improvisation en cours et donne la victoire \u00e0 l&#8217;\u00e9quipe adverse.<\/p><\/blockquote>\n<\/td>\n<\/tr>\n<tr>\n<td colspan=\"4\" valign=\"top\">ExpulsionTout joueur ayant r\u00e9colt\u00e9 deux (2) p\u00e9nalit\u00e9s pendant la m\u00eame partie est expuls\u00e9 du jeu pour la fin de cette joute et il doit se retirer dans le vestiaire. Son expulsion efface les points de p\u00e9nalit\u00e9 r\u00e9sultant de ses deux fautes, s&#8217;ils n&#8217;ont pas d\u00e9j\u00e0 \u00e9t\u00e9 totalis\u00e9s. Les points de p\u00e9nalit\u00e9 de toutes fautes subs\u00e9quentes, par ce joueur, sont vers\u00e9s au dossier de l&#8217;\u00e9quipe.<\/td>\n<\/tr>\n<tr>\n<td colspan=\"4\" valign=\"top\">\n<blockquote><p>\nSi, \u00e0 cause de l&#8217;absence d&#8217;un joueur, son \u00e9quipe ne peut remplir les exigences de la carte d&#8217;improvisation, l&#8217;autre \u00e9quipe gagne l&#8217;improvisation par d\u00e9faut.<\/p><\/blockquote>\n<\/td>\n<\/tr>\n<tr>\n<td colspan=\"4\" valign=\"top\">Demande d&#8217;explicationSeul le capitaine de chaque \u00e9quipe a le droit de demander des explications \u00e0 l&#8217;arbitre. Toute discussion avec ce dernier doit se d\u00e9rouler dans le cercle LNI au centre de l&#8217;aire de jeu.<\/td>\n<\/tr>\n<tr>\n<td colspan=\"4\" valign=\"top\">\n<blockquote><p>\nAdvenant l&#8217;expulsion du capitaine, celui-ci sera remplac\u00e9 par l&#8217;assistant-capitaine.<\/p><\/blockquote>\n<\/td>\n<\/tr>\n<\/tbody>\n<\/table>\n<\/td>\n<\/tr>\n<\/tbody>\n<\/table>\n<table border=\"0\">\n<tbody>\n<tr>\n<td>\n<h2>11. Classement<\/h2>\n<\/td>\n<\/tr>\n<tr>\n<td>\n<table border=\"0\" cellspacing=\"0\" cellpadding=\"0\">\n<tbody>\n<tr>\n<td colspan=\"4\" valign=\"top\"><strong>Calendrier r\u00e9gulier:<\/strong><\/td>\n<\/tr>\n<tr>\n<td colspan=\"4\" valign=\"top\">\n<blockquote><p>Chaque victoire vaut deux (2) points au classement g\u00e9n\u00e9ral. \u00c0 la fin du calendrier r\u00e9gulier, advenant une \u00e9galit\u00e9 dans les points au classement, le gagnant des matchs disput\u00e9s en saison entre les \u00e9quipes concern\u00e9es obtient la primaut\u00e9. Si l&#8217;\u00e9galit\u00e9 ne peut \u00eatre bris\u00e9e par ce principe, la diff\u00e9rence entre les points pour et les points contre, au total de la saison, d\u00e9termine un meneur. Si l&#8217;\u00e9galit\u00e9 persiste \u00e0 ce stade, la diff\u00e9rence entre les points pour et les points contre au total des matchs mettant aux prises les \u00e9quipes en litige devient la r\u00e9f\u00e9rence. Le dossier de l&#8217;\u00e9quipe au chapitre des p\u00e9nalit\u00e9s tranchera en dernier recours.<\/p><\/blockquote>\n<\/td>\n<\/tr>\n<tr>\n<td colspan=\"4\" valign=\"top\"><strong>Joutes \u00e9liminatoires:<\/strong><\/td>\n<\/tr>\n<tr>\n<td colspan=\"4\" valign=\"top\">\n<blockquote><p>\u00c0 la fin du calendrier r\u00e9gulier, il y a une ronde de deux demi-finales. L&#8217;\u00e9quipe qui termine en t\u00eate du classement g\u00e9n\u00e9ral rencontre dans une premi\u00e8re partie de demi-finale l&#8217;\u00e9quipe occupant la 4e et derni\u00e8re place. L&#8217;\u00e9quipe terminant au 5e rang est \u00e9limin\u00e9e. Les \u00e9quipes occupant la 2e et le 3e place se rencontrent dans une deuxi\u00e8me joute de demi-finale. Les gagnants des deux demi-finales se rencontrent en finale.<\/p><\/blockquote>\n<\/td>\n<\/tr>\n<\/tbody>\n<\/table>\n<\/td>\n<\/tr>\n<\/tbody>\n<\/table>\n<table border=\"0\">\n<tbody>\n<tr>\n<td>\n<h2>12. Prot\u00eat<\/h2>\n<\/td>\n<\/tr>\n<tr>\n<td>Pour qu&#8217;un prot\u00eat soit valide, il doit \u00eatre signal\u00e9 aux officiels, lors du match contest\u00e9, avant la derni\u00e8re sir\u00e8ne annon\u00e7ant la fin des c\u00e9r\u00e9monies de cl\u00f4ture. Un membre d\u00fbment mandat\u00e9 de la direction de la Ligue Nationale d&#8217;Improvisation jugera alors de la recevabilit\u00e9 du prot\u00eat. Dans la mesure du possible, la d\u00e9cision sera rendue le soir m\u00eame ou dans un d\u00e9lai raisonnable par le membre mandat\u00e9.<\/p>\n<p>Une \u00e9quipe qui abusera de cette proc\u00e9dure pourrait \u00eatre sanctionn\u00e9e. La sanction impos\u00e9e correspond au retrait de un ou deux points\u00a0au classement g\u00e9n\u00e9ral.<\/td>\n<\/tr>\n<\/tbody>\n<\/table>\n<p>&nbsp;<\/p>\n","protected":false},"excerpt":{"rendered":"<p>NOUVEAU ! G\u00c9N\u00c9RATEUR DE CARTE D&#8217;IMPROVISATION &nbsp; 1. Composition des \u00e9quipes Le jeu consiste en l&#8217;affrontement de deux \u00e9quipes compos\u00e9es de six joueurs-improvisateurs (trois femmes\/trois hommes) et d&#8217;un entra\u00eeneur. Un arbitre et ses deux assistants voient \u00e0 ce que le jeu se d\u00e9roule selon les r\u00e8glements. Aire de jeu Pendant toute la dur\u00e9e de l&#8217;improvisation, [&hellip;]<\/p>\n","protected":false},"author":22,"featured_media":0,"parent":43,"menu_order":0,"comment_status":"open","ping_status":"open","template":"","meta":{"footnotes":""},"class_list":["post-381","page","type-page","status-publish","hentry"],"jetpack_sharing_enabled":true,"_links":{"self":[{"href":"https:\/\/www.dramaction.qc.ca\/fr\/wp-json\/wp\/v2\/pages\/381","targetHints":{"allow":["GET"]}}],"collection":[{"href":"https:\/\/www.dramaction.qc.ca\/fr\/wp-json\/wp\/v2\/pages"}],"about":[{"href":"https:\/\/www.dramaction.qc.ca\/fr\/wp-json\/wp\/v2\/types\/page"}],"author":[{"embeddable":true,"href":"https:\/\/www.dramaction.qc.ca\/fr\/wp-json\/wp\/v2\/users\/22"}],"replies":[{"embeddable":true,"href":"https:\/\/www.dramaction.qc.ca\/fr\/wp-json\/wp\/v2\/comments?post=381"}],"version-history":[{"count":0,"href":"https:\/\/www.dramaction.qc.ca\/fr\/wp-json\/wp\/v2\/pages\/381\/revisions"}],"up":[{"embeddable":true,"href":"https:\/\/www.dramaction.qc.ca\/fr\/wp-json\/wp\/v2\/pages\/43"}],"wp:attachment":[{"href":"https:\/\/www.dramaction.qc.ca\/fr\/wp-json\/wp\/v2\/media?parent=381"}],"curies":[{"name":"wp","href":"https:\/\/api.w.org\/{rel}","templated":true}]}}