{"id":3599,"date":"2015-06-17T09:30:26","date_gmt":"2015-06-17T13:30:26","guid":{"rendered":"http:\/\/www.dramaction.qc.ca\/fr\/?page_id=3599"},"modified":"2016-12-14T21:34:58","modified_gmt":"2016-12-15T02:34:58","slug":"quoi-jouer-en-grand-groupes","status":"publish","type":"page","link":"https:\/\/www.dramaction.qc.ca\/fr\/textes-a-jouer-avec-vos-eleves\/quoi-jouer-en-grand-groupes\/","title":{"rendered":"Quoi jouer en grand groupes"},"content":{"rendered":"<p>\u00c9ternelle question&#8230; Quoi jouer en grand groupes ? Suite \u00e0 un appel lanc\u00e9 aux Dramactiennes et Dramactiens, voici une liste de textes &#8220;\u00e9prouv\u00e9e&#8221; \u00e0 jouer avec vos \u00e9l\u00e8ves.<\/p>\n<p>Pour sugg\u00e9rer un ajout, veuillez communiquer \u00e0 info (a) dramaction.qc.ca !<\/p>\n<h2><strong>16-20 ans<\/strong><\/h2>\n<p style=\"padding-left: 30px;\"><strong><em><span style=\"color: #404040; font-family: Trebuchet MS;\">L&#8217;\u00e9t\u00e9 des mangeurs d&#8217;\u00e9toiles de Denise du Chaxel<\/span><\/em><\/strong><\/p>\n<p style=\"padding-left: 60px;\"><span style=\"color: #404040; font-family: Trebuchet MS;\">Texte contemporain, po\u00e9tique. <\/span><span style=\"color: #404040; font-family: Trebuchet MS;\">Pendant les grandes vacances, des amis ont l\u2019habitude de se retrouver depuis l\u2019enfance sur la plage. Entre eux des amiti\u00e9s, des amours, des jalousies. Ces vacances-l\u00e0 vont \u00eatre diff\u00e9rentes. Deux jeunes \u00e9trangers, N\u00e9dim et Selma, fr\u00e8re et s\u0153ur, viennent d\u2019arriver . Qui sont-ils\u00a0? Pourquoi sont-ils l\u00e0\u00a0? Leur pr\u00e9sence va semer le trouble, bousculer les habitudes. <\/span><strong>8\u00a0filles 6\u00a0gar\u00e7ons,\u00a0niveau de difficult\u00e9\u00a0moyen.<\/strong><br \/>\nDisponible sur Amazon :\u00a0<a href=\"http:\/\/amzn.to\/2hn8LEH\">Cliquez ici pour acc\u00e9der au site amazon<\/a><\/p>\n<p style=\"padding-left: 60px;\"><span style=\"margin: 0px; color: #808080; font-family: 'Times New Roman','serif'; font-size: 10pt;\">Une proposition de : Anne-Laure All\u00e8gre<\/span><\/p>\n<h2><strong>12-16 ans<\/strong><\/h2>\n<p style=\"padding-left: 30px;\"><strong><em>Restez \u00e0 l&#8217;\u00e9coute !, de Yanik Comeau<br \/>\n<\/em><\/strong><\/p>\n<p style=\"padding-left: 60px;\">\u00a0Com\u00e9die \u00e0 sketches sur le th\u00e8me de la t\u00e9l\u00e9vision, certaines sc\u00e8nes en fran\u00e7ais normatif, d&#8217;autres plus qu\u00e9b\u00e9coises.<br \/>\nNombre de personnages : Plus de 80 personnages. Parfait pour un groupe du secondaire (1er ou 2e cycle), 13 \u00e0 18 ans. Pi\u00e8ce flexible (possibilit\u00e9 de couper des sc\u00e8nes).<br \/>\nDisponible sur <a href=\"http:\/\/www.theatralites.com\">www.theatralites.com<\/a><\/p>\n<p style=\"padding-left: 30px;\"><strong><em>Massacre \u00e0 Summer&#8217;s Grove, de Yanik Comeau<br \/>\n<\/em><\/strong><\/p>\n<p style=\"padding-left: 60px;\">Pastiche de films dans le genre Le Pacte du Silence ou Film de Peur. Pour un groupe de 2e cycle du secondaire (14 \u00e0 18 ans). Public adolescent et adulte. Gros succ\u00e8s dans plusieurs \u00e9coles.<br \/>\nNombre de personnages : 15 personnages (10 filles, 5 gar\u00e7ons) \u00e9crite sur mesure pour un groupe d&#8217;art dramatique \u00e9lite.<br \/>\nDisponible sur <a href=\"http:\/\/www.theatralites.com\">www.theatralites.com<\/a><\/p>\n<p style=\"padding-left: 30px;\"><strong><em>Poussi\u00e8res d&#8217;\u00e9toiles, de Yanik Comeau<br \/>\n<\/em><\/strong><\/p>\n<p style=\"padding-left: 60px;\">Pi\u00e8ce touchante \u00e9crite dans l&#8217;ombre des \u00e9v\u00e9nements du 11 septembre 2001.<br \/>\nNombre de personnages : 18 personnages (14 filles, 4 gar\u00e7ons) pour un groupe de 2e cycle du secondaire(14 \u00e0 18 ans)<br \/>\nDisponible sur <a href=\"http:\/\/www.theatralites.com\">www.theatralites.com<\/a><\/p>\n<p style=\"padding-left: 30px;\"><strong><em>Th\u00e9r\u00e8se et Pierrette \u00e0 l&#8217;\u00e9cole des Saints-Anges de Michel Tremblay<br \/>\n<\/em><\/strong><\/p>\n<p style=\"padding-left: 60px;\">Une belle folie qui explosait par le talent des jeunes qui s&#8217;amusaient royalement dans leur costume de religieuse.<br \/>\nNombre de personnages : 11<br \/>\nDur\u00e9e : 100 minutes<br \/>\n<a href=\"http:\/\/amzn.to\/2hxOpWW\">Disponible sur Amazon<br \/>\n<\/a><\/p>\n<p style=\"padding-left: 30px;\"><strong><em>La face cach\u00e9e de la lune de Robert Lepage.<br \/>\n<\/em><\/strong><\/p>\n<p style=\"padding-left: 60px;\">Le 3\/4 de la pi\u00e8ce fut jou\u00e9 et un aspect p\u00e9dagogique en ressortait.<br \/>\nNombre de personnages : 9<br \/>\nDur\u00e9e : 120 minutes<br \/>\n<a href=\"http:\/\/amzn.to\/2gCzdWV\">La face cach\u00e9e de la lune<\/a><img decoding=\"async\" style=\"border: none !important; margin: 0px !important;\" src=\"http:\/\/ir-fr.amazon-adsystem.com\/e\/ir?t=dramactionqcc-21&amp;l=as2&amp;o=8&amp;a=2895022445\" alt=\"\" width=\"1\" height=\"1\" border=\"0\" \/><\/p>\n<p style=\"padding-left: 30px;\"><strong><em>L&#8217;oiseau vert de Guzzi<br \/>\n<\/em><\/strong><\/p>\n<p style=\"padding-left: 60px;\">Une pi\u00e8ce o\u00f9 les marionnettes et les masques ont plu aux acteurs. Une belle po\u00e9sie.<br \/>\nNombre de personnages : 20<br \/>\nNiveau de langue : Soutenu<br \/>\nDur\u00e9e : 120 minutes<br \/>\n<a href=\"http:\/\/amzn.to\/2h2jBNy\">Disponible sur Amazon<\/a><\/p>\n<p style=\"padding-left: 30px;\"><strong><em>L&#8217;avare de Moli\u00e8re<br \/>\n<\/em><\/strong><\/p>\n<p style=\"padding-left: 60px;\">Jean Poquelin dit Moli\u00e8re est tr\u00e8s amusant \u00e0 jouer pour les jeunes.<br \/>\nNombre de personnages : 13<br \/>\nNiveau de langue : Soutenu<br \/>\nDur\u00e9e : 120 minutes<br \/>\n<a href=\"http:\/\/www.toutmoliere.net\/acte-1,405354.html\">http:\/\/www.toutmoliere.net\/acte-1,405354.html<\/a><\/p>\n<p style=\"padding-left: 30px;\"><strong><em>Le m\u00e9decin malgr\u00e9 lui de Moli\u00e8re<br \/>\n<\/em><\/strong><\/p>\n<p style=\"padding-left: 60px;\">Cette pi\u00e8ce fait ressortir les grandes paroles inutiles des hommes qui se disent tout savoir.<br \/>\nNombre de personnages : 11<br \/>\nNiveau de langue : Soutenu<br \/>\nDur\u00e9e : 120 minutes<br \/>\n<a href=\"http:\/\/www.toutmoliere.net\/acte-1,405458.html\">http:\/\/www.toutmoliere.net\/acte-1,405458.html<\/a><\/p>\n<p style=\"padding-left: 30px;\"><strong><em>\u00a0Le malade imaginaire de Moli\u00e8re<br \/>\n<\/em><\/strong><\/p>\n<p style=\"padding-left: 60px;\">Cette pi\u00e8ce est toujours \u00e0 la mode.<br \/>\nNombre de personnages : 12<br \/>\nNiveau de langue : Soutenu<br \/>\nDur\u00e9e : 120 minutes<br \/>\n<a href=\"http:\/\/www.toutmoliere.net\/le-malade-imaginaire,51.html\">http:\/\/www.toutmoliere.net\/le-malade-imaginaire,51.html<\/a><\/p>\n<p style=\"padding-left: 30px;\"><strong><em>Un simple soldat de Marcel Dub\u00e9<br \/>\n<\/em><\/strong><\/p>\n<p style=\"padding-left: 60px;\">Nombre de personnages : 19 Personnage(s), 6 Femme(s), 13 Homme(s), 19 Acteur(s)<br \/>\nNiveau de langue : Qu\u00e9b\u00e9cois<br \/>\nDur\u00e9e : 120 minutes<br \/>\n<a href=\"http:\/\/www.cead.qc.ca\/_cead_repertoire\/id_document\/1580\">http:\/\/www.cead.qc.ca\/_cead_repertoire\/id_document\/1580<\/a><\/p>\n<p style=\"padding-left: 30px;\"><strong><em>Lettrang\u00e8re, de <span class=\"CouleurFondTableauEntete\"><i>Yvan PIERRE<\/i><\/span><br \/>\n<\/em><\/strong><\/p>\n<p style=\"padding-left: 60px;\">Une lettre \u00e9trang\u00e8re veut int\u00e9grer notre alphabet. Le dictionnaire convoque donc, au hasard, un mot repr\u00e9sentant chaque lettre \u00e0 venir participer \u00e0 ce r\u00e9f\u00e9rendum un peu particulier\u2026 26 personnages int\u00e9ressants \u00e0 jouer.<br \/>\n<a href=\"http:\/\/www.leproscenium.com\/Detail.php?IdPiece=2595\" target=\"_blank\">http:\/\/www.leproscenium.com\/Detail.php?IdPiece=2595<\/a><\/p>\n<p style=\"padding-left: 30px;\"><strong><em>La peau d&#8217;ELisa de Carole Fr\u00e9chette<\/em><\/strong><\/p>\n<p style=\"padding-left: 60px;\">Pi\u00e8ce plut\u00f4t tragique qui traite de l&#8217;adolescence, du rejet de la diff\u00e9rence: Anna a les yeux versions, 8 personnages. Plusieurs niveaux de lecture. Pi\u00e8ce jou\u00e9e avec un groupe de 13 \u00e9l\u00e8ves d&#8217;option th\u00e9\u00e2tre de premi\u00e8re. Bonne r\u00e9ponse du public.<br \/>\n<a href=\"https:\/\/www.amazon.fr\/s\/ref=as_li_ss_tl?_encoding=UTF8&amp;camp=1642&amp;creative=19458&amp;field-keywords=La%20peau%20d%27ELisa%20de%20Carole%20Fr%C3%A9chette&amp;linkCode=ur2&amp;rh=n%3A301061%2Ck%3ALa%20peau%20d%27ELisa%20de%20Carole%20Fr%C3%A9chette&amp;tag=dramactionqcc-21&amp;url=search-alias%3Dstripbooks\" target=\"_blank\">Disponible sur Amazon<br \/>\n<\/a><\/p>\n<p style=\"padding-left: 30px;\"><strong><em>Les Yeux d&#8217;Anna de Luc Tartar<\/em><\/strong><\/p>\n<p style=\"padding-left: 60px;\">Pi\u00e8ce plut\u00f4t tragique qui traite de l&#8217;adolescence, du rejet de la diff\u00e9rence: Anna a les yeux veirons, 8 personnages. Plusieurs niveaux de lecture. Pi\u00e8ce jou\u00e9e avec un groupe de 13 \u00e9l\u00e8ves d&#8217;option th\u00e9\u00e2tre de premi\u00e8re. Bonne r\u00e9ponse du public.<br \/>\n<a href=\"http:\/\/amzn.to\/2hxNxBv\" target=\"_blank\">Disponible sur Amazon<\/a><img decoding=\"async\" style=\"border: none !important; margin: 0px !important;\" src=\"https:\/\/ir-fr.amazon-adsystem.com\/e\/ir?t=dramactionqcc-21&amp;l=ur2&amp;o=8\" alt=\"\" width=\"1\" height=\"1\" border=\"0\" \/><\/p>\n<p style=\"padding-left: 30px;\"><strong><em>Les Pas Perdus, de Denise Bonal<\/em><\/strong><\/p>\n<p style=\"padding-left: 60px;\">Succession de petites sc\u00e8nes avec de multiples personnages qui se passent dans un hall de gare. Pi\u00e8ce jou\u00e9e avec un groupe de 18 \u00e9l\u00e8ves d&#8217;option th\u00e9\u00e2tre de seconde. Excellente r\u00e9ponse du public.<br \/>\n<a href=\"http:\/\/amzn.to\/2hnrxfg\" target=\"_blank\">Disponible sur Amazon<\/a><img decoding=\"async\" style=\"border: none !important; margin: 0px !important;\" src=\"https:\/\/ir-fr.amazon-adsystem.com\/e\/ir?t=dramactionqcc-21&amp;l=ur2&amp;o=8\" alt=\"\" width=\"1\" height=\"1\" border=\"0\" \/><\/p>\n<p style=\"padding-left: 30px;\"><strong>J&#8217;t&#8217;aime, <em>de Paul Vanasse.<\/em><\/strong><\/p>\n<p style=\"padding-left: 60px;\">Pi\u00e8ce d&#8217;une dur\u00e9e approximative de 120 minutes pour des groupes d&#8217;environs 25 \u00e9l\u00e8ves.\u00a0 La pi\u00e8ce comporte un bon nombre de sc\u00e8nes traitant diff\u00e9rents styles de jeu.\u00a0 Tr\u00e8s appr\u00e9ci\u00e9 du public !<br \/>\n<a href=\"http:\/\/www.adelinc.qc.ca\/scolaire.asp\" target=\"_blank\">http:\/\/www.adelinc.qc.ca\/scolaire.asp<\/a><\/p>\n<p style=\"padding-left: 30px;\"><strong>Camping et parc d&#8217;attraction, <em>de Marc-Andr\u00e9 Brunet<\/em><\/strong><\/p>\n<p style=\"padding-left: 60px;\">Nombre de personnages : 41 (modulable) &#8211; X filles X gar\u00e7ons<br \/>\nNiveau de langue : Qu\u00e9b\u00e9cois (sans trop de r\u00e9gionalisme, donc adaptable pour tout pays)<br \/>\nDur\u00e9e : 75 minutes<br \/>\n<a href=\"http:\/\/www.piece-theatre-scolaire.com\/products-page\/auteurs\/camping-et-parc-d%CA%BCattraction\/\" target=\"_blank\">http:\/\/www.piece-theatre-scolaire.com\/products-page\/auteurs\/camping-et-parc-d%CA%BCattraction\/<\/a><\/p>\n<p style=\"padding-left: 30px;\"><strong>Sommeil dramatique, de <em>Marie Lapointe<\/em><\/strong><\/p>\n<p style=\"padding-left: 60px;\">Nombre de personnages : 49 personnages (<em>24H, 29F<\/em>)<br \/>\nNiveau de langue : \u00c0 la base Qu\u00e9b\u00e9cois mais avec diff\u00e9rents niveaux de langage selon les genre de th\u00e9\u00e2tre explor\u00e9s<br \/>\nDur\u00e9e : 75 \u00e0 90 minutes<br \/>\n<a href=\"http:\/\/www.piece-theatre-scolaire.com\/products-page\/marie-lapointe\/sommeil-dramatique\/\" target=\"_blank\">http:\/\/www.piece-theatre-scolaire.com\/products-page\/marie-lapointe\/sommeil-dramatique\/<\/a><\/p>\n<div style=\"padding-left: 30px;\" align=\"left\">\n<p><span class=\"titrenoir\"><b>Le Th\u00e9\u00e2tre qui rend Fou,<\/b> <\/span><strong>de <em><span style=\"font-family: verdana;\"> <span class=\"normal\">J<\/span><span class=\"normal\">acques Maurin<\/span><\/span><\/em><\/strong><\/p>\n<p style=\"padding-left: 30px;\">Nombre de personnages : Modulable, de 16 \u00e0 30+<br \/>\nNiveau de langue : Fran\u00e7ais international<br \/>\nDur\u00e9e : 90 \u00e0 120 min<br \/>\n<a href=\"http:\/\/www.piece-theatre-scolaire.com\/products-page\/marie-lapointe\/sommeil-dramatique\/\" target=\"_blank\">http:\/\/www.piece-theatre-scolaire.com\/products-page\/marie-lapointe\/sommeil-dramatique\/<\/a><\/p>\n<\/div>\n<div align=\"left\">\n<p style=\"padding-left: 30px;\"><strong><em>Motel Bienvenu et <\/em><em>filles<\/em><em><strong>, de Jo<\/strong>celyn Roy<\/em><\/strong><\/p>\n<p style=\"padding-left: 60px;\">Nombre de personnages : 25<br \/>\nNiveau de langue : Qu\u00e9b\u00e9cois (sans trop de r\u00e9gionalisme, donc adaptable pour tout pays)<br \/>\nDur\u00e9e : 75 \u00e0 90 minutes<br \/>\n<a href=\"http:\/\/www.adelinc.qc.ca\/scolaire.asp\" target=\"_blank\">http:\/\/www.adelinc.qc.ca\/scolaire.asp<\/a><\/p>\n<\/div>\n<h2>8-12 ans<\/h2>\n<p style=\"padding-left: 30px;\"><strong><em>Ne touchez pas \u00e0 ma maison !, de Yanik Comeau<br \/>\n<\/em><\/strong><\/p>\n<p style=\"padding-left: 60px;\">Pi\u00e8ce sur le th\u00e8me de l&#8217;environnement \u00e9crite sur mesure pour un groupe-classe.<br \/>\nNombre de personnages : Une vingtaine de personnages pouvant \u00eatre jou\u00e9s par une classe d\u2019\u00e9l\u00e8ves.Possibilit\u00e9 de faire jouer des personnages par des marionnettes manipul\u00e9es par des \u00e9l\u00e8ves ou de convertir la pi\u00e8ce en th\u00e9\u00e2tre de marionnettes.<br \/>\nDisponible sur <a href=\"http:\/\/www.theatralites.com\">www.theatralites.com<\/a><\/p>\n<p style=\"padding-left: 30px;\"><strong><em>Quelle histoire, d\u2019Anne Caroline d\u2019Arnaudy<\/em><\/strong><\/p>\n<p style=\"padding-left: 60px;\">Pour une quinzaine d\u2019\u00e9l\u00e8ves, de 7 \u00e0 12 ans. R\u00e9trospective de l\u2019histoire de France en plusieurs tableaux.<br \/>\n<a href=\"http:\/\/amzn.to\/2hndYMN\" target=\"_blank\">Disponible sur Amazon<\/a><img decoding=\"async\" style=\"border: none !important; margin: 0px !important;\" src=\"https:\/\/ir-fr.amazon-adsystem.com\/e\/ir?t=dramactionqcc-21&amp;l=ur2&amp;o=8\" alt=\"\" width=\"1\" height=\"1\" border=\"0\" \/><\/p>\n<p style=\"padding-left: 30px;\"><strong><em>Les amis du Roi, de Brigitte Saussard et Catherine Beaumont<\/em><\/strong><\/p>\n<p style=\"padding-left: 60px;\">Nombre de personnages : 41 (modulable) &#8211; X filles X gar\u00e7ons<br \/>\nNiveau de langue : Qu\u00e9b\u00e9cois (sans trop de r\u00e9gionalisme, donc adaptable pour tout pays)<br \/>\nDur\u00e9e : 75 minutes<br \/>\n<a href=\"http:\/\/amzn.to\/2gL63tz\" target=\"_blank\">Disponible sur Amazon<\/a><\/p>\n<p style=\"padding-left: 30px;\"><strong><em>En plein coeur, de Yanik Comeau<br \/>\n<\/em><\/strong><\/p>\n<p style=\"padding-left: 60px;\">Pi\u00e8ce en fran\u00e7ais qu\u00e9b\u00e9cois sur le th\u00e8me de l&#8217;intimidation \u00e9crite sur mesure pour un groupe-classe (6e ann\u00e9e)<br \/>\nNombre de personnages : 36 personnages et une voix, pouvant \u00eatre jou\u00e9s par un groupe-classe de 16 \u00e9l\u00e8ves et plus.<br \/>\nCette pi\u00e8ce comprend 2 chansons.<br \/>\nDisponible sur <a href=\"http:\/\/www.theatralites.com\">www.theatralites.com<\/a><\/p>\n<p style=\"padding-left: 30px;\"><strong><em>Chez Bernard, resto-bar, de Yanik Comeau<br \/>\n<\/em><\/strong><\/p>\n<p style=\"padding-left: 60px;\">Com\u00e9die pour toute la famille en fran\u00e7ais normatif.<br \/>\nNombre de personnages : 19 personnages (10 f\u00e9minins, 9 masculins et des figurants si d\u00e9sir\u00e9) pouvant \u00eatre jou\u00e9s par quatre filles et quatre gar\u00e7ons.<br \/>\nDisponible sur <a href=\"http:\/\/www.theatralites.com\">www.theatralites.com<\/a><\/p>\n<p style=\"padding-left: 30px;\"><strong><em>Le Tr\u00e9sor d&#8217;or, de Yanik Comeau.<br \/>\n<\/em><\/strong><\/p>\n<p style=\"padding-left: 60px;\">Pi\u00e8ce sur l&#8217;amiti\u00e9 \u00e9crite sur mesure pour un groupe-classe.<br \/>\nNombre de personnages : 19 personnages (enfants, parents, arbres et cr\u00e9atures de la for\u00eat) pouvant \u00eatre jou\u00e9s par une douzaine de com\u00e9diens. Possibilit\u00e9 de faire jouer des personnages par des marionnettes manipul\u00e9es par des \u00e9l\u00e8ves.<br \/>\nDisponible sur <a href=\"http:\/\/www.theatralites.com\">www.theatralites.com<\/a><\/p>\n<p style=\"padding-left: 30px;\"><strong><em>\u00a0Avant que la plan\u00e8te p\u00e8te, de Yanik Comeau<br \/>\n<\/em><\/strong><\/p>\n<p style=\"padding-left: 60px;\">Pi\u00e8ce sur le th\u00e8me de l&#8217;environnement \u00e9crite sur mesure pour un groupe-classe, incluant deux chansons.<br \/>\nNombre de personnages : 35 personnages pouvant \u00eatre jou\u00e9s par une vingtaine de com\u00e9diens.<br \/>\nDisponible sur <a href=\"http:\/\/www.theatralites.com\">www.theatralites.com<\/a><\/p>\n<p style=\"padding-left: 30px;\"><strong><em>\u00a0Le Cirque des Bas-Fonds, de Yanik Comeau<br \/>\n<\/em><\/strong><\/p>\n<p style=\"padding-left: 60px;\">Com\u00e9die sur le th\u00e8me du cirque \u00e9crite sur mesure pour un groupe-classe, incluant 2 chansons et la possibilit\u00e9 d\u2019ajouter des num\u00e9ros de cirque.<br \/>\n28 personnages, 15 masculins, 13 f\u00e9minins, pouvant \u00eatre jou\u00e9s par un groupe-classe de 18 \u00e9l\u00e8ves et plus.<br \/>\nDisponible sur <a href=\"http:\/\/www.theatralites.com\">www.theatralites.com<\/a><\/p>\n<p style=\"padding-left: 30px;\"><strong>Les Encha\u00een\u00e9s,<em> de Philippe Dorin<\/em><\/strong><\/p>\n<p style=\"padding-left: 60px;\">Nombre de personnages : 41 (modulable) &#8211; X filles X gar\u00e7ons<br \/>\nNiveau de langue : Qu\u00e9b\u00e9cois (sans trop de r\u00e9gionalisme, donc adaptable pour tout pays)<br \/>\nDur\u00e9e : 75 minutes<br \/>\n<a href=\"http:\/\/amzn.to\/2h2sc2L\">Disponible sur Amazon<\/a><img decoding=\"async\" style=\"border: none !important; margin: 0px !important;\" src=\"http:\/\/ir-fr.amazon-adsystem.com\/e\/ir?t=dramactionqcc-21&amp;l=as2&amp;o=8&amp;a=2211089283\" alt=\"\" width=\"1\" height=\"1\" border=\"0\" \/><\/p>\n<p style=\"padding-left: 30px;\"><strong>Camping et parc d&#8217;attraction, <em>de Marc-Andr\u00e9 Brunet<\/em><\/strong><\/p>\n<p style=\"padding-left: 60px;\">Nombre de personnages : 41 (modulable) &#8211; X filles X gar\u00e7ons<br \/>\nNiveau de langue : Qu\u00e9b\u00e9cois (sans trop de r\u00e9gionalisme, donc adaptable pour tout pays)<br \/>\nDur\u00e9e : 75 minutes<br \/>\n<a href=\"http:\/\/www.piece-theatre-scolaire.com\/products-page\/auteurs\/camping-et-parc-d%CA%BCattraction\/\" target=\"_blank\">http:\/\/www.piece-theatre-scolaire.com\/products-page\/auteurs\/camping-et-parc-d%CA%BCattraction\/<\/a><\/p>\n<h2><\/h2>\n<h3>POUR PROPOSER VOS ID\u00c9ES (ce que vous avez d\u00e9j\u00e0 jou\u00e9 !)<\/h3>\n<p>[si-contact-form form=&#8217;3&#8242;]<\/p>\n","protected":false},"excerpt":{"rendered":"<p>\u00c9ternelle question&#8230; Quoi jouer en grand groupes ? Suite \u00e0 un appel lanc\u00e9 aux Dramactiennes et Dramactiens, voici une liste de textes &#8220;\u00e9prouv\u00e9e&#8221; \u00e0 jouer avec vos \u00e9l\u00e8ves. Pour sugg\u00e9rer un ajout, veuillez communiquer \u00e0 info (a) dramaction.qc.ca ! 16-20 ans L&#8217;\u00e9t\u00e9 des mangeurs d&#8217;\u00e9toiles de Denise du Chaxel Texte contemporain, po\u00e9tique. Pendant les grandes [&hellip;]<\/p>\n","protected":false},"author":22,"featured_media":0,"parent":2429,"menu_order":0,"comment_status":"open","ping_status":"open","template":"","meta":{"footnotes":""},"class_list":["post-3599","page","type-page","status-publish","hentry"],"jetpack_sharing_enabled":true,"_links":{"self":[{"href":"https:\/\/www.dramaction.qc.ca\/fr\/wp-json\/wp\/v2\/pages\/3599","targetHints":{"allow":["GET"]}}],"collection":[{"href":"https:\/\/www.dramaction.qc.ca\/fr\/wp-json\/wp\/v2\/pages"}],"about":[{"href":"https:\/\/www.dramaction.qc.ca\/fr\/wp-json\/wp\/v2\/types\/page"}],"author":[{"embeddable":true,"href":"https:\/\/www.dramaction.qc.ca\/fr\/wp-json\/wp\/v2\/users\/22"}],"replies":[{"embeddable":true,"href":"https:\/\/www.dramaction.qc.ca\/fr\/wp-json\/wp\/v2\/comments?post=3599"}],"version-history":[{"count":0,"href":"https:\/\/www.dramaction.qc.ca\/fr\/wp-json\/wp\/v2\/pages\/3599\/revisions"}],"up":[{"embeddable":true,"href":"https:\/\/www.dramaction.qc.ca\/fr\/wp-json\/wp\/v2\/pages\/2429"}],"wp:attachment":[{"href":"https:\/\/www.dramaction.qc.ca\/fr\/wp-json\/wp\/v2\/media?parent=3599"}],"curies":[{"name":"wp","href":"https:\/\/api.w.org\/{rel}","templated":true}]}}