{"id":3551,"date":"2015-02-02T10:10:16","date_gmt":"2015-02-02T15:10:16","guid":{"rendered":"http:\/\/www.dramaction.qc.ca\/fr\/?page_id=3551"},"modified":"2016-12-02T15:28:18","modified_gmt":"2016-12-02T20:28:18","slug":"generateur-de-cartes-dimprovisation","status":"publish","type":"page","link":"https:\/\/www.dramaction.qc.ca\/fr\/improvisation\/generateur-de-cartes-dimprovisation\/","title":{"rendered":"G\u00e9n\u00e9rateur de Cartes d&#8217;improvisation"},"content":{"rendered":"<p>Bas\u00e9 sur notre liste de 5500 th\u00e8mes et \u00e0 la demande des utilisateurs de Dramaction<\/p>\n<p>Ce fichier <strong>MICROSOFT Excel<\/strong> g\u00e9n\u00e8re al\u00e9atoirement des cartes de th\u00e8mes d&#8217;improvisation.\u00a0 D\u00e8s que vous aimez, vous imprimez en papier ou en PDF !<\/p>\n<p>Une feuille vierge accueillera \u00e9galement les cartes que vous voulez faire &#8220;manuellement&#8221; pour vos matchs.<\/p>\n<p>Vous pouvez personnaliser chacun des champs, notamment pour augmenter les probabilit\u00e9s qu&#8217;une nature d&#8217;impro ou le minutage apparaisse plus souvent dans vos cartes al\u00e9atoires.<\/p>\n<p>Un outil nouveau genre pour vos matches et ateliers !<\/p>\n<p><center><div class=\"woocommerce \"><div class=\"products row columns-4\">\n<div class=\"col-md-3 col-sm-6 product type-product post-3790 status-publish first instock product_cat-exercices-et-ressources has-post-thumbnail featured downloadable sold-individually shipping-taxable purchasable product-type-simple\">\n\t<div class=\"project-item margin-bottom-20\">\n\t\t\t<figure>\n\t\t\t<a href=\"https:\/\/www.dramaction.qc.ca\/fr\/produit\/generateur-de-cartes-dimprovisation-xls\/\">\n\t\t\t\t<img decoding=\"async\" width=\"200\" height=\"200\" src=\"https:\/\/www.dramaction.qc.ca\/fr\/wp-content\/uploads\/2016\/12\/generateur-200x200.jpg\" class=\"attachment-woocommerce_thumbnail size-woocommerce_thumbnail\" alt=\"G\u00e9n\u00e9rateur de cartes d&#039;improvisation (XLS)\" srcset=\"https:\/\/www.dramaction.qc.ca\/fr\/wp-content\/uploads\/2016\/12\/generateur-200x200.jpg 200w, https:\/\/www.dramaction.qc.ca\/fr\/wp-content\/uploads\/2016\/12\/generateur-100x100.jpg 100w, https:\/\/www.dramaction.qc.ca\/fr\/wp-content\/uploads\/2016\/12\/generateur-150x150.jpg 150w, https:\/\/www.dramaction.qc.ca\/fr\/wp-content\/uploads\/2016\/12\/generateur-300x300.jpg 300w, https:\/\/www.dramaction.qc.ca\/fr\/wp-content\/uploads\/2016\/12\/generateur-1024x1024.jpg 1024w\" sizes=\"(max-width: 200px) 100vw, 200px\" \/>\t\t\t<\/a>\n\t\t<\/figure>\n\t\t<div class=\"info\">\t\n\t\t\t<p class=\"product-title\">\n\t\t\t\t<a href=\"https:\/\/www.dramaction.qc.ca\/fr\/produit\/generateur-de-cartes-dimprovisation-xls\/\">\t\t\n\t\t\t\t\tG\u00e9n\u00e9rateur de cartes d&#8217;improvisation (XLS)\t\t\t\t<\/a>\n\t\t\t<\/p>\n\t\t\t\n\t<span class=\"price\"><span class=\"woocommerce-Price-amount amount\"><bdi><span class=\"woocommerce-Price-currencySymbol\">&#36;<\/span>10.00<\/bdi><\/span><\/span>\n<a href=\"\/fr\/wp-json\/wp\/v2\/pages\/3551?add-to-cart=3790\" aria-describedby=\"woocommerce_loop_add_to_cart_link_describedby_3790\" data-quantity=\"1\" class=\"button product_type_simple add_to_cart_button ajax_add_to_cart\" data-product_id=\"3790\" data-product_sku=\"\" aria-label=\"Ajouter au panier\u00a0: &ldquo;G\u00e9n\u00e9rateur de cartes d&#039;improvisation (XLS)&rdquo;\" rel=\"nofollow\" data-success_message=\"\u00ab\u00a0G\u00e9n\u00e9rateur de cartes d&#039;improvisation (XLS)\u00a0\u00bb a \u00e9t\u00e9 ajout\u00e9 \u00e0 votre panier\" role=\"button\">Ajouter au panier<\/a>\t<span id=\"woocommerce_loop_add_to_cart_link_describedby_3790\" class=\"screen-reader-text\">\n\t\t\t<\/span>\n\t\t\t\n\t\t<\/div>\t\n\t<\/div>\t\n<\/div>\n<\/div>\n<\/div><\/center><\/p>\n<h2>Captures d&#8217;\u00e9cran<\/h2>\n<h3><strong>3 cartes par pages, g\u00e9n\u00e9r\u00e9es automatiquement&#8230; vous aimez : vous imprimez !<br \/>\n<\/strong><\/h3>\n<p><center><a href=\"http:\/\/www.dramaction.qc.ca\/fr\/wp-content\/uploads\/2015\/02\/generateur.jpg\"><img decoding=\"async\" class=\"alignnone wp-image-3553 size-medium\" src=\"http:\/\/www.dramaction.qc.ca\/fr\/wp-content\/uploads\/2015\/02\/generateur-196x300.jpg\" alt=\"generateur\" width=\"196\" height=\"300\" srcset=\"https:\/\/www.dramaction.qc.ca\/fr\/wp-content\/uploads\/2015\/02\/generateur-196x300.jpg 196w, https:\/\/www.dramaction.qc.ca\/fr\/wp-content\/uploads\/2015\/02\/generateur-500x766.jpg 500w, https:\/\/www.dramaction.qc.ca\/fr\/wp-content\/uploads\/2015\/02\/generateur-300x460.jpg 300w, https:\/\/www.dramaction.qc.ca\/fr\/wp-content\/uploads\/2015\/02\/generateur.jpg 479w\" sizes=\"(max-width: 196px) 100vw, 196px\" \/><\/a><\/center><\/p>\n<h3><strong>Personnalisez les champs en fonction de vos besoins et habitudes d&#8217;improvisation !<\/strong><\/h3>\n<p><center><a href=\"http:\/\/www.dramaction.qc.ca\/fr\/wp-content\/uploads\/2015\/02\/personnaliser.jpg\"><img decoding=\"async\" class=\" size-medium wp-image-3568 alignnone\" src=\"http:\/\/www.dramaction.qc.ca\/fr\/wp-content\/uploads\/2015\/02\/personnaliser-105x300.jpg\" alt=\"personnaliser\" width=\"105\" height=\"300\" srcset=\"https:\/\/www.dramaction.qc.ca\/fr\/wp-content\/uploads\/2015\/02\/personnaliser-105x300.jpg 105w, https:\/\/www.dramaction.qc.ca\/fr\/wp-content\/uploads\/2015\/02\/personnaliser-500x1435.jpg 500w, https:\/\/www.dramaction.qc.ca\/fr\/wp-content\/uploads\/2015\/02\/personnaliser.jpg 254w\" sizes=\"(max-width: 105px) 100vw, 105px\" \/><\/a><\/center><\/p>\n<h3><strong>\u00a0Personnalisez chacun des champs dans la barre d&#8217;onglets Excel.<\/strong><\/h3>\n<p><center><a href=\"http:\/\/www.dramaction.qc.ca\/fr\/wp-content\/uploads\/2015\/02\/directives.jpg\"><img decoding=\"async\" class=\"alignnone wp-image-3567 size-medium\" src=\"http:\/\/www.dramaction.qc.ca\/fr\/wp-content\/uploads\/2015\/02\/directives-300x13.jpg\" alt=\"directives\" width=\"300\" height=\"13\" srcset=\"https:\/\/www.dramaction.qc.ca\/fr\/wp-content\/uploads\/2015\/02\/directives-300x13.jpg 300w, https:\/\/www.dramaction.qc.ca\/fr\/wp-content\/uploads\/2015\/02\/directives-500x22.jpg 500w, https:\/\/www.dramaction.qc.ca\/fr\/wp-content\/uploads\/2015\/02\/directives.jpg 791w\" sizes=\"(max-width: 300px) 100vw, 300px\" \/><\/a><\/center><\/p>\n<h3><strong>Fiches vides pour cr\u00e9er vos propres fiches !<\/strong><\/h3>\n<p><center><a href=\"http:\/\/www.dramaction.qc.ca\/fr\/wp-content\/uploads\/2015\/02\/vides.jpg\"><img decoding=\"async\" class=\"alignnone size-full wp-image-3571\" src=\"http:\/\/www.dramaction.qc.ca\/fr\/wp-content\/uploads\/2015\/02\/vides.jpg\" alt=\"vides\" width=\"642\" height=\"479\" srcset=\"https:\/\/www.dramaction.qc.ca\/fr\/wp-content\/uploads\/2015\/02\/vides.jpg 642w, https:\/\/www.dramaction.qc.ca\/fr\/wp-content\/uploads\/2015\/02\/vides-500x373.jpg 500w, https:\/\/www.dramaction.qc.ca\/fr\/wp-content\/uploads\/2015\/02\/vides-300x224.jpg 300w\" sizes=\"(max-width: 642px) 100vw, 642px\" \/><\/a><\/center><\/p>\n","protected":false},"excerpt":{"rendered":"<p>Bas\u00e9 sur notre liste de 5500 th\u00e8mes et \u00e0 la demande des utilisateurs de Dramaction Ce fichier MICROSOFT Excel g\u00e9n\u00e8re al\u00e9atoirement des cartes de th\u00e8mes d&#8217;improvisation.\u00a0 D\u00e8s que vous aimez, vous imprimez en papier ou en PDF ! Une feuille vierge accueillera \u00e9galement les cartes que vous voulez faire &#8220;manuellement&#8221; pour vos matchs. Vous pouvez [&hellip;]<\/p>\n","protected":false},"author":22,"featured_media":0,"parent":43,"menu_order":0,"comment_status":"open","ping_status":"open","template":"","meta":{"footnotes":""},"class_list":["post-3551","page","type-page","status-publish","hentry"],"jetpack_sharing_enabled":true,"_links":{"self":[{"href":"https:\/\/www.dramaction.qc.ca\/fr\/wp-json\/wp\/v2\/pages\/3551","targetHints":{"allow":["GET"]}}],"collection":[{"href":"https:\/\/www.dramaction.qc.ca\/fr\/wp-json\/wp\/v2\/pages"}],"about":[{"href":"https:\/\/www.dramaction.qc.ca\/fr\/wp-json\/wp\/v2\/types\/page"}],"author":[{"embeddable":true,"href":"https:\/\/www.dramaction.qc.ca\/fr\/wp-json\/wp\/v2\/users\/22"}],"replies":[{"embeddable":true,"href":"https:\/\/www.dramaction.qc.ca\/fr\/wp-json\/wp\/v2\/comments?post=3551"}],"version-history":[{"count":0,"href":"https:\/\/www.dramaction.qc.ca\/fr\/wp-json\/wp\/v2\/pages\/3551\/revisions"}],"up":[{"embeddable":true,"href":"https:\/\/www.dramaction.qc.ca\/fr\/wp-json\/wp\/v2\/pages\/43"}],"wp:attachment":[{"href":"https:\/\/www.dramaction.qc.ca\/fr\/wp-json\/wp\/v2\/media?parent=3551"}],"curies":[{"name":"wp","href":"https:\/\/api.w.org\/{rel}","templated":true}]}}