{"id":34,"date":"2010-10-18T21:16:33","date_gmt":"2010-10-19T01:16:33","guid":{"rendered":"http:\/\/www.dramaction.qc.ca\/fr\/"},"modified":"2016-12-06T13:13:42","modified_gmt":"2016-12-06T18:13:42","slug":"ressources","status":"publish","type":"page","link":"https:\/\/www.dramaction.qc.ca\/fr\/ressources\/","title":{"rendered":"Ressources"},"content":{"rendered":"<h3>Des ressources gratuites pour les enseignants et animateurs de th\u00e9\u00e2tre !<\/h3>\n<p>Cette section est riche de contenu parce qu&#8217;au cours des ann\u00e9es, j&#8217;ai ajout\u00e9 <strong><span style=\"color: #993300;\">VOTRE CONTENU<\/span><\/strong>, celui que vous faites parvenir si g\u00e9n\u00e9reusement \u00e0 la communaut\u00e9 de DRAMACTION.<\/p>\n<p>Continuez de fournir vos id\u00e9es et vos <a href=\"http:\/\/www.dramaction.qc.ca\/fr\/contact\/\">ressources ici.<\/a><\/p>\n<hr \/>\n<h2>Exercices de th\u00e9\u00e2tre<\/h2>\n<p>Section la plus populaire de Dramaction. La base de donn\u00e9es d&#8217;exercices de th\u00e9\u00e2tre plus compl\u00e8te de l&#8217;Internet gr\u00e2ce \u00e0 la participation de plusieurs enseignants ! <a href=\"http:\/\/www.dramaction.qc.ca\/fr\/ressources\/exercices\/\">Allez \u00e0 la section Exercices<\/a><\/p>\n<hr \/>\n<h2>Documents p\u00e9dagogiques<\/h2>\n<p>Diff\u00e9rents texte, documents p\u00e9dagogiques et d&#8217;\u00e9valuation propos\u00e9s par des enseignants.<\/p>\n<hr \/>\n<h2>Lexique de th\u00e9\u00e2tre<\/h2>\n<p>En constante \u00e9volution, cette section pr\u00e9sente les d\u00e9finitions de diff\u00e9rents termes utilis\u00e9s au th\u00e9\u00e2tre.\u00a0 Merci \u00e0 <a href=\"http:\/\/www.cinethea.com\/\" target=\"_blank\">Cin\u00e9th\u00e9\u00e2<\/a>\u00a0pour cette g\u00e9n\u00e9reuse contribution ! <a href=\"http:\/\/www.dramaction.qc.ca\/fr\/ressources\/lexique\/\">Bonnes d\u00e9couvertes !<\/a><\/p>\n<hr \/>\n<h2>Masques de th\u00e9\u00e2tre<\/h2>\n<p>Dramaction pr\u00e9sente l&#8217;Atelier Pirate.\u00a0 Cette entreprise de cr\u00e9ation de masques de th\u00e9\u00e2tre vaut vraiment la peine d&#8217;\u00eatre mentionn\u00e9 sur notre site.\u00a0 Des artisans particuli\u00e8rement minutieux qui nous offrent des masques magnifiques et solides ! <a href=\"http:\/\/www.dramaction.qc.ca\/fr\/ressources\/masques-de-theatre\/\">Voir les masques de th\u00e9\u00e2tre\u00a0!<\/a><\/p>\n<hr \/>\n<h2>Forum<\/h2>\n<p>Forum de discussion pour les enseignants de th\u00e9\u00e2tre.\u00a0 Partagez vos connaissances et posez des questions ! <a title=\"Forum des enseignants de th\u00e9\u00e2tre\" href=\"http:\/\/www.dramaction.qc.ca\/fr\/forums\/forum\/dramaction-la-communaute-denseignants-de-theaatre\/\" target=\"_blank\">Acc\u00e9dez au forum des enseignants<\/a>.<\/p>\n<hr \/>\n<h2>La Commedia dell&#8217;arte<\/h2>\n<p>Gr\u00e2ce \u00e0 la participation d&#8217;enseignants, voici la section consacr\u00e9 au th\u00e9\u00e2tre italien la Commedia dell&#8217;arte. <a title=\"Commedia dell'arte\" href=\"http:\/\/www.dramaction.qc.ca\/fr\/ressources\/la-commedia-dell%E2%80%99arte\/\">D\u00e9couvertes th\u00e9\u00e2trales pour vos \u00e9l\u00e8ves !<\/a><\/p>\n<hr \/>\n<h2>Histoire du th\u00e9\u00e2tre<\/h2>\n<p>Cette section a \u00e9t\u00e9 rassembl\u00e9e et cr\u00e9\u00e9e par Alicia Marie Ma\u00eblle Frochisse dans le cadre se son m\u00e9moire de fin d\u2019\u00e9tudes \u00e0 l\u2019Institut des Arts de Diffusion (IAD) en Belgique.\u00a0 <a href=\"http:\/\/www.dramaction.qc.ca\/fr\/ressources\/histoire-du-theatre\/\">Histoire du th\u00e9\u00e2tre !<\/a><\/p>\n<p style=\"text-align: center;\"><a href=\"http:\/\/www.dramaction.qc.ca\/fr\/wp-content\/uploads\/2011\/08\/logo-dramaction.png\"><img decoding=\"async\" class=\"size-full wp-image-2375 aligncenter\" title=\"logo-dramaction\" src=\"http:\/\/www.dramaction.qc.ca\/fr\/wp-content\/uploads\/2011\/08\/logo-dramaction.png\" alt=\"\" width=\"234\" height=\"211\" srcset=\"https:\/\/www.dramaction.qc.ca\/fr\/wp-content\/uploads\/2011\/08\/logo-dramaction.png 335w, https:\/\/www.dramaction.qc.ca\/fr\/wp-content\/uploads\/2011\/08\/logo-dramaction-500x449.png 500w, https:\/\/www.dramaction.qc.ca\/fr\/wp-content\/uploads\/2011\/08\/logo-dramaction-300x269.png 300w\" sizes=\"(max-width: 234px) 100vw, 234px\" \/><\/a><\/p>\n<p style=\"text-align: center;\"><strong>Bonnes d\u00e9couvertes artistiques !!!<\/strong><\/p>\n<p>&nbsp;<\/p>\n<p>&nbsp;<\/p>\n","protected":false},"excerpt":{"rendered":"<p>Des ressources gratuites pour les enseignants et animateurs de th\u00e9\u00e2tre ! Cette section est riche de contenu parce qu&#8217;au cours des ann\u00e9es, j&#8217;ai ajout\u00e9 VOTRE CONTENU, celui que vous faites parvenir si g\u00e9n\u00e9reusement \u00e0 la communaut\u00e9 de DRAMACTION. Continuez de fournir vos id\u00e9es et vos ressources ici. Exercices de th\u00e9\u00e2tre Section la plus populaire de [&hellip;]<\/p>\n","protected":false},"author":22,"featured_media":0,"parent":0,"menu_order":2,"comment_status":"open","ping_status":"closed","template":"","meta":{"footnotes":""},"class_list":["post-34","page","type-page","status-publish","hentry"],"jetpack_sharing_enabled":true,"_links":{"self":[{"href":"https:\/\/www.dramaction.qc.ca\/fr\/wp-json\/wp\/v2\/pages\/34","targetHints":{"allow":["GET"]}}],"collection":[{"href":"https:\/\/www.dramaction.qc.ca\/fr\/wp-json\/wp\/v2\/pages"}],"about":[{"href":"https:\/\/www.dramaction.qc.ca\/fr\/wp-json\/wp\/v2\/types\/page"}],"author":[{"embeddable":true,"href":"https:\/\/www.dramaction.qc.ca\/fr\/wp-json\/wp\/v2\/users\/22"}],"replies":[{"embeddable":true,"href":"https:\/\/www.dramaction.qc.ca\/fr\/wp-json\/wp\/v2\/comments?post=34"}],"version-history":[{"count":0,"href":"https:\/\/www.dramaction.qc.ca\/fr\/wp-json\/wp\/v2\/pages\/34\/revisions"}],"wp:attachment":[{"href":"https:\/\/www.dramaction.qc.ca\/fr\/wp-json\/wp\/v2\/media?parent=34"}],"curies":[{"name":"wp","href":"https:\/\/api.w.org\/{rel}","templated":true}]}}