{"id":2640,"date":"2011-12-21T21:16:00","date_gmt":"2011-12-22T02:16:00","guid":{"rendered":"http:\/\/www.dramaction.qc.ca\/fr\/?page_id=2640"},"modified":"2011-12-25T10:32:22","modified_gmt":"2011-12-25T15:32:22","slug":"a-propos","status":"publish","type":"page","link":"https:\/\/www.dramaction.qc.ca\/fr\/a-propos\/","title":{"rendered":"\u00c0 propos"},"content":{"rendered":"<p>Dramaction est n\u00e9 d&#8217;une id\u00e9e d&#8217;un enseignant de Montr\u00e9al. Passionn\u00e9 d&#8217;Internet et de th\u00e9\u00e2tre, le mariage des deux \u00e9tait une \u00e9vidence. La premi\u00e8re version du site Internet, qui est rest\u00e9e en ligne pendant plus de 5 ans, a compt\u00e9 plus de 2500 inscriptions et a accueilli plus de 300 000 visites, ce qui est beaucoup pour un site qui a un sujet si pointu.<\/p>\n<p>Dramaction tiens sa force dans la qualit\u00e9 des interventions des utilisateur. La communaut\u00e9 d&#8217;internautes dynamiques a permis de mettre en ligne une grande diversit\u00e9 d&#8217;outils, d&#8217;exercices et de ressources. Nous esp\u00e9rons que les interventions seront aussi nombreuses au cours des prochaines ann\u00e9es.<\/p>\n<p>Dramaction a vu le jour en 2002, gr\u00e2ce \u00e0 la collaboration du service local du R\u00e9cit de la Commission scolaire Marguerite-Bourgeoys \u00e0 Montr\u00e9al. \u00c0 l&#8217;\u00e9poque, nous avions fait appel \u00e0 l&#8217;aide d&#8217;un \u00e9l\u00e8ve dou\u00e9 dans les solutions PHP, Samuel Denis, qui a longtemps particip\u00e9 \u00e0 la bonne marche du site.<\/p>\n<p>Le site Dramaction est h\u00e9berg\u00e9 gratuitement sur les serveurs de Productions RVA inc.<\/p>\n<p>Pour joindre Dramaction :<\/p>\n<p>&nbsp;<\/p>\n<p>552 Lafleur<\/p>\n<p>Vaudreuil-Dorion, Qu\u00e9bec<\/p>\n<p>J7V 8A7<\/p>\n","protected":false},"excerpt":{"rendered":"<p>Dramaction est n\u00e9 d&#8217;une id\u00e9e d&#8217;un enseignant de Montr\u00e9al. Passionn\u00e9 d&#8217;Internet et de th\u00e9\u00e2tre, le mariage des deux \u00e9tait une \u00e9vidence. La premi\u00e8re version du site Internet, qui est rest\u00e9e en ligne pendant plus de 5 ans, a compt\u00e9 plus de 2500 inscriptions et a accueilli plus de 300 000 visites, ce qui est beaucoup [&hellip;]<\/p>\n","protected":false},"author":22,"featured_media":0,"parent":0,"menu_order":0,"comment_status":"open","ping_status":"open","template":"","meta":{"footnotes":""},"class_list":["post-2640","page","type-page","status-publish","hentry"],"jetpack_sharing_enabled":true,"_links":{"self":[{"href":"https:\/\/www.dramaction.qc.ca\/fr\/wp-json\/wp\/v2\/pages\/2640","targetHints":{"allow":["GET"]}}],"collection":[{"href":"https:\/\/www.dramaction.qc.ca\/fr\/wp-json\/wp\/v2\/pages"}],"about":[{"href":"https:\/\/www.dramaction.qc.ca\/fr\/wp-json\/wp\/v2\/types\/page"}],"author":[{"embeddable":true,"href":"https:\/\/www.dramaction.qc.ca\/fr\/wp-json\/wp\/v2\/users\/22"}],"replies":[{"embeddable":true,"href":"https:\/\/www.dramaction.qc.ca\/fr\/wp-json\/wp\/v2\/comments?post=2640"}],"version-history":[{"count":0,"href":"https:\/\/www.dramaction.qc.ca\/fr\/wp-json\/wp\/v2\/pages\/2640\/revisions"}],"wp:attachment":[{"href":"https:\/\/www.dramaction.qc.ca\/fr\/wp-json\/wp\/v2\/media?parent=2640"}],"curies":[{"name":"wp","href":"https:\/\/api.w.org\/{rel}","templated":true}]}}