{"id":2412,"date":"2011-08-04T20:53:56","date_gmt":"2011-08-05T00:53:56","guid":{"rendered":"http:\/\/www.dramaction.qc.ca\/fr\/?page_id=2412"},"modified":"2011-08-04T20:53:56","modified_gmt":"2011-08-05T00:53:56","slug":"hymne-de-la-lni","status":"publish","type":"page","link":"https:\/\/www.dramaction.qc.ca\/fr\/improvisation\/hymne-de-la-lni\/","title":{"rendered":"Hymne de la LNI"},"content":{"rendered":"<p align=\"left\"><span style=\"font-family: Verdana,Arial,Helvetica,sans-serif; font-size: small;\"><strong>LA FEUILLE D&#8217;\u00c9RABLE<br \/>\nParoles et musiques d&#8217;Albert Larrieu<\/strong><\/span><\/p>\n<p align=\"left\">Certain jour, le Bon Cr\u00e9ateur<br \/>\nFit dire aux peuples de la Terre:<br \/>\n&#8220;Que chacun choisisse une fleur<br \/>\nEt qu&#8217;on m&#8217;envoie un \u00e9missaire.<br \/>\nQu&#8217;on soit exact au rendez-vous!<br \/>\nChacun prendra la fleur qu&#8217;il aime.<br \/>\nCette fleur restera l&#8217;embl\u00e8me<br \/>\nDu grand amour que j&#8217;ai pour vous.&#8221;<\/p>\n<p align=\"left\">Le jour dit, dans le paradis,<br \/>\nLes envoy\u00e9s se rencontr\u00e8rent:<br \/>\nLa France vint choisir un lys,<br \/>\nL&#8217;oeillet fut pris par l&#8217;Angleterre,<br \/>\nL&#8217;Espagne eut un frais liseron,<br \/>\nL&#8217;Am\u00e9ricain un dahlia rose,<br \/>\nL&#8217;Italien choisit une rose,<br \/>\nEt l&#8217;Allemand un vieux chardon.<\/p>\n<p align=\"left\">Quand arriva le Canadien<br \/>\nEmmitoufl\u00e9 dans ses fourrures,<br \/>\nH\u00e9las, il ne restait plus rien<br \/>\nQue des feuillages et des ramures.<br \/>\nSaint-Pierre \u00e9tait plein de regrets.<br \/>\nIl caressait sa barbe blanche.<br \/>\n&#8220;Je n&#8217;ai plus, dit-il, que ces branches,<br \/>\nTu peux regagner ta for\u00eat.&#8221;<\/p>\n<p>Mais J\u00e9sus qu&#8217;on ne voyait pas<br \/>\nIntervint d&#8217;un coeur secourable.<br \/>\nS&#8217;en alla choisir dans le tas<br \/>\nOffrit une feuille d&#8217;\u00e9rable.<br \/>\nEt c&#8217;est depuis ce beau jour l\u00e0,<br \/>\nQu&#8217;un peu partout dans la campagne,<br \/>\nSur la plaine et dans la montagne,<br \/>\nL&#8217;\u00e9rable cro\u00eet au Canada (ou &#8220;aux qu\u00e9b\u00e9cois&#8221;).<\/p>\n","protected":false},"excerpt":{"rendered":"<p>LA FEUILLE D&#8217;\u00c9RABLE Paroles et musiques d&#8217;Albert Larrieu Certain jour, le Bon Cr\u00e9ateur Fit dire aux peuples de la Terre: &#8220;Que chacun choisisse une fleur Et qu&#8217;on m&#8217;envoie un \u00e9missaire. Qu&#8217;on soit exact au rendez-vous! Chacun prendra la fleur qu&#8217;il aime. Cette fleur restera l&#8217;embl\u00e8me Du grand amour que j&#8217;ai pour vous.&#8221; Le jour dit, [&hellip;]<\/p>\n","protected":false},"author":22,"featured_media":0,"parent":43,"menu_order":700,"comment_status":"open","ping_status":"open","template":"","meta":{"footnotes":""},"class_list":["post-2412","page","type-page","status-publish","hentry"],"jetpack_sharing_enabled":true,"_links":{"self":[{"href":"https:\/\/www.dramaction.qc.ca\/fr\/wp-json\/wp\/v2\/pages\/2412","targetHints":{"allow":["GET"]}}],"collection":[{"href":"https:\/\/www.dramaction.qc.ca\/fr\/wp-json\/wp\/v2\/pages"}],"about":[{"href":"https:\/\/www.dramaction.qc.ca\/fr\/wp-json\/wp\/v2\/types\/page"}],"author":[{"embeddable":true,"href":"https:\/\/www.dramaction.qc.ca\/fr\/wp-json\/wp\/v2\/users\/22"}],"replies":[{"embeddable":true,"href":"https:\/\/www.dramaction.qc.ca\/fr\/wp-json\/wp\/v2\/comments?post=2412"}],"version-history":[{"count":0,"href":"https:\/\/www.dramaction.qc.ca\/fr\/wp-json\/wp\/v2\/pages\/2412\/revisions"}],"up":[{"embeddable":true,"href":"https:\/\/www.dramaction.qc.ca\/fr\/wp-json\/wp\/v2\/pages\/43"}],"wp:attachment":[{"href":"https:\/\/www.dramaction.qc.ca\/fr\/wp-json\/wp\/v2\/media?parent=2412"}],"curies":[{"name":"wp","href":"https:\/\/api.w.org\/{rel}","templated":true}]}}