{"id":2389,"date":"2011-08-04T17:35:29","date_gmt":"2011-08-04T21:35:29","guid":{"rendered":"http:\/\/www.dramaction.qc.ca\/fr\/?page_id=2389"},"modified":"2022-03-25T19:19:31","modified_gmt":"2022-03-25T23:19:31","slug":"textes-theatre-enfant-adolescent","status":"publish","type":"page","link":"https:\/\/www.dramaction.qc.ca\/fr\/textes-a-jouer-avec-vos-eleves\/textes-theatre-enfant-adolescent\/","title":{"rendered":"Sites pour trouver un texte"},"content":{"rendered":"<blockquote><p>Avant tout, il est n\u00e9cessaire de pr\u00e9ciser que cette section sera s\u00e9par\u00e9e en deux parties.\u00a0 Les texte de <strong>th\u00e9\u00e2tre qu\u00e9b\u00e9cois<\/strong> et les texte de <strong>th\u00e9\u00e2tre europ\u00e9ens<\/strong>. Bien que chacun des textes pr\u00e9sents dans ce site ou mis en r\u00e9f\u00e9rence (lien vers un site) peuvent \u00eatre jou\u00e9s par tous puisqu&#8217;ils sont d&#8217;expression fran\u00e7aise, chacun sait (surtout en s&#8217;adressant aux enfants et aux adolescents) qu&#8217;une couleur locale est bien plus facile \u00e0 int\u00e9grer !<\/p><\/blockquote>\n<h2>Pi\u00e8ces de th\u00e9\u00e2tre de Dramaction<\/h2>\n<p>Dramaction propose un grand nombre de pi\u00e8ces de th\u00e9\u00e2tre disponible en t\u00e9l\u00e9chargement direct.\u00a0 La plupart de ces textes sont libres de droits.\u00a0 Dans la description de chacun de ces t\u00e9l\u00e9chargements, vous devriez voir, en principe, le nombre de chaque personnage, class\u00e9s par sexe.\u00a0 <a title=\"Texte et com\u00e9dies \u00e0 t\u00e9l\u00e9charger en ligne\" href=\"http:\/\/www.dramaction.qc.ca\/fr\/ressources\/documents-a-telecharger\/textes-a-jouer\/\">Voir les textes pr\u00e9sents sur le site de Dramaction. <\/a><\/p>\n<h2>Pi\u00e8ces de th\u00e9\u00e2tre EUROP\u00c9ENNES<\/h2>\n<ul>\n<li><strong>SITE DE DENIS CRESSEN &#8211; <\/strong><a href=\"http:\/\/www.mes-pieces-de-theatre-a-jouer.com\/\" target=\"_blank\" rel=\"noopener\">http:\/\/www.mes-pieces-de-theatre-a-jouer.com\/<\/a>Plusieurs textes \u00e0 jouer &#8211;<\/li>\n<li>\n<p class=\"row_title\"><strong>SITE DE JEAN-YVES CHATELAIN<\/strong> &#8211; Plusieurs textes &#8211; <a href=\"http:\/\/jeanyveschatelain.e-monsite.com\/\" target=\"_blank\" rel=\"noopener\">jeanyveschatelain.e-monsite.com<\/a>.<\/p>\n<\/li>\n<li><strong>TH\u00c9ATRALE<\/strong> &#8211; Site pr\u00e9sentant les textes de Claude Lienard <a href=\"http:\/\/theatrale.fr\/textes\/index.html\" target=\"_blank\" rel=\"noopener\">http:\/\/theatrale.fr\/textes\/index.html<\/a><\/li>\n<li><strong>PATRICIA HAUBE<\/strong> &#8211; Quelques unes de ses pi\u00e8ces proposent une distribution modulables <a href=\"http:\/\/patricia.haube.monsite-orange.fr\/\" target=\"_blank\" rel=\"noopener\">http:\/\/patricia.haube.monsite-orange.fr\/<\/a><\/li>\n<li><strong>COMEDIATHEQUE &#8211;<\/strong> Site de Jean-Pierre Martinez, auteur de th\u00e9\u00e2tre fran\u00e7ais.\u00a0 Propose sur son site les textes int\u00e9graux de mes 35 com\u00e9dies en t\u00e9l\u00e9chargement gratuits !\u00a0<a href=\"http:\/\/www.comediatheque.com\/\" target=\"_blank\" rel=\"noopener\">http:\/\/www.comediatheque.com\/<\/a><\/li>\n<li><strong>FESTICOM\u00c9DIES\u00a0<\/strong> &#8211; Des Pi\u00e8ces de th\u00e9\u00e2tre \u00e0 t\u00e9l\u00e9charger <a href=\"http:\/\/www.festicomedies.fr\/\" target=\"_blank\" rel=\"noopener\">http:\/\/www.festicomedies.fr\/<\/a><\/li>\n<li><strong>JOEL CONTIVAL<\/strong> &#8211; Site proposant des textes adapt\u00e9s \u00e0 un contexte scolaire. <a title=\"http:\/\/www.joel-contival.com\/\" href=\"http:\/\/www.joel-contival.com\/\" target=\"_blank\" rel=\"noopener\">http:\/\/www.joel-contival.com<\/a><\/li>\n<li><strong>CLAUDE BURNEAU<\/strong> &#8211; Ce site propose des pi\u00e8ces \u00e9crites par M. Burneau pour ses \u00e9l\u00e8ves.\u00a0 Ce sont des pi\u00e8ces de 5 \u00e0 20 personnages pour des enfants, des adolescents et de jeunes adultes. <a href=\"http:\/\/www.claudeburneau.fr\/textestheatre.htm\" target=\"_blank\" rel=\"noopener\">http:\/\/www.claudeburneau.fr\/textestheatre.htm<\/a><\/li>\n<li><strong>EXPRESSION ORALE<\/strong> &#8211; Site proposant quelques courtes sc\u00e8nes \u00e0 t\u00e9l\u00e9charger et quelques po\u00e8mes.\u00a0 S&#8217;adressant aux enfants et aux adolescents.\u00a0 <a href=\"http:\/\/pedagogite.free.fr\/expression_orale.htm\" target=\"_blank\" rel=\"noopener\">http:\/\/pedagogite.free.fr\/expression_orale.htm<\/a><\/li>\n<li><strong>PI\u00c8CES POUR ENFANTS<\/strong> &#8211; Propose quelques pi\u00e8ces pour enfants.\u00a0 La pi\u00e8ce principale a souvent \u00e9t\u00e9 donn\u00e9e en spectacle dans les \u00e9coles en France et au Canada. <a href=\"http:\/\/www.pour-enfants.fr\/theatre\/Gourmand\/Gourm00a.htm\" target=\"_blank\" rel=\"noopener\">http:\/\/www.pour-enfants.fr\/theatre\/Gourmand\/Gourm00a.htm<\/a><\/li>\n<li><strong>KAVA. FR\u00a0<\/strong> &#8211; Sketches et courtes pi\u00e8ces \u00e0 jouer par des enfants (5 minutes \u00e0 30 minutes). <a href=\"http:\/\/www.kava.fr\/index.php?pg=2&amp;param=\" target=\"_blank\" rel=\"noopener\">http:\/\/www.kava.fr\/index.php?pg=2&amp;param=<\/a><\/li>\n<li><strong>LE PROSCENIUM<\/strong> &#8211; Incontournable source de th\u00e9\u00e2tre libre de droits (ou \u00e0 t\u00e9l\u00e9charger et \u00e0 acquitter les droits si pr\u00e9sent\u00e9).\u00a0 Grande banque class\u00e9e par de nombreux crit\u00e8res utiles.\u00a0 <a href=\"http:\/\/www.leproscenium.com\/ListeGenre.php?IdGenre=37\" target=\"_blank\" rel=\"noopener\">http:\/\/www.leproscenium.com\/ListeGenre.php?IdGenre=37<\/a><\/li>\n<li><strong>LE TH\u00c9\u00c2TRE DE CORNEILLE<\/strong> &#8211; Principalement pour les adolescents et les adultes, ce site pr\u00e9sente l\u2019\u0153uvre de Corneille et la rend accessible pour les \u00e9l\u00e8ves et les enseignants.\u00a0<a href=\"http:\/\/www.curiosphere.tv\/corneille\/eleves\/\" target=\"_blank\" rel=\"noopener\">http:\/\/www.curiosphere.tv\/corneille\/eleves\/\u00a0<\/a><\/li>\n<li><strong>PIECES POUR ENFANTS<\/strong> &#8211; Textes de th\u00e9\u00e2tre r\u00e9pondant aux exigences du milieu scolaire (groupes nombreux, plus de personnages f\u00e9minins&#8230;). De 20 \u00e0 30 minutes en moyenne, pour enfants, adolescents et adultes. <a href=\"http:\/\/www.paulmadec.net\/textestheatre\/piecesadultes\/piecesadultes.htm\" target=\"_blank\" rel=\"noopener\">http:\/\/www.paulmadec.net\/textestheatre\/piecesadultes\/piecesadultes.htm<\/a><\/li>\n<li><strong>COMEDIES HISTORIQUES POUR LES ENFANTS<\/strong> &#8211; R\u00e9pertoire int\u00e9ressant de pi\u00e8ces de th\u00e9\u00e2tre historiques pour les enfants et adolescents, class\u00e9s par \u00e9poque. <a href=\"http:\/\/theatre.enfant.free.fr\/\" target=\"_blank\" rel=\"noopener\">http:\/\/theatre.enfant.free.fr\/<\/a><\/li>\n<li><strong>LA TH\u00c9\u00c2TROTH\u00c8QUE<\/strong> &#8211; Incontournable base de donn\u00e9es r\u00e9pertoriant des pi\u00e8ces de th\u00e9\u00e2tre sous forme de fiches avec distribution, r\u00e9sum\u00e9, avis ! <a href=\"http:\/\/www.theatrotheque.com\/fr\/\" target=\"_blank\" rel=\"noopener\">http:\/\/www.theatrotheque.com\/fr\/<\/a><\/li>\n<li><strong>GALLICA<\/strong> &#8211; R\u00e9pertoire tr\u00e8s complet de pi\u00e8ces et de textes en tout genre. <a href=\"http:\/\/gallica.bnf.fr\/\" target=\"_blank\" rel=\"noopener\">http:\/\/gallica.bnf.fr\/<\/a><\/li>\n<li><strong>PASCAL MARTIN<\/strong> &#8211; Pr\u00e9sente les nombreux textes de l&#8217;auteur Pascal Martin (Disponible \u00e9galement sur sont site le Prosc\u00e9nium cit\u00e9 ci-dessus) <a href=\"http:\/\/www.pascal-martin.net\/TexteNonEditeAlpha.php\" target=\"_blank\" rel=\"noopener\">http:\/\/www.pascal-martin.net\/TexteNonEditeAlpha.php<\/a><\/li>\n<li>ABU, La biblioth\u00e8que universelle &#8211; Plusieurs texte du domaine public, en version originale. <a id=\"link-38\" href=\"http:\/\/abu.cnam.fr\/\" target=\"_blank\" rel=\"noopener\">http:\/\/abu.cnam.fr\/<\/a><\/li>\n<li><strong>BIBLIO TIC<\/strong> &#8211; T\u00e9l\u00e9chargements d&#8217;oeuvres de grands auteurs classiques <a id=\"link-39\" href=\"http:\/\/www.amiens.iufm.fr\/amiens\/cahier\/biblio\/default.htm\" target=\"_blank\" rel=\"noopener\">http:\/\/www.amiens.iufm.fr\/amiens\/cahier\/biblio\/default.htm<\/a><\/li>\n<li><strong>Biblioth\u00e8que libre de l&#8217;encyclop\u00e9die Wikipedia &#8211; <\/strong>Biblioth\u00e8que libre de l&#8217;encyclop\u00e9die Wikipedia o\u00f9 plusieurs oeuvres sont r\u00e9pertori\u00e9es\u00a0 <a id=\"link-37\" href=\"http:\/\/fr.wikisource.org\/wiki\/Accueil\" target=\"_blank\" rel=\"noopener\">http:\/\/fr.wikisource.org\/wiki\/Accueil<\/a><\/li>\n<li><strong>Site-Moli\u00e8re<\/strong> &#8211; Tous les textes de Moli\u00e8re en format num\u00e9rique <a id=\"link-41\" href=\"http:\/\/www.site-moliere.com\/\" target=\"_blank\" rel=\"noopener\">http:\/\/www.site-moliere.com\/<\/a><\/li>\n<li><strong>Th\u00e9\u00e2tre d&#8217;enfants<\/strong> &#8211; Site offrant les texte de th\u00e9\u00e2tre pour enfants \u00e9crits par Guy Morant : Ce site a pour objet de distribuer des pi\u00e8ces de th\u00e9\u00e2tre \u00e9crites pour des classes ou des groupes d&#8217;enfants et de proposer quelques outils facilitant le travail pr\u00e9paratoire et la mise en sc\u00e8ne <a id=\"link-17\" href=\"http:\/\/www.theatredenfants.fr\/\" target=\"_blank\" rel=\"noopener\">http:\/\/www.theatredenfants.fr\/<\/a><\/li>\n<li><strong>WordTheque<\/strong> &#8211; Grande collection de textes d&#8217;auteur classique <a id=\"link-40\" href=\"http:\/\/www.logoslibrary.eu\/pls\/wordtc\/teatro.wcom_literature.literaturea_page?lang=FR&amp;letter=A&amp;source=search&amp;page=1\" target=\"_blank\" rel=\"noopener\">http:\/\/www.logoslibrary.eu\/pls\/wordtc\/teatro.wcom_literature.literaturea_page?lang=FR&amp;letter=A&amp;source=search&amp;page=1<\/a><\/li>\n<li><strong><span style=\"color: #ff0000;\">NOUVEAU &gt;&gt;&gt;<\/span> Muriel Roland<\/strong> : Textes, monologues \u00e0 jouer pour audition, montage ou spectacles ! <a href=\"http:\/\/www.murielroland.com\/articles-blog.html\" target=\"_blank\" rel=\"noopener\">http:\/\/www.murielroland.com\/articles-blog.html<\/a><\/li>\n<\/ul>\n<h2>Pi\u00e8ces de th\u00e9\u00e2tre QU\u00c9B\u00c9COISES<\/h2>\n<p>VEUILLEZ NOTER QUE TOUTES LES \u00c9COLES QU\u00c9B\u00c9COISES peuvent jouer un grand nombre de textes de th\u00e9\u00e2tre d&#8217;auteur dans leur \u00e9cole et faire payer les droits d&#8217;auteur par une entente intervenue entre le <strong>MELS<\/strong> et la <strong>SoQAD<\/strong>. Dramaction encourage fortement de remplir sans faute le formulaire de d\u00e9claration de pr\u00e9sentation afin que les auteurs soient pay\u00e9s sans augmenter votre budget !\u00a0 Plus de d\u00e9tails sur : <a href=\"http:\/\/www.aqad.qc.ca\/presentationmeqaqad.asp\" target=\"_blank\" rel=\"noopener\">http:\/\/www.aqad.qc.ca\/presentationmeqaqad.asp<\/a><\/p>\n<ul>\n<li><strong>TH\u00c9\u00c2TRE ANIMAGINATION<\/strong> &#8211; Textes int\u00e9ressants et adapt\u00e9s aux groupes d&#8217;\u00e9coles qu\u00e9b\u00e9coises (grand nombre), les textes de <strong>Luc Boulanger<\/strong> sont tr\u00e8s int\u00e9ressants.<br \/>\n<a href=\"https:\/\/theatreanimagination.com\/categorie-produit\/textes-de-theatre\/\" target=\"_blank\" rel=\"noopener\">https:\/\/theatreanimagination.com\/categorie-produit\/textes-de-theatre\/<\/a><\/li>\n<li><strong>COUPS DE TH\u00c9\u00c2TRE<\/strong> &#8211; Courtes pi\u00e8ces pour enfants et adolescents.\u00a0 Tr\u00e8s pratique, voire essentiel pour les enseignants qu\u00e9b\u00e9cois. 6 volumes de 36 pi\u00e8ces \u00e0 jouer qui sont appr\u00e9ci\u00e9s des \u00e9l\u00e8ves et du public ! <a href=\"http:\/\/www.comunikmedia.com\/publications_cdt_volume1.php\" target=\"_blank\" rel=\"noopener\">http:\/\/www.comunikmedia.com\/publications_cdt_volume1.php<\/a><\/li>\n<li><strong>AQAD<\/strong> &#8211; R\u00e9pertoire complet de pi\u00e8ces de th\u00e9\u00e2tre \u00e0 acheter.<a href=\"http:\/\/www.aqad.qc.ca\/\" target=\"_blank\" rel=\"noopener\"> http:\/\/www.aqad.qc.ca\/<\/a><\/li>\n<li><strong>CEAD<\/strong> &#8211; Biblioth\u00e8que de pi\u00e8ces de th\u00e9\u00e2tre situ\u00e9 \u00e0 Montr\u00e9al.\u00a0 Il est possible de s&#8217;abonner \u00e0 distance et de recevoir les documents en pr\u00eat par courrier. <a href=\"http:\/\/www.cead.qc.ca\/_accueil\" target=\"_blank\" rel=\"noopener\">http:\/\/www.cead.qc.ca\/_accueil<\/a><\/li>\n<li><strong>ADEL inc.<\/strong> &#8211; Pi\u00e8ce o\u00f9 il est possible de lire en ligne de nombreuses pi\u00e8ces de th\u00e9\u00e2tre qu&#8217;il est possible d&#8217;imprimer avec le service en ligne de Copibec.<br \/>\n<a href=\"https:\/\/www.adelinc.qc.ca\" target=\"_blank\" rel=\"noopener\">https:\/\/www.adelinc.qc.ca<\/a><\/li>\n<\/ul>\n<hr style=\"width: 100%;\" width=\"100%\" \/>\n<p>Vous \u00eates auteur et vous voulez faire conna\u00eetre vos pi\u00e8ces ?<\/p>\n<p>Vous connaissez un site o\u00f9 l&#8217;on propose des pi\u00e8ces \u00e0 t\u00e9l\u00e9charger ou \u00e0 acheter ?<br \/>\n[si-contact-form form=&#8217;4&#8242;]<\/p>\n","protected":false},"excerpt":{"rendered":"<p>Avant tout, il est n\u00e9cessaire de pr\u00e9ciser que cette section sera s\u00e9par\u00e9e en deux parties.\u00a0 Les texte de th\u00e9\u00e2tre qu\u00e9b\u00e9cois et les texte de th\u00e9\u00e2tre europ\u00e9ens. Bien que chacun des textes pr\u00e9sents dans ce site ou mis en r\u00e9f\u00e9rence (lien vers un site) peuvent \u00eatre jou\u00e9s par tous puisqu&#8217;ils sont d&#8217;expression fran\u00e7aise, chacun sait (surtout [&hellip;]<\/p>\n","protected":false},"author":22,"featured_media":0,"parent":2429,"menu_order":445,"comment_status":"open","ping_status":"closed","template":"","meta":{"footnotes":""},"class_list":["post-2389","page","type-page","status-publish","hentry"],"jetpack_sharing_enabled":true,"_links":{"self":[{"href":"https:\/\/www.dramaction.qc.ca\/fr\/wp-json\/wp\/v2\/pages\/2389","targetHints":{"allow":["GET"]}}],"collection":[{"href":"https:\/\/www.dramaction.qc.ca\/fr\/wp-json\/wp\/v2\/pages"}],"about":[{"href":"https:\/\/www.dramaction.qc.ca\/fr\/wp-json\/wp\/v2\/types\/page"}],"author":[{"embeddable":true,"href":"https:\/\/www.dramaction.qc.ca\/fr\/wp-json\/wp\/v2\/users\/22"}],"replies":[{"embeddable":true,"href":"https:\/\/www.dramaction.qc.ca\/fr\/wp-json\/wp\/v2\/comments?post=2389"}],"version-history":[{"count":2,"href":"https:\/\/www.dramaction.qc.ca\/fr\/wp-json\/wp\/v2\/pages\/2389\/revisions"}],"predecessor-version":[{"id":8255,"href":"https:\/\/www.dramaction.qc.ca\/fr\/wp-json\/wp\/v2\/pages\/2389\/revisions\/8255"}],"up":[{"embeddable":true,"href":"https:\/\/www.dramaction.qc.ca\/fr\/wp-json\/wp\/v2\/pages\/2429"}],"wp:attachment":[{"href":"https:\/\/www.dramaction.qc.ca\/fr\/wp-json\/wp\/v2\/media?parent=2389"}],"curies":[{"name":"wp","href":"https:\/\/api.w.org\/{rel}","templated":true}]}}