{"id":1917,"date":"2011-01-28T12:12:06","date_gmt":"2011-01-28T17:12:06","guid":{"rendered":"http:\/\/www.dramaction.qc.ca\/fr\/"},"modified":"2011-01-28T12:54:18","modified_gmt":"2011-01-28T17:54:18","slug":"grotowski-et-le-theatre-pauvre","status":"publish","type":"page","link":"https:\/\/www.dramaction.qc.ca\/fr\/ressources\/histoire-du-theatre\/grotowski-et-le-theatre-pauvre\/","title":{"rendered":"Grotowski et le Th\u00e9\u00e2tre Pauvre"},"content":{"rendered":"<p><span style=\"text-decoration: underline;\">Grotowski et le Th\u00e9\u00e2tre Pauvre<\/span><\/p>\n<p>Jerzy                               Grotowski est n\u00e9 en Pologne en 1933. Issu     d\u2019une          famille              d\u2019artistes    et   de professeurs,     \u00e9l\u00e8ve de      l\u2019Ecole     d\u2019Art      Dramatique  de        Cracovie        (1951).     Fait    des     recherches sur  le     travail de         l\u2019acteur.     En   1965,  il            institutionnalise  le           \u2018Th\u00e9\u00e2tre-Laboratoire      Polonais\u2019      (sept      com\u00e9diens                 surentra\u00een\u00e9s).<\/p>\n<p>Grotowski        pr\u00e9conise un        th\u00e9\u00e2tre      pauvre au         dialogue    r\u00e9duit   (au   sens o\u00f9          l\u2019entendent     les    cuisiniers\u00a0!) \u00e0       des     signes,        d\u00e9pouill\u00e9 des          d\u00e9cors,  des  costumes    (une   sorte     de       pagne peut   en    tenir       lieu).<\/p>\n<p>Grotowski     veut          faire         \u2018exprimer   notre   temps\u2019   aux grands    mythes             primordiaux.             Admiration   b\u00e9ate ou refus absolu ont      accueilli    les             tourn\u00e9es            europ\u00e9ennes du    Th\u00e9\u00e2tre-Laboratoire.   Le          rep\u00e9rage des <strong>blocages et r\u00e9sistances psychiques nuisant \u00e0 la \u2018f\u00eate des corps\u2019<\/strong> a en tout cas beaucoup int\u00e9ress\u00e9 les jeunes com\u00e9diens. En 1976, cessation des repr\u00e9sentations publiques.<\/p>\n<p><em> <\/em><\/p>\n<p><em><span style=\"text-decoration: underline;\"> \u00ab\u00a0Le th\u00e9\u00e2tre populaire et militant<\/span><\/em><\/p>\n<p><em>Dans                               l\u2019ordre social, la scolarisation pour   tous\u00a0;      dans         l\u2019ordre    de      la         politique, la   R\u00e9volution      russe de    1917,  la      cr\u00e9ation   du   Parti          communiste          fran\u00e7aise  en   1921,  puis    la   mont\u00e9e des           totalitarismes\u00a0:        ces  deux         ensembles de       facteurs    suscitent,  \u00e0         destination du  public         populaire,   un            th\u00e9\u00e2tre qui se    veut        militant.<\/em><\/p>\n<p><em>Antoine,              dans   ses         initiatives,   avait  le     souci d\u2019un   th\u00e9\u00e2tre     au     service du           peuple. Mais       c\u2019est  apr\u00e8s   la       Premi\u00e8re    Guerre    Mondiale   que   le      th\u00e9\u00e2tre      populaire et         militant       se      d\u00e9veloppe vraiment.<\/em><\/p>\n<p><em>Le              ph\u00e9nom\u00e8ne  est        europ\u00e9en,          avec notamment en     Allemagne,  le     travail    de           Piscator et   celui  de           Brecht,  dont L\u2019Op\u00e9ra  de       Quat\u2019Sous    (1928)       marque       l\u2019entr\u00e9e    sur la   sc\u00e8ne, \u00e0     la      fois,    des   gueux     politiques     et     de la    recherche de      nouvelles     fa\u00e7ons           de  s\u2019adresser  au     peuple\u00a0:        l\u2019alliance  du  texte     et     de  la      musique   plonge     dans   les    usages de         l\u2019op\u00e9ra-comique     pour         donner du   relief  et    de  la         distance \u00e0   l\u2019action   et  aux            personnages.  Plus         largement,  la    R\u00e9volution    russe   a   promu       le       mod\u00e8le      de   l\u2019\u2019agit-prop\u2019,     spectacles      d\u2019agitation et  de                    propagande   r\u00e9volutionnaires.\u00a0\u00bb      Histoire  du    th\u00e9\u00e2tre,         Alain    Viala,    p.        103, Que     Sais-je\u00a0? PUF,    2007.<\/em><\/p>\n<p><em> \u00ab\u00a0Enfin,  \u00e0       l\u2019extr\u00eame    fin   du    si\u00e8cle    apparaissent dans       les      sections          litt\u00e9raires    des   lyc\u00e9es  des          \u2018options    Th\u00e9\u00e2tre\u2019    (comme   aussi    \u2018cin\u00e9ma\u2019      et         \u2018arts\u2019)\u00a0;par        ailleurs, le        th\u00e9\u00e2tre est   pr\u00e9sent   dans       les     programmes    des      lyc\u00e9es    et    coll\u00e8ges, et   les          actions    pour initier       les  adolescents    au        th\u00e9\u00e2tre,      comme       spectateurs  ou       comme    participants, sont           multiples\u00a0:    de       sorte   que,     m\u00eame  si le th\u00e9\u00e2tre       est    loin      derri\u00e8re le       cin\u00e9ma,la                t\u00e9l\u00e9vision,l\u2019informatique et les     jeux         vid\u00e9os     dans les         loisirs  des       jeunes, il a gagn\u00e9 l\u00e0  un      public           plus       nombreux  et mieux   form\u00e9.<\/em><\/p>\n<p><em>Car         le      souci        est  de     former le    public  et, pour  cela,    d\u2019aller    vers          lui.       Tel  est   le   projet  de Jean  Vilar        lorsqu\u2019il    cr\u00e9e  en    1947     le   festival            d\u2019Avignon\u2026Il    faut    cependant     relever   que    ces     efforts   n\u2019ont pas              toujours   eu   les   effets   escompt\u00e9s.       Avignon   est    devenu en     fait   un         festival     plus      intellectuel     que    populaire,  et  en        banlieue,  plus      que       les     populations      ouvri\u00e8res,   les    spectateurs   sont         souvent      des         intellectuels,  les    m\u00eames  qui   fr\u00e9quentent     les       salles            parisiennes.       Aussi  des recherches   neuves    se     font    jour   pour      aller         r\u00e9ellement  au     plus   pr\u00e8s  des    petites    gens. Le  <strong>th\u00e9\u00e2tre de rue<\/strong> en est une forme en expansion.<\/em><\/p>\n<p><em>D\u2019autant que la concurrence des <strong>m\u00e9dias audiovisuels<\/strong> <strong>consomm\u00e9s \u00e0 domicile<\/strong> <strong>laisse le th\u00e9\u00e2tre en retrait<\/strong>.                                La t\u00e9l\u00e9vision s\u2019est empar\u00e9e de   l\u2019audience\u00a0;            l\u2019internet       vient        capter     des    parts  croissantes   de         celle-ci\u00a0; le    th\u00e9\u00e2tre    lui,  est          minime dans    les             programmes t\u00e9l\u00e9visuels    et il n\u2019a       pas,  pour    l\u2019heure,        trouv\u00e9       une   fa\u00e7on \u00e0    lui de    se    r\u00e9aliser  sur    le   Net. Et     sauf   dans         quelques  cas     (Carmen,        plusieurs   fois     port\u00e9 \u00e0     l\u2019\u00e9cran,        Cyrano de      Bergerac,   grand      succ\u00e8s en            adaptation          cin\u00e9matographique,  Rom\u00e9o et         Juliette\u2026),   le      cin\u00e9ma    ne    sert       gu\u00e8re     de vecteur pour  du    th\u00e9\u00e2tre            film\u00e9. S\u2019il  fut au          si\u00e8cle dernier le        m\u00e9dia avec        lequel    se   faisaient    les  gros       chiffres de         publication,             aujourd\u2019hui, o\u00f9  l\u2019on  compte   par            millions, le    th\u00e9\u00e2tre       appara\u00eet         proportionnellement        assez    faible   en     nombre de        spectateurs     pour  chaque          pi\u00e8ce  qu\u2019il     offre.\u00a0\u00bb       Histoire   du     th\u00e9\u00e2tre,    Alain    Viala,         pp.108-109, Que         Sais-je\u00a0?    PUF,    2007.<\/em><\/p>\n<p>.<\/p>\n<hr \/>\n<p><em>Toutes les pages : <\/em><\/p>\n<ul>\n<li><a href=\"..\/ressources\/histoire-du-theatre\/la-prehistoire\/\">La Pr\u00e9histoire<\/a><\/li>\n<li><a href=\"..\/ressources\/histoire-du-theatre\/la-grece\/\">La Gr\u00e8ce<\/a><\/li>\n<li><a href=\"..\/ressources\/histoire-du-theatre\/rome\/\">Rome<\/a><\/li>\n<li><a href=\"..\/ressources\/histoire-du-theatre\/le-theatre-medieval\/\">Le th\u00e9\u00e2tre m\u00e9di\u00e9val<\/a><\/li>\n<li><a href=\"..\/ressources\/histoire-du-theatre\/le-theatre-profane\/\">Le th\u00e9\u00e2tre profane<\/a><\/li>\n<li><a href=\"..\/ressources\/histoire-du-theatre\/le-temps-des-auteurs\/\">Le temps des auteurs<\/a><\/li>\n<li><a href=\"..\/ressources\/histoire-du-theatre\/angleterre-le-theatre-elisabethain\/\">Angleterre : le th\u00e9\u00e2tre \u00e9lisab\u00e9thain<\/a><\/li>\n<li><a href=\"..\/ressources\/histoire-du-theatre\/l%E2%80%99italie-la-commedia-dell%E2%80%99arte\/\">L\u2019Italie : la Commedia Dell\u2019Arte <\/a>\n<ul>\n<li><a href=\"..\/ressources\/histoire-du-theatre\/la-comedie-des-masques\/\">La Com\u00e9die des Masques<\/a><\/li>\n<li><a href=\"..\/ressources\/histoire-du-theatre\/carlo-goldoni-et-carlo-gozzi\/\">Carlo Goldoni et Carlo Gozzi<\/a><\/li>\n<\/ul>\n<\/li>\n<li><a href=\"..\/ressources\/histoire-du-theatre\/la-france-le-monopole\/\">La France : le Monopole <\/a>\n<ul>\n<li><a href=\"..\/ressources\/histoire-du-theatre\/la-france-le-monopole\/confreres-de-la-passion\/\">Confr\u00e8res de la Passion<\/a><\/li>\n<li><a href=\"..\/ressources\/histoire-du-theatre\/la-france-le-monopole\/hotel-de-bourgogne\/\">H\u00f4tel de Bourgogne<\/a><\/li>\n<li><a href=\"..\/ressources\/histoire-du-theatre\/la-france-le-monopole\/le-cardinal-de-richelieu\/\">Le Cardinal de Richelieu<\/a><\/li>\n<li><a href=\"..\/ressources\/histoire-du-theatre\/la-france-le-monopole\/excommunication-des-comediens\/\">Excommunication des com\u00e9diens<\/a><\/li>\n<\/ul>\n<\/li>\n<li><a href=\"..\/ressources\/histoire-du-theatre\/apres-moliere%E2%80%A6-la-comedie-francaise\/\">Apr\u00e8s Moli\u00e8re\u2026 La Com\u00e9die-Fran\u00e7aise<\/a><\/li>\n<li><a href=\"..\/ressources\/histoire-du-theatre\/la-foire\/\">La Foire<\/a><\/li>\n<li><a href=\"..\/ressources\/histoire-du-theatre\/le-temps-de-voltaire-1694-1778-de-marivaux-1688-1763\/\">le temps de Voltaire (1694-1778), de Marivaux (1688-1763)<\/a><\/li>\n<li><a href=\"..\/ressources\/histoire-du-theatre\/le-boulevard-du-temple-boulevard-du-crime\/\">Le Boulevard du Temple\u2026 Boulevard du Crime<\/a><\/li>\n<li><a href=\"..\/ressources\/histoire-du-theatre\/1791-enfin-la-liberte-des-theatres-en-france\/\">1791 : enfin, la libert\u00e9 des th\u00e9\u00e2tres en France<\/a><\/li>\n<li><a href=\"..\/ressources\/histoire-du-theatre\/au-xixe-siecle\/\">Au XIXe si\u00e8cle<\/a><\/li>\n<li><a href=\"..\/ressources\/histoire-du-theatre\/les-metteurs-en-scene\/\">Fin du XIXe, XXe si\u00e8cle : les metteurs en sc\u00e8ne <\/a>\n<ul>\n<li><a href=\"..\/ressources\/histoire-du-theatre\/les-metteurs-en-scene\/andre-antoine-1858-%E2%80%93-1943\/\">Andr\u00e9 Antoine (1858 \u2013 1943)<\/a><\/li>\n<li><a href=\"..\/ressources\/histoire-du-theatre\/les-metteurs-en-scene\/alfred-jarry-1873-1907\/\">Alfred Jarry (1873-1907)<\/a><\/li>\n<li><a href=\"..\/ressources\/histoire-du-theatre\/les-metteurs-en-scene\/antonin-artaud-1896-1948\/\">Antonin Artaud (1896-1948)<\/a><\/li>\n<li><a href=\"..\/ressources\/histoire-du-theatre\/les-metteurs-en-scene\/constantin-stanislavski-le-realiste-1863-1938\/\">Constantin Stanislavski le r\u00e9aliste (1863-1938)<\/a><\/li>\n<li><a href=\"..\/ressources\/histoire-du-theatre\/les-metteurs-en-scene\/anton-tchekhov-1860-1904\/\">Anton Tch\u00e9khov (1860-1904)<\/a><\/li>\n<li><a href=\"..\/ressources\/histoire-du-theatre\/les-metteurs-en-scene\/erwin-piscator-1893-1966\/\">Erwin Piscator (1893-1966)<\/a><\/li>\n<li><a href=\"..\/ressources\/histoire-du-theatre\/les-metteurs-en-scene\/bertolt-brecht-1898-1956\/\">Bertolt Brecht (1898-1956)<\/a><\/li>\n<li><a href=\"..\/ressources\/histoire-du-theatre\/les-metteurs-en-scene\/le-tnp-theatre-national-populaire-de-jean-vilar-1912-1971\/\">Le TNP (Th\u00e9\u00e2tre National Populaire) de Jean Vilar (1912-1971)<\/a><\/li>\n<\/ul>\n<\/li>\n<li><a href=\"..\/ressources\/histoire-du-theatre\/le-happening\/\">Les ann\u00e9es soixante <\/a>\n<ul>\n<li><a href=\"..\/ressources\/histoire-du-theatre\/grotowski-et-le-theatre-pauvre\/\">Grotowski et le Th\u00e9\u00e2tre Pauvre<\/a><\/li>\n<li><a href=\"..\/ressources\/histoire-du-theatre\/augusto-boal\/\">Augusto Boal (1931 \u2013 2009)<\/a><\/li>\n<\/ul>\n<\/li>\n<\/ul>\n","protected":false},"excerpt":{"rendered":"<p>Grotowski et le Th\u00e9\u00e2tre Pauvre Jerzy Grotowski est n\u00e9 en Pologne en 1933. Issu d\u2019une famille d\u2019artistes et de professeurs, \u00e9l\u00e8ve de l\u2019Ecole d\u2019Art Dramatique de Cracovie (1951). Fait des recherches sur le travail de l\u2019acteur. En 1965, il institutionnalise le \u2018Th\u00e9\u00e2tre-Laboratoire Polonais\u2019 (sept com\u00e9diens surentra\u00een\u00e9s). Grotowski pr\u00e9conise un th\u00e9\u00e2tre pauvre au dialogue r\u00e9duit (au [&hellip;]<\/p>\n","protected":false},"author":22,"featured_media":0,"parent":1846,"menu_order":507,"comment_status":"open","ping_status":"open","template":"","meta":{"footnotes":""},"class_list":["post-1917","page","type-page","status-publish","hentry"],"jetpack_sharing_enabled":true,"_links":{"self":[{"href":"https:\/\/www.dramaction.qc.ca\/fr\/wp-json\/wp\/v2\/pages\/1917","targetHints":{"allow":["GET"]}}],"collection":[{"href":"https:\/\/www.dramaction.qc.ca\/fr\/wp-json\/wp\/v2\/pages"}],"about":[{"href":"https:\/\/www.dramaction.qc.ca\/fr\/wp-json\/wp\/v2\/types\/page"}],"author":[{"embeddable":true,"href":"https:\/\/www.dramaction.qc.ca\/fr\/wp-json\/wp\/v2\/users\/22"}],"replies":[{"embeddable":true,"href":"https:\/\/www.dramaction.qc.ca\/fr\/wp-json\/wp\/v2\/comments?post=1917"}],"version-history":[{"count":0,"href":"https:\/\/www.dramaction.qc.ca\/fr\/wp-json\/wp\/v2\/pages\/1917\/revisions"}],"up":[{"embeddable":true,"href":"https:\/\/www.dramaction.qc.ca\/fr\/wp-json\/wp\/v2\/pages\/1846"}],"wp:attachment":[{"href":"https:\/\/www.dramaction.qc.ca\/fr\/wp-json\/wp\/v2\/media?parent=1917"}],"curies":[{"name":"wp","href":"https:\/\/api.w.org\/{rel}","templated":true}]}}