{"id":1915,"date":"2011-01-28T12:11:10","date_gmt":"2011-01-28T17:11:10","guid":{"rendered":"http:\/\/www.dramaction.qc.ca\/fr\/"},"modified":"2011-01-28T12:54:07","modified_gmt":"2011-01-28T17:54:07","slug":"le-happening","status":"publish","type":"page","link":"https:\/\/www.dramaction.qc.ca\/fr\/ressources\/histoire-du-theatre\/le-happening\/","title":{"rendered":"Le Happening"},"content":{"rendered":"<p><span style=\"text-decoration: underline;\">Les ann\u00e9es soixante<\/span><\/p>\n<p>Les                              ann\u00e9es soixante, c\u2019est, pour les jeunes, le      temps     des             \u2018fanzines\u2019      et     des B.D.  fantastiques,      \u00e9galement    celui    de   leur        d\u00e9couverte du          dada\u00efsme,       du     surr\u00e9alisme, du     lettrisme,      d\u2019Artaud\u2026    en  r\u00e9action   au              brechtisme.  D\u2019o\u00f9      leur  go\u00fbt pour le      happening,         Grotowski, le     Living         Theatre\u2026<\/p>\n<p><span style=\"text-decoration: underline;\">Le Happening<\/span> (de l\u2019anglais\u00a0: to happen\u00a0: arriver, se passer)<\/p>\n<p>D\u2019origine                              new-yorkaise (dans des ateliers de   peintres),     d\u00e8s       1959.         C\u2019est    un        tableau vivant   en train  de  se     faire,     une  \u0153uvre   (en     partie          improvis\u00e9e) \u00e0       la   fois    dramatique    et  visuelle.   Se       d\u00e9roulant    toujours      en      priv\u00e9.  Le      but\u00a0?    M\u00ealer   th\u00e9\u00e2tre  et  vie.      Les      spectateurs   doivent       participer      et   sont    m\u00eame    agress\u00e9s\u00a0:        absence     de  confort,    ironie,        violence,        projectiles,           provocation      \u00e9rotique\u2026  C\u2019est un     spectacle         pr\u00e9par\u00e9  mais     jamais        r\u00e9p\u00e9t\u00e9.       Priorit\u00e9  du bruit      sur la parole\u00a0:    on       pense  \u00e0   Artaud\u2026      il   use  de      mati\u00e8res       p\u00e9rissables,      souvent       alimentaires, pour     les      d\u00e9t\u00e9riorer          (critique de     la     soci\u00e9t\u00e9 de         consommation.<\/p>\n<p>Exemple,           Peter      Brook,  en    1966,    monte   un      spectacle   intitul\u00e9 \u2018US\u2019  (ce           qui peut          signifier nous   ou   Etats-Unis)       avec   l\u00e2cher,  dans     la        salle, de      gros     papillons aux  ailes       pr\u00e9alablement             enflamm\u00e9es.       Souffrance    r\u00e9elle    d\u2019animaux   br\u00fbl\u00e9s  vifs.        Peur       r\u00e9elle       (d\u2019\u00eatre     br\u00fbl\u00e9s) des     spectateurs.  \u2018US\u2019   se    veut            l\u2019\u00e9vocation de    la    guerre     du  Vietnam,    des     bonzes se     sacrifiant      par    le     feu, des       populations    sous    les     bombes    incendiaires,    etc\u2026<\/p>\n<p>En France, le sp\u00e9cialiste du happening est Jean-Jacques Lebel, qui insiste sur l\u2019aspect <strong>\u2018engagement social et politique\u2019 <\/strong>de cette forme de th\u00e9\u00e2tre. Comme Brook, mais avec moins de moyens.<\/p>\n<p>.<\/p>\n<hr \/>\n<p><em>Toutes les pages : <\/em><\/p>\n<ul>\n<li><a href=\"..\/ressources\/histoire-du-theatre\/la-prehistoire\/\">La Pr\u00e9histoire<\/a><\/li>\n<li><a href=\"..\/ressources\/histoire-du-theatre\/la-grece\/\">La Gr\u00e8ce<\/a><\/li>\n<li><a href=\"..\/ressources\/histoire-du-theatre\/rome\/\">Rome<\/a><\/li>\n<li><a href=\"..\/ressources\/histoire-du-theatre\/le-theatre-medieval\/\">Le th\u00e9\u00e2tre m\u00e9di\u00e9val<\/a><\/li>\n<li><a href=\"..\/ressources\/histoire-du-theatre\/le-theatre-profane\/\">Le th\u00e9\u00e2tre profane<\/a><\/li>\n<li><a href=\"..\/ressources\/histoire-du-theatre\/le-temps-des-auteurs\/\">Le temps des auteurs<\/a><\/li>\n<li><a href=\"..\/ressources\/histoire-du-theatre\/angleterre-le-theatre-elisabethain\/\">Angleterre : le th\u00e9\u00e2tre \u00e9lisab\u00e9thain<\/a><\/li>\n<li><a href=\"..\/ressources\/histoire-du-theatre\/l%E2%80%99italie-la-commedia-dell%E2%80%99arte\/\">L\u2019Italie : la Commedia Dell\u2019Arte <\/a>\n<ul>\n<li><a href=\"..\/ressources\/histoire-du-theatre\/la-comedie-des-masques\/\">La Com\u00e9die des Masques<\/a><\/li>\n<li><a href=\"..\/ressources\/histoire-du-theatre\/carlo-goldoni-et-carlo-gozzi\/\">Carlo Goldoni et Carlo Gozzi<\/a><\/li>\n<\/ul>\n<\/li>\n<li><a href=\"..\/ressources\/histoire-du-theatre\/la-france-le-monopole\/\">La France : le Monopole <\/a>\n<ul>\n<li><a href=\"..\/ressources\/histoire-du-theatre\/la-france-le-monopole\/confreres-de-la-passion\/\">Confr\u00e8res de la Passion<\/a><\/li>\n<li><a href=\"..\/ressources\/histoire-du-theatre\/la-france-le-monopole\/hotel-de-bourgogne\/\">H\u00f4tel de Bourgogne<\/a><\/li>\n<li><a href=\"..\/ressources\/histoire-du-theatre\/la-france-le-monopole\/le-cardinal-de-richelieu\/\">Le Cardinal de Richelieu<\/a><\/li>\n<li><a href=\"..\/ressources\/histoire-du-theatre\/la-france-le-monopole\/excommunication-des-comediens\/\">Excommunication des com\u00e9diens<\/a><\/li>\n<\/ul>\n<\/li>\n<li><a href=\"..\/ressources\/histoire-du-theatre\/apres-moliere%E2%80%A6-la-comedie-francaise\/\">Apr\u00e8s Moli\u00e8re\u2026 La Com\u00e9die-Fran\u00e7aise<\/a><\/li>\n<li><a href=\"..\/ressources\/histoire-du-theatre\/la-foire\/\">La Foire<\/a><\/li>\n<li><a href=\"..\/ressources\/histoire-du-theatre\/le-temps-de-voltaire-1694-1778-de-marivaux-1688-1763\/\">le temps de Voltaire (1694-1778), de Marivaux (1688-1763)<\/a><\/li>\n<li><a href=\"..\/ressources\/histoire-du-theatre\/le-boulevard-du-temple-boulevard-du-crime\/\">Le Boulevard du Temple\u2026 Boulevard du Crime<\/a><\/li>\n<li><a href=\"..\/ressources\/histoire-du-theatre\/1791-enfin-la-liberte-des-theatres-en-france\/\">1791 : enfin, la libert\u00e9 des th\u00e9\u00e2tres en France<\/a><\/li>\n<li><a href=\"..\/ressources\/histoire-du-theatre\/au-xixe-siecle\/\">Au XIXe si\u00e8cle<\/a><\/li>\n<li><a href=\"..\/ressources\/histoire-du-theatre\/les-metteurs-en-scene\/\">Fin du XIXe, XXe si\u00e8cle : les metteurs en sc\u00e8ne <\/a>\n<ul>\n<li><a href=\"..\/ressources\/histoire-du-theatre\/les-metteurs-en-scene\/andre-antoine-1858-%E2%80%93-1943\/\">Andr\u00e9 Antoine (1858 \u2013 1943)<\/a><\/li>\n<li><a href=\"..\/ressources\/histoire-du-theatre\/les-metteurs-en-scene\/alfred-jarry-1873-1907\/\">Alfred Jarry (1873-1907)<\/a><\/li>\n<li><a href=\"..\/ressources\/histoire-du-theatre\/les-metteurs-en-scene\/antonin-artaud-1896-1948\/\">Antonin Artaud (1896-1948)<\/a><\/li>\n<li><a href=\"..\/ressources\/histoire-du-theatre\/les-metteurs-en-scene\/constantin-stanislavski-le-realiste-1863-1938\/\">Constantin Stanislavski le r\u00e9aliste (1863-1938)<\/a><\/li>\n<li><a href=\"..\/ressources\/histoire-du-theatre\/les-metteurs-en-scene\/anton-tchekhov-1860-1904\/\">Anton Tch\u00e9khov (1860-1904)<\/a><\/li>\n<li><a href=\"..\/ressources\/histoire-du-theatre\/les-metteurs-en-scene\/erwin-piscator-1893-1966\/\">Erwin Piscator (1893-1966)<\/a><\/li>\n<li><a href=\"..\/ressources\/histoire-du-theatre\/les-metteurs-en-scene\/bertolt-brecht-1898-1956\/\">Bertolt Brecht (1898-1956)<\/a><\/li>\n<li><a href=\"..\/ressources\/histoire-du-theatre\/les-metteurs-en-scene\/le-tnp-theatre-national-populaire-de-jean-vilar-1912-1971\/\">Le TNP (Th\u00e9\u00e2tre National Populaire) de Jean Vilar (1912-1971)<\/a><\/li>\n<\/ul>\n<\/li>\n<li><a href=\"..\/ressources\/histoire-du-theatre\/le-happening\/\">Les ann\u00e9es soixante <\/a>\n<ul>\n<li><a href=\"..\/ressources\/histoire-du-theatre\/grotowski-et-le-theatre-pauvre\/\">Grotowski et le Th\u00e9\u00e2tre Pauvre<\/a><\/li>\n<li><a href=\"..\/ressources\/histoire-du-theatre\/augusto-boal\/\">Augusto Boal (1931 \u2013 2009)<\/a><\/li>\n<\/ul>\n<\/li>\n<\/ul>\n","protected":false},"excerpt":{"rendered":"<p>Les ann\u00e9es soixante Les ann\u00e9es soixante, c\u2019est, pour les jeunes, le temps des \u2018fanzines\u2019 et des B.D. fantastiques, \u00e9galement celui de leur d\u00e9couverte du dada\u00efsme, du surr\u00e9alisme, du lettrisme, d\u2019Artaud\u2026 en r\u00e9action au brechtisme. D\u2019o\u00f9 leur go\u00fbt pour le happening, Grotowski, le Living Theatre\u2026 Le Happening (de l\u2019anglais\u00a0: to happen\u00a0: arriver, se passer) D\u2019origine new-yorkaise [&hellip;]<\/p>\n","protected":false},"author":22,"featured_media":0,"parent":1846,"menu_order":506,"comment_status":"open","ping_status":"open","template":"","meta":{"footnotes":""},"class_list":["post-1915","page","type-page","status-publish","hentry"],"jetpack_sharing_enabled":true,"_links":{"self":[{"href":"https:\/\/www.dramaction.qc.ca\/fr\/wp-json\/wp\/v2\/pages\/1915","targetHints":{"allow":["GET"]}}],"collection":[{"href":"https:\/\/www.dramaction.qc.ca\/fr\/wp-json\/wp\/v2\/pages"}],"about":[{"href":"https:\/\/www.dramaction.qc.ca\/fr\/wp-json\/wp\/v2\/types\/page"}],"author":[{"embeddable":true,"href":"https:\/\/www.dramaction.qc.ca\/fr\/wp-json\/wp\/v2\/users\/22"}],"replies":[{"embeddable":true,"href":"https:\/\/www.dramaction.qc.ca\/fr\/wp-json\/wp\/v2\/comments?post=1915"}],"version-history":[{"count":0,"href":"https:\/\/www.dramaction.qc.ca\/fr\/wp-json\/wp\/v2\/pages\/1915\/revisions"}],"up":[{"embeddable":true,"href":"https:\/\/www.dramaction.qc.ca\/fr\/wp-json\/wp\/v2\/pages\/1846"}],"wp:attachment":[{"href":"https:\/\/www.dramaction.qc.ca\/fr\/wp-json\/wp\/v2\/media?parent=1915"}],"curies":[{"name":"wp","href":"https:\/\/api.w.org\/{rel}","templated":true}]}}