{"id":1913,"date":"2011-01-28T12:10:13","date_gmt":"2011-01-28T17:10:13","guid":{"rendered":"http:\/\/www.dramaction.qc.ca\/fr\/"},"modified":"2011-01-28T12:54:01","modified_gmt":"2011-01-28T17:54:01","slug":"le-tnp-theatre-national-populaire-de-jean-vilar-1912-1971","status":"publish","type":"page","link":"https:\/\/www.dramaction.qc.ca\/fr\/ressources\/histoire-du-theatre\/les-metteurs-en-scene\/le-tnp-theatre-national-populaire-de-jean-vilar-1912-1971\/","title":{"rendered":"Le TNP (Th\u00e9\u00e2tre National Populaire) de Jean Vilar (1912-1971)"},"content":{"rendered":"<p><span style=\"text-decoration: underline;\">Le TNP (Th\u00e9\u00e2tre National Populaire) de Jean Vilar<\/span> (1912-1971)<\/p>\n<p>\u00ab\u00a0<strong>Le th\u00e9\u00e2tre doit \u00eatre un service public<\/strong>, comme le gaz et l\u2019\u00e9lectricit\u00e9.\u00a0\u00bb Jean Vilar<\/p>\n<p>Jean                             Vilar (1912-1971), n\u00e9 \u00e0 S\u00e8te, ses parents   sont    de        petits                 commer\u00e7ants\u00a0;  \u00e0 12 ans, il   joue  comme       violoniste    dans  un      orchestre  de            jazz\u00a0; il    monte \u00e0      Paris pour    pr\u00e9parer  une      licence de    lettres\u00a0;      pion        dans     un  coll\u00e8ge,    d\u00e9cide de   devenir       com\u00e9dien  et    s\u2019inscrit \u00e0         l\u2019\u00e9cole  de             Dullin\u2026Cr\u00e9ations au        premier \u2018Festival      d\u2019Avignon\u2019 en       1947.<\/p>\n<p>Vilar              d\u00e9clare     \u00ab\u00a0Mon     ambition est  donc   \u00e9vidente\u00a0:  faire           partager  au  plus             grand    nombre ce que  l\u2019on a cru devoir         r\u00e9server     jusqu\u2019ici \u00e0       une          \u00e9lite\u00a0\u00bb.<\/p>\n<p>\u00ab\u00a0La culture doit devenir gratuite comme l\u2019instruction publique\u00a0\u00bb.<\/p>\n<p>\u00ab\u00a0\u2026 Car qu\u2019est le th\u00e9\u00e2tre sans la vie grouillante du grand public\u00a0: un exercice de snob ou un exercice d\u2019homme de lettres\u00a0\u00bb.<\/p>\n<p>\u00ab\u00a0<strong>Un th\u00e9\u00e2tre national se doit de participer aux inqui\u00e9tudes de la Nation<\/strong> \u00bb d\u00e9clare Jean Vilar, en 1960. Et de fait, la Nation a de quoi \u00eatre                              inqui\u00e8te\u00a0: la guerre d\u2019Alg\u00e9rie n\u2019en finit pas  de             s\u2019aggraver.<\/p>\n<p>Apr\u00e8s neuf ans consacr\u00e9s au divertissement et \u00e0 la culture de son vaste public, Vilar va pratiquer maintenant un <strong>th\u00e9\u00e2tre d\u2019information et de civisme<\/strong>.                              A l\u2019instar des Grecs de l\u2019Antiquit\u00e9. On   parle    de         torture    en           Alg\u00e9rie\u00a0?    Il va monter    l\u2019Antigone   de         Sophocle\u00a0:    \u00ab\u00a0Doit-on   ob\u00e9ir   aux          ordres      lorsqu\u2019ils   sont       inhumains\u00a0?\u00a0\u00bb<\/p>\n<p><em> \u00ab\u00a0Le TNP     ne   peut     pas      continuer         d\u2019exister si la guerre         continue,  si les        explosions   et  les         attentats      continuent, si      les     tortures     continuent et  si  les           coupables   continuent          d\u2019\u00eatre   absous. Je    prends  la       chose   sur  moi et    je vous   dis        simplement     ceci\u00a0: ce          th\u00e9\u00e2tre     \u2018subventionn\u00e9\u2019,   jamais    il   n\u2019a    fait son        devoir    comme   il     le   fait      aujourd\u2019hui, cette  semaine,        en       manifestant \u00e0   sa    mani\u00e8re        pour   le retour  de la    paix et    le     retour    de   la     justice.     Chacun \u00e0    sa    place   dans ce th\u00e9\u00e2tre       et  ce       th\u00e9\u00e2tre \u00e0     sa  place   dans   la    cit\u00e9.   La Cit\u00e9 ne me      paie      pas  pour        autre    chose\u00a0\u00bb.    Interview de  Jean      Vilar      accord\u00e9e \u00e0            l\u2019Express, 1<sup>er<\/sup> f\u00e9vrier 1962.<\/em><\/p>\n<p>.<\/p>\n<hr \/>\n<p><em>Toutes les pages : <\/em><\/p>\n<ul>\n<li><a href=\"..\/ressources\/histoire-du-theatre\/la-prehistoire\/\">La Pr\u00e9histoire<\/a><\/li>\n<li><a href=\"..\/ressources\/histoire-du-theatre\/la-grece\/\">La Gr\u00e8ce<\/a><\/li>\n<li><a href=\"..\/ressources\/histoire-du-theatre\/rome\/\">Rome<\/a><\/li>\n<li><a href=\"..\/ressources\/histoire-du-theatre\/le-theatre-medieval\/\">Le th\u00e9\u00e2tre m\u00e9di\u00e9val<\/a><\/li>\n<li><a href=\"..\/ressources\/histoire-du-theatre\/le-theatre-profane\/\">Le th\u00e9\u00e2tre profane<\/a><\/li>\n<li><a href=\"..\/ressources\/histoire-du-theatre\/le-temps-des-auteurs\/\">Le temps des auteurs<\/a><\/li>\n<li><a href=\"..\/ressources\/histoire-du-theatre\/angleterre-le-theatre-elisabethain\/\">Angleterre : le th\u00e9\u00e2tre \u00e9lisab\u00e9thain<\/a><\/li>\n<li><a href=\"..\/ressources\/histoire-du-theatre\/l%E2%80%99italie-la-commedia-dell%E2%80%99arte\/\">L\u2019Italie : la Commedia Dell\u2019Arte <\/a>\n<ul>\n<li><a href=\"..\/ressources\/histoire-du-theatre\/la-comedie-des-masques\/\">La Com\u00e9die des Masques<\/a><\/li>\n<li><a href=\"..\/ressources\/histoire-du-theatre\/carlo-goldoni-et-carlo-gozzi\/\">Carlo Goldoni et Carlo Gozzi<\/a><\/li>\n<\/ul>\n<\/li>\n<li><a href=\"..\/ressources\/histoire-du-theatre\/la-france-le-monopole\/\">La France : le Monopole <\/a>\n<ul>\n<li><a href=\"..\/ressources\/histoire-du-theatre\/la-france-le-monopole\/confreres-de-la-passion\/\">Confr\u00e8res de la Passion<\/a><\/li>\n<li><a href=\"..\/ressources\/histoire-du-theatre\/la-france-le-monopole\/hotel-de-bourgogne\/\">H\u00f4tel de Bourgogne<\/a><\/li>\n<li><a href=\"..\/ressources\/histoire-du-theatre\/la-france-le-monopole\/le-cardinal-de-richelieu\/\">Le Cardinal de Richelieu<\/a><\/li>\n<li><a href=\"..\/ressources\/histoire-du-theatre\/la-france-le-monopole\/excommunication-des-comediens\/\">Excommunication des com\u00e9diens<\/a><\/li>\n<\/ul>\n<\/li>\n<li><a href=\"..\/ressources\/histoire-du-theatre\/apres-moliere%E2%80%A6-la-comedie-francaise\/\">Apr\u00e8s Moli\u00e8re\u2026 La Com\u00e9die-Fran\u00e7aise<\/a><\/li>\n<li><a href=\"..\/ressources\/histoire-du-theatre\/la-foire\/\">La Foire<\/a><\/li>\n<li><a href=\"..\/ressources\/histoire-du-theatre\/le-temps-de-voltaire-1694-1778-de-marivaux-1688-1763\/\">le temps de Voltaire (1694-1778), de Marivaux (1688-1763)<\/a><\/li>\n<li><a href=\"..\/ressources\/histoire-du-theatre\/le-boulevard-du-temple-boulevard-du-crime\/\">Le Boulevard du Temple\u2026 Boulevard du Crime<\/a><\/li>\n<li><a href=\"..\/ressources\/histoire-du-theatre\/1791-enfin-la-liberte-des-theatres-en-france\/\">1791 : enfin, la libert\u00e9 des th\u00e9\u00e2tres en France<\/a><\/li>\n<li><a href=\"..\/ressources\/histoire-du-theatre\/au-xixe-siecle\/\">Au XIXe si\u00e8cle<\/a><\/li>\n<li><a href=\"..\/ressources\/histoire-du-theatre\/les-metteurs-en-scene\/\">Fin du XIXe, XXe si\u00e8cle : les metteurs en sc\u00e8ne <\/a>\n<ul>\n<li><a href=\"..\/ressources\/histoire-du-theatre\/les-metteurs-en-scene\/andre-antoine-1858-%E2%80%93-1943\/\">Andr\u00e9 Antoine (1858 \u2013 1943)<\/a><\/li>\n<li><a href=\"..\/ressources\/histoire-du-theatre\/les-metteurs-en-scene\/alfred-jarry-1873-1907\/\">Alfred Jarry (1873-1907)<\/a><\/li>\n<li><a href=\"..\/ressources\/histoire-du-theatre\/les-metteurs-en-scene\/antonin-artaud-1896-1948\/\">Antonin Artaud (1896-1948)<\/a><\/li>\n<li><a href=\"..\/ressources\/histoire-du-theatre\/les-metteurs-en-scene\/constantin-stanislavski-le-realiste-1863-1938\/\">Constantin Stanislavski le r\u00e9aliste (1863-1938)<\/a><\/li>\n<li><a href=\"..\/ressources\/histoire-du-theatre\/les-metteurs-en-scene\/anton-tchekhov-1860-1904\/\">Anton Tch\u00e9khov (1860-1904)<\/a><\/li>\n<li><a href=\"..\/ressources\/histoire-du-theatre\/les-metteurs-en-scene\/erwin-piscator-1893-1966\/\">Erwin Piscator (1893-1966)<\/a><\/li>\n<li><a href=\"..\/ressources\/histoire-du-theatre\/les-metteurs-en-scene\/bertolt-brecht-1898-1956\/\">Bertolt Brecht (1898-1956)<\/a><\/li>\n<li><a href=\"..\/ressources\/histoire-du-theatre\/les-metteurs-en-scene\/le-tnp-theatre-national-populaire-de-jean-vilar-1912-1971\/\">Le TNP (Th\u00e9\u00e2tre National Populaire) de Jean Vilar (1912-1971)<\/a><\/li>\n<\/ul>\n<\/li>\n<li><a href=\"..\/ressources\/histoire-du-theatre\/le-happening\/\">Les ann\u00e9es soixante <\/a>\n<ul>\n<li><a href=\"..\/ressources\/histoire-du-theatre\/grotowski-et-le-theatre-pauvre\/\">Grotowski et le Th\u00e9\u00e2tre Pauvre<\/a><\/li>\n<li><a href=\"..\/ressources\/histoire-du-theatre\/augusto-boal\/\">Augusto Boal (1931 \u2013 2009)<\/a><\/li>\n<\/ul>\n<\/li>\n<\/ul>\n","protected":false},"excerpt":{"rendered":"<p>Le TNP (Th\u00e9\u00e2tre National Populaire) de Jean Vilar (1912-1971) \u00ab\u00a0Le th\u00e9\u00e2tre doit \u00eatre un service public, comme le gaz et l\u2019\u00e9lectricit\u00e9.\u00a0\u00bb Jean Vilar Jean Vilar (1912-1971), n\u00e9 \u00e0 S\u00e8te, ses parents sont de petits commer\u00e7ants\u00a0; \u00e0 12 ans, il joue comme violoniste dans un orchestre de jazz\u00a0; il monte \u00e0 Paris pour pr\u00e9parer une licence [&hellip;]<\/p>\n","protected":false},"author":22,"featured_media":0,"parent":1895,"menu_order":505,"comment_status":"open","ping_status":"open","template":"","meta":{"footnotes":""},"class_list":["post-1913","page","type-page","status-publish","hentry"],"jetpack_sharing_enabled":true,"_links":{"self":[{"href":"https:\/\/www.dramaction.qc.ca\/fr\/wp-json\/wp\/v2\/pages\/1913","targetHints":{"allow":["GET"]}}],"collection":[{"href":"https:\/\/www.dramaction.qc.ca\/fr\/wp-json\/wp\/v2\/pages"}],"about":[{"href":"https:\/\/www.dramaction.qc.ca\/fr\/wp-json\/wp\/v2\/types\/page"}],"author":[{"embeddable":true,"href":"https:\/\/www.dramaction.qc.ca\/fr\/wp-json\/wp\/v2\/users\/22"}],"replies":[{"embeddable":true,"href":"https:\/\/www.dramaction.qc.ca\/fr\/wp-json\/wp\/v2\/comments?post=1913"}],"version-history":[{"count":0,"href":"https:\/\/www.dramaction.qc.ca\/fr\/wp-json\/wp\/v2\/pages\/1913\/revisions"}],"up":[{"embeddable":true,"href":"https:\/\/www.dramaction.qc.ca\/fr\/wp-json\/wp\/v2\/pages\/1895"}],"wp:attachment":[{"href":"https:\/\/www.dramaction.qc.ca\/fr\/wp-json\/wp\/v2\/media?parent=1913"}],"curies":[{"name":"wp","href":"https:\/\/api.w.org\/{rel}","templated":true}]}}