{"id":1911,"date":"2011-01-28T12:09:38","date_gmt":"2011-01-28T17:09:38","guid":{"rendered":"http:\/\/www.dramaction.qc.ca\/fr\/"},"modified":"2011-01-28T12:53:52","modified_gmt":"2011-01-28T17:53:52","slug":"bertolt-brecht-1898-1956","status":"publish","type":"page","link":"https:\/\/www.dramaction.qc.ca\/fr\/ressources\/histoire-du-theatre\/les-metteurs-en-scene\/bertolt-brecht-1898-1956\/","title":{"rendered":"Bertolt Brecht (1898-1956)"},"content":{"rendered":"<p><span style=\"text-decoration: underline;\">Bertolt Brecht<\/span> (1898-1956)<\/p>\n<p>N\u00e9                            \u00e0 Augsbourg en Bavi\u00e8re. Il a une enfance       bourgeoise.     D\u00e8s     16      ans,      il     \u00e9crit des articles, des       po\u00e8mes. D\u00e8s  18     ans,    entame   des     \u00e9tudes  de           m\u00e9decine    mais est   mobilis\u00e9  \u00e0   20 ans    (1918)   comme        infirmier. Il       \u00e9crit   des      po\u00e8mes    contre la    guerre. D\u00e8s      1918, il      rompt    avec sa     famille.     Etudie    les        sciences    naturelles. Il   est      affect\u00e9  \u00e0 un       h\u00f4pital     militaire o\u00f9    il     voit      arriver  de jeunes      camarades       d\u00e9figur\u00e9s    ou les    deux    jambes      coup\u00e9es.   Effroi   et         r\u00e9volte   contre une   soci\u00e9t\u00e9        s\u00e9cr\u00e9tant   de   telles   horreurs.    Il    est          comme les   Surr\u00e9alistes       fran\u00e7ais    (Breton,     Aragon\u2026).   Il    chante  ses          ballades et    po\u00e8mes  contre         la guerre   dans  des   caves  et   des      cabarets,         d\u2019abord  \u00e0  Augsbourg        puis  \u00e0  Munich. Il   \u00e9crit  ses         premi\u00e8res      pi\u00e8ces\u00a0:      brutales,     \u00e9tranges,     d\u2019une    extraordinaire          \u00e9nergie      d\u2019exp\u00e9rimentateur   (Baal        (1918).<\/p>\n<p>Il       \u00e9crit     ensuite         \u2018Tambours  dans   la  nuit\u2019    (1918), jou\u00e9e  \u00e0       M\u00fcnich et  \u00e0       Berlin.       Brecht    est   connu et  se   fixe \u00e0     Berlin.  S\u2019en     suivent  \u2018Dans   la             jungle des         villes\u20191921-1923),    \u2018Homme  pour homme\u2019   (1924-1925),                  L\u2019Op\u00e9ra de       Quat\u2019Sous   (1928)\u2026Il   adopte alors le  th\u00e9\u00e2tre          \u00e9pique,      qu\u2019il       oppose  au      th\u00e9\u00e2tre  dramatique   (th\u00e9\u00e2tre        normal).  L\u2019acteur       \u00e9pique        raconte  son   r\u00f4le     plus   qu\u2019il ne       l\u2019incarne\u00a0: le  spectateur   ne              s\u2019identifie   plus au           personnage,  il le juge. De  1929 \u00e0   1931,    il         \u00e9crit    de   courtes      pi\u00e8ces      \u2018didactiques\u2019  dont     \u2018L\u2019exception  et    la       r\u00e8gle      (1930).    De  telles  pi\u00e8ces       sont  jou\u00e9es   dans de     petits       cercles   de       jeunes (du  type   Groupe   Octobre          fran\u00e7ais).  En   1930,     il  \u00e9crit         Sainte-Jeanne  des     Abattoirs.   Pour  \u00e9crire         cette   pi\u00e8ce,      Brecht    prend      des  cours   d\u2019\u00e9conomie    politique   et  lit   \u2018Le          Capital\u2019    de  Marx        (critique  de l\u2019\u00e9conomie        politique).  Il     rencontre          Meyerhold    et  sa    troupe en     tourn\u00e9e \u00e0      Berlin.  Il  est   \u00e9bloui  par    le  jeu     des     acteurs       qui     s\u2019adressent  sans   d\u00e9tour au     public  pour   lui    faire  part        de    leur      message     r\u00e9volutionnaire.  Brecht     leur     emprunte    ce   qu\u2019il       appelle <strong>\u2018le gestus social\u2019<\/strong>,                ensemble      des     gestes,     comportements, langage,     intonations\u2026     d\u2019un            individu     vis-\u00e0-vis   des    autres   et  qui  font   transpara\u00eetre          sa   situation      sociale.<\/p>\n<p>C\u2019est           l\u2019exil  en  f\u00e9vrier    1933.   Il     durera  15 ans\u00a0:       Hitler     consid\u00e8re,     avec        raison,   Brecht   comme   l\u2019un de   ses  plus         farouches       opposants.  Il erre        avec  sa   femme   et ses    enfants de     ville        de ville   (Prague,       Vienne,Z\u00fcrich,          Paris\u2026) pour   finalement       au     Danemark   se   fixer.   En    1936, \u00e0      Copenhague,    il   \u00e9crit   \u2018T\u00eates        rondes et      t\u00eates    pointues\u2019,       parabole  antiraciste. A         propos   de      cette    pi\u00e8ce,      Brecht cr\u00e9e le     terme  d\u2019Effet V   (ou                Verfremdungeseffekt   =   effet de         distanciation)\u00a0:   \u00ab\u00a0Alors   que               l\u2019identification du     spectateur  avec     le    h\u00e9ros rend    banals  des               \u00e9v\u00e9nements   insolites,  l\u2019effet V  rend          insolites et        \u00e9tonnants  des           \u00e9v\u00e9nements banals. Il faut     \u00e9viter   le 4<sup>\u00e8me<\/sup> mur,  bannir           l\u2019obscurit\u00e9 dans la    salle,   \u00e9viter  tout ce     qui      contribue     \u00e0    l\u2019illusion   du        r\u00e9el. Les   costumes      sont     r\u00e9alistes, de   m\u00eame  que   les    d\u00e9cors     et  les            meubles touch\u00e9s     par les  acteurs, des     slogans,    des         documents   sont        projet\u00e9s     sur \u00e9cran\u2026  Halte \u00e0           l\u2019illusion\u00a0!<br \/>\nIl fonde, \u00e0 Berlin en 1949, avec sa femme H\u00e9l\u00e8ne Weigel, le Berliner Ensemble, qu\u2019il dirigera jusqu\u2019\u00e0 sa mort en 1956.<\/p>\n<p>.<\/p>\n<hr \/>\n<p><em>Toutes les pages : <\/em><\/p>\n<ul>\n<li><a href=\"..\/ressources\/histoire-du-theatre\/la-prehistoire\/\">La Pr\u00e9histoire<\/a><\/li>\n<li><a href=\"..\/ressources\/histoire-du-theatre\/la-grece\/\">La Gr\u00e8ce<\/a><\/li>\n<li><a href=\"..\/ressources\/histoire-du-theatre\/rome\/\">Rome<\/a><\/li>\n<li><a href=\"..\/ressources\/histoire-du-theatre\/le-theatre-medieval\/\">Le th\u00e9\u00e2tre m\u00e9di\u00e9val<\/a><\/li>\n<li><a href=\"..\/ressources\/histoire-du-theatre\/le-theatre-profane\/\">Le th\u00e9\u00e2tre profane<\/a><\/li>\n<li><a href=\"..\/ressources\/histoire-du-theatre\/le-temps-des-auteurs\/\">Le temps des auteurs<\/a><\/li>\n<li><a href=\"..\/ressources\/histoire-du-theatre\/angleterre-le-theatre-elisabethain\/\">Angleterre : le th\u00e9\u00e2tre \u00e9lisab\u00e9thain<\/a><\/li>\n<li><a href=\"..\/ressources\/histoire-du-theatre\/l%E2%80%99italie-la-commedia-dell%E2%80%99arte\/\">L\u2019Italie : la Commedia Dell\u2019Arte <\/a>\n<ul>\n<li><a href=\"..\/ressources\/histoire-du-theatre\/la-comedie-des-masques\/\">La Com\u00e9die des Masques<\/a><\/li>\n<li><a href=\"..\/ressources\/histoire-du-theatre\/carlo-goldoni-et-carlo-gozzi\/\">Carlo Goldoni et Carlo Gozzi<\/a><\/li>\n<\/ul>\n<\/li>\n<li><a href=\"..\/ressources\/histoire-du-theatre\/la-france-le-monopole\/\">La France : le Monopole <\/a>\n<ul>\n<li><a href=\"..\/ressources\/histoire-du-theatre\/la-france-le-monopole\/confreres-de-la-passion\/\">Confr\u00e8res de la Passion<\/a><\/li>\n<li><a href=\"..\/ressources\/histoire-du-theatre\/la-france-le-monopole\/hotel-de-bourgogne\/\">H\u00f4tel de Bourgogne<\/a><\/li>\n<li><a href=\"..\/ressources\/histoire-du-theatre\/la-france-le-monopole\/le-cardinal-de-richelieu\/\">Le Cardinal de Richelieu<\/a><\/li>\n<li><a href=\"..\/ressources\/histoire-du-theatre\/la-france-le-monopole\/excommunication-des-comediens\/\">Excommunication des com\u00e9diens<\/a><\/li>\n<\/ul>\n<\/li>\n<li><a href=\"..\/ressources\/histoire-du-theatre\/apres-moliere%E2%80%A6-la-comedie-francaise\/\">Apr\u00e8s Moli\u00e8re\u2026 La Com\u00e9die-Fran\u00e7aise<\/a><\/li>\n<li><a href=\"..\/ressources\/histoire-du-theatre\/la-foire\/\">La Foire<\/a><\/li>\n<li><a href=\"..\/ressources\/histoire-du-theatre\/le-temps-de-voltaire-1694-1778-de-marivaux-1688-1763\/\">le temps de Voltaire (1694-1778), de Marivaux (1688-1763)<\/a><\/li>\n<li><a href=\"..\/ressources\/histoire-du-theatre\/le-boulevard-du-temple-boulevard-du-crime\/\">Le Boulevard du Temple\u2026 Boulevard du Crime<\/a><\/li>\n<li><a href=\"..\/ressources\/histoire-du-theatre\/1791-enfin-la-liberte-des-theatres-en-france\/\">1791 : enfin, la libert\u00e9 des th\u00e9\u00e2tres en France<\/a><\/li>\n<li><a href=\"..\/ressources\/histoire-du-theatre\/au-xixe-siecle\/\">Au XIXe si\u00e8cle<\/a><\/li>\n<li><a href=\"..\/ressources\/histoire-du-theatre\/les-metteurs-en-scene\/\">Fin du XIXe, XXe si\u00e8cle : les metteurs en sc\u00e8ne <\/a>\n<ul>\n<li><a href=\"..\/ressources\/histoire-du-theatre\/les-metteurs-en-scene\/andre-antoine-1858-%E2%80%93-1943\/\">Andr\u00e9 Antoine (1858 \u2013 1943)<\/a><\/li>\n<li><a href=\"..\/ressources\/histoire-du-theatre\/les-metteurs-en-scene\/alfred-jarry-1873-1907\/\">Alfred Jarry (1873-1907)<\/a><\/li>\n<li><a href=\"..\/ressources\/histoire-du-theatre\/les-metteurs-en-scene\/antonin-artaud-1896-1948\/\">Antonin Artaud (1896-1948)<\/a><\/li>\n<li><a href=\"..\/ressources\/histoire-du-theatre\/les-metteurs-en-scene\/constantin-stanislavski-le-realiste-1863-1938\/\">Constantin Stanislavski le r\u00e9aliste (1863-1938)<\/a><\/li>\n<li><a href=\"..\/ressources\/histoire-du-theatre\/les-metteurs-en-scene\/anton-tchekhov-1860-1904\/\">Anton Tch\u00e9khov (1860-1904)<\/a><\/li>\n<li><a href=\"..\/ressources\/histoire-du-theatre\/les-metteurs-en-scene\/erwin-piscator-1893-1966\/\">Erwin Piscator (1893-1966)<\/a><\/li>\n<li><a href=\"..\/ressources\/histoire-du-theatre\/les-metteurs-en-scene\/bertolt-brecht-1898-1956\/\">Bertolt Brecht (1898-1956)<\/a><\/li>\n<li><a href=\"..\/ressources\/histoire-du-theatre\/les-metteurs-en-scene\/le-tnp-theatre-national-populaire-de-jean-vilar-1912-1971\/\">Le TNP (Th\u00e9\u00e2tre National Populaire) de Jean Vilar (1912-1971)<\/a><\/li>\n<\/ul>\n<\/li>\n<li><a href=\"..\/ressources\/histoire-du-theatre\/le-happening\/\">Les ann\u00e9es soixante <\/a>\n<ul>\n<li><a href=\"..\/ressources\/histoire-du-theatre\/grotowski-et-le-theatre-pauvre\/\">Grotowski et le Th\u00e9\u00e2tre Pauvre<\/a><\/li>\n<li><a href=\"..\/ressources\/histoire-du-theatre\/augusto-boal\/\">Augusto Boal (1931 \u2013 2009)<\/a><\/li>\n<\/ul>\n<\/li>\n<\/ul>\n","protected":false},"excerpt":{"rendered":"<p>Bertolt Brecht (1898-1956) N\u00e9 \u00e0 Augsbourg en Bavi\u00e8re. Il a une enfance bourgeoise. D\u00e8s 16 ans, il \u00e9crit des articles, des po\u00e8mes. D\u00e8s 18 ans, entame des \u00e9tudes de m\u00e9decine mais est mobilis\u00e9 \u00e0 20 ans (1918) comme infirmier. Il \u00e9crit des po\u00e8mes contre la guerre. D\u00e8s 1918, il rompt avec sa famille. Etudie les [&hellip;]<\/p>\n","protected":false},"author":22,"featured_media":0,"parent":1895,"menu_order":504,"comment_status":"open","ping_status":"open","template":"","meta":{"footnotes":""},"class_list":["post-1911","page","type-page","status-publish","hentry"],"jetpack_sharing_enabled":true,"_links":{"self":[{"href":"https:\/\/www.dramaction.qc.ca\/fr\/wp-json\/wp\/v2\/pages\/1911","targetHints":{"allow":["GET"]}}],"collection":[{"href":"https:\/\/www.dramaction.qc.ca\/fr\/wp-json\/wp\/v2\/pages"}],"about":[{"href":"https:\/\/www.dramaction.qc.ca\/fr\/wp-json\/wp\/v2\/types\/page"}],"author":[{"embeddable":true,"href":"https:\/\/www.dramaction.qc.ca\/fr\/wp-json\/wp\/v2\/users\/22"}],"replies":[{"embeddable":true,"href":"https:\/\/www.dramaction.qc.ca\/fr\/wp-json\/wp\/v2\/comments?post=1911"}],"version-history":[{"count":0,"href":"https:\/\/www.dramaction.qc.ca\/fr\/wp-json\/wp\/v2\/pages\/1911\/revisions"}],"up":[{"embeddable":true,"href":"https:\/\/www.dramaction.qc.ca\/fr\/wp-json\/wp\/v2\/pages\/1895"}],"wp:attachment":[{"href":"https:\/\/www.dramaction.qc.ca\/fr\/wp-json\/wp\/v2\/media?parent=1911"}],"curies":[{"name":"wp","href":"https:\/\/api.w.org\/{rel}","templated":true}]}}