{"id":1907,"date":"2011-01-28T12:08:36","date_gmt":"2011-01-28T17:08:36","guid":{"rendered":"http:\/\/www.dramaction.qc.ca\/fr\/"},"modified":"2011-01-28T12:53:38","modified_gmt":"2011-01-28T17:53:38","slug":"anton-tchekhov-1860-1904","status":"publish","type":"page","link":"https:\/\/www.dramaction.qc.ca\/fr\/ressources\/histoire-du-theatre\/les-metteurs-en-scene\/anton-tchekhov-1860-1904\/","title":{"rendered":"Anton Tch\u00e9khov (1860-1904)"},"content":{"rendered":"<p><span style=\"text-decoration: underline;\">Anton Tch\u00e9khov<\/span> (1860-1904)<\/p>\n<p>M\u00e9decin des pauvres, g\u00e9n\u00e9reux et observateur, il conna\u00eet comme auteur dramatique des d\u00e9buts difficiles. <strong>Il s\u2019affranchit de tous les artifices<\/strong> : pas d\u2019intrigue, pas de th\u00e8se. Avec un \u2018sous-texte\u2019, non dit mais                           fascinant\u2026 il fallait Stanislavski pour comprendre      cela.     D\u00e8s       lors,     les        r\u00e9ussites se pressent\u00a0: <em>Oncle Vania (1899), Les Trois S\u0153urs (1901), La Cerisaie (1904).<\/em><br \/>\n<span style=\"text-decoration: underline;\">Vsevolod Meyerhold, le constructiviste<\/span> (1874-1942)<\/p>\n<p>El\u00e8ve                          de Stanislavski d\u00e8s 1895, il est du Th\u00e9\u00e2tre   d\u2019Art      mais       fonde              rapidement une troupe rivale      antir\u00e9aliste.    Ennemi   du     r\u00e9alisme   et  du          \u2018revivre\u2019,      il pense que le    th\u00e9\u00e2tre  n\u2019a  pas  \u00e0    imiter la   vie.  Il          pr\u00e9conise      un  art   de  convention.  Par     convention, il   ne      faut  pas      entendre la         convention      routini\u00e8re,  non     avou\u00e9e,    inconsciente  m\u00eame,       mais  une            convention     consciente,    revendiqu\u00e9e, r\u00e9fl\u00e9chie\u00a0:    jeu de       th\u00e9\u00e2tre      men\u00e9          selon des  r\u00e8gles   admises par   acteurs et     spectateurs.             Ainsi,  Meyerhold      est   fascin\u00e9   par  les types  de la       Commedia        dell\u2019Arte   dont le costume, le           grimage,  la     d\u00e9marche\u2026   sont       fix\u00e9s  une fois  pour   toutes.   Il   demande \u00e0        ses    com\u00e9diens  une        discipline   d\u2019athl\u00e8tes    non  pas        affectifs (cfr.    Artaud)    mais         capables de cr\u00e9er    un     syst\u00e8me   de    signes  que le public     devra         comprendre  et       qu\u2019il   d\u00e9chiffrera dans     la   mesure o\u00f9 il  se     montrera             connaisseur.  On  voit    surgir l\u00e0,   pour  la   premi\u00e8re   fois,  la          notion   de     th\u00e9\u00e2tre   \u2018\u00e9litaire\u2019.<\/p>\n<p>Seul      l\u2019acteur       compte   pour          Meyerhold. Il    supprime toute   d\u00e9coration          parasite.     Machines   \u00e0   jouer   la   pi\u00e8ce, ses      dispositifs    \u00e9voquent      le    monde   du     travail que le    r\u00e9gime    entend       magnifier.  Y      \u00e9voluent   des   foules   de    com\u00e9diens     gymnastes   et     acrobates        form\u00e9s  par la    m\u00e9thode     biom\u00e9canique,   qui       calcule les         mouvements      (individuels   et    collectifs)     avec une    pr\u00e9cision            math\u00e9matique.   Dans des      costumes      souvent uniformes et    qui        \u00e9voquent   ceux    des      prol\u00e9taires.<\/p>\n<p>.<\/p>\n<hr \/>\n<p><em>Toutes les pages : <\/em><\/p>\n<ul>\n<li><a href=\"..\/ressources\/histoire-du-theatre\/la-prehistoire\/\">La Pr\u00e9histoire<\/a><\/li>\n<li><a href=\"..\/ressources\/histoire-du-theatre\/la-grece\/\">La Gr\u00e8ce<\/a><\/li>\n<li><a href=\"..\/ressources\/histoire-du-theatre\/rome\/\">Rome<\/a><\/li>\n<li><a href=\"..\/ressources\/histoire-du-theatre\/le-theatre-medieval\/\">Le th\u00e9\u00e2tre m\u00e9di\u00e9val<\/a><\/li>\n<li><a href=\"..\/ressources\/histoire-du-theatre\/le-theatre-profane\/\">Le th\u00e9\u00e2tre profane<\/a><\/li>\n<li><a href=\"..\/ressources\/histoire-du-theatre\/le-temps-des-auteurs\/\">Le temps des auteurs<\/a><\/li>\n<li><a href=\"..\/ressources\/histoire-du-theatre\/angleterre-le-theatre-elisabethain\/\">Angleterre : le th\u00e9\u00e2tre \u00e9lisab\u00e9thain<\/a><\/li>\n<li><a href=\"..\/ressources\/histoire-du-theatre\/l%E2%80%99italie-la-commedia-dell%E2%80%99arte\/\">L\u2019Italie : la Commedia Dell\u2019Arte <\/a>\n<ul>\n<li><a href=\"..\/ressources\/histoire-du-theatre\/la-comedie-des-masques\/\">La Com\u00e9die des Masques<\/a><\/li>\n<li><a href=\"..\/ressources\/histoire-du-theatre\/carlo-goldoni-et-carlo-gozzi\/\">Carlo Goldoni et Carlo Gozzi<\/a><\/li>\n<\/ul>\n<\/li>\n<li><a href=\"..\/ressources\/histoire-du-theatre\/la-france-le-monopole\/\">La France : le Monopole <\/a>\n<ul>\n<li><a href=\"..\/ressources\/histoire-du-theatre\/la-france-le-monopole\/confreres-de-la-passion\/\">Confr\u00e8res de la Passion<\/a><\/li>\n<li><a href=\"..\/ressources\/histoire-du-theatre\/la-france-le-monopole\/hotel-de-bourgogne\/\">H\u00f4tel de Bourgogne<\/a><\/li>\n<li><a href=\"..\/ressources\/histoire-du-theatre\/la-france-le-monopole\/le-cardinal-de-richelieu\/\">Le Cardinal de Richelieu<\/a><\/li>\n<li><a href=\"..\/ressources\/histoire-du-theatre\/la-france-le-monopole\/excommunication-des-comediens\/\">Excommunication des com\u00e9diens<\/a><\/li>\n<\/ul>\n<\/li>\n<li><a href=\"..\/ressources\/histoire-du-theatre\/apres-moliere%E2%80%A6-la-comedie-francaise\/\">Apr\u00e8s Moli\u00e8re\u2026 La Com\u00e9die-Fran\u00e7aise<\/a><\/li>\n<li><a href=\"..\/ressources\/histoire-du-theatre\/la-foire\/\">La Foire<\/a><\/li>\n<li><a href=\"..\/ressources\/histoire-du-theatre\/le-temps-de-voltaire-1694-1778-de-marivaux-1688-1763\/\">le temps de Voltaire (1694-1778), de Marivaux (1688-1763)<\/a><\/li>\n<li><a href=\"..\/ressources\/histoire-du-theatre\/le-boulevard-du-temple-boulevard-du-crime\/\">Le Boulevard du Temple\u2026 Boulevard du Crime<\/a><\/li>\n<li><a href=\"..\/ressources\/histoire-du-theatre\/1791-enfin-la-liberte-des-theatres-en-france\/\">1791 : enfin, la libert\u00e9 des th\u00e9\u00e2tres en France<\/a><\/li>\n<li><a href=\"..\/ressources\/histoire-du-theatre\/au-xixe-siecle\/\">Au XIXe si\u00e8cle<\/a><\/li>\n<li><a href=\"..\/ressources\/histoire-du-theatre\/les-metteurs-en-scene\/\">Fin du XIXe, XXe si\u00e8cle : les metteurs en sc\u00e8ne <\/a>\n<ul>\n<li><a href=\"..\/ressources\/histoire-du-theatre\/les-metteurs-en-scene\/andre-antoine-1858-%E2%80%93-1943\/\">Andr\u00e9 Antoine (1858 \u2013 1943)<\/a><\/li>\n<li><a href=\"..\/ressources\/histoire-du-theatre\/les-metteurs-en-scene\/alfred-jarry-1873-1907\/\">Alfred Jarry (1873-1907)<\/a><\/li>\n<li><a href=\"..\/ressources\/histoire-du-theatre\/les-metteurs-en-scene\/antonin-artaud-1896-1948\/\">Antonin Artaud (1896-1948)<\/a><\/li>\n<li><a href=\"..\/ressources\/histoire-du-theatre\/les-metteurs-en-scene\/constantin-stanislavski-le-realiste-1863-1938\/\">Constantin Stanislavski le r\u00e9aliste (1863-1938)<\/a><\/li>\n<li><a href=\"..\/ressources\/histoire-du-theatre\/les-metteurs-en-scene\/anton-tchekhov-1860-1904\/\">Anton Tch\u00e9khov (1860-1904)<\/a><\/li>\n<li><a href=\"..\/ressources\/histoire-du-theatre\/les-metteurs-en-scene\/erwin-piscator-1893-1966\/\">Erwin Piscator (1893-1966)<\/a><\/li>\n<li><a href=\"..\/ressources\/histoire-du-theatre\/les-metteurs-en-scene\/bertolt-brecht-1898-1956\/\">Bertolt Brecht (1898-1956)<\/a><\/li>\n<li><a href=\"..\/ressources\/histoire-du-theatre\/les-metteurs-en-scene\/le-tnp-theatre-national-populaire-de-jean-vilar-1912-1971\/\">Le TNP (Th\u00e9\u00e2tre National Populaire) de Jean Vilar (1912-1971)<\/a><\/li>\n<\/ul>\n<\/li>\n<li><a href=\"..\/ressources\/histoire-du-theatre\/le-happening\/\">Les ann\u00e9es soixante <\/a>\n<ul>\n<li><a href=\"..\/ressources\/histoire-du-theatre\/grotowski-et-le-theatre-pauvre\/\">Grotowski et le Th\u00e9\u00e2tre Pauvre<\/a><\/li>\n<li><a href=\"..\/ressources\/histoire-du-theatre\/augusto-boal\/\">Augusto Boal (1931 \u2013 2009)<\/a><\/li>\n<\/ul>\n<\/li>\n<\/ul>\n","protected":false},"excerpt":{"rendered":"<p>Anton Tch\u00e9khov (1860-1904) M\u00e9decin des pauvres, g\u00e9n\u00e9reux et observateur, il conna\u00eet comme auteur dramatique des d\u00e9buts difficiles. Il s\u2019affranchit de tous les artifices : pas d\u2019intrigue, pas de th\u00e8se. Avec un \u2018sous-texte\u2019, non dit mais fascinant\u2026 il fallait Stanislavski pour comprendre cela. D\u00e8s lors, les r\u00e9ussites se pressent\u00a0: Oncle Vania (1899), Les Trois S\u0153urs (1901), [&hellip;]<\/p>\n","protected":false},"author":22,"featured_media":0,"parent":1895,"menu_order":502,"comment_status":"open","ping_status":"open","template":"","meta":{"footnotes":""},"class_list":["post-1907","page","type-page","status-publish","hentry"],"jetpack_sharing_enabled":true,"_links":{"self":[{"href":"https:\/\/www.dramaction.qc.ca\/fr\/wp-json\/wp\/v2\/pages\/1907","targetHints":{"allow":["GET"]}}],"collection":[{"href":"https:\/\/www.dramaction.qc.ca\/fr\/wp-json\/wp\/v2\/pages"}],"about":[{"href":"https:\/\/www.dramaction.qc.ca\/fr\/wp-json\/wp\/v2\/types\/page"}],"author":[{"embeddable":true,"href":"https:\/\/www.dramaction.qc.ca\/fr\/wp-json\/wp\/v2\/users\/22"}],"replies":[{"embeddable":true,"href":"https:\/\/www.dramaction.qc.ca\/fr\/wp-json\/wp\/v2\/comments?post=1907"}],"version-history":[{"count":0,"href":"https:\/\/www.dramaction.qc.ca\/fr\/wp-json\/wp\/v2\/pages\/1907\/revisions"}],"up":[{"embeddable":true,"href":"https:\/\/www.dramaction.qc.ca\/fr\/wp-json\/wp\/v2\/pages\/1895"}],"wp:attachment":[{"href":"https:\/\/www.dramaction.qc.ca\/fr\/wp-json\/wp\/v2\/media?parent=1907"}],"curies":[{"name":"wp","href":"https:\/\/api.w.org\/{rel}","templated":true}]}}