{"id":1903,"date":"2011-01-28T12:07:21","date_gmt":"2011-01-28T17:07:21","guid":{"rendered":"http:\/\/www.dramaction.qc.ca\/fr\/"},"modified":"2011-01-28T12:53:06","modified_gmt":"2011-01-28T17:53:06","slug":"antonin-artaud-1896-1948","status":"publish","type":"page","link":"https:\/\/www.dramaction.qc.ca\/fr\/ressources\/histoire-du-theatre\/les-metteurs-en-scene\/antonin-artaud-1896-1948\/","title":{"rendered":"Antonin Artaud (1896-1948)"},"content":{"rendered":"<p><span style=\"text-decoration: underline;\">Antonin Artaud<\/span> (1896-1948)<\/p>\n<p>Figure                        excentrique du Paris th\u00e9\u00e2tral de l\u2019apr\u00e8s-guerre     14-18.         Malade       des       nerfs depuis son enfance, il est     trop      constamment    tendu   pour    \u00eatre  un       com\u00e9dien de     th\u00e9\u00e2tre      normal. Metteur en    sc\u00e8ne, il    effraie   ses        employeurs      et     ses m\u00e9c\u00e8nes pour ses    trouvailles    fulgurantes      et      saugrenues.     Ce  sont    ses textes          po\u00e9tico-th\u00e9oriques  qui  vont  faire  sa        gloire. Ils  \u2018font le             poids\u2019 par   rapport aux grandes       convulsions de    l\u2019\u00e9poque             contemporaine.    Intern\u00e9 \u00e0 l\u2019h\u00f4pital       psychiatrique de     Rodez,     de       1937 \u00e0  1946, lib\u00e9r\u00e9 par    ses     amis,\u00a0 il    est    h\u00e9berg\u00e9  dans  une        maison  de sant\u00e9  d\u2019Ivry o\u00f9   il   meurt   en      1948.<\/p>\n<p>L\u2019influence consid\u00e9rable d\u2019Artaud sur le th\u00e9\u00e2tre de la seconde moiti\u00e9 du 20<sup>e<\/sup> si\u00e8cle ne vient pas de son activit\u00e9 d\u2019auteur ou de metteur en sc\u00e8ne mais de ses \u00e9crits th\u00e9oriques de penseur-po\u00e8te-visionnaire.<\/p>\n<p>\u00ab\u00a0S\u2019il                        est encore quelque chose d\u2019infernal et de       v\u00e9ritablement        maudit        dans    ce  temps, c\u2019est de       s\u2019attarder  artistiquement   sur     des   formes,   au     lieu          d\u2019\u00eatre comme des  supplici\u00e9s que   l\u2019on     br\u00fble et   qui font   des          signes  sur     leurs b\u00fbchers.\u00a0\u00bb   Artaud<\/p>\n<p>\u00ab\u00a0 Le th\u00e9\u00e2tre est le lieu concret qui demande qu\u2019on le remplisse et qu\u2019on lui fasse parler son langage concret\u00a0\u00bb. Artaud.<br \/>\n<span style=\"text-decoration: underline;\">Le Groupe Octobre<\/span> (1932-1937)<\/p>\n<p>La                        seule troupe fran\u00e7aise d\u2019\u2019agit-prop\u2019 =            agitation-propagande,       terme        forg\u00e9, d\u00e8s 1917, en URSS et            employ\u00e9 aussi en  Allemagne  et     aux        Etats-Unis.    Com\u00e9diens         d\u2019Etat (en URSS),  acteurs      semi-professionnels             ailleurs\u2026       s\u2019efforcent de <strong>sensibiliser la population \u00e0 une situation politique ou sociale<\/strong>\u2026                         par des \u2018spectacles-tracts\u2019, interventions de   rue,           \u00e9galement      lors    de     meetings et de f\u00eates   populaires  ou   de        gr\u00e8ves sur le   tas.    C\u2019est    cette       derni\u00e8re  activit\u00e9   qui a   rendu      c\u00e9l\u00e8bre le   Groupe    Octobre,    lors    des    gr\u00e8ves    de   1936 (On     joue  Pr\u00e9vert dans   les   grands     magasins      parisiens       \u2018occup\u00e9s\u2019).<\/p>\n<p>.<\/p>\n<hr \/>\n<p><em>Toutes les pages : <\/em><\/p>\n<ul>\n<li><a href=\"..\/ressources\/histoire-du-theatre\/la-prehistoire\/\">La Pr\u00e9histoire<\/a><\/li>\n<li><a href=\"..\/ressources\/histoire-du-theatre\/la-grece\/\">La Gr\u00e8ce<\/a><\/li>\n<li><a href=\"..\/ressources\/histoire-du-theatre\/rome\/\">Rome<\/a><\/li>\n<li><a href=\"..\/ressources\/histoire-du-theatre\/le-theatre-medieval\/\">Le th\u00e9\u00e2tre m\u00e9di\u00e9val<\/a><\/li>\n<li><a href=\"..\/ressources\/histoire-du-theatre\/le-theatre-profane\/\">Le th\u00e9\u00e2tre profane<\/a><\/li>\n<li><a href=\"..\/ressources\/histoire-du-theatre\/le-temps-des-auteurs\/\">Le temps des auteurs<\/a><\/li>\n<li><a href=\"..\/ressources\/histoire-du-theatre\/angleterre-le-theatre-elisabethain\/\">Angleterre : le th\u00e9\u00e2tre \u00e9lisab\u00e9thain<\/a><\/li>\n<li><a href=\"..\/ressources\/histoire-du-theatre\/l%E2%80%99italie-la-commedia-dell%E2%80%99arte\/\">L\u2019Italie : la Commedia Dell\u2019Arte <\/a>\n<ul>\n<li><a href=\"..\/ressources\/histoire-du-theatre\/la-comedie-des-masques\/\">La Com\u00e9die des Masques<\/a><\/li>\n<li><a href=\"..\/ressources\/histoire-du-theatre\/carlo-goldoni-et-carlo-gozzi\/\">Carlo Goldoni et Carlo Gozzi<\/a><\/li>\n<\/ul>\n<\/li>\n<li><a href=\"..\/ressources\/histoire-du-theatre\/la-france-le-monopole\/\">La France : le Monopole <\/a>\n<ul>\n<li><a href=\"..\/ressources\/histoire-du-theatre\/la-france-le-monopole\/confreres-de-la-passion\/\">Confr\u00e8res de la Passion<\/a><\/li>\n<li><a href=\"..\/ressources\/histoire-du-theatre\/la-france-le-monopole\/hotel-de-bourgogne\/\">H\u00f4tel de Bourgogne<\/a><\/li>\n<li><a href=\"..\/ressources\/histoire-du-theatre\/la-france-le-monopole\/le-cardinal-de-richelieu\/\">Le Cardinal de Richelieu<\/a><\/li>\n<li><a href=\"..\/ressources\/histoire-du-theatre\/la-france-le-monopole\/excommunication-des-comediens\/\">Excommunication des com\u00e9diens<\/a><\/li>\n<\/ul>\n<\/li>\n<li><a href=\"..\/ressources\/histoire-du-theatre\/apres-moliere%E2%80%A6-la-comedie-francaise\/\">Apr\u00e8s Moli\u00e8re\u2026 La Com\u00e9die-Fran\u00e7aise<\/a><\/li>\n<li><a href=\"..\/ressources\/histoire-du-theatre\/la-foire\/\">La Foire<\/a><\/li>\n<li><a href=\"..\/ressources\/histoire-du-theatre\/le-temps-de-voltaire-1694-1778-de-marivaux-1688-1763\/\">le temps de Voltaire (1694-1778), de Marivaux (1688-1763)<\/a><\/li>\n<li><a href=\"..\/ressources\/histoire-du-theatre\/le-boulevard-du-temple-boulevard-du-crime\/\">Le Boulevard du Temple\u2026 Boulevard du Crime<\/a><\/li>\n<li><a href=\"..\/ressources\/histoire-du-theatre\/1791-enfin-la-liberte-des-theatres-en-france\/\">1791 : enfin, la libert\u00e9 des th\u00e9\u00e2tres en France<\/a><\/li>\n<li><a href=\"..\/ressources\/histoire-du-theatre\/au-xixe-siecle\/\">Au XIXe si\u00e8cle<\/a><\/li>\n<li><a href=\"..\/ressources\/histoire-du-theatre\/les-metteurs-en-scene\/\">Fin du XIXe, XXe si\u00e8cle : les metteurs en sc\u00e8ne <\/a>\n<ul>\n<li><a href=\"..\/ressources\/histoire-du-theatre\/les-metteurs-en-scene\/andre-antoine-1858-%E2%80%93-1943\/\">Andr\u00e9 Antoine (1858 \u2013 1943)<\/a><\/li>\n<li><a href=\"..\/ressources\/histoire-du-theatre\/les-metteurs-en-scene\/alfred-jarry-1873-1907\/\">Alfred Jarry (1873-1907)<\/a><\/li>\n<li><a href=\"..\/ressources\/histoire-du-theatre\/les-metteurs-en-scene\/antonin-artaud-1896-1948\/\">Antonin Artaud (1896-1948)<\/a><\/li>\n<li><a href=\"..\/ressources\/histoire-du-theatre\/les-metteurs-en-scene\/constantin-stanislavski-le-realiste-1863-1938\/\">Constantin Stanislavski le r\u00e9aliste (1863-1938)<\/a><\/li>\n<li><a href=\"..\/ressources\/histoire-du-theatre\/les-metteurs-en-scene\/anton-tchekhov-1860-1904\/\">Anton Tch\u00e9khov (1860-1904)<\/a><\/li>\n<li><a href=\"..\/ressources\/histoire-du-theatre\/les-metteurs-en-scene\/erwin-piscator-1893-1966\/\">Erwin Piscator (1893-1966)<\/a><\/li>\n<li><a href=\"..\/ressources\/histoire-du-theatre\/les-metteurs-en-scene\/bertolt-brecht-1898-1956\/\">Bertolt Brecht (1898-1956)<\/a><\/li>\n<li><a href=\"..\/ressources\/histoire-du-theatre\/les-metteurs-en-scene\/le-tnp-theatre-national-populaire-de-jean-vilar-1912-1971\/\">Le TNP (Th\u00e9\u00e2tre National Populaire) de Jean Vilar (1912-1971)<\/a><\/li>\n<\/ul>\n<\/li>\n<li><a href=\"..\/ressources\/histoire-du-theatre\/le-happening\/\">Les ann\u00e9es soixante <\/a>\n<ul>\n<li><a href=\"..\/ressources\/histoire-du-theatre\/grotowski-et-le-theatre-pauvre\/\">Grotowski et le Th\u00e9\u00e2tre Pauvre<\/a><\/li>\n<li><a href=\"..\/ressources\/histoire-du-theatre\/augusto-boal\/\">Augusto Boal (1931 \u2013 2009)<\/a><\/li>\n<\/ul>\n<\/li>\n<\/ul>\n","protected":false},"excerpt":{"rendered":"<p>Antonin Artaud (1896-1948) Figure excentrique du Paris th\u00e9\u00e2tral de l\u2019apr\u00e8s-guerre 14-18. Malade des nerfs depuis son enfance, il est trop constamment tendu pour \u00eatre un com\u00e9dien de th\u00e9\u00e2tre normal. Metteur en sc\u00e8ne, il effraie ses employeurs et ses m\u00e9c\u00e8nes pour ses trouvailles fulgurantes et saugrenues. Ce sont ses textes po\u00e9tico-th\u00e9oriques qui vont faire sa gloire. [&hellip;]<\/p>\n","protected":false},"author":22,"featured_media":0,"parent":1895,"menu_order":500,"comment_status":"open","ping_status":"open","template":"","meta":{"footnotes":""},"class_list":["post-1903","page","type-page","status-publish","hentry"],"jetpack_sharing_enabled":true,"_links":{"self":[{"href":"https:\/\/www.dramaction.qc.ca\/fr\/wp-json\/wp\/v2\/pages\/1903","targetHints":{"allow":["GET"]}}],"collection":[{"href":"https:\/\/www.dramaction.qc.ca\/fr\/wp-json\/wp\/v2\/pages"}],"about":[{"href":"https:\/\/www.dramaction.qc.ca\/fr\/wp-json\/wp\/v2\/types\/page"}],"author":[{"embeddable":true,"href":"https:\/\/www.dramaction.qc.ca\/fr\/wp-json\/wp\/v2\/users\/22"}],"replies":[{"embeddable":true,"href":"https:\/\/www.dramaction.qc.ca\/fr\/wp-json\/wp\/v2\/comments?post=1903"}],"version-history":[{"count":0,"href":"https:\/\/www.dramaction.qc.ca\/fr\/wp-json\/wp\/v2\/pages\/1903\/revisions"}],"up":[{"embeddable":true,"href":"https:\/\/www.dramaction.qc.ca\/fr\/wp-json\/wp\/v2\/pages\/1895"}],"wp:attachment":[{"href":"https:\/\/www.dramaction.qc.ca\/fr\/wp-json\/wp\/v2\/media?parent=1903"}],"curies":[{"name":"wp","href":"https:\/\/api.w.org\/{rel}","templated":true}]}}