{"id":1901,"date":"2011-01-28T12:06:49","date_gmt":"2011-01-28T17:06:49","guid":{"rendered":"http:\/\/www.dramaction.qc.ca\/fr\/"},"modified":"2011-01-28T12:52:57","modified_gmt":"2011-01-28T17:52:57","slug":"alfred-jarry-1873-1907","status":"publish","type":"page","link":"https:\/\/www.dramaction.qc.ca\/fr\/ressources\/histoire-du-theatre\/les-metteurs-en-scene\/alfred-jarry-1873-1907\/","title":{"rendered":"Alfred Jarry (1873-1907)"},"content":{"rendered":"<p><span style=\"text-decoration: underline;\">Alfred Jarry<\/span> (1873-1907)<\/p>\n<p>N\u00e9                      \u00e0  Laval. Son p\u00e8re est n\u00e9gociant et ses parents se         s\u00e9parent.  A      15        ans,   il est au lyc\u00e9e de Rennes\u00a0; \u00e0 18  ans,        il   poursuit   ses    \u00e9tudes  \u00e0      Paris  et  rentre dans la        \u2018boh\u00e8me\u2019   de  la fin du   si\u00e8cle.       Pince-sans-rire     \u00e9rudit,          mystificateur   maniant sans   cesse le       paradoxe d\u2019une voix             m\u00e9canique, il   est  habill\u00e9 en   cycliste et  passe        pour   tirer  au    revolver      dans  les  glaces.   Figure    pittoresque du          Quartier   Latin \u00e0 Paris,  il     mourra       d\u2019alcoolisme  et de   mis\u00e8re \u00e0   34        ans. Il cr\u00e9e  \u2018Ubu-Roi  en   1896,      pi\u00e8ce      consid\u00e9r\u00e9e   comme la    source  du     th\u00e9\u00e2tre de    l\u2019Absurde.<\/p>\n<p>Le           bedonnant  P\u00e8re   Ubu,  \u00e9norme,    sale,      \u00e9go\u00efste, goinfre,   plut\u00f4t     asexu\u00e9\u2026        monstre de    b\u00eatise,   de   cruaut\u00e9,  de     cynisme, c\u2019est     (avec sa    femme,       l\u2019ignoble   m\u00e8re   Ubu),  un   Macbeth  de     guignol.   Il est      port\u00e9 au pouvoir      (dans   une   Pologne   de    fantaisie)   par     son    absence totale et  hilarante   de       sens   moral.  Ce  qui    (horreur)        nous le rend  assez    sympathique\u00a0:       vengeance    de  nos  bas      instincts       r\u00e9prim\u00e9s\u00a0?<\/p>\n<p>Le    premier mot    du    texte   (\u2018Merdre\u2019)       d\u00e9cha\u00eene    la   temp\u00eate\u00a0:    sifflets,     protestations, on  se        l\u00e8ve  pour    partir,  etc. Et,         comme il se  r\u00e9p\u00e8te   souvent, le    chahut  est        permanent.  On      entend\u00a0:   \u2018On se   fout  de   nous\u2019\u2026   Seuls les   po\u00e8tes             comprennent. L\u2019Irlandais   Yeats     dira   tristement\u00a0: \u2018Apr\u00e8s       cela,     qu\u2019y      a-t-il encore de      possible\u00a0?   Apr\u00e8s nous,  le   Dieu        sauvage\u00a0!\u00a0\u00bb    Ubu-Roi    est   la  source du     th\u00e9\u00e2tre de   l\u2019Absurde.      Jean    Vilar en    d\u00e9gagera       magnifiquement  le      c\u00f4t\u00e9 civique  60  ans    plus    tard.<\/p>\n<p>A      l\u2019extr\u00eame fin       du XIXe  si\u00e8cle     (1895),      l\u2019humanit\u00e9   assiste \u00e0       l\u2019apparition  du  cin\u00e9ma,  \u00e0     la     naissance     d\u2019un  art. Un    fait  aussi     consid\u00e9rable ne   s\u2019\u00e9tait   pas        produit       depuis 24  si\u00e8cles   (depuis  la    naissance du   th\u00e9\u00e2tre).<\/p>\n<p>Le                cin\u00e9ma  restitue la    r\u00e9alit\u00e9,    \u2018rench\u00e9rissant\u2019 sur le    th\u00e9\u00e2tre               naturaliste,  qu\u2019il fait     du m\u00eame  coup    appara\u00eetre p\u00e9rim\u00e9\u00a0;.  Du   moins     en ce         qui   concerne  la      d\u00e9coration, les  changements   rapides  de     lieux,  les             atmosph\u00e8res\u2026   Comment,  d\u00e8s lors,    repr\u00e9senter un     arbre   sur    sc\u00e8ne    alors      qu\u2019\u00e0    l\u2019\u00e9cran, les    feuilles   fr\u00e9missent   au      vent\u00a0? En le    stylisant,  bien        s\u00fbr,   en    l\u2019\u00e9voquant sans   le      montrer, en chargeant  un   acteur  de  le         mimer\u2026    Il   faut   choisir.<\/p>\n<p>Que faire\u00a0? Et comment le faire\u00a0? C\u2019est une <strong>p\u00e9riode de recherches<\/strong>.<\/p>\n<p>Au                       d\u00e9but du XXe si\u00e8cle (octobre 1917), se l\u00e8ve \u00e0  l\u2019Est    la          premi\u00e8re           r\u00e9volution prol\u00e9tarienne.  Certains   hommes  de     th\u00e9\u00e2tre      la    soutiennent.        C\u2019est  une <strong>p\u00e9riode d\u2019engagement<\/strong>.<\/p>\n<p>.<\/p>\n<hr \/>\n<p><em>Toutes les pages : <\/em><\/p>\n<ul>\n<li><a href=\"..\/ressources\/histoire-du-theatre\/la-prehistoire\/\">La Pr\u00e9histoire<\/a><\/li>\n<li><a href=\"..\/ressources\/histoire-du-theatre\/la-grece\/\">La Gr\u00e8ce<\/a><\/li>\n<li><a href=\"..\/ressources\/histoire-du-theatre\/rome\/\">Rome<\/a><\/li>\n<li><a href=\"..\/ressources\/histoire-du-theatre\/le-theatre-medieval\/\">Le th\u00e9\u00e2tre m\u00e9di\u00e9val<\/a><\/li>\n<li><a href=\"..\/ressources\/histoire-du-theatre\/le-theatre-profane\/\">Le th\u00e9\u00e2tre profane<\/a><\/li>\n<li><a href=\"..\/ressources\/histoire-du-theatre\/le-temps-des-auteurs\/\">Le temps des auteurs<\/a><\/li>\n<li><a href=\"..\/ressources\/histoire-du-theatre\/angleterre-le-theatre-elisabethain\/\">Angleterre : le th\u00e9\u00e2tre \u00e9lisab\u00e9thain<\/a><\/li>\n<li><a href=\"..\/ressources\/histoire-du-theatre\/l%E2%80%99italie-la-commedia-dell%E2%80%99arte\/\">L\u2019Italie : la Commedia Dell\u2019Arte <\/a>\n<ul>\n<li><a href=\"..\/ressources\/histoire-du-theatre\/la-comedie-des-masques\/\">La Com\u00e9die des Masques<\/a><\/li>\n<li><a href=\"..\/ressources\/histoire-du-theatre\/carlo-goldoni-et-carlo-gozzi\/\">Carlo Goldoni et Carlo Gozzi<\/a><\/li>\n<\/ul>\n<\/li>\n<li><a href=\"..\/ressources\/histoire-du-theatre\/la-france-le-monopole\/\">La France : le Monopole <\/a>\n<ul>\n<li><a href=\"..\/ressources\/histoire-du-theatre\/la-france-le-monopole\/confreres-de-la-passion\/\">Confr\u00e8res de la Passion<\/a><\/li>\n<li><a href=\"..\/ressources\/histoire-du-theatre\/la-france-le-monopole\/hotel-de-bourgogne\/\">H\u00f4tel de Bourgogne<\/a><\/li>\n<li><a href=\"..\/ressources\/histoire-du-theatre\/la-france-le-monopole\/le-cardinal-de-richelieu\/\">Le Cardinal de Richelieu<\/a><\/li>\n<li><a href=\"..\/ressources\/histoire-du-theatre\/la-france-le-monopole\/excommunication-des-comediens\/\">Excommunication des com\u00e9diens<\/a><\/li>\n<\/ul>\n<\/li>\n<li><a href=\"..\/ressources\/histoire-du-theatre\/apres-moliere%E2%80%A6-la-comedie-francaise\/\">Apr\u00e8s Moli\u00e8re\u2026 La Com\u00e9die-Fran\u00e7aise<\/a><\/li>\n<li><a href=\"..\/ressources\/histoire-du-theatre\/la-foire\/\">La Foire<\/a><\/li>\n<li><a href=\"..\/ressources\/histoire-du-theatre\/le-temps-de-voltaire-1694-1778-de-marivaux-1688-1763\/\">le temps de Voltaire (1694-1778), de Marivaux (1688-1763)<\/a><\/li>\n<li><a href=\"..\/ressources\/histoire-du-theatre\/le-boulevard-du-temple-boulevard-du-crime\/\">Le Boulevard du Temple\u2026 Boulevard du Crime<\/a><\/li>\n<li><a href=\"..\/ressources\/histoire-du-theatre\/1791-enfin-la-liberte-des-theatres-en-france\/\">1791 : enfin, la libert\u00e9 des th\u00e9\u00e2tres en France<\/a><\/li>\n<li><a href=\"..\/ressources\/histoire-du-theatre\/au-xixe-siecle\/\">Au XIXe si\u00e8cle<\/a><\/li>\n<li><a href=\"..\/ressources\/histoire-du-theatre\/les-metteurs-en-scene\/\">Fin du XIXe, XXe si\u00e8cle : les metteurs en sc\u00e8ne <\/a>\n<ul>\n<li><a href=\"..\/ressources\/histoire-du-theatre\/les-metteurs-en-scene\/andre-antoine-1858-%E2%80%93-1943\/\">Andr\u00e9 Antoine (1858 \u2013 1943)<\/a><\/li>\n<li><a href=\"..\/ressources\/histoire-du-theatre\/les-metteurs-en-scene\/alfred-jarry-1873-1907\/\">Alfred Jarry (1873-1907)<\/a><\/li>\n<li><a href=\"..\/ressources\/histoire-du-theatre\/les-metteurs-en-scene\/antonin-artaud-1896-1948\/\">Antonin Artaud (1896-1948)<\/a><\/li>\n<li><a href=\"..\/ressources\/histoire-du-theatre\/les-metteurs-en-scene\/constantin-stanislavski-le-realiste-1863-1938\/\">Constantin Stanislavski le r\u00e9aliste (1863-1938)<\/a><\/li>\n<li><a href=\"..\/ressources\/histoire-du-theatre\/les-metteurs-en-scene\/anton-tchekhov-1860-1904\/\">Anton Tch\u00e9khov (1860-1904)<\/a><\/li>\n<li><a href=\"..\/ressources\/histoire-du-theatre\/les-metteurs-en-scene\/erwin-piscator-1893-1966\/\">Erwin Piscator (1893-1966)<\/a><\/li>\n<li><a href=\"..\/ressources\/histoire-du-theatre\/les-metteurs-en-scene\/bertolt-brecht-1898-1956\/\">Bertolt Brecht (1898-1956)<\/a><\/li>\n<li><a href=\"..\/ressources\/histoire-du-theatre\/les-metteurs-en-scene\/le-tnp-theatre-national-populaire-de-jean-vilar-1912-1971\/\">Le TNP (Th\u00e9\u00e2tre National Populaire) de Jean Vilar (1912-1971)<\/a><\/li>\n<\/ul>\n<\/li>\n<li><a href=\"..\/ressources\/histoire-du-theatre\/le-happening\/\">Les ann\u00e9es soixante <\/a>\n<ul>\n<li><a href=\"..\/ressources\/histoire-du-theatre\/grotowski-et-le-theatre-pauvre\/\">Grotowski et le Th\u00e9\u00e2tre Pauvre<\/a><\/li>\n<li><a href=\"..\/ressources\/histoire-du-theatre\/augusto-boal\/\">Augusto Boal (1931 \u2013 2009)<\/a><\/li>\n<\/ul>\n<\/li>\n<\/ul>\n","protected":false},"excerpt":{"rendered":"<p>Alfred Jarry (1873-1907) N\u00e9 \u00e0 Laval. Son p\u00e8re est n\u00e9gociant et ses parents se s\u00e9parent. A 15 ans, il est au lyc\u00e9e de Rennes\u00a0; \u00e0 18 ans, il poursuit ses \u00e9tudes \u00e0 Paris et rentre dans la \u2018boh\u00e8me\u2019 de la fin du si\u00e8cle. Pince-sans-rire \u00e9rudit, mystificateur maniant sans cesse le paradoxe d\u2019une voix m\u00e9canique, il [&hellip;]<\/p>\n","protected":false},"author":22,"featured_media":0,"parent":1895,"menu_order":499,"comment_status":"open","ping_status":"open","template":"","meta":{"footnotes":""},"class_list":["post-1901","page","type-page","status-publish","hentry"],"jetpack_sharing_enabled":true,"_links":{"self":[{"href":"https:\/\/www.dramaction.qc.ca\/fr\/wp-json\/wp\/v2\/pages\/1901","targetHints":{"allow":["GET"]}}],"collection":[{"href":"https:\/\/www.dramaction.qc.ca\/fr\/wp-json\/wp\/v2\/pages"}],"about":[{"href":"https:\/\/www.dramaction.qc.ca\/fr\/wp-json\/wp\/v2\/types\/page"}],"author":[{"embeddable":true,"href":"https:\/\/www.dramaction.qc.ca\/fr\/wp-json\/wp\/v2\/users\/22"}],"replies":[{"embeddable":true,"href":"https:\/\/www.dramaction.qc.ca\/fr\/wp-json\/wp\/v2\/comments?post=1901"}],"version-history":[{"count":0,"href":"https:\/\/www.dramaction.qc.ca\/fr\/wp-json\/wp\/v2\/pages\/1901\/revisions"}],"up":[{"embeddable":true,"href":"https:\/\/www.dramaction.qc.ca\/fr\/wp-json\/wp\/v2\/pages\/1895"}],"wp:attachment":[{"href":"https:\/\/www.dramaction.qc.ca\/fr\/wp-json\/wp\/v2\/media?parent=1901"}],"curies":[{"name":"wp","href":"https:\/\/api.w.org\/{rel}","templated":true}]}}