{"id":1897,"date":"2011-01-28T12:06:08","date_gmt":"2011-01-28T17:06:08","guid":{"rendered":"http:\/\/www.dramaction.qc.ca\/fr\/"},"modified":"2011-01-28T12:52:48","modified_gmt":"2011-01-28T17:52:48","slug":"andre-antoine-1858-%e2%80%93-1943","status":"publish","type":"page","link":"https:\/\/www.dramaction.qc.ca\/fr\/ressources\/histoire-du-theatre\/les-metteurs-en-scene\/andre-antoine-1858-%e2%80%93-1943\/","title":{"rendered":"Andr\u00e9 Antoine (1858 \u2013 1943)"},"content":{"rendered":"<p><span style=\"text-decoration: underline;\">Andr\u00e9 Antoine<\/span> (1858 \u2013 1943)<\/p>\n<p>Fondateur                      du th\u00e9\u00e2tre moderne, il se montre constamment d\u2019un       courage,          d\u2019une        \u00e9nergie, d\u2019un d\u00e9sint\u00e9ressement rares\u2026       Employ\u00e9 \u00e0  la        compagnie du    Gaz,      com\u00e9dien amateur,  Antoine      sera  c\u00e9l\u00e8bre  en       quelques mois. En   moins   de      dix ans,  il      devient  directeur du       th\u00e9\u00e2tre de l\u2019Od\u00e9on.    Autodidacte   (il           est au  travail \u00e0 14  ans), il      se  pr\u00e9sente au      conservatoire.     Recal\u00e9.       D\u2019ailleurs,  \u00ab\u00a0M\u00eame     re\u00e7u,   comment    manger\u00a0?\u00a0\u00bb      dit-il.<\/p>\n<p>Antoine         fr\u00e9quente les       auberges   anarchistes de    la   Butte. Le \u2018Cercle      Gaulois\u2019,        soci\u00e9t\u00e9     de  com\u00e9diens    amateurs, dont   fait  partie   Antoine,     refuse  de         jouer  une    de ses pi\u00e8ces  inspir\u00e9e de     Zola.  Le  Cercle    refuse. Il     cr\u00e9era         sa  nouvelle troupe\u00a0: Le      Th\u00e9\u00e2tre  Libre.<\/p>\n<p>Le    Th\u00e9\u00e2tre        Libre\u00a0: une      soci\u00e9t\u00e9     d\u2019abonn\u00e9s  produisant  ses  propres          spectacles  donn\u00e9s en     \u2018priv\u00e9\u2019,      donc  \u00e9chappant \u00e0  la  censure,      pour   une   seule     repr\u00e9sentation    (pr\u00e9c\u00e9d\u00e9e      d\u2019une  r\u00e9p\u00e9tition       g\u00e9n\u00e9rale).  Le   but  du    Th\u00e9\u00e2tre   Libre\u00a0:   r\u00e9v\u00e9ler  les     pi\u00e8ces      refus\u00e9es   par  les  divers    th\u00e9\u00e2tres   pour   leur   hardiesse ou leur            originalit\u00e9\u2026  ou  celles des       jeunes  auteurs. Le   Th\u00e9\u00e2tre         Libre\u00a0pr\u00e9conise,    pour le   travail  du       com\u00e9dien,   l\u2019observation,         l\u2019\u00e9tude directe de la      nature     (Antoine     s\u2019en  r\u00e9f\u00e8re \u00e0    Moli\u00e8re\u00a0:    \u2018jouer   comme l\u2019on    parle\u2019).<\/p>\n<p>Par            pauvret\u00e9,    \u00e0 ses d\u00e9buts,    Antoine    utilise des  meubles      v\u00e9ritables         (pr\u00eat\u00e9s  par  les   parents   et  les amis),  et   m\u00eame     des quartiers de     viande           (emprunt\u00e9s au boucher   voisin),    dont    l\u2019odeur   incommode    certains           spectateurs\u00a0; les    costumes    viennent du     fripier, non du     loueur.<\/p>\n<p><em> \u00ab\u00a0La    reproduction de    la    r\u00e9alit\u00e9 par  les   moyens   m\u00eames de la      r\u00e9alit\u00e9\u00a0\u00bb       s\u2019impose,    sur    le moment,   comme une    \u00e9vidence. La     critique et  les            amateurs de    th\u00e9\u00e2tre saluent Antoine      comme un   novateur         incontournable.        L\u2019Europe enti\u00e8re suit.   D\u00e8s   1890,    M\u00fcnich a   son      Th\u00e9\u00e2tre   Libre,   tandis   que     Londres et Berlin   en     comptent      deux   chacune. En 1891,       Copenhague a  le   sien et            Saint-P\u00e9tersbourg  est  touch\u00e9 par  le     r\u00e9pertoire    d\u2019Antoine.<\/em><\/p>\n<p>.<\/p>\n<hr \/>\n<p><em>Toutes les pages : <\/em><\/p>\n<ul>\n<li><a href=\"..\/ressources\/histoire-du-theatre\/la-prehistoire\/\">La Pr\u00e9histoire<\/a><\/li>\n<li><a href=\"..\/ressources\/histoire-du-theatre\/la-grece\/\">La Gr\u00e8ce<\/a><\/li>\n<li><a href=\"..\/ressources\/histoire-du-theatre\/rome\/\">Rome<\/a><\/li>\n<li><a href=\"..\/ressources\/histoire-du-theatre\/le-theatre-medieval\/\">Le th\u00e9\u00e2tre m\u00e9di\u00e9val<\/a><\/li>\n<li><a href=\"..\/ressources\/histoire-du-theatre\/le-theatre-profane\/\">Le th\u00e9\u00e2tre profane<\/a><\/li>\n<li><a href=\"..\/ressources\/histoire-du-theatre\/le-temps-des-auteurs\/\">Le temps des auteurs<\/a><\/li>\n<li><a href=\"..\/ressources\/histoire-du-theatre\/angleterre-le-theatre-elisabethain\/\">Angleterre : le th\u00e9\u00e2tre \u00e9lisab\u00e9thain<\/a><\/li>\n<li><a href=\"..\/ressources\/histoire-du-theatre\/l%E2%80%99italie-la-commedia-dell%E2%80%99arte\/\">L\u2019Italie : la Commedia Dell\u2019Arte <\/a>\n<ul>\n<li><a href=\"..\/ressources\/histoire-du-theatre\/la-comedie-des-masques\/\">La Com\u00e9die des Masques<\/a><\/li>\n<li><a href=\"..\/ressources\/histoire-du-theatre\/carlo-goldoni-et-carlo-gozzi\/\">Carlo Goldoni et Carlo Gozzi<\/a><\/li>\n<\/ul>\n<\/li>\n<li><a href=\"..\/ressources\/histoire-du-theatre\/la-france-le-monopole\/\">La France : le Monopole <\/a>\n<ul>\n<li><a href=\"..\/ressources\/histoire-du-theatre\/la-france-le-monopole\/confreres-de-la-passion\/\">Confr\u00e8res de la Passion<\/a><\/li>\n<li><a href=\"..\/ressources\/histoire-du-theatre\/la-france-le-monopole\/hotel-de-bourgogne\/\">H\u00f4tel de Bourgogne<\/a><\/li>\n<li><a href=\"..\/ressources\/histoire-du-theatre\/la-france-le-monopole\/le-cardinal-de-richelieu\/\">Le Cardinal de Richelieu<\/a><\/li>\n<li><a href=\"..\/ressources\/histoire-du-theatre\/la-france-le-monopole\/excommunication-des-comediens\/\">Excommunication des com\u00e9diens<\/a><\/li>\n<\/ul>\n<\/li>\n<li><a href=\"..\/ressources\/histoire-du-theatre\/apres-moliere%E2%80%A6-la-comedie-francaise\/\">Apr\u00e8s Moli\u00e8re\u2026 La Com\u00e9die-Fran\u00e7aise<\/a><\/li>\n<li><a href=\"..\/ressources\/histoire-du-theatre\/la-foire\/\">La Foire<\/a><\/li>\n<li><a href=\"..\/ressources\/histoire-du-theatre\/le-temps-de-voltaire-1694-1778-de-marivaux-1688-1763\/\">le temps de Voltaire (1694-1778), de Marivaux (1688-1763)<\/a><\/li>\n<li><a href=\"..\/ressources\/histoire-du-theatre\/le-boulevard-du-temple-boulevard-du-crime\/\">Le Boulevard du Temple\u2026 Boulevard du Crime<\/a><\/li>\n<li><a href=\"..\/ressources\/histoire-du-theatre\/1791-enfin-la-liberte-des-theatres-en-france\/\">1791 : enfin, la libert\u00e9 des th\u00e9\u00e2tres en France<\/a><\/li>\n<li><a href=\"..\/ressources\/histoire-du-theatre\/au-xixe-siecle\/\">Au XIXe si\u00e8cle<\/a><\/li>\n<li><a href=\"..\/ressources\/histoire-du-theatre\/les-metteurs-en-scene\/\">Fin du XIXe, XXe si\u00e8cle : les metteurs en sc\u00e8ne <\/a>\n<ul>\n<li><a href=\"..\/ressources\/histoire-du-theatre\/les-metteurs-en-scene\/andre-antoine-1858-%E2%80%93-1943\/\">Andr\u00e9 Antoine (1858 \u2013 1943)<\/a><\/li>\n<li><a href=\"..\/ressources\/histoire-du-theatre\/les-metteurs-en-scene\/alfred-jarry-1873-1907\/\">Alfred Jarry (1873-1907)<\/a><\/li>\n<li><a href=\"..\/ressources\/histoire-du-theatre\/les-metteurs-en-scene\/antonin-artaud-1896-1948\/\">Antonin Artaud (1896-1948)<\/a><\/li>\n<li><a href=\"..\/ressources\/histoire-du-theatre\/les-metteurs-en-scene\/constantin-stanislavski-le-realiste-1863-1938\/\">Constantin Stanislavski le r\u00e9aliste (1863-1938)<\/a><\/li>\n<li><a href=\"..\/ressources\/histoire-du-theatre\/les-metteurs-en-scene\/anton-tchekhov-1860-1904\/\">Anton Tch\u00e9khov (1860-1904)<\/a><\/li>\n<li><a href=\"..\/ressources\/histoire-du-theatre\/les-metteurs-en-scene\/erwin-piscator-1893-1966\/\">Erwin Piscator (1893-1966)<\/a><\/li>\n<li><a href=\"..\/ressources\/histoire-du-theatre\/les-metteurs-en-scene\/bertolt-brecht-1898-1956\/\">Bertolt Brecht (1898-1956)<\/a><\/li>\n<li><a href=\"..\/ressources\/histoire-du-theatre\/les-metteurs-en-scene\/le-tnp-theatre-national-populaire-de-jean-vilar-1912-1971\/\">Le TNP (Th\u00e9\u00e2tre National Populaire) de Jean Vilar (1912-1971)<\/a><\/li>\n<\/ul>\n<\/li>\n<li><a href=\"..\/ressources\/histoire-du-theatre\/le-happening\/\">Les ann\u00e9es soixante <\/a>\n<ul>\n<li><a href=\"..\/ressources\/histoire-du-theatre\/grotowski-et-le-theatre-pauvre\/\">Grotowski et le Th\u00e9\u00e2tre Pauvre<\/a><\/li>\n<li><a href=\"..\/ressources\/histoire-du-theatre\/augusto-boal\/\">Augusto Boal (1931 \u2013 2009)<\/a><\/li>\n<\/ul>\n<\/li>\n<\/ul>\n","protected":false},"excerpt":{"rendered":"<p>Andr\u00e9 Antoine (1858 \u2013 1943) Fondateur du th\u00e9\u00e2tre moderne, il se montre constamment d\u2019un courage, d\u2019une \u00e9nergie, d\u2019un d\u00e9sint\u00e9ressement rares\u2026 Employ\u00e9 \u00e0 la compagnie du Gaz, com\u00e9dien amateur, Antoine sera c\u00e9l\u00e8bre en quelques mois. En moins de dix ans, il devient directeur du th\u00e9\u00e2tre de l\u2019Od\u00e9on. Autodidacte (il est au travail \u00e0 14 ans), il [&hellip;]<\/p>\n","protected":false},"author":22,"featured_media":0,"parent":1895,"menu_order":498,"comment_status":"open","ping_status":"open","template":"","meta":{"footnotes":""},"class_list":["post-1897","page","type-page","status-publish","hentry"],"jetpack_sharing_enabled":true,"_links":{"self":[{"href":"https:\/\/www.dramaction.qc.ca\/fr\/wp-json\/wp\/v2\/pages\/1897","targetHints":{"allow":["GET"]}}],"collection":[{"href":"https:\/\/www.dramaction.qc.ca\/fr\/wp-json\/wp\/v2\/pages"}],"about":[{"href":"https:\/\/www.dramaction.qc.ca\/fr\/wp-json\/wp\/v2\/types\/page"}],"author":[{"embeddable":true,"href":"https:\/\/www.dramaction.qc.ca\/fr\/wp-json\/wp\/v2\/users\/22"}],"replies":[{"embeddable":true,"href":"https:\/\/www.dramaction.qc.ca\/fr\/wp-json\/wp\/v2\/comments?post=1897"}],"version-history":[{"count":0,"href":"https:\/\/www.dramaction.qc.ca\/fr\/wp-json\/wp\/v2\/pages\/1897\/revisions"}],"up":[{"embeddable":true,"href":"https:\/\/www.dramaction.qc.ca\/fr\/wp-json\/wp\/v2\/pages\/1895"}],"wp:attachment":[{"href":"https:\/\/www.dramaction.qc.ca\/fr\/wp-json\/wp\/v2\/media?parent=1897"}],"curies":[{"name":"wp","href":"https:\/\/api.w.org\/{rel}","templated":true}]}}