{"id":1893,"date":"2011-01-28T12:04:12","date_gmt":"2011-01-28T17:04:12","guid":{"rendered":"http:\/\/www.dramaction.qc.ca\/fr\/"},"modified":"2011-01-28T12:52:35","modified_gmt":"2011-01-28T17:52:35","slug":"au-xixe-siecle","status":"publish","type":"page","link":"https:\/\/www.dramaction.qc.ca\/fr\/ressources\/histoire-du-theatre\/au-xixe-siecle\/","title":{"rendered":"Au XIXe si\u00e8cle"},"content":{"rendered":"<p><span style=\"text-decoration: underline;\">Au XIXe si\u00e8cle<\/span><\/p>\n<p>La censure supprim\u00e9e en janvier 1791 est r\u00e9tablie en ao\u00fbt 1793. Durant le 19<sup>e<\/sup> si\u00e8cle, la censure sera supprim\u00e9e et r\u00e9tablie plusieurs fois, en                     fonction des r\u00e9volutions historiques. La plus longue  p\u00e9riode    de                 suspension (1830-1835) provoque une  effervescence      th\u00e9\u00e2trale   sans             pr\u00e9c\u00e9dent\u00a0: les grands  drames  romantiques     (Victor  Hugo,    Alexandre   Dumas)         et  les  vaudevilles les   plus    sacril\u00e8ges.<\/p>\n<p>Les com\u00e9diens sont devenus <strong>citoyens \u00e0 part enti\u00e8re<\/strong>.                    Toutefois,  en 1815, un nouveau scandale \u00e9clate\u00a0: le       convoi           mortuaire    d\u2019une c\u00e9l\u00e8bre  com\u00e9dienne    (Fran\u00e7oise-Marie      Raucourt,         1756-1815), par    ailleurs     soci\u00e9taire de la      Com\u00e9die-Fran\u00e7aise,  se   voit      refuser    l\u2019entr\u00e9e    de l\u2019\u00e9glise  par      le cur\u00e9, qui refuse  le   service         religieux en raison  de   la      profession  de la  d\u00e9funte.   C\u2019est      l\u2019\u00e9meute    et la gendarmerie   doit       calmer la  foule.  Louis      XVIII   lui-m\u00eame  donnera     l\u2019ordre    d\u2019enterrer      chr\u00e9tiennement   la   grande    com\u00e9dienne.<\/p>\n<p>On le voit, on le lit, les <strong>pr\u00e9jug\u00e9s \u00e0 l\u2019\u00e9gard des com\u00e9diens<\/strong> sont toujours tenaces.<br \/>\nQuant \u00e0 leur emploi\u2026Au XIXe<sup> <\/sup>si\u00e8cle,                    le type de r\u00f4le d\u2019un  com\u00e9dien ou d\u2019une com\u00e9dienne         correspond  \u00e0      son      aspect physique, son \u00e2ge,  son style de    jeu.      C\u2019est une    notion         essentielle au XIXe si\u00e8cle\u00a0:  les         professionnels du    \u2018casting\u2019    n\u2019existent      pas  encore. Elle        facilite la  composition    des troupes,    le     remplacement    \u2018\u00e0  la      vol\u00e9e\u2019 d\u2019un acteur  malade.    Chaque troupe     poss\u00e8de     ses  \u2018chefs        d\u2019emploi\u2019\u2026 souvent  inamovibles.     On peut parfois      rester       \u2018jeune   premier\u2019   ou  \u2018ing\u00e9nue\u2019  quasiment  \u00e0  vie.   Quoi  qu\u2019il    en    soit, il      n\u2019est pas    possible  \u00e0 un jeune    com\u00e9dien  de tenir   le      r\u00f4le   principal     d\u2019une  pi\u00e8ce.<\/p>\n<p>.<\/p>\n<hr \/>\n<p><em>Toutes les pages : <\/em><\/p>\n<ul>\n<li><a href=\"..\/ressources\/histoire-du-theatre\/la-prehistoire\/\">La Pr\u00e9histoire<\/a><\/li>\n<li><a href=\"..\/ressources\/histoire-du-theatre\/la-grece\/\">La Gr\u00e8ce<\/a><\/li>\n<li><a href=\"..\/ressources\/histoire-du-theatre\/rome\/\">Rome<\/a><\/li>\n<li><a href=\"..\/ressources\/histoire-du-theatre\/le-theatre-medieval\/\">Le th\u00e9\u00e2tre m\u00e9di\u00e9val<\/a><\/li>\n<li><a href=\"..\/ressources\/histoire-du-theatre\/le-theatre-profane\/\">Le th\u00e9\u00e2tre profane<\/a><\/li>\n<li><a href=\"..\/ressources\/histoire-du-theatre\/le-temps-des-auteurs\/\">Le temps des auteurs<\/a><\/li>\n<li><a href=\"..\/ressources\/histoire-du-theatre\/angleterre-le-theatre-elisabethain\/\">Angleterre : le th\u00e9\u00e2tre \u00e9lisab\u00e9thain<\/a><\/li>\n<li><a href=\"..\/ressources\/histoire-du-theatre\/l%E2%80%99italie-la-commedia-dell%E2%80%99arte\/\">L\u2019Italie : la Commedia Dell\u2019Arte <\/a>\n<ul>\n<li><a href=\"..\/ressources\/histoire-du-theatre\/la-comedie-des-masques\/\">La Com\u00e9die des Masques<\/a><\/li>\n<li><a href=\"..\/ressources\/histoire-du-theatre\/carlo-goldoni-et-carlo-gozzi\/\">Carlo Goldoni et Carlo Gozzi<\/a><\/li>\n<\/ul>\n<\/li>\n<li><a href=\"..\/ressources\/histoire-du-theatre\/la-france-le-monopole\/\">La France : le Monopole <\/a>\n<ul>\n<li><a href=\"..\/ressources\/histoire-du-theatre\/la-france-le-monopole\/confreres-de-la-passion\/\">Confr\u00e8res de la Passion<\/a><\/li>\n<li><a href=\"..\/ressources\/histoire-du-theatre\/la-france-le-monopole\/hotel-de-bourgogne\/\">H\u00f4tel de Bourgogne<\/a><\/li>\n<li><a href=\"..\/ressources\/histoire-du-theatre\/la-france-le-monopole\/le-cardinal-de-richelieu\/\">Le Cardinal de Richelieu<\/a><\/li>\n<li><a href=\"..\/ressources\/histoire-du-theatre\/la-france-le-monopole\/excommunication-des-comediens\/\">Excommunication des com\u00e9diens<\/a><\/li>\n<\/ul>\n<\/li>\n<li><a href=\"..\/ressources\/histoire-du-theatre\/apres-moliere%E2%80%A6-la-comedie-francaise\/\">Apr\u00e8s Moli\u00e8re\u2026 La Com\u00e9die-Fran\u00e7aise<\/a><\/li>\n<li><a href=\"..\/ressources\/histoire-du-theatre\/la-foire\/\">La Foire<\/a><\/li>\n<li><a href=\"..\/ressources\/histoire-du-theatre\/le-temps-de-voltaire-1694-1778-de-marivaux-1688-1763\/\">le temps de Voltaire (1694-1778), de Marivaux (1688-1763)<\/a><\/li>\n<li><a href=\"..\/ressources\/histoire-du-theatre\/le-boulevard-du-temple-boulevard-du-crime\/\">Le Boulevard du Temple\u2026 Boulevard du Crime<\/a><\/li>\n<li><a href=\"..\/ressources\/histoire-du-theatre\/1791-enfin-la-liberte-des-theatres-en-france\/\">1791 : enfin, la libert\u00e9 des th\u00e9\u00e2tres en France<\/a><\/li>\n<li><a href=\"..\/ressources\/histoire-du-theatre\/au-xixe-siecle\/\">Au XIXe si\u00e8cle<\/a><\/li>\n<li><a href=\"..\/ressources\/histoire-du-theatre\/les-metteurs-en-scene\/\">Fin du XIXe, XXe si\u00e8cle : les metteurs en sc\u00e8ne <\/a>\n<ul>\n<li><a href=\"..\/ressources\/histoire-du-theatre\/les-metteurs-en-scene\/andre-antoine-1858-%E2%80%93-1943\/\">Andr\u00e9 Antoine (1858 \u2013 1943)<\/a><\/li>\n<li><a href=\"..\/ressources\/histoire-du-theatre\/les-metteurs-en-scene\/alfred-jarry-1873-1907\/\">Alfred Jarry (1873-1907)<\/a><\/li>\n<li><a href=\"..\/ressources\/histoire-du-theatre\/les-metteurs-en-scene\/antonin-artaud-1896-1948\/\">Antonin Artaud (1896-1948)<\/a><\/li>\n<li><a href=\"..\/ressources\/histoire-du-theatre\/les-metteurs-en-scene\/constantin-stanislavski-le-realiste-1863-1938\/\">Constantin Stanislavski le r\u00e9aliste (1863-1938)<\/a><\/li>\n<li><a href=\"..\/ressources\/histoire-du-theatre\/les-metteurs-en-scene\/anton-tchekhov-1860-1904\/\">Anton Tch\u00e9khov (1860-1904)<\/a><\/li>\n<li><a href=\"..\/ressources\/histoire-du-theatre\/les-metteurs-en-scene\/erwin-piscator-1893-1966\/\">Erwin Piscator (1893-1966)<\/a><\/li>\n<li><a href=\"..\/ressources\/histoire-du-theatre\/les-metteurs-en-scene\/bertolt-brecht-1898-1956\/\">Bertolt Brecht (1898-1956)<\/a><\/li>\n<li><a href=\"..\/ressources\/histoire-du-theatre\/les-metteurs-en-scene\/le-tnp-theatre-national-populaire-de-jean-vilar-1912-1971\/\">Le TNP (Th\u00e9\u00e2tre National Populaire) de Jean Vilar (1912-1971)<\/a><\/li>\n<\/ul>\n<\/li>\n<li><a href=\"..\/ressources\/histoire-du-theatre\/le-happening\/\">Les ann\u00e9es soixante <\/a>\n<ul>\n<li><a href=\"..\/ressources\/histoire-du-theatre\/grotowski-et-le-theatre-pauvre\/\">Grotowski et le Th\u00e9\u00e2tre Pauvre<\/a><\/li>\n<li><a href=\"..\/ressources\/histoire-du-theatre\/augusto-boal\/\">Augusto Boal (1931 \u2013 2009)<\/a><\/li>\n<\/ul>\n<\/li>\n<\/ul>\n","protected":false},"excerpt":{"rendered":"<p>Au XIXe si\u00e8cle La censure supprim\u00e9e en janvier 1791 est r\u00e9tablie en ao\u00fbt 1793. Durant le 19e si\u00e8cle, la censure sera supprim\u00e9e et r\u00e9tablie plusieurs fois, en fonction des r\u00e9volutions historiques. La plus longue p\u00e9riode de suspension (1830-1835) provoque une effervescence th\u00e9\u00e2trale sans pr\u00e9c\u00e9dent\u00a0: les grands drames romantiques (Victor Hugo, Alexandre Dumas) et les vaudevilles [&hellip;]<\/p>\n","protected":false},"author":22,"featured_media":0,"parent":1846,"menu_order":496,"comment_status":"open","ping_status":"open","template":"","meta":{"footnotes":""},"class_list":["post-1893","page","type-page","status-publish","hentry"],"jetpack_sharing_enabled":true,"_links":{"self":[{"href":"https:\/\/www.dramaction.qc.ca\/fr\/wp-json\/wp\/v2\/pages\/1893","targetHints":{"allow":["GET"]}}],"collection":[{"href":"https:\/\/www.dramaction.qc.ca\/fr\/wp-json\/wp\/v2\/pages"}],"about":[{"href":"https:\/\/www.dramaction.qc.ca\/fr\/wp-json\/wp\/v2\/types\/page"}],"author":[{"embeddable":true,"href":"https:\/\/www.dramaction.qc.ca\/fr\/wp-json\/wp\/v2\/users\/22"}],"replies":[{"embeddable":true,"href":"https:\/\/www.dramaction.qc.ca\/fr\/wp-json\/wp\/v2\/comments?post=1893"}],"version-history":[{"count":0,"href":"https:\/\/www.dramaction.qc.ca\/fr\/wp-json\/wp\/v2\/pages\/1893\/revisions"}],"up":[{"embeddable":true,"href":"https:\/\/www.dramaction.qc.ca\/fr\/wp-json\/wp\/v2\/pages\/1846"}],"wp:attachment":[{"href":"https:\/\/www.dramaction.qc.ca\/fr\/wp-json\/wp\/v2\/media?parent=1893"}],"curies":[{"name":"wp","href":"https:\/\/api.w.org\/{rel}","templated":true}]}}