{"id":1889,"date":"2011-01-28T12:03:02","date_gmt":"2011-01-28T17:03:02","guid":{"rendered":"http:\/\/www.dramaction.qc.ca\/fr\/"},"modified":"2011-01-28T12:52:21","modified_gmt":"2011-01-28T17:52:21","slug":"le-boulevard-du-temple-boulevard-du-crime","status":"publish","type":"page","link":"https:\/\/www.dramaction.qc.ca\/fr\/ressources\/histoire-du-theatre\/le-boulevard-du-temple-boulevard-du-crime\/","title":{"rendered":"Le Boulevard du Temple\u2026 Boulevard du Crime"},"content":{"rendered":"<p><span style=\"text-decoration: underline;\">Le Boulevard du Temple\u2026 Boulevard du Crime<\/span><\/p>\n<p>Vers                  1750, les Parisiens font de la \u2018Promenade des Remparts\u2019                (terre-plein    du mur d\u2019enceinte de Paris, plant\u00e9e  d\u2019arbres    par    Louis        XIV)  leur  lieu   de loisirs favoris.    Saltimbanques  et    marchands        ambulants   pullulent.  Des     baraques y sont     install\u00e9es, o\u00f9 l\u2019on  peut       applaudir des      spectacles  de      marionnettes, des acrobates,  des    animaux       savants&#8230;,  qui       rencontrent un  \u00e9norme succ\u00e8s.<\/p>\n<p>L\u00e0 na\u00eetront plusieurs petits th\u00e9\u00e2tres aux noms savoureux, qui braveront le fameux Monopole jusqu\u2019\u00e0 la R\u00e9volution fran\u00e7aise.<\/p>\n<p>En                  1778, le Boulevard du Temple est pav\u00e9\u00a0; on peut y venir    en             carrosse.    Toutes les classes sociales, les  \u00e9trangers   de      passage\u2026s\u2019y        c\u00f4toient,  au   milieu des caf\u00e9s,  des mus\u00e9es   de  cire,     des bals\u2026<\/p>\n<p>De       1815 \u00e0  1862,   le  boulevard  du   Temple     conna\u00eet une grande vogue        populaire\u00a0:   baptis\u00e9      \u2018Boulevard du     Crime\u2019, en raison des nombreux        crimes  qui     \u00e9taient   repr\u00e9sent\u00e9s     chaque soir dans les  m\u00e9lodrames  de      ses    th\u00e9\u00e2tres      (m\u00e9lodrame\u00a0:    un nouveau  genre th\u00e9\u00e2tral  populaire         h\u00e9ritier du  th\u00e9\u00e2tre de      la    foire et du drame  bourgeois, qui     d\u00e9veloppe      des effets       spectaculaires   provoquant  des    sensations  fortes).<\/p>\n<p>Jusqu\u2019\u00e0            20.000 personnes se      pressent, jour et  nuit le long des    th\u00e9\u00e2tres        pour   assister    aux   \u2018parades\u2019,  \u2018extraits\u2019 \u2013 on  dirait    aujourd\u2019hui    des          \u2018bandes-annonces\u2019, de  ce  qui est  pr\u00e9sent\u00e9 \u00e0    l\u2019int\u00e9rieur  mais          \u00e9galement   \u00e0 des sc\u00e8nes    satiriques    d\u2019actualit\u00e9, des   pantomimes,   des       acrobaties    jou\u00e9es sur  des     balconnets. En  1820,  <strong>les parades sont jug\u00e9es trop subversives et les balconnets sont supprim\u00e9s par ordre de police<\/strong>.                   Les principaux th\u00e9\u00e2tres peuvent conserveur leurs      \u2018aboyeurs\u2019      mais    en      1830, cette derni\u00e8re libert\u00e9 dispara\u00eet.      Le  boulevard     reste  une        exceptionnelle concentration de      lieux de   distraction    mais    s\u2019embourgeoise      peu \u00e0 peu.  Pour     \u2018voir\u2019   quelque chose, il    faut    d\u00e9sormais payer.<\/p>\n<p>En          1862,   Hausmann et ses grands    projets    immobiliers  d\u00e9molit le        Boulevard     du Crime. Les petits    th\u00e9\u00e2tres     qu\u2019il abritait     fermeront leurs      portes  et  ne seront pas     transf\u00e9r\u00e9s        ailleurs. L\u2019esprit de la   Foire   meurt.<\/p>\n<p>.<\/p>\n<hr \/>\n<p><em>Toutes les pages : <\/em><\/p>\n<ul>\n<li><a href=\"..\/ressources\/histoire-du-theatre\/la-prehistoire\/\">La Pr\u00e9histoire<\/a><\/li>\n<li><a href=\"..\/ressources\/histoire-du-theatre\/la-grece\/\">La Gr\u00e8ce<\/a><\/li>\n<li><a href=\"..\/ressources\/histoire-du-theatre\/rome\/\">Rome<\/a><\/li>\n<li><a href=\"..\/ressources\/histoire-du-theatre\/le-theatre-medieval\/\">Le th\u00e9\u00e2tre m\u00e9di\u00e9val<\/a><\/li>\n<li><a href=\"..\/ressources\/histoire-du-theatre\/le-theatre-profane\/\">Le th\u00e9\u00e2tre profane<\/a><\/li>\n<li><a href=\"..\/ressources\/histoire-du-theatre\/le-temps-des-auteurs\/\">Le temps des auteurs<\/a><\/li>\n<li><a href=\"..\/ressources\/histoire-du-theatre\/angleterre-le-theatre-elisabethain\/\">Angleterre : le th\u00e9\u00e2tre \u00e9lisab\u00e9thain<\/a><\/li>\n<li><a href=\"..\/ressources\/histoire-du-theatre\/l%E2%80%99italie-la-commedia-dell%E2%80%99arte\/\">L\u2019Italie : la Commedia Dell\u2019Arte <\/a>\n<ul>\n<li><a href=\"..\/ressources\/histoire-du-theatre\/la-comedie-des-masques\/\">La Com\u00e9die des Masques<\/a><\/li>\n<li><a href=\"..\/ressources\/histoire-du-theatre\/carlo-goldoni-et-carlo-gozzi\/\">Carlo Goldoni et Carlo Gozzi<\/a><\/li>\n<\/ul>\n<\/li>\n<li><a href=\"..\/ressources\/histoire-du-theatre\/la-france-le-monopole\/\">La France : le Monopole <\/a>\n<ul>\n<li><a href=\"..\/ressources\/histoire-du-theatre\/la-france-le-monopole\/confreres-de-la-passion\/\">Confr\u00e8res de la Passion<\/a><\/li>\n<li><a href=\"..\/ressources\/histoire-du-theatre\/la-france-le-monopole\/hotel-de-bourgogne\/\">H\u00f4tel de Bourgogne<\/a><\/li>\n<li><a href=\"..\/ressources\/histoire-du-theatre\/la-france-le-monopole\/le-cardinal-de-richelieu\/\">Le Cardinal de Richelieu<\/a><\/li>\n<li><a href=\"..\/ressources\/histoire-du-theatre\/la-france-le-monopole\/excommunication-des-comediens\/\">Excommunication des com\u00e9diens<\/a><\/li>\n<\/ul>\n<\/li>\n<li><a href=\"..\/ressources\/histoire-du-theatre\/apres-moliere%E2%80%A6-la-comedie-francaise\/\">Apr\u00e8s Moli\u00e8re\u2026 La Com\u00e9die-Fran\u00e7aise<\/a><\/li>\n<li><a href=\"..\/ressources\/histoire-du-theatre\/la-foire\/\">La Foire<\/a><\/li>\n<li><a href=\"..\/ressources\/histoire-du-theatre\/le-temps-de-voltaire-1694-1778-de-marivaux-1688-1763\/\">le temps de Voltaire (1694-1778), de Marivaux (1688-1763)<\/a><\/li>\n<li><a href=\"..\/ressources\/histoire-du-theatre\/le-boulevard-du-temple-boulevard-du-crime\/\">Le Boulevard du Temple\u2026 Boulevard du Crime<\/a><\/li>\n<li><a href=\"..\/ressources\/histoire-du-theatre\/1791-enfin-la-liberte-des-theatres-en-france\/\">1791 : enfin, la libert\u00e9 des th\u00e9\u00e2tres en France<\/a><\/li>\n<li><a href=\"..\/ressources\/histoire-du-theatre\/au-xixe-siecle\/\">Au XIXe si\u00e8cle<\/a><\/li>\n<li><a href=\"..\/ressources\/histoire-du-theatre\/les-metteurs-en-scene\/\">Fin du XIXe, XXe si\u00e8cle : les metteurs en sc\u00e8ne <\/a>\n<ul>\n<li><a href=\"..\/ressources\/histoire-du-theatre\/les-metteurs-en-scene\/andre-antoine-1858-%E2%80%93-1943\/\">Andr\u00e9 Antoine (1858 \u2013 1943)<\/a><\/li>\n<li><a href=\"..\/ressources\/histoire-du-theatre\/les-metteurs-en-scene\/alfred-jarry-1873-1907\/\">Alfred Jarry (1873-1907)<\/a><\/li>\n<li><a href=\"..\/ressources\/histoire-du-theatre\/les-metteurs-en-scene\/antonin-artaud-1896-1948\/\">Antonin Artaud (1896-1948)<\/a><\/li>\n<li><a href=\"..\/ressources\/histoire-du-theatre\/les-metteurs-en-scene\/constantin-stanislavski-le-realiste-1863-1938\/\">Constantin Stanislavski le r\u00e9aliste (1863-1938)<\/a><\/li>\n<li><a href=\"..\/ressources\/histoire-du-theatre\/les-metteurs-en-scene\/anton-tchekhov-1860-1904\/\">Anton Tch\u00e9khov (1860-1904)<\/a><\/li>\n<li><a href=\"..\/ressources\/histoire-du-theatre\/les-metteurs-en-scene\/erwin-piscator-1893-1966\/\">Erwin Piscator (1893-1966)<\/a><\/li>\n<li><a href=\"..\/ressources\/histoire-du-theatre\/les-metteurs-en-scene\/bertolt-brecht-1898-1956\/\">Bertolt Brecht (1898-1956)<\/a><\/li>\n<li><a href=\"..\/ressources\/histoire-du-theatre\/les-metteurs-en-scene\/le-tnp-theatre-national-populaire-de-jean-vilar-1912-1971\/\">Le TNP (Th\u00e9\u00e2tre National Populaire) de Jean Vilar (1912-1971)<\/a><\/li>\n<\/ul>\n<\/li>\n<li><a href=\"..\/ressources\/histoire-du-theatre\/le-happening\/\">Les ann\u00e9es soixante <\/a>\n<ul>\n<li><a href=\"..\/ressources\/histoire-du-theatre\/grotowski-et-le-theatre-pauvre\/\">Grotowski et le Th\u00e9\u00e2tre Pauvre<\/a><\/li>\n<li><a href=\"..\/ressources\/histoire-du-theatre\/augusto-boal\/\">Augusto Boal (1931 \u2013 2009)<\/a><\/li>\n<\/ul>\n<\/li>\n<\/ul>\n","protected":false},"excerpt":{"rendered":"<p>Le Boulevard du Temple\u2026 Boulevard du Crime Vers 1750, les Parisiens font de la \u2018Promenade des Remparts\u2019 (terre-plein du mur d\u2019enceinte de Paris, plant\u00e9e d\u2019arbres par Louis XIV) leur lieu de loisirs favoris. Saltimbanques et marchands ambulants pullulent. Des baraques y sont install\u00e9es, o\u00f9 l\u2019on peut applaudir des spectacles de marionnettes, des acrobates, des animaux [&hellip;]<\/p>\n","protected":false},"author":22,"featured_media":0,"parent":1846,"menu_order":494,"comment_status":"open","ping_status":"open","template":"","meta":{"footnotes":""},"class_list":["post-1889","page","type-page","status-publish","hentry"],"jetpack_sharing_enabled":true,"_links":{"self":[{"href":"https:\/\/www.dramaction.qc.ca\/fr\/wp-json\/wp\/v2\/pages\/1889","targetHints":{"allow":["GET"]}}],"collection":[{"href":"https:\/\/www.dramaction.qc.ca\/fr\/wp-json\/wp\/v2\/pages"}],"about":[{"href":"https:\/\/www.dramaction.qc.ca\/fr\/wp-json\/wp\/v2\/types\/page"}],"author":[{"embeddable":true,"href":"https:\/\/www.dramaction.qc.ca\/fr\/wp-json\/wp\/v2\/users\/22"}],"replies":[{"embeddable":true,"href":"https:\/\/www.dramaction.qc.ca\/fr\/wp-json\/wp\/v2\/comments?post=1889"}],"version-history":[{"count":0,"href":"https:\/\/www.dramaction.qc.ca\/fr\/wp-json\/wp\/v2\/pages\/1889\/revisions"}],"up":[{"embeddable":true,"href":"https:\/\/www.dramaction.qc.ca\/fr\/wp-json\/wp\/v2\/pages\/1846"}],"wp:attachment":[{"href":"https:\/\/www.dramaction.qc.ca\/fr\/wp-json\/wp\/v2\/media?parent=1889"}],"curies":[{"name":"wp","href":"https:\/\/api.w.org\/{rel}","templated":true}]}}