{"id":1884,"date":"2011-01-28T12:01:27","date_gmt":"2011-01-28T17:01:27","guid":{"rendered":"http:\/\/www.dramaction.qc.ca\/fr\/"},"modified":"2011-01-28T12:51:51","modified_gmt":"2011-01-28T17:51:51","slug":"la-foire","status":"publish","type":"page","link":"https:\/\/www.dramaction.qc.ca\/fr\/ressources\/histoire-du-theatre\/la-foire\/","title":{"rendered":"La Foire"},"content":{"rendered":"<p><span style=\"text-decoration: underline;\">La Foire<\/span><\/p>\n<p>Revenons               \u00e0 1697 et au  bannissement des Italiens. Il ne reste \u00e0      nouveau       qu\u2019un      seul th\u00e9\u00e2tre \u00e0 Paris, situation unique en Europe         d\u2019ailleurs.     Cela     entra\u00eene une tol\u00e9rance (relative et     toujours    remise en      question)     obtenue par les forains de     laisser leurs     spectacles    s\u2019\u00e9toffer  et se     rapprocher de la     com\u00e9die,  notamment    dans les    Foires\u2026<\/p>\n<p>Qu\u2019est-ce     que la     Foire\u00a0?  (les Foires de    Paris    (Saint-Germain,  Saint-Laurent,          Saint-Ovide). La premi\u00e8re    Foire    (Saint-Germain) est  fond\u00e9e \u00e0      Paris en     1482 (au d\u00e9but,    c\u2019est une    foire campagnardes avec       vente d\u2019animaux).  En    fait, il    s\u2019agit d\u2019une    sorte de      supermarch\u00e9  p\u00e9riodique (ouvert  deux  ou      trois mois par   an),       offrant au public  parisien, dans des  loges     (sortes   de        magasins),  des tissus, de la  vaisselle, des   dentelles\u2026   et  des          spectacles  forains (danseurs de corde,   animaux  savants,         ph\u00e9nom\u00e8nes)     puis, d\u00e8s  1697, du th\u00e9\u00e2tre, dans  quatre  petites         salles    confortables o\u00f9   l\u2019on  est assis. (La  Foire sera incendi\u00e9e         en  1762).<\/p>\n<p>En    1697, \u00e0    Paris, donc,  pour qui n\u2019est   pas   de  la    Com\u00e9die-Fran\u00e7aise,    la  Foire est    le  seul   d\u00e9bouch\u00e9. Et   l\u2019on  y    travaille avec des   artistes         extraordinaires\u00a0: les <strong>saltimbanques<\/strong>.<\/p>\n<p>Il       en   va de   m\u00eame   pour    les auteurs\u00a0: pour qui n\u2019est pas jou\u00e9  par   la           Com\u00e9die-Fran\u00e7aise, la    Foire est le seul d\u00e9bouch\u00e9.  Les   pi\u00e8ces      \u00e9crites      pour La Foire sont    courtes, vivantes,    plaisantes,      d\u2019actualit\u00e9 et   de    consommation    imm\u00e9diate. Jou\u00e9es    par les   types    italiens comiques   (en   t\u00eate,  Arlequin),    elles    sont   entrecoup\u00e9es    de petites  chansons.    L\u2019op\u00e9ra-comique  et la         com\u00e9die l\u00e9g\u00e8re du    XIXe si\u00e8cle (le   \u2018vaudeville)   ont la Foire  pour         origine.<\/p>\n<p><strong>De terribles contraintes sont impos\u00e9es aux com\u00e9diens de la Foire\u00a0par la Censure Royale<\/strong>. C\u2019est ainsi que\u00a0:<\/p>\n<ul>\n<li>En 1704, il leur est <strong>interdit de dialoguer<\/strong>, c\u2019est le privil\u00e8ge de la Com\u00e9die-Fran\u00e7aise. Un seul acteur est autoris\u00e9 sur sc\u00e8ne et la r\u00e9plique vient de la coulisse<\/li>\n<li>En 1707, il leur est <strong>interdit de parler<\/strong>. Ils jouent \u2018\u00e0 la muette\u2019<\/li>\n<li>En 1709 &#8211; Il leur est <strong>interdit de chanter<\/strong>, c\u2019est le privil\u00e8ge de l\u2019Op\u00e9ra<\/li>\n<\/ul>\n<p>Il leur reste la <strong>libert\u00e9 de mimer<\/strong>. Ils inventent les pi\u00e8ces \u00e0 \u2018\u00e9criteaux\u2019 et en 1722, les marionnettes apparaissent.<\/p>\n<p>.<\/p>\n<hr \/>\n<p><em>Toutes les pages : <\/em><\/p>\n<ul>\n<li><a href=\"..\/ressources\/histoire-du-theatre\/la-prehistoire\/\">La Pr\u00e9histoire<\/a><\/li>\n<li><a href=\"..\/ressources\/histoire-du-theatre\/la-grece\/\">La Gr\u00e8ce<\/a><\/li>\n<li><a href=\"..\/ressources\/histoire-du-theatre\/rome\/\">Rome<\/a><\/li>\n<li><a href=\"..\/ressources\/histoire-du-theatre\/le-theatre-medieval\/\">Le th\u00e9\u00e2tre m\u00e9di\u00e9val<\/a><\/li>\n<li><a href=\"..\/ressources\/histoire-du-theatre\/le-theatre-profane\/\">Le th\u00e9\u00e2tre profane<\/a><\/li>\n<li><a href=\"..\/ressources\/histoire-du-theatre\/le-temps-des-auteurs\/\">Le temps des auteurs<\/a><\/li>\n<li><a href=\"..\/ressources\/histoire-du-theatre\/angleterre-le-theatre-elisabethain\/\">Angleterre : le th\u00e9\u00e2tre \u00e9lisab\u00e9thain<\/a><\/li>\n<li><a href=\"..\/ressources\/histoire-du-theatre\/l%E2%80%99italie-la-commedia-dell%E2%80%99arte\/\">L\u2019Italie : la Commedia Dell\u2019Arte <\/a>\n<ul>\n<li><a href=\"..\/ressources\/histoire-du-theatre\/la-comedie-des-masques\/\">La Com\u00e9die des Masques<\/a><\/li>\n<li><a href=\"..\/ressources\/histoire-du-theatre\/carlo-goldoni-et-carlo-gozzi\/\">Carlo Goldoni et Carlo Gozzi<\/a><\/li>\n<\/ul>\n<\/li>\n<li><a href=\"..\/ressources\/histoire-du-theatre\/la-france-le-monopole\/\">La France : le Monopole <\/a>\n<ul>\n<li><a href=\"..\/ressources\/histoire-du-theatre\/la-france-le-monopole\/confreres-de-la-passion\/\">Confr\u00e8res de la Passion<\/a><\/li>\n<li><a href=\"..\/ressources\/histoire-du-theatre\/la-france-le-monopole\/hotel-de-bourgogne\/\">H\u00f4tel de Bourgogne<\/a><\/li>\n<li><a href=\"..\/ressources\/histoire-du-theatre\/la-france-le-monopole\/le-cardinal-de-richelieu\/\">Le Cardinal de Richelieu<\/a><\/li>\n<li><a href=\"..\/ressources\/histoire-du-theatre\/la-france-le-monopole\/excommunication-des-comediens\/\">Excommunication des com\u00e9diens<\/a><\/li>\n<\/ul>\n<\/li>\n<li><a href=\"..\/ressources\/histoire-du-theatre\/apres-moliere%E2%80%A6-la-comedie-francaise\/\">Apr\u00e8s Moli\u00e8re\u2026 La Com\u00e9die-Fran\u00e7aise<\/a><\/li>\n<li><a href=\"..\/ressources\/histoire-du-theatre\/la-foire\/\">La Foire<\/a><\/li>\n<li><a href=\"..\/ressources\/histoire-du-theatre\/le-temps-de-voltaire-1694-1778-de-marivaux-1688-1763\/\">le temps de Voltaire (1694-1778), de Marivaux (1688-1763)<\/a><\/li>\n<li><a href=\"..\/ressources\/histoire-du-theatre\/le-boulevard-du-temple-boulevard-du-crime\/\">Le Boulevard du Temple\u2026 Boulevard du Crime<\/a><\/li>\n<li><a href=\"..\/ressources\/histoire-du-theatre\/1791-enfin-la-liberte-des-theatres-en-france\/\">1791 : enfin, la libert\u00e9 des th\u00e9\u00e2tres en France<\/a><\/li>\n<li><a href=\"..\/ressources\/histoire-du-theatre\/au-xixe-siecle\/\">Au XIXe si\u00e8cle<\/a><\/li>\n<li><a href=\"..\/ressources\/histoire-du-theatre\/les-metteurs-en-scene\/\">Fin du XIXe, XXe si\u00e8cle : les metteurs en sc\u00e8ne <\/a>\n<ul>\n<li><a href=\"..\/ressources\/histoire-du-theatre\/les-metteurs-en-scene\/andre-antoine-1858-%E2%80%93-1943\/\">Andr\u00e9 Antoine (1858 \u2013 1943)<\/a><\/li>\n<li><a href=\"..\/ressources\/histoire-du-theatre\/les-metteurs-en-scene\/alfred-jarry-1873-1907\/\">Alfred Jarry (1873-1907)<\/a><\/li>\n<li><a href=\"..\/ressources\/histoire-du-theatre\/les-metteurs-en-scene\/antonin-artaud-1896-1948\/\">Antonin Artaud (1896-1948)<\/a><\/li>\n<li><a href=\"..\/ressources\/histoire-du-theatre\/les-metteurs-en-scene\/constantin-stanislavski-le-realiste-1863-1938\/\">Constantin Stanislavski le r\u00e9aliste (1863-1938)<\/a><\/li>\n<li><a href=\"..\/ressources\/histoire-du-theatre\/les-metteurs-en-scene\/anton-tchekhov-1860-1904\/\">Anton Tch\u00e9khov (1860-1904)<\/a><\/li>\n<li><a href=\"..\/ressources\/histoire-du-theatre\/les-metteurs-en-scene\/erwin-piscator-1893-1966\/\">Erwin Piscator (1893-1966)<\/a><\/li>\n<li><a href=\"..\/ressources\/histoire-du-theatre\/les-metteurs-en-scene\/bertolt-brecht-1898-1956\/\">Bertolt Brecht (1898-1956)<\/a><\/li>\n<li><a href=\"..\/ressources\/histoire-du-theatre\/les-metteurs-en-scene\/le-tnp-theatre-national-populaire-de-jean-vilar-1912-1971\/\">Le TNP (Th\u00e9\u00e2tre National Populaire) de Jean Vilar (1912-1971)<\/a><\/li>\n<\/ul>\n<\/li>\n<li><a href=\"..\/ressources\/histoire-du-theatre\/le-happening\/\">Les ann\u00e9es soixante <\/a>\n<ul>\n<li><a href=\"..\/ressources\/histoire-du-theatre\/grotowski-et-le-theatre-pauvre\/\">Grotowski et le Th\u00e9\u00e2tre Pauvre<\/a><\/li>\n<li><a href=\"..\/ressources\/histoire-du-theatre\/augusto-boal\/\">Augusto Boal (1931 \u2013 2009)<\/a><\/li>\n<\/ul>\n<\/li>\n<\/ul>\n","protected":false},"excerpt":{"rendered":"<p>La Foire Revenons \u00e0 1697 et au bannissement des Italiens. Il ne reste \u00e0 nouveau qu\u2019un seul th\u00e9\u00e2tre \u00e0 Paris, situation unique en Europe d\u2019ailleurs. Cela entra\u00eene une tol\u00e9rance (relative et toujours remise en question) obtenue par les forains de laisser leurs spectacles s\u2019\u00e9toffer et se rapprocher de la com\u00e9die, notamment dans les Foires\u2026 Qu\u2019est-ce [&hellip;]<\/p>\n","protected":false},"author":22,"featured_media":0,"parent":1846,"menu_order":492,"comment_status":"open","ping_status":"open","template":"","meta":{"footnotes":""},"class_list":["post-1884","page","type-page","status-publish","hentry"],"jetpack_sharing_enabled":true,"_links":{"self":[{"href":"https:\/\/www.dramaction.qc.ca\/fr\/wp-json\/wp\/v2\/pages\/1884","targetHints":{"allow":["GET"]}}],"collection":[{"href":"https:\/\/www.dramaction.qc.ca\/fr\/wp-json\/wp\/v2\/pages"}],"about":[{"href":"https:\/\/www.dramaction.qc.ca\/fr\/wp-json\/wp\/v2\/types\/page"}],"author":[{"embeddable":true,"href":"https:\/\/www.dramaction.qc.ca\/fr\/wp-json\/wp\/v2\/users\/22"}],"replies":[{"embeddable":true,"href":"https:\/\/www.dramaction.qc.ca\/fr\/wp-json\/wp\/v2\/comments?post=1884"}],"version-history":[{"count":0,"href":"https:\/\/www.dramaction.qc.ca\/fr\/wp-json\/wp\/v2\/pages\/1884\/revisions"}],"up":[{"embeddable":true,"href":"https:\/\/www.dramaction.qc.ca\/fr\/wp-json\/wp\/v2\/pages\/1846"}],"wp:attachment":[{"href":"https:\/\/www.dramaction.qc.ca\/fr\/wp-json\/wp\/v2\/media?parent=1884"}],"curies":[{"name":"wp","href":"https:\/\/api.w.org\/{rel}","templated":true}]}}