{"id":1882,"date":"2011-01-28T12:00:38","date_gmt":"2011-01-28T17:00:38","guid":{"rendered":"http:\/\/www.dramaction.qc.ca\/fr\/"},"modified":"2011-01-28T12:51:42","modified_gmt":"2011-01-28T17:51:42","slug":"apres-moliere%e2%80%a6-la-comedie-francaise","status":"publish","type":"page","link":"https:\/\/www.dramaction.qc.ca\/fr\/ressources\/histoire-du-theatre\/apres-moliere%e2%80%a6-la-comedie-francaise\/","title":{"rendered":"Apr\u00e8s Moli\u00e8re\u2026 La Com\u00e9die-Fran\u00e7aise"},"content":{"rendered":"<p><span style=\"text-decoration: underline;\">Apr\u00e8s Moli\u00e8re\u2026 La Com\u00e9die-Fran\u00e7aise<\/span><\/p>\n<p>Les               com\u00e9diens de Moli\u00e8re firent de ses \u0153uvres le fonds de leur               r\u00e9pertoire,  et lors de la cr\u00e9ation, en 1680, de la       Com\u00e9die-Fran\u00e7aise,         dont ils  constituaient la plus grande part,       il y prit    symboliquement    la   premi\u00e8re  place. Consid\u00e9r\u00e9  comme    le   \u00ab\u00a0Patron\u00a0\u00bb de    la     Com\u00e9die-Fran\u00e7aise,  parfois   appel\u00e9e    \u00ab\u00a0Maison  de  Moli\u00e8re\u00a0\u00bb, il    en est     l&#8217;auteur le plus  jou\u00e9,  avec     plus de   trente-deux mille    repr\u00e9sentations  \u00e0    la  fin du XX<sup>e<\/sup> si\u00e8cle.<\/p>\n<p>Sept       ans    apr\u00e8s la mort de      Moli\u00e8re, en 1680, Louis XIV d\u00e9cide de       r\u00e9unir en     une seule  troupe     subventionn\u00e9e par lui les  anciens     compagnons  de      Moli\u00e8re et leurs     rivaux de l\u2019H\u00f4tel de   Bourgogne,    donnant ainsi       naissance \u00e0 un Th\u00e9\u00e2tre     Fran\u00e7ais,   par opposition    aux  acteurs de la      Com\u00e9die Italienne. Ces       m\u00eames Italiens  seront  <strong>bannis<\/strong> par le roi et <strong>chass\u00e9s de France<\/strong> en 1697. Il leur reprochera notamment de trop parler fran\u00e7ais.<\/p>\n<p>En 1708, Louis XIV, qui depuis quelques ann\u00e9es ne va pratiquement plus au spectacle, instaure la <strong>\u2018Censure Royale\u2019<\/strong> : toute pi\u00e8ce doit \u00eatre autoris\u00e9e par le Censeur (et cela va durer jusqu\u2019en 1906).<\/p>\n<p>.<\/p>\n<hr \/>\n<p><em>Toutes les pages : <\/em><\/p>\n<ul>\n<li><a href=\"..\/ressources\/histoire-du-theatre\/la-prehistoire\/\">La Pr\u00e9histoire<\/a><\/li>\n<li><a href=\"..\/ressources\/histoire-du-theatre\/la-grece\/\">La Gr\u00e8ce<\/a><\/li>\n<li><a href=\"..\/ressources\/histoire-du-theatre\/rome\/\">Rome<\/a><\/li>\n<li><a href=\"..\/ressources\/histoire-du-theatre\/le-theatre-medieval\/\">Le th\u00e9\u00e2tre m\u00e9di\u00e9val<\/a><\/li>\n<li><a href=\"..\/ressources\/histoire-du-theatre\/le-theatre-profane\/\">Le th\u00e9\u00e2tre profane<\/a><\/li>\n<li><a href=\"..\/ressources\/histoire-du-theatre\/le-temps-des-auteurs\/\">Le temps des auteurs<\/a><\/li>\n<li><a href=\"..\/ressources\/histoire-du-theatre\/angleterre-le-theatre-elisabethain\/\">Angleterre : le th\u00e9\u00e2tre \u00e9lisab\u00e9thain<\/a><\/li>\n<li><a href=\"..\/ressources\/histoire-du-theatre\/l%E2%80%99italie-la-commedia-dell%E2%80%99arte\/\">L\u2019Italie : la Commedia Dell\u2019Arte <\/a>\n<ul>\n<li><a href=\"..\/ressources\/histoire-du-theatre\/la-comedie-des-masques\/\">La Com\u00e9die des Masques<\/a><\/li>\n<li><a href=\"..\/ressources\/histoire-du-theatre\/carlo-goldoni-et-carlo-gozzi\/\">Carlo Goldoni et Carlo Gozzi<\/a><\/li>\n<\/ul>\n<\/li>\n<li><a href=\"..\/ressources\/histoire-du-theatre\/la-france-le-monopole\/\">La France : le Monopole <\/a>\n<ul>\n<li><a href=\"..\/ressources\/histoire-du-theatre\/la-france-le-monopole\/confreres-de-la-passion\/\">Confr\u00e8res de la Passion<\/a><\/li>\n<li><a href=\"..\/ressources\/histoire-du-theatre\/la-france-le-monopole\/hotel-de-bourgogne\/\">H\u00f4tel de Bourgogne<\/a><\/li>\n<li><a href=\"..\/ressources\/histoire-du-theatre\/la-france-le-monopole\/le-cardinal-de-richelieu\/\">Le Cardinal de Richelieu<\/a><\/li>\n<li><a href=\"..\/ressources\/histoire-du-theatre\/la-france-le-monopole\/excommunication-des-comediens\/\">Excommunication des com\u00e9diens<\/a><\/li>\n<\/ul>\n<\/li>\n<li><a href=\"..\/ressources\/histoire-du-theatre\/apres-moliere%E2%80%A6-la-comedie-francaise\/\">Apr\u00e8s Moli\u00e8re\u2026 La Com\u00e9die-Fran\u00e7aise<\/a><\/li>\n<li><a href=\"..\/ressources\/histoire-du-theatre\/la-foire\/\">La Foire<\/a><\/li>\n<li><a href=\"..\/ressources\/histoire-du-theatre\/le-temps-de-voltaire-1694-1778-de-marivaux-1688-1763\/\">le temps de Voltaire (1694-1778), de Marivaux (1688-1763)<\/a><\/li>\n<li><a href=\"..\/ressources\/histoire-du-theatre\/le-boulevard-du-temple-boulevard-du-crime\/\">Le Boulevard du Temple\u2026 Boulevard du Crime<\/a><\/li>\n<li><a href=\"..\/ressources\/histoire-du-theatre\/1791-enfin-la-liberte-des-theatres-en-france\/\">1791 : enfin, la libert\u00e9 des th\u00e9\u00e2tres en France<\/a><\/li>\n<li><a href=\"..\/ressources\/histoire-du-theatre\/au-xixe-siecle\/\">Au XIXe si\u00e8cle<\/a><\/li>\n<li><a href=\"..\/ressources\/histoire-du-theatre\/les-metteurs-en-scene\/\">Fin du XIXe, XXe si\u00e8cle : les metteurs en sc\u00e8ne <\/a>\n<ul>\n<li><a href=\"..\/ressources\/histoire-du-theatre\/les-metteurs-en-scene\/andre-antoine-1858-%E2%80%93-1943\/\">Andr\u00e9 Antoine (1858 \u2013 1943)<\/a><\/li>\n<li><a href=\"..\/ressources\/histoire-du-theatre\/les-metteurs-en-scene\/alfred-jarry-1873-1907\/\">Alfred Jarry (1873-1907)<\/a><\/li>\n<li><a href=\"..\/ressources\/histoire-du-theatre\/les-metteurs-en-scene\/antonin-artaud-1896-1948\/\">Antonin Artaud (1896-1948)<\/a><\/li>\n<li><a href=\"..\/ressources\/histoire-du-theatre\/les-metteurs-en-scene\/constantin-stanislavski-le-realiste-1863-1938\/\">Constantin Stanislavski le r\u00e9aliste (1863-1938)<\/a><\/li>\n<li><a href=\"..\/ressources\/histoire-du-theatre\/les-metteurs-en-scene\/anton-tchekhov-1860-1904\/\">Anton Tch\u00e9khov (1860-1904)<\/a><\/li>\n<li><a href=\"..\/ressources\/histoire-du-theatre\/les-metteurs-en-scene\/erwin-piscator-1893-1966\/\">Erwin Piscator (1893-1966)<\/a><\/li>\n<li><a href=\"..\/ressources\/histoire-du-theatre\/les-metteurs-en-scene\/bertolt-brecht-1898-1956\/\">Bertolt Brecht (1898-1956)<\/a><\/li>\n<li><a href=\"..\/ressources\/histoire-du-theatre\/les-metteurs-en-scene\/le-tnp-theatre-national-populaire-de-jean-vilar-1912-1971\/\">Le TNP (Th\u00e9\u00e2tre National Populaire) de Jean Vilar (1912-1971)<\/a><\/li>\n<\/ul>\n<\/li>\n<li><a href=\"..\/ressources\/histoire-du-theatre\/le-happening\/\">Les ann\u00e9es soixante <\/a>\n<ul>\n<li><a href=\"..\/ressources\/histoire-du-theatre\/grotowski-et-le-theatre-pauvre\/\">Grotowski et le Th\u00e9\u00e2tre Pauvre<\/a><\/li>\n<li><a href=\"..\/ressources\/histoire-du-theatre\/augusto-boal\/\">Augusto Boal (1931 \u2013 2009)<\/a><\/li>\n<\/ul>\n<\/li>\n<\/ul>\n","protected":false},"excerpt":{"rendered":"<p>Apr\u00e8s Moli\u00e8re\u2026 La Com\u00e9die-Fran\u00e7aise Les com\u00e9diens de Moli\u00e8re firent de ses \u0153uvres le fonds de leur r\u00e9pertoire, et lors de la cr\u00e9ation, en 1680, de la Com\u00e9die-Fran\u00e7aise, dont ils constituaient la plus grande part, il y prit symboliquement la premi\u00e8re place. Consid\u00e9r\u00e9 comme le \u00ab\u00a0Patron\u00a0\u00bb de la Com\u00e9die-Fran\u00e7aise, parfois appel\u00e9e \u00ab\u00a0Maison de Moli\u00e8re\u00a0\u00bb, il en [&hellip;]<\/p>\n","protected":false},"author":22,"featured_media":0,"parent":1846,"menu_order":491,"comment_status":"open","ping_status":"open","template":"","meta":{"footnotes":""},"class_list":["post-1882","page","type-page","status-publish","hentry"],"jetpack_sharing_enabled":true,"_links":{"self":[{"href":"https:\/\/www.dramaction.qc.ca\/fr\/wp-json\/wp\/v2\/pages\/1882","targetHints":{"allow":["GET"]}}],"collection":[{"href":"https:\/\/www.dramaction.qc.ca\/fr\/wp-json\/wp\/v2\/pages"}],"about":[{"href":"https:\/\/www.dramaction.qc.ca\/fr\/wp-json\/wp\/v2\/types\/page"}],"author":[{"embeddable":true,"href":"https:\/\/www.dramaction.qc.ca\/fr\/wp-json\/wp\/v2\/users\/22"}],"replies":[{"embeddable":true,"href":"https:\/\/www.dramaction.qc.ca\/fr\/wp-json\/wp\/v2\/comments?post=1882"}],"version-history":[{"count":0,"href":"https:\/\/www.dramaction.qc.ca\/fr\/wp-json\/wp\/v2\/pages\/1882\/revisions"}],"up":[{"embeddable":true,"href":"https:\/\/www.dramaction.qc.ca\/fr\/wp-json\/wp\/v2\/pages\/1846"}],"wp:attachment":[{"href":"https:\/\/www.dramaction.qc.ca\/fr\/wp-json\/wp\/v2\/media?parent=1882"}],"curies":[{"name":"wp","href":"https:\/\/api.w.org\/{rel}","templated":true}]}}