{"id":1877,"date":"2011-01-28T11:58:41","date_gmt":"2011-01-28T16:58:41","guid":{"rendered":"http:\/\/www.dramaction.qc.ca\/fr\/"},"modified":"2011-01-28T12:49:34","modified_gmt":"2011-01-28T17:49:34","slug":"le-cardinal-de-richelieu","status":"publish","type":"page","link":"https:\/\/www.dramaction.qc.ca\/fr\/ressources\/histoire-du-theatre\/la-france-le-monopole\/le-cardinal-de-richelieu\/","title":{"rendered":"Le Cardinal de Richelieu"},"content":{"rendered":"<p><span style=\"text-decoration: underline;\">Le Cardinal de Richelieu, grand protecteur du th\u00e9\u00e2tre (1585-1642)<br \/>\n<\/span><br \/>\nRichelieu, malgr\u00e9 ses \u00e9crasantes fonctions \u00e0 la t\u00eate de l\u2019Etat, est un              fou de th\u00e9\u00e2tre et de belles lettres. Il aime les auteurs,  les      lit,     les    conseille et les corrige.<\/p>\n<p>Il fonde, en  1635,       l\u2019Acad\u00e9mie      Fran\u00e7aise, sorte de \u2018gouvernement des   Lettres\u00a0\u00bb  qui      d\u00e9fend la  puret\u00e9  de    la langue fran\u00e7aise et  pr\u00e9conise la        vraisemblance dont,  en ce qui     concerne le  th\u00e9\u00e2tre, la r\u00e8gle des       trois  unit\u00e9s serait  l\u2019instrument.<br \/>\nIl  fait construire, dans  son      Palais Cardinal, une  salle de th\u00e9\u00e2tre  qui      deviendra plus  tard (\u00e0      sa mort en 1642) le  Th\u00e9\u00e2tre du  Palais Royal  o\u00f9      s\u2019installera      Moli\u00e8re.<\/p>\n<p>Un proche de Richelieu, l\u2019abb\u00e9 <strong>D\u2019Aubignac<\/strong>, est consid\u00e9r\u00e9 comme le premier critique dramatique fran\u00e7ais. Mieux, le premier <strong>th\u00e9\u00e2trologue<\/strong>.              Il \u00e9dicte clairement la R\u00e8gle des Trois Unit\u00e9s dans sa      \u2018Pratique    du      Th\u00e9\u00e2tre\u2019 (1640-1657). Dans ce recueil, il critique      le manque  de    bons     acteurs, le trop grand nombre de mauvaises      pi\u00e8ces, les     d\u00e9sordres dans  la    salle et condamne les  infamies     trop souvent     inflig\u00e9es au th\u00e9\u00e2tre.<\/p>\n<p>De    m\u00eame,  il  pr\u00e9conise\u00a0:    que les     com\u00e9diens aient un certificat de     capacit\u00e9   (qui serait    d\u00e9livr\u00e9 \u00e0     l\u2019issue d\u2019un \u2018stage\u2019 o\u00f9 les  \u00e9l\u00e8ves     auraient  \u00e9tudi\u00e9  la   diction et la     mise en sc\u00e8ne) \u2013  projet jamais    r\u00e9alis\u00e9,  que  les    pi\u00e8ces des    d\u00e9butants  soient  examin\u00e9es et    \u00e9ventuellement    modifi\u00e9es  si  elles    sont jug\u00e9es   mauvaises, que  l\u2019acc\u00e8s   des salles   soit   interdit aux     laquais  et aux  pages et  que le port   d\u2019armes  y  soit   \u00e9galement     proscrit\u00a0;  enfin, il <strong>demande une d\u00e9claration royale d\u00e9-culpabilisante \u00e0 l\u2019\u00e9gard du th\u00e9\u00e2tre, des auteurs et des com\u00e9diens<\/strong>.<\/p>\n<p>Ces mesures rest\u00e8rent lettre morte, mais la <strong>D\u00e9claration Royale en faveur du th\u00e9\u00e2tre<\/strong> a bien eu lieu en 1641. Inspir\u00e9e, bien s\u00fbr, par Richelieu, elle vise \u00e0              la fois les textes \u2018d\u00e9shonn\u00eates\u2019 et les pr\u00e9jug\u00e9s contre le         th\u00e9\u00e2tre\u00a0:    on   peut \u00e0 pr\u00e9sent <strong>y assister sans p\u00e9ch\u00e9<\/strong>. Il est solennellement \u2018r\u00e9- officialis\u00e9\u2019. A noter toutefois que les auteurs ne devaient quand m\u00eame pas \u2018se faire remarquer\u2019.<\/p>\n<p>Vers             1630, aussi, les auteurs ne sont g\u00e9n\u00e9ralement plus des     com\u00e9diens         d\u2019une  troupe (alors, le com\u00e9dien \u2018auteur\u2019 touchait sa     part    d\u2019acteur,      m\u00eame  s\u2019il n\u2019\u00e9tait pas mont\u00e9 sur sc\u00e8ne), mais     bien des    hommes de     lettres,  des  intellectuels. On les paie     assez peu pour    leur texte et,     s\u2019ils ont  du  succ\u00e8s, ils ne     touchent rien de plus.    Pour tirer parti    de  leur   r\u00e9ussite, ils     doivent envisager    l\u2019\u00e9dition, la vente de  leur    \u0153uvre, mais    cela    signifie que    n\u2019importe quelle troupe peut  alors     s\u2019approprier  son     texte.<\/p>\n<p>.<\/p>\n<hr \/>\n<p><em>Toutes les pages : <\/em><\/p>\n<ul>\n<li><a href=\"..\/ressources\/histoire-du-theatre\/la-prehistoire\/\">La Pr\u00e9histoire<\/a><\/li>\n<li><a href=\"..\/ressources\/histoire-du-theatre\/la-grece\/\">La Gr\u00e8ce<\/a><\/li>\n<li><a href=\"..\/ressources\/histoire-du-theatre\/rome\/\">Rome<\/a><\/li>\n<li><a href=\"..\/ressources\/histoire-du-theatre\/le-theatre-medieval\/\">Le th\u00e9\u00e2tre m\u00e9di\u00e9val<\/a><\/li>\n<li><a href=\"..\/ressources\/histoire-du-theatre\/le-theatre-profane\/\">Le th\u00e9\u00e2tre profane<\/a><\/li>\n<li><a href=\"..\/ressources\/histoire-du-theatre\/le-temps-des-auteurs\/\">Le temps des auteurs<\/a><\/li>\n<li><a href=\"..\/ressources\/histoire-du-theatre\/angleterre-le-theatre-elisabethain\/\">Angleterre : le th\u00e9\u00e2tre \u00e9lisab\u00e9thain<\/a><\/li>\n<li><a href=\"..\/ressources\/histoire-du-theatre\/l%E2%80%99italie-la-commedia-dell%E2%80%99arte\/\">L\u2019Italie : la Commedia Dell\u2019Arte <\/a>\n<ul>\n<li><a href=\"..\/ressources\/histoire-du-theatre\/la-comedie-des-masques\/\">La Com\u00e9die des Masques<\/a><\/li>\n<li><a href=\"..\/ressources\/histoire-du-theatre\/carlo-goldoni-et-carlo-gozzi\/\">Carlo Goldoni et Carlo Gozzi<\/a><\/li>\n<\/ul>\n<\/li>\n<li><a href=\"..\/ressources\/histoire-du-theatre\/la-france-le-monopole\/\">La France : le Monopole <\/a>\n<ul>\n<li><a href=\"..\/ressources\/histoire-du-theatre\/la-france-le-monopole\/confreres-de-la-passion\/\">Confr\u00e8res de la Passion<\/a><\/li>\n<li><a href=\"..\/ressources\/histoire-du-theatre\/la-france-le-monopole\/hotel-de-bourgogne\/\">H\u00f4tel de Bourgogne<\/a><\/li>\n<li><a href=\"..\/ressources\/histoire-du-theatre\/la-france-le-monopole\/le-cardinal-de-richelieu\/\">Le Cardinal de Richelieu<\/a><\/li>\n<li><a href=\"..\/ressources\/histoire-du-theatre\/la-france-le-monopole\/excommunication-des-comediens\/\">Excommunication des com\u00e9diens<\/a><\/li>\n<\/ul>\n<\/li>\n<li><a href=\"..\/ressources\/histoire-du-theatre\/apres-moliere%E2%80%A6-la-comedie-francaise\/\">Apr\u00e8s Moli\u00e8re\u2026 La Com\u00e9die-Fran\u00e7aise<\/a><\/li>\n<li><a href=\"..\/ressources\/histoire-du-theatre\/la-foire\/\">La Foire<\/a><\/li>\n<li><a href=\"..\/ressources\/histoire-du-theatre\/le-temps-de-voltaire-1694-1778-de-marivaux-1688-1763\/\">le temps de Voltaire (1694-1778), de Marivaux (1688-1763)<\/a><\/li>\n<li><a href=\"..\/ressources\/histoire-du-theatre\/le-boulevard-du-temple-boulevard-du-crime\/\">Le Boulevard du Temple\u2026 Boulevard du Crime<\/a><\/li>\n<li><a href=\"..\/ressources\/histoire-du-theatre\/1791-enfin-la-liberte-des-theatres-en-france\/\">1791 : enfin, la libert\u00e9 des th\u00e9\u00e2tres en France<\/a><\/li>\n<li><a href=\"..\/ressources\/histoire-du-theatre\/au-xixe-siecle\/\">Au XIXe si\u00e8cle<\/a><\/li>\n<li><a href=\"..\/ressources\/histoire-du-theatre\/les-metteurs-en-scene\/\">Fin du XIXe, XXe si\u00e8cle : les metteurs en sc\u00e8ne <\/a>\n<ul>\n<li><a href=\"..\/ressources\/histoire-du-theatre\/les-metteurs-en-scene\/andre-antoine-1858-%E2%80%93-1943\/\">Andr\u00e9 Antoine (1858 \u2013 1943)<\/a><\/li>\n<li><a href=\"..\/ressources\/histoire-du-theatre\/les-metteurs-en-scene\/alfred-jarry-1873-1907\/\">Alfred Jarry (1873-1907)<\/a><\/li>\n<li><a href=\"..\/ressources\/histoire-du-theatre\/les-metteurs-en-scene\/antonin-artaud-1896-1948\/\">Antonin Artaud (1896-1948)<\/a><\/li>\n<li><a href=\"..\/ressources\/histoire-du-theatre\/les-metteurs-en-scene\/constantin-stanislavski-le-realiste-1863-1938\/\">Constantin Stanislavski le r\u00e9aliste (1863-1938)<\/a><\/li>\n<li><a href=\"..\/ressources\/histoire-du-theatre\/les-metteurs-en-scene\/anton-tchekhov-1860-1904\/\">Anton Tch\u00e9khov (1860-1904)<\/a><\/li>\n<li><a href=\"..\/ressources\/histoire-du-theatre\/les-metteurs-en-scene\/erwin-piscator-1893-1966\/\">Erwin Piscator (1893-1966)<\/a><\/li>\n<li><a href=\"..\/ressources\/histoire-du-theatre\/les-metteurs-en-scene\/bertolt-brecht-1898-1956\/\">Bertolt Brecht (1898-1956)<\/a><\/li>\n<li><a href=\"..\/ressources\/histoire-du-theatre\/les-metteurs-en-scene\/le-tnp-theatre-national-populaire-de-jean-vilar-1912-1971\/\">Le TNP (Th\u00e9\u00e2tre National Populaire) de Jean Vilar (1912-1971)<\/a><\/li>\n<\/ul>\n<\/li>\n<li><a href=\"..\/ressources\/histoire-du-theatre\/le-happening\/\">Les ann\u00e9es soixante <\/a>\n<ul>\n<li><a href=\"..\/ressources\/histoire-du-theatre\/grotowski-et-le-theatre-pauvre\/\">Grotowski et le Th\u00e9\u00e2tre Pauvre<\/a><\/li>\n<li><a href=\"..\/ressources\/histoire-du-theatre\/augusto-boal\/\">Augusto Boal (1931 \u2013 2009)<\/a><\/li>\n<\/ul>\n<\/li>\n<\/ul>\n","protected":false},"excerpt":{"rendered":"<p>Le Cardinal de Richelieu, grand protecteur du th\u00e9\u00e2tre (1585-1642) Richelieu, malgr\u00e9 ses \u00e9crasantes fonctions \u00e0 la t\u00eate de l\u2019Etat, est un fou de th\u00e9\u00e2tre et de belles lettres. Il aime les auteurs, les lit, les conseille et les corrige. Il fonde, en 1635, l\u2019Acad\u00e9mie Fran\u00e7aise, sorte de \u2018gouvernement des Lettres\u00a0\u00bb qui d\u00e9fend la puret\u00e9 de [&hellip;]<\/p>\n","protected":false},"author":22,"featured_media":0,"parent":1870,"menu_order":489,"comment_status":"open","ping_status":"open","template":"","meta":{"footnotes":""},"class_list":["post-1877","page","type-page","status-publish","hentry"],"jetpack_sharing_enabled":true,"_links":{"self":[{"href":"https:\/\/www.dramaction.qc.ca\/fr\/wp-json\/wp\/v2\/pages\/1877","targetHints":{"allow":["GET"]}}],"collection":[{"href":"https:\/\/www.dramaction.qc.ca\/fr\/wp-json\/wp\/v2\/pages"}],"about":[{"href":"https:\/\/www.dramaction.qc.ca\/fr\/wp-json\/wp\/v2\/types\/page"}],"author":[{"embeddable":true,"href":"https:\/\/www.dramaction.qc.ca\/fr\/wp-json\/wp\/v2\/users\/22"}],"replies":[{"embeddable":true,"href":"https:\/\/www.dramaction.qc.ca\/fr\/wp-json\/wp\/v2\/comments?post=1877"}],"version-history":[{"count":0,"href":"https:\/\/www.dramaction.qc.ca\/fr\/wp-json\/wp\/v2\/pages\/1877\/revisions"}],"up":[{"embeddable":true,"href":"https:\/\/www.dramaction.qc.ca\/fr\/wp-json\/wp\/v2\/pages\/1870"}],"wp:attachment":[{"href":"https:\/\/www.dramaction.qc.ca\/fr\/wp-json\/wp\/v2\/media?parent=1877"}],"curies":[{"name":"wp","href":"https:\/\/api.w.org\/{rel}","templated":true}]}}