{"id":1875,"date":"2011-01-28T11:58:17","date_gmt":"2011-01-28T16:58:17","guid":{"rendered":"http:\/\/www.dramaction.qc.ca\/fr\/"},"modified":"2011-01-28T12:49:24","modified_gmt":"2011-01-28T17:49:24","slug":"hotel-de-bourgogne","status":"publish","type":"page","link":"https:\/\/www.dramaction.qc.ca\/fr\/ressources\/histoire-du-theatre\/la-france-le-monopole\/hotel-de-bourgogne\/","title":{"rendered":"H\u00f4tel de Bourgogne"},"content":{"rendered":"<p><span style=\"text-decoration: underline;\">H\u00f4tel de Bourgogne, de 1598 \u00e0 1629<\/span><\/p>\n<p>Au            d\u00e9but du XVIIe si\u00e8cle, Henri IV r\u00e8gne en France. C\u2019est une     \u00e9poque      de    paix. Le roi entreprend de grands travaux     d\u2019embellissement de     Paris,     comme l\u2019\u00e9dification du Pont-Neuf     (termin\u00e9 en 1604), en   partie   pour     r\u00e9sorber un peu le ch\u00f4mage\u00a0:     Paris regorge de   \u2018sans-travail\u2019   et de     campagnards affam\u00e9s que     les guerres   religieuses ont pouss\u00e9s   vers la     capitale. La Cour     des Miracles   existe plus que jamais, \u00e0   proximit\u00e9 de la     salle  de    l\u2019H\u00f4tel de   Bourgogne, qui, comme je l\u2019ai   \u00e9crit plus haut,    est      lou\u00e9e fort cher   par les Confr\u00e8res aux troupes   de th\u00e9\u00e2tre       itin\u00e9rantes  qui  ont les   moyens de payer.<\/p>\n<p>Car les   troupes  de      campagne sont   maintenant  une quinzaine. Elles  sillonnent    les    nouvelles   grandes  routes   am\u00e9nag\u00e9es par le roi et  s\u2019arr\u00eatent    pour    des    repr\u00e9sentations au gr\u00e9  de  leurs envies ou des    demandes.<\/p>\n<p>Les <strong>femmes com\u00e9diennes<\/strong> de ces troupes montent donc alors couramment <strong>sur sc\u00e8ne en province<\/strong>, alors que Paris n\u2019a connu que les Italiennes.<\/p>\n<p>Les            troupes (compos\u00e9es de 8 \u00e0 10 com\u00e9diens = en moyenne 8 hommes     pour    3      femmes) se d\u00e9placent dans une carriole, remplie de     costumes    bariol\u00e9s    et   d\u2019\u00e9l\u00e9ments de d\u00e9cors. Les plus pauvres     compagnies ont    un mulet  et  se    d\u00e9placent \u00e0 pied. Les plus riches     louent ou  ach\u00e8tent   des  chevaux  de    selle. Lors de leurs  arr\u00eats,  \u00e0   l\u2019auberge,  on les   entasse  tous dans  une    m\u00eame grande  chambre  ou   dans une  grange. <strong>Les com\u00e9diens sont \u00e0 la fois d\u00e9sir\u00e9s, admir\u00e9s, mais aussi m\u00e9pris\u00e9s.<\/strong> Pourtant la majorit\u00e9 d\u2019entre eux ne sont ni des mauvais gar\u00e7ons ni des aventuri\u00e8res. D\u2019abord, il faut <strong>savoir lire<\/strong> (ce qui n\u2019est \u00e9vident \u00e0 l\u2019\u00e9poque, surtout pour les femmes) et <strong>avoir une certaine \u00e9ducation<\/strong> pour para\u00eetre sur sc\u00e8ne. De jeunes bourgeois se lancent aussi dans la profession, assez lucrative, si on y r\u00e9ussit.<\/p>\n<p>Le            r\u00eave, pour tous, est de jouer \u00e0 Paris, car c\u2019est l\u00e0 que sont    les        gens   cultiv\u00e9s c\u00e9l\u00e8bres. Pourtant, les conditions y sont  de   loin   les     plus    mauvaises et les gens cultiv\u00e9s ne  fr\u00e9quentent  pas    l\u2019H\u00f4tel de     Bourgogne.    Paris, \u00e0 cause de son  Monopole, est     toujours un d\u00e9sert     th\u00e9\u00e2tral. Mais    les Confr\u00e8res  tiennent bon.<\/p>\n<p>Si     deux troupes     itin\u00e9rantes se    rencontrent, c\u2019est la rivalit\u00e9\u2026 ou    la   fusion. Tous  les     com\u00e9diens se   connaissent\u00a0: c\u2019est \u00e0 Paris   que  se  forment  les     troupes.  Avec pour les   jeunes, recrutement   apr\u00e8s  ce  que nous      appellerions un  \u2018stage gratuit\u2019\u00a0:   suivant  les  lieux  et  les      circonstances, on doit  \u00eatre capable  d\u2019aborder    tous les   genres, de  la     farce \u00e0 la trag\u00e9die.  (N.B. <strong>les r\u00f4les f\u00e9minins comiques sont encore tenus par les hommes, parfois masqu\u00e9s<\/strong>).<\/p>\n<p>La r\u00e8gle des trois unit\u00e9s, amen\u00e9e d\u2019Italie (= une seule action, se passant en 24 heures dans un lieu unique) est dans l\u2019air.<\/p>\n<p>Mais d\u00e8s 1610, surgit un concurrent inattendu\u00a0: <strong><span style=\"text-decoration: underline;\">Le Pont-Neuf<\/span><\/strong> et ses bateleurs.<br \/>\nConstruit par Henri IV, ce premier pont en pierre du centre de Paris            est  le lieu o\u00f9 se retrouvent badauds, bouquinistes, vendeurs         d\u2019\u00e9lixirs,     gu\u00e9risseurs\u2026 Ces derniers parcourent l\u2019Europe et   donnent       de   v\u00e9ritables   \u2018spectacles\u2019 avec com\u00e9diens et musiciens   pour    vendre    leur   marchandise   (art et commerce sont   \u00e9troitement m\u00eal\u00e9s).<br \/>\nAinsi, un   certain Antoine  Girard, dit   Tabarin, est la \u2018vedette\u2019 du        Pont-Neuf en   1622 (v\u00eatu d\u2019un    costume \u00e0 la couleur des Sots (vert    et     jaune),  portant  un nez   rouge et  une batte) en jouant des    farces,     truff\u00e9es de     dialogues satiriques.<\/p>\n<p>.<\/p>\n<hr \/>\n<p><em>Toutes les pages : <\/em><\/p>\n<ul>\n<li><a href=\"..\/ressources\/histoire-du-theatre\/la-prehistoire\/\">La Pr\u00e9histoire<\/a><\/li>\n<li><a href=\"..\/ressources\/histoire-du-theatre\/la-grece\/\">La Gr\u00e8ce<\/a><\/li>\n<li><a href=\"..\/ressources\/histoire-du-theatre\/rome\/\">Rome<\/a><\/li>\n<li><a href=\"..\/ressources\/histoire-du-theatre\/le-theatre-medieval\/\">Le th\u00e9\u00e2tre m\u00e9di\u00e9val<\/a><\/li>\n<li><a href=\"..\/ressources\/histoire-du-theatre\/le-theatre-profane\/\">Le th\u00e9\u00e2tre profane<\/a><\/li>\n<li><a href=\"..\/ressources\/histoire-du-theatre\/le-temps-des-auteurs\/\">Le temps des auteurs<\/a><\/li>\n<li><a href=\"..\/ressources\/histoire-du-theatre\/angleterre-le-theatre-elisabethain\/\">Angleterre : le th\u00e9\u00e2tre \u00e9lisab\u00e9thain<\/a><\/li>\n<li><a href=\"..\/ressources\/histoire-du-theatre\/l%E2%80%99italie-la-commedia-dell%E2%80%99arte\/\">L\u2019Italie : la Commedia Dell\u2019Arte <\/a>\n<ul>\n<li><a href=\"..\/ressources\/histoire-du-theatre\/la-comedie-des-masques\/\">La Com\u00e9die des Masques<\/a><\/li>\n<li><a href=\"..\/ressources\/histoire-du-theatre\/carlo-goldoni-et-carlo-gozzi\/\">Carlo Goldoni et Carlo Gozzi<\/a><\/li>\n<\/ul>\n<\/li>\n<li><a href=\"..\/ressources\/histoire-du-theatre\/la-france-le-monopole\/\">La France : le Monopole <\/a>\n<ul>\n<li><a href=\"..\/ressources\/histoire-du-theatre\/la-france-le-monopole\/confreres-de-la-passion\/\">Confr\u00e8res de la Passion<\/a><\/li>\n<li><a href=\"..\/ressources\/histoire-du-theatre\/la-france-le-monopole\/hotel-de-bourgogne\/\">H\u00f4tel de Bourgogne<\/a><\/li>\n<li><a href=\"..\/ressources\/histoire-du-theatre\/la-france-le-monopole\/le-cardinal-de-richelieu\/\">Le Cardinal de Richelieu<\/a><\/li>\n<li><a href=\"..\/ressources\/histoire-du-theatre\/la-france-le-monopole\/excommunication-des-comediens\/\">Excommunication des com\u00e9diens<\/a><\/li>\n<\/ul>\n<\/li>\n<li><a href=\"..\/ressources\/histoire-du-theatre\/apres-moliere%E2%80%A6-la-comedie-francaise\/\">Apr\u00e8s Moli\u00e8re\u2026 La Com\u00e9die-Fran\u00e7aise<\/a><\/li>\n<li><a href=\"..\/ressources\/histoire-du-theatre\/la-foire\/\">La Foire<\/a><\/li>\n<li><a href=\"..\/ressources\/histoire-du-theatre\/le-temps-de-voltaire-1694-1778-de-marivaux-1688-1763\/\">le temps de Voltaire (1694-1778), de Marivaux (1688-1763)<\/a><\/li>\n<li><a href=\"..\/ressources\/histoire-du-theatre\/le-boulevard-du-temple-boulevard-du-crime\/\">Le Boulevard du Temple\u2026 Boulevard du Crime<\/a><\/li>\n<li><a href=\"..\/ressources\/histoire-du-theatre\/1791-enfin-la-liberte-des-theatres-en-france\/\">1791 : enfin, la libert\u00e9 des th\u00e9\u00e2tres en France<\/a><\/li>\n<li><a href=\"..\/ressources\/histoire-du-theatre\/au-xixe-siecle\/\">Au XIXe si\u00e8cle<\/a><\/li>\n<li><a href=\"..\/ressources\/histoire-du-theatre\/les-metteurs-en-scene\/\">Fin du XIXe, XXe si\u00e8cle : les metteurs en sc\u00e8ne <\/a>\n<ul>\n<li><a href=\"..\/ressources\/histoire-du-theatre\/les-metteurs-en-scene\/andre-antoine-1858-%E2%80%93-1943\/\">Andr\u00e9 Antoine (1858 \u2013 1943)<\/a><\/li>\n<li><a href=\"..\/ressources\/histoire-du-theatre\/les-metteurs-en-scene\/alfred-jarry-1873-1907\/\">Alfred Jarry (1873-1907)<\/a><\/li>\n<li><a href=\"..\/ressources\/histoire-du-theatre\/les-metteurs-en-scene\/antonin-artaud-1896-1948\/\">Antonin Artaud (1896-1948)<\/a><\/li>\n<li><a href=\"..\/ressources\/histoire-du-theatre\/les-metteurs-en-scene\/constantin-stanislavski-le-realiste-1863-1938\/\">Constantin Stanislavski le r\u00e9aliste (1863-1938)<\/a><\/li>\n<li><a href=\"..\/ressources\/histoire-du-theatre\/les-metteurs-en-scene\/anton-tchekhov-1860-1904\/\">Anton Tch\u00e9khov (1860-1904)<\/a><\/li>\n<li><a href=\"..\/ressources\/histoire-du-theatre\/les-metteurs-en-scene\/erwin-piscator-1893-1966\/\">Erwin Piscator (1893-1966)<\/a><\/li>\n<li><a href=\"..\/ressources\/histoire-du-theatre\/les-metteurs-en-scene\/bertolt-brecht-1898-1956\/\">Bertolt Brecht (1898-1956)<\/a><\/li>\n<li><a href=\"..\/ressources\/histoire-du-theatre\/les-metteurs-en-scene\/le-tnp-theatre-national-populaire-de-jean-vilar-1912-1971\/\">Le TNP (Th\u00e9\u00e2tre National Populaire) de Jean Vilar (1912-1971)<\/a><\/li>\n<\/ul>\n<\/li>\n<li><a href=\"..\/ressources\/histoire-du-theatre\/le-happening\/\">Les ann\u00e9es soixante <\/a>\n<ul>\n<li><a href=\"..\/ressources\/histoire-du-theatre\/grotowski-et-le-theatre-pauvre\/\">Grotowski et le Th\u00e9\u00e2tre Pauvre<\/a><\/li>\n<li><a href=\"..\/ressources\/histoire-du-theatre\/augusto-boal\/\">Augusto Boal (1931 \u2013 2009)<\/a><\/li>\n<\/ul>\n<\/li>\n<\/ul>\n","protected":false},"excerpt":{"rendered":"<p>H\u00f4tel de Bourgogne, de 1598 \u00e0 1629 Au d\u00e9but du XVIIe si\u00e8cle, Henri IV r\u00e8gne en France. C\u2019est une \u00e9poque de paix. Le roi entreprend de grands travaux d\u2019embellissement de Paris, comme l\u2019\u00e9dification du Pont-Neuf (termin\u00e9 en 1604), en partie pour r\u00e9sorber un peu le ch\u00f4mage\u00a0: Paris regorge de \u2018sans-travail\u2019 et de campagnards affam\u00e9s que [&hellip;]<\/p>\n","protected":false},"author":22,"featured_media":0,"parent":1870,"menu_order":488,"comment_status":"open","ping_status":"open","template":"","meta":{"footnotes":""},"class_list":["post-1875","page","type-page","status-publish","hentry"],"jetpack_sharing_enabled":true,"_links":{"self":[{"href":"https:\/\/www.dramaction.qc.ca\/fr\/wp-json\/wp\/v2\/pages\/1875","targetHints":{"allow":["GET"]}}],"collection":[{"href":"https:\/\/www.dramaction.qc.ca\/fr\/wp-json\/wp\/v2\/pages"}],"about":[{"href":"https:\/\/www.dramaction.qc.ca\/fr\/wp-json\/wp\/v2\/types\/page"}],"author":[{"embeddable":true,"href":"https:\/\/www.dramaction.qc.ca\/fr\/wp-json\/wp\/v2\/users\/22"}],"replies":[{"embeddable":true,"href":"https:\/\/www.dramaction.qc.ca\/fr\/wp-json\/wp\/v2\/comments?post=1875"}],"version-history":[{"count":0,"href":"https:\/\/www.dramaction.qc.ca\/fr\/wp-json\/wp\/v2\/pages\/1875\/revisions"}],"up":[{"embeddable":true,"href":"https:\/\/www.dramaction.qc.ca\/fr\/wp-json\/wp\/v2\/pages\/1870"}],"wp:attachment":[{"href":"https:\/\/www.dramaction.qc.ca\/fr\/wp-json\/wp\/v2\/media?parent=1875"}],"curies":[{"name":"wp","href":"https:\/\/api.w.org\/{rel}","templated":true}]}}