{"id":1873,"date":"2011-01-28T11:57:31","date_gmt":"2011-01-28T16:57:31","guid":{"rendered":"http:\/\/www.dramaction.qc.ca\/fr\/"},"modified":"2011-01-28T12:49:15","modified_gmt":"2011-01-28T17:49:15","slug":"confreres-de-la-passion","status":"publish","type":"page","link":"https:\/\/www.dramaction.qc.ca\/fr\/ressources\/histoire-du-theatre\/la-france-le-monopole\/confreres-de-la-passion\/","title":{"rendered":"Confr\u00e8res de la Passion"},"content":{"rendered":"<p><span style=\"text-decoration: underline;\">Confr\u00e8res de la Passion.<\/span><\/p>\n<p>Etablis          \u00e0  Paris en 1402, ils ont, pendant 143 ans, leur si\u00e8ge \u00e0     l\u2019H\u00f4pital     de    la Trinit\u00e9, rue Saint-Denis, transform\u00e9 en orphelinat    en    1545\u00a0;      associ\u00e9s aux Enfants sans soucis, ils ach\u00e8tent alors  \u00e0    peu  de  frais   un    terrain dans une zone boueuse et mal  fr\u00e9quent\u00e9e    de  Paris, mais   o\u00f9  le    prix du sol est abordable.  C\u2019est l\u00e0  qu\u2019ils    feront construire  une    salle   de th\u00e9\u00e2tre qui  portera le  nom du    terrain\u00a0: l\u2019H\u00f4tel de   Bourgogne.   Elle   ouvre  ses portes  en 1548 et    durera 235 ans (1548 \u00e0   1783).<\/p>\n<p>Les     Confr\u00e8res y  donnent leur    r\u00e9pertoire habituel des   Myst\u00e8res mais  ces     pi\u00e8ces  (jou\u00e9es    habituellement avec une centaine de   com\u00e9diens)       s\u2019adaptent mal \u00e0 la    \u2018petite sc\u00e8ne\u2019 de l\u2019h\u00f4tel de   Bourgogne (une       vingtaine de    com\u00e9diens seulement) . <strong>Le Parlement   attaque les       confr\u00e8res en    les accusant de n\u2019\u00eatre pas instruits, ni   exerc\u00e9s,   et de     n\u2019avoir    aucune compr\u00e9hension de ce qu\u2019ils disent. La     repr\u00e9sentation des        Myst\u00e8res est alors interdite<\/strong>.<\/p>\n<p>Ce   sont   les Enfants sans       Souci, partenaires des Confr\u00e8res qui   tentent    pendant un demi-si\u00e8cle    de    faire vivoter le th\u00e9\u00e2tre en y   jouant des    farces    traditionnelles, les    plus grossi\u00e8res   possibles pour attirer un       \u2018maigre\u2019 public payant.<\/p>\n<p>D\u00e8s      1570, des troupes      professionnelles itin\u00e9rantes commencent \u00e0     sillonner   la France. Elles      jouent parfois \u00e0 Paris, mais \u00e0 la   sauvette   car les   Confr\u00e8res y      d\u00e9fendent solidement leur   monopole.<\/p>\n<p>En  f\u00e9vrier 1577,   la   troupe    italienne des Gelosi   joue \u00e0 la cour  d\u2019Henri  III, qui les      accueille   pour plaire \u00e0  sa  m\u00e8re Catherine de  Medicis,  d\u2019origine      italienne.<\/p>\n<p>C\u2019est la <strong>premi\u00e8re apparition, en France, de femmes sur sc\u00e8ne<\/strong>.<\/p>\n<p>La troupe rencontre aussi un \u00e9norme succ\u00e8s \u00e0 Paris mais est bient\u00f4t <strong>expuls\u00e9e par le Parlement<\/strong> (trop de paillardises, d\u2019adult\u00e8res et de d\u00e9bauche montr\u00e9s \u00e0 la jeunesse parisienne).<\/p>\n<p>Apr\u00e8s           le passage tr\u00e8s remarqu\u00e9 des Gelosi, les Enfants sans Souci         prennent    un s\u00e9rieux \u2018coup de vieux\u2019. Les Confr\u00e8res engagent  alors   une      troupe    itin\u00e9rante d\u2019Agnan Sarat et Pierre Dubuc\u00a0:  ils  seront  les      premiers    com\u00e9diens fran\u00e7ais pay\u00e9s par une  direction  de  th\u00e9\u00e2tre,   les    salles fixes    n\u2019existant pas en  province.<\/p>\n<p>En   1597, les     Confr\u00e8res et les    Enfants sans  Souci renoncent \u00e0  monter   eux-m\u00eames   des   pi\u00e8ces. Forts de    leur  Monopole, ils vont  louer\u00a0 la  salle  aux     troupes itin\u00e9rantes de     toutes nationalit\u00e9s.<\/p>\n<p>.<\/p>\n<hr \/>\n<p><em>Toutes les pages : <\/em><\/p>\n<ul>\n<li><a href=\"..\/ressources\/histoire-du-theatre\/la-prehistoire\/\">La Pr\u00e9histoire<\/a><\/li>\n<li><a href=\"..\/ressources\/histoire-du-theatre\/la-grece\/\">La Gr\u00e8ce<\/a><\/li>\n<li><a href=\"..\/ressources\/histoire-du-theatre\/rome\/\">Rome<\/a><\/li>\n<li><a href=\"..\/ressources\/histoire-du-theatre\/le-theatre-medieval\/\">Le th\u00e9\u00e2tre m\u00e9di\u00e9val<\/a><\/li>\n<li><a href=\"..\/ressources\/histoire-du-theatre\/le-theatre-profane\/\">Le th\u00e9\u00e2tre profane<\/a><\/li>\n<li><a href=\"..\/ressources\/histoire-du-theatre\/le-temps-des-auteurs\/\">Le temps des auteurs<\/a><\/li>\n<li><a href=\"..\/ressources\/histoire-du-theatre\/angleterre-le-theatre-elisabethain\/\">Angleterre : le th\u00e9\u00e2tre \u00e9lisab\u00e9thain<\/a><\/li>\n<li><a href=\"..\/ressources\/histoire-du-theatre\/l%E2%80%99italie-la-commedia-dell%E2%80%99arte\/\">L\u2019Italie : la Commedia Dell\u2019Arte <\/a>\n<ul>\n<li><a href=\"..\/ressources\/histoire-du-theatre\/la-comedie-des-masques\/\">La Com\u00e9die des Masques<\/a><\/li>\n<li><a href=\"..\/ressources\/histoire-du-theatre\/carlo-goldoni-et-carlo-gozzi\/\">Carlo Goldoni et Carlo Gozzi<\/a><\/li>\n<\/ul>\n<\/li>\n<li><a href=\"..\/ressources\/histoire-du-theatre\/la-france-le-monopole\/\">La France : le Monopole <\/a>\n<ul>\n<li><a href=\"..\/ressources\/histoire-du-theatre\/la-france-le-monopole\/confreres-de-la-passion\/\">Confr\u00e8res de la Passion<\/a><\/li>\n<li><a href=\"..\/ressources\/histoire-du-theatre\/la-france-le-monopole\/hotel-de-bourgogne\/\">H\u00f4tel de Bourgogne<\/a><\/li>\n<li><a href=\"..\/ressources\/histoire-du-theatre\/la-france-le-monopole\/le-cardinal-de-richelieu\/\">Le Cardinal de Richelieu<\/a><\/li>\n<li><a href=\"..\/ressources\/histoire-du-theatre\/la-france-le-monopole\/excommunication-des-comediens\/\">Excommunication des com\u00e9diens<\/a><\/li>\n<\/ul>\n<\/li>\n<li><a href=\"..\/ressources\/histoire-du-theatre\/apres-moliere%E2%80%A6-la-comedie-francaise\/\">Apr\u00e8s Moli\u00e8re\u2026 La Com\u00e9die-Fran\u00e7aise<\/a><\/li>\n<li><a href=\"..\/ressources\/histoire-du-theatre\/la-foire\/\">La Foire<\/a><\/li>\n<li><a href=\"..\/ressources\/histoire-du-theatre\/le-temps-de-voltaire-1694-1778-de-marivaux-1688-1763\/\">le temps de Voltaire (1694-1778), de Marivaux (1688-1763)<\/a><\/li>\n<li><a href=\"..\/ressources\/histoire-du-theatre\/le-boulevard-du-temple-boulevard-du-crime\/\">Le Boulevard du Temple\u2026 Boulevard du Crime<\/a><\/li>\n<li><a href=\"..\/ressources\/histoire-du-theatre\/1791-enfin-la-liberte-des-theatres-en-france\/\">1791 : enfin, la libert\u00e9 des th\u00e9\u00e2tres en France<\/a><\/li>\n<li><a href=\"..\/ressources\/histoire-du-theatre\/au-xixe-siecle\/\">Au XIXe si\u00e8cle<\/a><\/li>\n<li><a href=\"..\/ressources\/histoire-du-theatre\/les-metteurs-en-scene\/\">Fin du XIXe, XXe si\u00e8cle : les metteurs en sc\u00e8ne <\/a>\n<ul>\n<li><a href=\"..\/ressources\/histoire-du-theatre\/les-metteurs-en-scene\/andre-antoine-1858-%E2%80%93-1943\/\">Andr\u00e9 Antoine (1858 \u2013 1943)<\/a><\/li>\n<li><a href=\"..\/ressources\/histoire-du-theatre\/les-metteurs-en-scene\/alfred-jarry-1873-1907\/\">Alfred Jarry (1873-1907)<\/a><\/li>\n<li><a href=\"..\/ressources\/histoire-du-theatre\/les-metteurs-en-scene\/antonin-artaud-1896-1948\/\">Antonin Artaud (1896-1948)<\/a><\/li>\n<li><a href=\"..\/ressources\/histoire-du-theatre\/les-metteurs-en-scene\/constantin-stanislavski-le-realiste-1863-1938\/\">Constantin Stanislavski le r\u00e9aliste (1863-1938)<\/a><\/li>\n<li><a href=\"..\/ressources\/histoire-du-theatre\/les-metteurs-en-scene\/anton-tchekhov-1860-1904\/\">Anton Tch\u00e9khov (1860-1904)<\/a><\/li>\n<li><a href=\"..\/ressources\/histoire-du-theatre\/les-metteurs-en-scene\/erwin-piscator-1893-1966\/\">Erwin Piscator (1893-1966)<\/a><\/li>\n<li><a href=\"..\/ressources\/histoire-du-theatre\/les-metteurs-en-scene\/bertolt-brecht-1898-1956\/\">Bertolt Brecht (1898-1956)<\/a><\/li>\n<li><a href=\"..\/ressources\/histoire-du-theatre\/les-metteurs-en-scene\/le-tnp-theatre-national-populaire-de-jean-vilar-1912-1971\/\">Le TNP (Th\u00e9\u00e2tre National Populaire) de Jean Vilar (1912-1971)<\/a><\/li>\n<\/ul>\n<\/li>\n<li><a href=\"..\/ressources\/histoire-du-theatre\/le-happening\/\">Les ann\u00e9es soixante <\/a>\n<ul>\n<li><a href=\"..\/ressources\/histoire-du-theatre\/grotowski-et-le-theatre-pauvre\/\">Grotowski et le Th\u00e9\u00e2tre Pauvre<\/a><\/li>\n<li><a href=\"..\/ressources\/histoire-du-theatre\/augusto-boal\/\">Augusto Boal (1931 \u2013 2009)<\/a><\/li>\n<\/ul>\n<\/li>\n<\/ul>\n","protected":false},"excerpt":{"rendered":"<p>Confr\u00e8res de la Passion. Etablis \u00e0 Paris en 1402, ils ont, pendant 143 ans, leur si\u00e8ge \u00e0 l\u2019H\u00f4pital de la Trinit\u00e9, rue Saint-Denis, transform\u00e9 en orphelinat en 1545\u00a0; associ\u00e9s aux Enfants sans soucis, ils ach\u00e8tent alors \u00e0 peu de frais un terrain dans une zone boueuse et mal fr\u00e9quent\u00e9e de Paris, mais o\u00f9 le prix [&hellip;]<\/p>\n","protected":false},"author":22,"featured_media":0,"parent":1870,"menu_order":487,"comment_status":"open","ping_status":"open","template":"","meta":{"footnotes":""},"class_list":["post-1873","page","type-page","status-publish","hentry"],"jetpack_sharing_enabled":true,"_links":{"self":[{"href":"https:\/\/www.dramaction.qc.ca\/fr\/wp-json\/wp\/v2\/pages\/1873","targetHints":{"allow":["GET"]}}],"collection":[{"href":"https:\/\/www.dramaction.qc.ca\/fr\/wp-json\/wp\/v2\/pages"}],"about":[{"href":"https:\/\/www.dramaction.qc.ca\/fr\/wp-json\/wp\/v2\/types\/page"}],"author":[{"embeddable":true,"href":"https:\/\/www.dramaction.qc.ca\/fr\/wp-json\/wp\/v2\/users\/22"}],"replies":[{"embeddable":true,"href":"https:\/\/www.dramaction.qc.ca\/fr\/wp-json\/wp\/v2\/comments?post=1873"}],"version-history":[{"count":0,"href":"https:\/\/www.dramaction.qc.ca\/fr\/wp-json\/wp\/v2\/pages\/1873\/revisions"}],"up":[{"embeddable":true,"href":"https:\/\/www.dramaction.qc.ca\/fr\/wp-json\/wp\/v2\/pages\/1870"}],"wp:attachment":[{"href":"https:\/\/www.dramaction.qc.ca\/fr\/wp-json\/wp\/v2\/media?parent=1873"}],"curies":[{"name":"wp","href":"https:\/\/api.w.org\/{rel}","templated":true}]}}