{"id":1867,"date":"2011-01-28T11:54:53","date_gmt":"2011-01-28T16:54:53","guid":{"rendered":"http:\/\/www.dramaction.qc.ca\/fr\/"},"modified":"2011-01-28T12:48:44","modified_gmt":"2011-01-28T17:48:44","slug":"la-comedie-des-masques","status":"publish","type":"page","link":"https:\/\/www.dramaction.qc.ca\/fr\/ressources\/histoire-du-theatre\/la-comedie-des-masques\/","title":{"rendered":"La Com\u00e9die des Masques"},"content":{"rendered":"<p><span style=\"text-decoration: underline;\">La Com\u00e9die des Masques<\/span><\/p>\n<p>En       1545 ont lieu les  premi\u00e8res tentatives de constitution de troupes        professionnelles.  Cinq ans plus tard, ces derni\u00e8res sont        op\u00e9rationnelles,  capables, plus encore que leurs homologues europ\u00e9ennes,        de jouer  tout ce que le public d\u00e9sire\u00a0: du th\u00e9\u00e2tre savant \u00e0 la     farce.    Mais  c\u2019est gr\u00e2ce \u00e0 la farce qu\u2019elles se font remarquer     partout\u00a0: en     Espagne, en Allemagne et en France. A tel point que le     terme  Commedia    dell\u2019Arte, de g\u00e9n\u00e9ral (th\u00e9\u00e2tre professionnel, des     hommes  de l\u2019art) en    vient \u00e0 d\u00e9signer exclusivement le jeu masqu\u00e9,      improvis\u00e9, \u00e0 personnages    fixes, volubile et acrobatique.<\/p>\n<p>Les      Com\u00e9diens de l\u2019Art jouent   partout (rue, palais), en priv\u00e9, comme    en    public. Ils sont itin\u00e9rants,   tournent sans cesse et ne cherchent   pas  \u00e0    s\u2019installer dans un lieu   fixe. Ils appliquent un jeu   sc\u00e9nique \u00e0    haute  tension\u00a0: on entre, on   sort, on se cache, on   saute par les    fen\u00eatres\u2026<\/p>\n<p>Pour la Com\u00e9die des   Masques, on   \u2018fait\u2019 son texte,    face au public, sur  un th\u00e8me r\u00e9gl\u00e9   d\u2019avance\u00a0: le   sc\u00e9nario. Il s\u2019agit    donc d\u2019une <strong>cr\u00e9ation collective de com\u00e9diens habitu\u00e9s \u00e0 jouer ensemble<\/strong>. Le sc\u00e9nario est l\u2019\u0153uvre d\u2019un auteur (souvent un acteur de la troupe), parfaitement inconnu du public et des gens de lettres.<\/p>\n<p>Les        personnages jou\u00e9s sont des types populaires, originaires de    toutes     les  r\u00e9gions d\u2019Italie, avec leurs accents, leurs tics, leur      psychologie    fix\u00e9e une fois pour toutes.<\/p>\n<p><strong>Les com\u00e9diens improvisateurs sont cultiv\u00e9s<\/strong> : ils poss\u00e8dent en  t\u00eate de multiples tirades, des r\u00e9pliques choc, des        sentences \u00e0 succ\u00e8s,  qu\u2019ils serviront ou non, en fonction des      r\u00e9actions   du public. Le th\u00e8me  des pi\u00e8ces est superbement efficace      dans sa   simplicit\u00e9.<\/p>\n<p>Les com\u00e9diens portent le masque, qui      compl\u00e8te le   costume  caract\u00e9risant le personnage. Il s\u2019agit en fait      d\u2019un demi-masque   en cuir,  qui cache le haut des visages. On peut      parler, mais non   grimacer. Le  jeu est report\u00e9 sur tout le corps. A      noter que <strong>les femmes sont sur sc\u00e8ne<\/strong>. En cela, l\u2019Italie devance tous les pays d\u2019Europe. Elles ne sont cependant pas masqu\u00e9es.<\/p>\n<p>Les        troupes sont compos\u00e9es de 9 \u00e0 15 personnes. Elles portent parfois       des   noms \u00e9tonnants comme les Gelosi (les Jaloux) ou les  Confidenti     (les    Confiants).<\/p>\n<p>Mais le temps passant, les  sc\u00e9narios se     compliquent   et le mat\u00e9riel  sc\u00e9nique s\u2019accumule. Cela  marquera, au     XVIIe si\u00e8cle,   l\u2019essoufflement de  la com\u00e9die des  masques (dont la     simplicit\u00e9 faisait   l\u2019efficacit\u00e9).<\/p>\n<p>.<\/p>\n<hr \/>\n<p><em>Toutes les pages : <\/em><\/p>\n<ul>\n<li><a href=\"..\/ressources\/histoire-du-theatre\/la-prehistoire\/\">La Pr\u00e9histoire<\/a><\/li>\n<li><a href=\"..\/ressources\/histoire-du-theatre\/la-grece\/\">La Gr\u00e8ce<\/a><\/li>\n<li><a href=\"..\/ressources\/histoire-du-theatre\/rome\/\">Rome<\/a><\/li>\n<li><a href=\"..\/ressources\/histoire-du-theatre\/le-theatre-medieval\/\">Le th\u00e9\u00e2tre m\u00e9di\u00e9val<\/a><\/li>\n<li><a href=\"..\/ressources\/histoire-du-theatre\/le-theatre-profane\/\">Le th\u00e9\u00e2tre profane<\/a><\/li>\n<li><a href=\"..\/ressources\/histoire-du-theatre\/le-temps-des-auteurs\/\">Le temps des auteurs<\/a><\/li>\n<li><a href=\"..\/ressources\/histoire-du-theatre\/angleterre-le-theatre-elisabethain\/\">Angleterre : le th\u00e9\u00e2tre \u00e9lisab\u00e9thain<\/a><\/li>\n<li><a href=\"..\/ressources\/histoire-du-theatre\/l%E2%80%99italie-la-commedia-dell%E2%80%99arte\/\">L\u2019Italie : la Commedia Dell\u2019Arte <\/a>\n<ul>\n<li><a href=\"..\/ressources\/histoire-du-theatre\/la-comedie-des-masques\/\">La Com\u00e9die des Masques<\/a><\/li>\n<li><a href=\"..\/ressources\/histoire-du-theatre\/carlo-goldoni-et-carlo-gozzi\/\">Carlo Goldoni et Carlo Gozzi<\/a><\/li>\n<\/ul>\n<\/li>\n<li><a href=\"..\/ressources\/histoire-du-theatre\/la-france-le-monopole\/\">La France : le Monopole <\/a>\n<ul>\n<li><a href=\"..\/ressources\/histoire-du-theatre\/la-france-le-monopole\/confreres-de-la-passion\/\">Confr\u00e8res de la Passion<\/a><\/li>\n<li><a href=\"..\/ressources\/histoire-du-theatre\/la-france-le-monopole\/hotel-de-bourgogne\/\">H\u00f4tel de Bourgogne<\/a><\/li>\n<li><a href=\"..\/ressources\/histoire-du-theatre\/la-france-le-monopole\/le-cardinal-de-richelieu\/\">Le Cardinal de Richelieu<\/a><\/li>\n<li><a href=\"..\/ressources\/histoire-du-theatre\/la-france-le-monopole\/excommunication-des-comediens\/\">Excommunication des com\u00e9diens<\/a><\/li>\n<\/ul>\n<\/li>\n<li><a href=\"..\/ressources\/histoire-du-theatre\/apres-moliere%E2%80%A6-la-comedie-francaise\/\">Apr\u00e8s Moli\u00e8re\u2026 La Com\u00e9die-Fran\u00e7aise<\/a><\/li>\n<li><a href=\"..\/ressources\/histoire-du-theatre\/la-foire\/\">La Foire<\/a><\/li>\n<li><a href=\"..\/ressources\/histoire-du-theatre\/le-temps-de-voltaire-1694-1778-de-marivaux-1688-1763\/\">le temps de Voltaire (1694-1778), de Marivaux (1688-1763)<\/a><\/li>\n<li><a href=\"..\/ressources\/histoire-du-theatre\/le-boulevard-du-temple-boulevard-du-crime\/\">Le Boulevard du Temple\u2026 Boulevard du Crime<\/a><\/li>\n<li><a href=\"..\/ressources\/histoire-du-theatre\/1791-enfin-la-liberte-des-theatres-en-france\/\">1791 : enfin, la libert\u00e9 des th\u00e9\u00e2tres en France<\/a><\/li>\n<li><a href=\"..\/ressources\/histoire-du-theatre\/au-xixe-siecle\/\">Au XIXe si\u00e8cle<\/a><\/li>\n<li><a href=\"..\/ressources\/histoire-du-theatre\/les-metteurs-en-scene\/\">Fin du XIXe, XXe si\u00e8cle : les metteurs en sc\u00e8ne <\/a>\n<ul>\n<li><a href=\"..\/ressources\/histoire-du-theatre\/les-metteurs-en-scene\/andre-antoine-1858-%E2%80%93-1943\/\">Andr\u00e9 Antoine (1858 \u2013 1943)<\/a><\/li>\n<li><a href=\"..\/ressources\/histoire-du-theatre\/les-metteurs-en-scene\/alfred-jarry-1873-1907\/\">Alfred Jarry (1873-1907)<\/a><\/li>\n<li><a href=\"..\/ressources\/histoire-du-theatre\/les-metteurs-en-scene\/antonin-artaud-1896-1948\/\">Antonin Artaud (1896-1948)<\/a><\/li>\n<li><a href=\"..\/ressources\/histoire-du-theatre\/les-metteurs-en-scene\/constantin-stanislavski-le-realiste-1863-1938\/\">Constantin Stanislavski le r\u00e9aliste (1863-1938)<\/a><\/li>\n<li><a href=\"..\/ressources\/histoire-du-theatre\/les-metteurs-en-scene\/anton-tchekhov-1860-1904\/\">Anton Tch\u00e9khov (1860-1904)<\/a><\/li>\n<li><a href=\"..\/ressources\/histoire-du-theatre\/les-metteurs-en-scene\/erwin-piscator-1893-1966\/\">Erwin Piscator (1893-1966)<\/a><\/li>\n<li><a href=\"..\/ressources\/histoire-du-theatre\/les-metteurs-en-scene\/bertolt-brecht-1898-1956\/\">Bertolt Brecht (1898-1956)<\/a><\/li>\n<li><a href=\"..\/ressources\/histoire-du-theatre\/les-metteurs-en-scene\/le-tnp-theatre-national-populaire-de-jean-vilar-1912-1971\/\">Le TNP (Th\u00e9\u00e2tre National Populaire) de Jean Vilar (1912-1971)<\/a><\/li>\n<\/ul>\n<\/li>\n<li><a href=\"..\/ressources\/histoire-du-theatre\/le-happening\/\">Les ann\u00e9es soixante <\/a>\n<ul>\n<li><a href=\"..\/ressources\/histoire-du-theatre\/grotowski-et-le-theatre-pauvre\/\">Grotowski et le Th\u00e9\u00e2tre Pauvre<\/a><\/li>\n<li><a href=\"..\/ressources\/histoire-du-theatre\/augusto-boal\/\">Augusto Boal (1931 \u2013 2009)<\/a><\/li>\n<\/ul>\n<\/li>\n<\/ul>\n","protected":false},"excerpt":{"rendered":"<p>La Com\u00e9die des Masques En 1545 ont lieu les premi\u00e8res tentatives de constitution de troupes professionnelles. Cinq ans plus tard, ces derni\u00e8res sont op\u00e9rationnelles, capables, plus encore que leurs homologues europ\u00e9ennes, de jouer tout ce que le public d\u00e9sire\u00a0: du th\u00e9\u00e2tre savant \u00e0 la farce. Mais c\u2019est gr\u00e2ce \u00e0 la farce qu\u2019elles se font remarquer [&hellip;]<\/p>\n","protected":false},"author":22,"featured_media":0,"parent":1846,"menu_order":484,"comment_status":"open","ping_status":"open","template":"","meta":{"footnotes":""},"class_list":["post-1867","page","type-page","status-publish","hentry"],"jetpack_sharing_enabled":true,"_links":{"self":[{"href":"https:\/\/www.dramaction.qc.ca\/fr\/wp-json\/wp\/v2\/pages\/1867","targetHints":{"allow":["GET"]}}],"collection":[{"href":"https:\/\/www.dramaction.qc.ca\/fr\/wp-json\/wp\/v2\/pages"}],"about":[{"href":"https:\/\/www.dramaction.qc.ca\/fr\/wp-json\/wp\/v2\/types\/page"}],"author":[{"embeddable":true,"href":"https:\/\/www.dramaction.qc.ca\/fr\/wp-json\/wp\/v2\/users\/22"}],"replies":[{"embeddable":true,"href":"https:\/\/www.dramaction.qc.ca\/fr\/wp-json\/wp\/v2\/comments?post=1867"}],"version-history":[{"count":0,"href":"https:\/\/www.dramaction.qc.ca\/fr\/wp-json\/wp\/v2\/pages\/1867\/revisions"}],"up":[{"embeddable":true,"href":"https:\/\/www.dramaction.qc.ca\/fr\/wp-json\/wp\/v2\/pages\/1846"}],"wp:attachment":[{"href":"https:\/\/www.dramaction.qc.ca\/fr\/wp-json\/wp\/v2\/media?parent=1867"}],"curies":[{"name":"wp","href":"https:\/\/api.w.org\/{rel}","templated":true}]}}