{"id":1865,"date":"2011-01-28T11:54:05","date_gmt":"2011-01-28T16:54:05","guid":{"rendered":"http:\/\/www.dramaction.qc.ca\/fr\/"},"modified":"2011-01-28T12:48:31","modified_gmt":"2011-01-28T17:48:31","slug":"l%e2%80%99italie-la-commedia-dell%e2%80%99arte","status":"publish","type":"page","link":"https:\/\/www.dramaction.qc.ca\/fr\/ressources\/histoire-du-theatre\/l%e2%80%99italie-la-commedia-dell%e2%80%99arte\/","title":{"rendered":"L\u2019Italie : la Commedia Dell\u2019Arte"},"content":{"rendered":"<p><span style=\"text-decoration: underline;\">L\u2019Italie\u00a0: la Commedia Dell\u2019Arte <\/span><span style=\"text-decoration: underline;\">(XVIe, XVIIe et XVIIIe si\u00e8cles).<\/span><\/p>\n<p>Commedia dell\u2019arte signifie\u00a0: <strong>th\u00e9\u00e2tre professionnel<\/strong>. Les <strong>Com\u00e9diens de l\u2019art gagnent leur vie \u00e0 jouer la com\u00e9die et font payer les spectateurs<\/strong>. Si on les engage pour se produire en priv\u00e9 dans une maison particuli\u00e8re (palais, ch\u00e2teau), il faut les r\u00e9mun\u00e9rer.<\/p>\n<p>Ce sont les \u2018hommes de l\u2019art\u2019, comme on parle aujourd\u2019hui des <strong>\u2018hommes de m\u00e9tier\u2019<\/strong> (plombier, \u00e9lectricien comp\u00e9tents), capables de repr\u00e9senter trag\u00e9dies, com\u00e9dies, tragi-com\u00e9dies et bien s\u00fbr, farces.<\/p>\n<p>Par opposition aux acteurs b\u00e9n\u00e9voles du pass\u00e9 m\u00e9di\u00e9val, aux amateurs mondains et aux enseignants-enseign\u00e9s des coll\u00e8ges.<\/p>\n<p>A       la fin du Moyen-Age (soit un si\u00e8cle avant d\u2019atteindre le reste de        l\u2019Europe), appara\u00eet en Italie le th\u00e9\u00e2tre savant, inspir\u00e9 largement   des      grandes fouilles arch\u00e9ologiques qui y ont lieu et qui font   resurgir  la     civilisation romaine antique. C\u2019est souvent au milieu   des ruines      antiques que l\u2019on joue alternativement les auteurs   antiques romains  et     le th\u00e9\u00e2tre religieux d\u00e9j\u00e0 d\u00e9laiss\u00e9.<\/p>\n<p>On   l\u2019appelle aussi la     \u2018Commedia erudita\u2019. Ce \u2018nouveau th\u00e9\u00e2tre\u2019    \u00e9litaire est jou\u00e9 dans les     nombreuses f\u00eates de cours\u00a0; il est   pratiqu\u00e9  parall\u00e8lement au  carnaval,    dont les personnages grotesques   et masqu\u00e9s,  issus de la  nuit des   temps,  sont extr\u00eamement   populaires.<\/p>\n<p>N\u00e9s vers 1550,  les Com\u00e9diens   de  l\u2019art puiseront   aux deux sources, en  les m\u00ealant  parfois et   deviendront  immortels   gr\u00e2ce \u00e0 la Com\u00e9die des  Masques.<\/p>\n<p>Deux auteurs sont consid\u00e9r\u00e9s comme \u00e9tant \u00e0 l\u2019origine de tout le th\u00e9\u00e2tre italien\u00a0: <span style=\"text-decoration: underline;\">Machiavel et Ruzzante.<\/span><\/p>\n<p>&#8211;       Nicolas Machiavel (1469-1527)\u00a0: habile fonctionnaire de la      R\u00e9publique   de Florence, il \u00e9crit des trait\u00e9s de \u2018sociologie politique\u2019      dont Le   Prince en 1513. Il \u00e9crit une seule com\u00e9die\u00a0: <strong><em>La Mandragore<\/em><\/strong> en 1512, com\u00e9die de cour et anc\u00eatre de la com\u00e9die moderne (le mot        \u2018moderne signifie ici\u00a0non imit\u00e9e des anciens), qui aboutira \u00e0 la pi\u00e8ce        de boulevard. Dans cette com\u00e9die appara\u00eet <strong>Lucrezia, un personnage de femme rebelle, hors de toute tradition<\/strong>. Cette \u2018Mandragore\u2019, par contraste avec le th\u00e9\u00e2tre savant de l\u2019\u00e9poque, fait <strong>scandale<\/strong> et <strong>le pape l\u2019interdit \u00e0 Rome<\/strong> apr\u00e8s seulement quelques repr\u00e9sentations (on continuera \u00e0 la jouer hors de Rome.<\/p>\n<p>&#8211;       Angelo Beolco dit Ruzzante le paysan (1502-1542)\u00a0:     fermier-r\u00e9gisseur    de grands domaines d\u2019un grand seigneur de la ville    de  Padoue, Alvise    Cornaro. Grand observateur de la rue, o\u00f9 vivent    une  multitude de    paysans d\u00e9soeuvr\u00e9s, sans travail. Grand r\u00e9aliste,    il va <strong>peindre son monde rural et le prol\u00e9tariat des bidonvilles<\/strong>.<\/p>\n<p>Sous       la protection de son r\u00e9gisseur, le Seigneur Alvise Cornaro,  donc,    il    monte, avec ses paysans, une troupe de th\u00e9\u00e2tre amateur dont il     sera    l\u2019auteur-metteur en sc\u00e8ne-acteur principal. Il prend le nom  de       Ruzzante, nom tr\u00e8s r\u00e9pandu \u00e0 Padoue, qui signifie \u2018le badin\u2019,  le       \u2018fol\u00e2tre\u2019, paysan pauvre, rus\u00e9, cynique, l\u00e2che, toujours bern\u00e9.  On  peut      penser \u00e0 Chaplin et son petit homme (sous le rire perce   l\u2019angoisse,      l\u2019inqui\u00e9tude du lendemain, la souffrance\u2026).<\/p>\n<p>Le <strong>r\u00e9alisme, le naturalisme<\/strong> avec lequel Ruzzante peint ces \u2018pauvres\u2019 de la soci\u00e9t\u00e9 finit par <strong>effrayer son public<\/strong>, tout comme La Mandragore de Machiavel choque les bien-pensants.<\/p>\n<p>En effet, le public de ces deux auteurs est le m\u00eame que celui qui applaudit la \u2018commedia erudita\u2019 ou th\u00e9\u00e2tre savant de l\u2019\u00e9poque.<\/p>\n<p>C\u2019est       ici que la gr\u00e2ce des Com\u00e9diens de l\u2019Art agit\u00a0: ces paysans        \u2018effrayants\u2019, les Com\u00e9diens de l\u2019Art, nouveaux professionnels, vont        r\u00e9ussir, pour satisfaire l\u2019auditoire qui les paye, \u00e0 les transformer  en       joyeux \u2018zanni\u2019, valets fac\u00e9tieux qui deviendront notamment les      c\u00e9l\u00e8bres   Arlequin ou Polichinelle.<\/p>\n<p>.<\/p>\n<hr \/>\n<p><em>Toutes les pages : <\/em><\/p>\n<ul>\n<li><a href=\"..\/ressources\/histoire-du-theatre\/la-prehistoire\/\">La Pr\u00e9histoire<\/a><\/li>\n<li><a href=\"..\/ressources\/histoire-du-theatre\/la-grece\/\">La Gr\u00e8ce<\/a><\/li>\n<li><a href=\"..\/ressources\/histoire-du-theatre\/rome\/\">Rome<\/a><\/li>\n<li><a href=\"..\/ressources\/histoire-du-theatre\/le-theatre-medieval\/\">Le th\u00e9\u00e2tre m\u00e9di\u00e9val<\/a><\/li>\n<li><a href=\"..\/ressources\/histoire-du-theatre\/le-theatre-profane\/\">Le th\u00e9\u00e2tre profane<\/a><\/li>\n<li><a href=\"..\/ressources\/histoire-du-theatre\/le-temps-des-auteurs\/\">Le temps des auteurs<\/a><\/li>\n<li><a href=\"..\/ressources\/histoire-du-theatre\/angleterre-le-theatre-elisabethain\/\">Angleterre : le th\u00e9\u00e2tre \u00e9lisab\u00e9thain<\/a><\/li>\n<li><a href=\"..\/ressources\/histoire-du-theatre\/l%E2%80%99italie-la-commedia-dell%E2%80%99arte\/\">L\u2019Italie : la Commedia Dell\u2019Arte <\/a>\n<ul>\n<li><a href=\"..\/ressources\/histoire-du-theatre\/la-comedie-des-masques\/\">La Com\u00e9die des Masques<\/a><\/li>\n<li><a href=\"..\/ressources\/histoire-du-theatre\/carlo-goldoni-et-carlo-gozzi\/\">Carlo Goldoni et Carlo Gozzi<\/a><\/li>\n<\/ul>\n<\/li>\n<li><a href=\"..\/ressources\/histoire-du-theatre\/la-france-le-monopole\/\">La France : le Monopole <\/a>\n<ul>\n<li><a href=\"..\/ressources\/histoire-du-theatre\/la-france-le-monopole\/confreres-de-la-passion\/\">Confr\u00e8res de la Passion<\/a><\/li>\n<li><a href=\"..\/ressources\/histoire-du-theatre\/la-france-le-monopole\/hotel-de-bourgogne\/\">H\u00f4tel de Bourgogne<\/a><\/li>\n<li><a href=\"..\/ressources\/histoire-du-theatre\/la-france-le-monopole\/le-cardinal-de-richelieu\/\">Le Cardinal de Richelieu<\/a><\/li>\n<li><a href=\"..\/ressources\/histoire-du-theatre\/la-france-le-monopole\/excommunication-des-comediens\/\">Excommunication des com\u00e9diens<\/a><\/li>\n<\/ul>\n<\/li>\n<li><a href=\"..\/ressources\/histoire-du-theatre\/apres-moliere%E2%80%A6-la-comedie-francaise\/\">Apr\u00e8s Moli\u00e8re\u2026 La Com\u00e9die-Fran\u00e7aise<\/a><\/li>\n<li><a href=\"..\/ressources\/histoire-du-theatre\/la-foire\/\">La Foire<\/a><\/li>\n<li><a href=\"..\/ressources\/histoire-du-theatre\/le-temps-de-voltaire-1694-1778-de-marivaux-1688-1763\/\">le temps de Voltaire (1694-1778), de Marivaux (1688-1763)<\/a><\/li>\n<li><a href=\"..\/ressources\/histoire-du-theatre\/le-boulevard-du-temple-boulevard-du-crime\/\">Le Boulevard du Temple\u2026 Boulevard du Crime<\/a><\/li>\n<li><a href=\"..\/ressources\/histoire-du-theatre\/1791-enfin-la-liberte-des-theatres-en-france\/\">1791 : enfin, la libert\u00e9 des th\u00e9\u00e2tres en France<\/a><\/li>\n<li><a href=\"..\/ressources\/histoire-du-theatre\/au-xixe-siecle\/\">Au XIXe si\u00e8cle<\/a><\/li>\n<li><a href=\"..\/ressources\/histoire-du-theatre\/les-metteurs-en-scene\/\">Fin du XIXe, XXe si\u00e8cle : les metteurs en sc\u00e8ne <\/a>\n<ul>\n<li><a href=\"..\/ressources\/histoire-du-theatre\/les-metteurs-en-scene\/andre-antoine-1858-%E2%80%93-1943\/\">Andr\u00e9 Antoine (1858 \u2013 1943)<\/a><\/li>\n<li><a href=\"..\/ressources\/histoire-du-theatre\/les-metteurs-en-scene\/alfred-jarry-1873-1907\/\">Alfred Jarry (1873-1907)<\/a><\/li>\n<li><a href=\"..\/ressources\/histoire-du-theatre\/les-metteurs-en-scene\/antonin-artaud-1896-1948\/\">Antonin Artaud (1896-1948)<\/a><\/li>\n<li><a href=\"..\/ressources\/histoire-du-theatre\/les-metteurs-en-scene\/constantin-stanislavski-le-realiste-1863-1938\/\">Constantin Stanislavski le r\u00e9aliste (1863-1938)<\/a><\/li>\n<li><a href=\"..\/ressources\/histoire-du-theatre\/les-metteurs-en-scene\/anton-tchekhov-1860-1904\/\">Anton Tch\u00e9khov (1860-1904)<\/a><\/li>\n<li><a href=\"..\/ressources\/histoire-du-theatre\/les-metteurs-en-scene\/erwin-piscator-1893-1966\/\">Erwin Piscator (1893-1966)<\/a><\/li>\n<li><a href=\"..\/ressources\/histoire-du-theatre\/les-metteurs-en-scene\/bertolt-brecht-1898-1956\/\">Bertolt Brecht (1898-1956)<\/a><\/li>\n<li><a href=\"..\/ressources\/histoire-du-theatre\/les-metteurs-en-scene\/le-tnp-theatre-national-populaire-de-jean-vilar-1912-1971\/\">Le TNP (Th\u00e9\u00e2tre National Populaire) de Jean Vilar (1912-1971)<\/a><\/li>\n<\/ul>\n<\/li>\n<li><a href=\"..\/ressources\/histoire-du-theatre\/le-happening\/\">Les ann\u00e9es soixante <\/a>\n<ul>\n<li><a href=\"..\/ressources\/histoire-du-theatre\/grotowski-et-le-theatre-pauvre\/\">Grotowski et le Th\u00e9\u00e2tre Pauvre<\/a><\/li>\n<li><a href=\"..\/ressources\/histoire-du-theatre\/augusto-boal\/\">Augusto Boal (1931 \u2013 2009)<\/a><\/li>\n<\/ul>\n<\/li>\n<\/ul>\n<p><span style=\"text-decoration: underline;\"> <\/span><\/p>\n","protected":false},"excerpt":{"rendered":"<p>L\u2019Italie\u00a0: la Commedia Dell\u2019Arte (XVIe, XVIIe et XVIIIe si\u00e8cles). Commedia dell\u2019arte signifie\u00a0: th\u00e9\u00e2tre professionnel. Les Com\u00e9diens de l\u2019art gagnent leur vie \u00e0 jouer la com\u00e9die et font payer les spectateurs. Si on les engage pour se produire en priv\u00e9 dans une maison particuli\u00e8re (palais, ch\u00e2teau), il faut les r\u00e9mun\u00e9rer. Ce sont les \u2018hommes de l\u2019art\u2019, [&hellip;]<\/p>\n","protected":false},"author":22,"featured_media":0,"parent":1846,"menu_order":483,"comment_status":"open","ping_status":"open","template":"","meta":{"footnotes":""},"class_list":["post-1865","page","type-page","status-publish","hentry"],"jetpack_sharing_enabled":true,"_links":{"self":[{"href":"https:\/\/www.dramaction.qc.ca\/fr\/wp-json\/wp\/v2\/pages\/1865","targetHints":{"allow":["GET"]}}],"collection":[{"href":"https:\/\/www.dramaction.qc.ca\/fr\/wp-json\/wp\/v2\/pages"}],"about":[{"href":"https:\/\/www.dramaction.qc.ca\/fr\/wp-json\/wp\/v2\/types\/page"}],"author":[{"embeddable":true,"href":"https:\/\/www.dramaction.qc.ca\/fr\/wp-json\/wp\/v2\/users\/22"}],"replies":[{"embeddable":true,"href":"https:\/\/www.dramaction.qc.ca\/fr\/wp-json\/wp\/v2\/comments?post=1865"}],"version-history":[{"count":0,"href":"https:\/\/www.dramaction.qc.ca\/fr\/wp-json\/wp\/v2\/pages\/1865\/revisions"}],"up":[{"embeddable":true,"href":"https:\/\/www.dramaction.qc.ca\/fr\/wp-json\/wp\/v2\/pages\/1846"}],"wp:attachment":[{"href":"https:\/\/www.dramaction.qc.ca\/fr\/wp-json\/wp\/v2\/media?parent=1865"}],"curies":[{"name":"wp","href":"https:\/\/api.w.org\/{rel}","templated":true}]}}