{"id":1858,"date":"2011-01-28T11:52:14","date_gmt":"2011-01-28T16:52:14","guid":{"rendered":"http:\/\/www.dramaction.qc.ca\/fr\/"},"modified":"2011-01-28T12:48:10","modified_gmt":"2011-01-28T17:48:10","slug":"le-temps-des-auteurs","status":"publish","type":"page","link":"https:\/\/www.dramaction.qc.ca\/fr\/ressources\/histoire-du-theatre\/le-temps-des-auteurs\/","title":{"rendered":"Le temps des auteurs"},"content":{"rendered":"<p><span style=\"text-decoration: underline;\">Le \u2018temps des auteurs\u2019<\/span><\/p>\n<p>Au XVIe si\u00e8cle d\u00e9bute ce que les historiens du th\u00e9\u00e2tre appellent \u2018le temps des auteurs\u2019.<\/p>\n<p>En effet, d\u00e8s la fin du Moyen-Age, des \u00e9v\u00e9nements importants se produisent, qui vont entra\u00eener une <strong>mutation profonde du th\u00e9\u00e2tre<\/strong> :<\/p>\n<ul>\n<li>l\u2019invention      de l\u2019imprimerie permet aux id\u00e9es de circuler rapidement\u00a0;<\/li>\n<li>le          protestantisme (religion ajoutant la raison \u00e0 la foi)    appara\u00eet\u00a0;        c\u2019est la religion de la bourgeoisie industrieuse et   des         intellectuels\u00a0;<\/li>\n<li>la      Renaissance et la d\u00e9couverte   d\u2019une   civilisation enfouie,  ignor\u00e9e pendant      tout le Moyen-Age   chr\u00e9tien   car elle repr\u00e9sentait le  paganisme, donc le mal        absolu\u00a0;<\/li>\n<li>les        grandes d\u00e9couvertes de terres inconnues aux   richesses  immenses.   D\u2019o\u00f9 le      \u2018commerce des \u00e9pices et la notion,   nouvelle, de  ru\u00e9e vers   l\u2019argent (avant,      on \u00e9tait pauvre ou  riche  de p\u00e8re en  fils, et   c\u2019\u00e9tait irr\u00e9m\u00e9diable).<\/li>\n<\/ul>\n<p>De ce fait, les <strong>com\u00e9diens, b\u00e9n\u00e9voles<\/strong> (\u00e0 peine d\u00e9fray\u00e9s pour la  plupart) et drainant les foules devant les     cath\u00e9drales, veulent \u00e0  pr\u00e9sent que leur talent, leur savoir-faire  soit    r\u00e9tribu\u00e9. Les plus  motiv\u00e9s vont se professionnaliser.<\/p>\n<p>Pour cela, il leur faut jouer\u00a0:<\/p>\n<p>&#8211;\u00a0\u00a0\u00a0\u00a0\u00a0\u00a0\u00a0\u00a0     dans des lieux clos (pour faire payer une entr\u00e9e\u00a0; en  effet, la   qu\u00eate   sur les places publiques faisait \u2018fuir\u2019 le public au  moment de   donner   une r\u00e9tribution financi\u00e8re aux acteurs)\u00a0;<\/p>\n<p>&#8211;\u00a0\u00a0\u00a0\u00a0\u00a0\u00a0\u00a0\u00a0 devant un public, le plus riche possible (\u00e0 cause des frais)\u00a0;<\/p>\n<p>&#8211;\u00a0\u00a0\u00a0\u00a0\u00a0\u00a0\u00a0\u00a0 des pi\u00e8ces avec le moins de r\u00f4les possibles (moins il y a de com\u00e9diens, plus la recette est importante.<\/p>\n<p>Le <strong>th\u00e9\u00e2tre populaire<\/strong> (jou\u00e9 pour le plus grand nombre) <strong>dispara\u00eet peu \u00e0 peu<\/strong> pour faire place \u00e0 un <strong>th\u00e9\u00e2tre d\u2019origine savante<\/strong> (jou\u00e9 pour une minorit\u00e9 de spectateurs qui payent). C\u2019est la fin du      th\u00e9\u00e2tre \u2018f\u00eate\u2019, \u00e0 dates fixes et pour tous. Et le d\u00e9but du th\u00e9\u00e2tre      quotidien r\u00e9serv\u00e9 \u00e0 ceux qui ont les moyens de payer.<\/p>\n<p>Mais, c\u2019est     aussi\u2026L\u2019arriv\u00e9e officielle de la femme au th\u00e9\u00e2tre\u00a0: la   com\u00e9dienne\u00a0!\u00a0    (En fait, les com\u00e9diens font jouer leurs femmes, par   \u00e9conomie   d\u2019abord).  Dans une soci\u00e9t\u00e9 \u2018machiste\u2019, la com\u00e9dienne devra,   pendant   400 ans, se  partager entre son art et la galanterie. D\u2019o\u00f9 le   m\u00e9pris et   la  fascination pour les gens de th\u00e9\u00e2tre, qui aboutira \u00e0  leur     \u2018excommunication\u2019.<\/p>\n<p>C\u2019est le d\u00e9but du temps des auteurs, le th\u00e9\u00e2tre devient un genre litt\u00e9raire o\u00f9 le texte est fondamental.<\/p>\n<p>.<\/p>\n<hr \/>\n<p><em>Toutes les pages : <\/em><\/p>\n<ul>\n<li><a href=\"..\/ressources\/histoire-du-theatre\/la-prehistoire\/\">La Pr\u00e9histoire<\/a><\/li>\n<li><a href=\"..\/ressources\/histoire-du-theatre\/la-grece\/\">La Gr\u00e8ce<\/a><\/li>\n<li><a href=\"..\/ressources\/histoire-du-theatre\/rome\/\">Rome<\/a><\/li>\n<li><a href=\"..\/ressources\/histoire-du-theatre\/le-theatre-medieval\/\">Le th\u00e9\u00e2tre m\u00e9di\u00e9val<\/a><\/li>\n<li><a href=\"..\/ressources\/histoire-du-theatre\/le-theatre-profane\/\">Le th\u00e9\u00e2tre profane<\/a><\/li>\n<li><a href=\"..\/ressources\/histoire-du-theatre\/le-temps-des-auteurs\/\">Le temps des auteurs<\/a><\/li>\n<li><a href=\"..\/ressources\/histoire-du-theatre\/angleterre-le-theatre-elisabethain\/\">Angleterre : le th\u00e9\u00e2tre \u00e9lisab\u00e9thain<\/a><\/li>\n<li><a href=\"..\/ressources\/histoire-du-theatre\/l%E2%80%99italie-la-commedia-dell%E2%80%99arte\/\">L\u2019Italie : la Commedia Dell\u2019Arte <\/a>\n<ul>\n<li><a href=\"..\/ressources\/histoire-du-theatre\/la-comedie-des-masques\/\">La Com\u00e9die des Masques<\/a><\/li>\n<li><a href=\"..\/ressources\/histoire-du-theatre\/carlo-goldoni-et-carlo-gozzi\/\">Carlo Goldoni et Carlo Gozzi<\/a><\/li>\n<\/ul>\n<\/li>\n<li><a href=\"..\/ressources\/histoire-du-theatre\/la-france-le-monopole\/\">La France : le Monopole <\/a>\n<ul>\n<li><a href=\"..\/ressources\/histoire-du-theatre\/la-france-le-monopole\/confreres-de-la-passion\/\">Confr\u00e8res de la Passion<\/a><\/li>\n<li><a href=\"..\/ressources\/histoire-du-theatre\/la-france-le-monopole\/hotel-de-bourgogne\/\">H\u00f4tel de Bourgogne<\/a><\/li>\n<li><a href=\"..\/ressources\/histoire-du-theatre\/la-france-le-monopole\/le-cardinal-de-richelieu\/\">Le Cardinal de Richelieu<\/a><\/li>\n<li><a href=\"..\/ressources\/histoire-du-theatre\/la-france-le-monopole\/excommunication-des-comediens\/\">Excommunication des com\u00e9diens<\/a><\/li>\n<\/ul>\n<\/li>\n<li><a href=\"..\/ressources\/histoire-du-theatre\/apres-moliere%E2%80%A6-la-comedie-francaise\/\">Apr\u00e8s Moli\u00e8re\u2026 La Com\u00e9die-Fran\u00e7aise<\/a><\/li>\n<li><a href=\"..\/ressources\/histoire-du-theatre\/la-foire\/\">La Foire<\/a><\/li>\n<li><a href=\"..\/ressources\/histoire-du-theatre\/le-temps-de-voltaire-1694-1778-de-marivaux-1688-1763\/\">le temps de Voltaire (1694-1778), de Marivaux (1688-1763)<\/a><\/li>\n<li><a href=\"..\/ressources\/histoire-du-theatre\/le-boulevard-du-temple-boulevard-du-crime\/\">Le Boulevard du Temple\u2026 Boulevard du Crime<\/a><\/li>\n<li><a href=\"..\/ressources\/histoire-du-theatre\/1791-enfin-la-liberte-des-theatres-en-france\/\">1791 : enfin, la libert\u00e9 des th\u00e9\u00e2tres en France<\/a><\/li>\n<li><a href=\"..\/ressources\/histoire-du-theatre\/au-xixe-siecle\/\">Au XIXe si\u00e8cle<\/a><\/li>\n<li><a href=\"..\/ressources\/histoire-du-theatre\/les-metteurs-en-scene\/\">Fin du XIXe, XXe si\u00e8cle : les metteurs en sc\u00e8ne <\/a>\n<ul>\n<li><a href=\"..\/ressources\/histoire-du-theatre\/les-metteurs-en-scene\/andre-antoine-1858-%E2%80%93-1943\/\">Andr\u00e9 Antoine (1858 \u2013 1943)<\/a><\/li>\n<li><a href=\"..\/ressources\/histoire-du-theatre\/les-metteurs-en-scene\/alfred-jarry-1873-1907\/\">Alfred Jarry (1873-1907)<\/a><\/li>\n<li><a href=\"..\/ressources\/histoire-du-theatre\/les-metteurs-en-scene\/antonin-artaud-1896-1948\/\">Antonin Artaud (1896-1948)<\/a><\/li>\n<li><a href=\"..\/ressources\/histoire-du-theatre\/les-metteurs-en-scene\/constantin-stanislavski-le-realiste-1863-1938\/\">Constantin Stanislavski le r\u00e9aliste (1863-1938)<\/a><\/li>\n<li><a href=\"..\/ressources\/histoire-du-theatre\/les-metteurs-en-scene\/anton-tchekhov-1860-1904\/\">Anton Tch\u00e9khov (1860-1904)<\/a><\/li>\n<li><a href=\"..\/ressources\/histoire-du-theatre\/les-metteurs-en-scene\/erwin-piscator-1893-1966\/\">Erwin Piscator (1893-1966)<\/a><\/li>\n<li><a href=\"..\/ressources\/histoire-du-theatre\/les-metteurs-en-scene\/bertolt-brecht-1898-1956\/\">Bertolt Brecht (1898-1956)<\/a><\/li>\n<li><a href=\"..\/ressources\/histoire-du-theatre\/les-metteurs-en-scene\/le-tnp-theatre-national-populaire-de-jean-vilar-1912-1971\/\">Le TNP (Th\u00e9\u00e2tre National Populaire) de Jean Vilar (1912-1971)<\/a><\/li>\n<\/ul>\n<\/li>\n<li><a href=\"..\/ressources\/histoire-du-theatre\/le-happening\/\">Les ann\u00e9es soixante <\/a>\n<ul>\n<li><a href=\"..\/ressources\/histoire-du-theatre\/grotowski-et-le-theatre-pauvre\/\">Grotowski et le Th\u00e9\u00e2tre Pauvre<\/a><\/li>\n<li><a href=\"..\/ressources\/histoire-du-theatre\/augusto-boal\/\">Augusto Boal (1931 \u2013 2009)<\/a><\/li>\n<\/ul>\n<\/li>\n<\/ul>\n","protected":false},"excerpt":{"rendered":"<p>Le \u2018temps des auteurs\u2019 Au XVIe si\u00e8cle d\u00e9bute ce que les historiens du th\u00e9\u00e2tre appellent \u2018le temps des auteurs\u2019. En effet, d\u00e8s la fin du Moyen-Age, des \u00e9v\u00e9nements importants se produisent, qui vont entra\u00eener une mutation profonde du th\u00e9\u00e2tre : l\u2019invention de l\u2019imprimerie permet aux id\u00e9es de circuler rapidement\u00a0; le protestantisme (religion ajoutant la raison [&hellip;]<\/p>\n","protected":false},"author":22,"featured_media":0,"parent":1846,"menu_order":481,"comment_status":"open","ping_status":"open","template":"","meta":{"footnotes":""},"class_list":["post-1858","page","type-page","status-publish","hentry"],"jetpack_sharing_enabled":true,"_links":{"self":[{"href":"https:\/\/www.dramaction.qc.ca\/fr\/wp-json\/wp\/v2\/pages\/1858","targetHints":{"allow":["GET"]}}],"collection":[{"href":"https:\/\/www.dramaction.qc.ca\/fr\/wp-json\/wp\/v2\/pages"}],"about":[{"href":"https:\/\/www.dramaction.qc.ca\/fr\/wp-json\/wp\/v2\/types\/page"}],"author":[{"embeddable":true,"href":"https:\/\/www.dramaction.qc.ca\/fr\/wp-json\/wp\/v2\/users\/22"}],"replies":[{"embeddable":true,"href":"https:\/\/www.dramaction.qc.ca\/fr\/wp-json\/wp\/v2\/comments?post=1858"}],"version-history":[{"count":0,"href":"https:\/\/www.dramaction.qc.ca\/fr\/wp-json\/wp\/v2\/pages\/1858\/revisions"}],"up":[{"embeddable":true,"href":"https:\/\/www.dramaction.qc.ca\/fr\/wp-json\/wp\/v2\/pages\/1846"}],"wp:attachment":[{"href":"https:\/\/www.dramaction.qc.ca\/fr\/wp-json\/wp\/v2\/media?parent=1858"}],"curies":[{"name":"wp","href":"https:\/\/api.w.org\/{rel}","templated":true}]}}