{"id":1856,"date":"2011-01-28T11:50:31","date_gmt":"2011-01-28T16:50:31","guid":{"rendered":"http:\/\/www.dramaction.qc.ca\/fr\/"},"modified":"2011-01-28T12:47:00","modified_gmt":"2011-01-28T17:47:00","slug":"le-theatre-medieval","status":"publish","type":"page","link":"https:\/\/www.dramaction.qc.ca\/fr\/ressources\/histoire-du-theatre\/le-theatre-medieval\/","title":{"rendered":"Le th\u00e9\u00e2tre m\u00e9di\u00e9val"},"content":{"rendered":"<p><span style=\"text-decoration: underline;\">Le th\u00e9\u00e2tre m\u00e9di\u00e9val<\/span><\/p>\n<p>Il   faudra aller au-del\u00e0 de l\u2019an  mil et de son cort\u00e8ge d\u2019angoisses de  fin   du monde, pour retrouver le  th\u00e9\u00e2tre, \u00e0 nouveau suscit\u00e9 par la   religion.  En latin d\u2019abord, en  langue \u2018vulgaire\u2019 (du pays, du peuple)   ensuite,  il rena\u00eet dans toute  l\u2019Europe et prendra respectivement la   forme\u00a0du  drame liturgique aux  XIe et XIIe si\u00e8cles, du Jeu au XIIIe   si\u00e8cle, du  Miracle au XIVe  si\u00e8cle et du Myst\u00e8re aux XVe et dans la   premi\u00e8re moiti\u00e9  du XVIe  si\u00e8cles.<\/p>\n<p><span style=\"text-decoration: underline;\">Le drame liturgique<\/span><\/p>\n<p>Jou\u00e9  \u00e0  l\u2019int\u00e9rieur  de l\u2019\u00e9glise, le drame liturgique a pour mission   d\u2019illustrer  les  Ecritures saintes en en \u2018jouant\u2019 des passages c\u00e9l\u00e8bres   dans de   courtes sc\u00e8nes se d\u00e9roulant dans le ch\u0153ur ou la nef de  l\u2019\u00e9glise.<\/p>\n<p>Physiquement tr\u00e8s proches du public (des fid\u00e8les) donc pas de distance, pas de sc\u00e8ne, les <strong>acteurs<\/strong> sont des <strong>pr\u00eatres ou des clercs<\/strong>,     peu costum\u00e9s, qui dialoguent par \u2018tropes\u2019, des interpolations dans   les   textes sacr\u00e9s. Les textes en latin sont progressivement   entrecoup\u00e9s de   passages <strong>en langue populaire<\/strong>, ce qui contribue largement au succ\u00e8s de ces pi\u00e8ces aupr\u00e8s du public (enfin, il comprend).<\/p>\n<p>En 1165, le \u2018Drame d\u2019Adam\u2019 (auteur anonyme) marque un v\u00e9ritable passage vers le th\u00e9\u00e2tre\u00a0: le <strong>dialogue y est enlev\u00e9<\/strong> (enti\u00e8rement en <strong>langue \u2018vulgaire\u2019<\/strong>), l\u2019acteur se d\u00e9place entre deux d\u00e9cors, <strong>dans l\u2019action<\/strong>.<\/p>\n<p><span style=\"text-decoration: underline;\">Le Jeu et le Jeu profane<\/span><\/p>\n<p>Au    XIIIe si\u00e8cle appara\u00eet le Jeu, sorte de drame liturgique beaucoup   plus   long (on passe de 100 \u00e0 1000 vers. Le Jeu se caract\u00e9rise par les    sujets  trait\u00e9s en marge des Ecritures puisqu\u2019il introduit, dans le   th\u00e8me   religieux, des anecdotes, des l\u00e9gendes populaires. Les auteurs   sont   souvent anonymes. On retiendra toutefois un nom\u00a0: \u00e0 la fin du   XIIe   si\u00e8cle, Jean Bodel, consid\u00e9r\u00e9 comme le premier auteur dramatique     fran\u00e7ais\u00a0a \u00e9crit \u2018Le Jeu de Saint Nicolas\u2019, un drame liturgique qui     tient plus du roman d\u2019aventures que du r\u00e9cit religieux.<\/p>\n<p>Ces  Jeux   profanes ont la faveur du public\u00a0; c\u2019est ainsi qu\u2019ils seront    introduits  entre les Jeux d\u2019inspiration religieuses\u00a0; ils se    d\u00e9rouleront hors de  l\u2019\u00e9glise.<\/p>\n<p>Adam de la Halle \u00e9crira des Jeux   profanes rest\u00e9s  c\u00e9l\u00e8bres\u00a0: le \u2018Jeu  de la Feuill\u00e9e\u2019 et le \u2018Jeu de Robin   et Marion\u2019, dont  on dit qu\u2019il  s\u2019agissait du premier op\u00e9ra-comique   fran\u00e7ais (le texte,  en octosyllabes  \u00e9tait accompagn\u00e9 de musique).<\/p>\n<p>Ces Jeux profanes \u00e9taient mont\u00e9s par les <strong>\u2018Puys\u2019, soci\u00e9t\u00e9s de com\u00e9diens la\u00efcs<\/strong> (participant aussi aux Jeux religieux).<\/p>\n<p><span style=\"text-decoration: underline;\"> <\/span><\/p>\n<p><span style=\"text-decoration: underline;\"> <\/span><\/p>\n<p><span style=\"text-decoration: underline;\">Le Miracle<\/span><\/p>\n<p>Cette    fois, le jeu se d\u00e9place sur le parvis de l\u2019\u00e9glise. C\u2019est le  Miracle,    qui raconte la vie d\u2019un saint ou une l\u00e9gende historique, un  fait   divers  se terminant par l\u2019intervention du saint, qui arrange tout.  Le   plus  ancien miracle est du trouv\u00e8re Rutebeuf (1270) et s\u2019intitule \u2018Le     miracle de Th\u00e9ophile\u2019.<\/p>\n<p>Le Miracle s\u2019est install\u00e9 pendant tout  le   XIVe si\u00e8cle, qui est aussi  celui de la guerre de Cent Ans. Ce qui    expliquerait qu\u2019au cours du  temps, ces \u0153uvres aient \u00e9t\u00e9 d\u2019inspiration    de plus en plus morbide, pour  r\u00e9pondre aux attentes du public    (c\u2019\u00e9taient un peu les films d\u2019horreur de  l\u2019\u00e9poque).<\/p>\n<p>\u00ab\u00a0Tir\u00e9s de    \u2018causes c\u00e9l\u00e8bres\u2019, de drames l\u00e9gendaires quelque peu  historiques, des    \u00e9pop\u00e9es du pass\u00e9, on peut dire que les Miracles  contiennent en germe    les th\u00e9\u00e2tres \u00e9lisab\u00e9thains et jacob\u00e9ens\u00a0:  \u2018histories\u2019, trag\u00e9dies \u00e0 la    \u2018Macbeth\u2019\u2026\u00a0\u00bb (Andr\u00e9 Degaine, Histoire du  th\u00e9\u00e2tre dessin\u00e9e, p. 87.)<\/p>\n<p><span style=\"text-decoration: underline;\">Le Myst\u00e8re<\/span><\/p>\n<p>Apparu    au XVe si\u00e8cle, le myst\u00e8re se joue sur le parvis, mais aussi  sur la    place publique. Le mot vient du latin \u2018ministerium\u2019 qui  signifie\u00a0: <strong>minist\u00e8re, service public<\/strong>. Nous retrouvons ici, comme en Gr\u00e8ce, la notion d\u2019enseignement, de service public (ici, l\u2019histoire sainte) <strong>offert \u00e0 l\u2019ensemble de la population<\/strong>, toutes classes confondues, sous la forme d\u2019un divertissement.<\/p>\n<p>Le    Myst\u00e8re se joue devant la ville enti\u00e8re, pendant plusieurs jours,   aux   grandes f\u00eates religieuses comme No\u00ebl, P\u00e2ques et la Pentec\u00f4te. Il  met   en  sc\u00e8ne deux cents personnages, parfois cinq cents, et <strong>une centaine d\u2019acteurs<\/strong> est n\u00e9cessaire pour le jouer, sans compter les figurants. Ces acteurs jouent sans <strong>aucune unit\u00e9 de lieu, de temps ou d\u2019action<\/strong>, \u00e0 m\u00eame la place publique, devant des tribunes surcharg\u00e9es de spectateurs.<\/p>\n<p>Pas de coulisses, tout doit \u00eatre montr\u00e9. Les <strong>com\u00e9diens<\/strong> sont parfois confront\u00e9s \u00e0 <strong>de r\u00e9els dangers<\/strong> pour combler le go\u00fbt du r\u00e9alisme \u00e0 outrance de l\u2019auteur du myst\u00e8re.     Invention des \u2018mansions\u2019, des \u2018maisons\u2019 (sortes de mini-sc\u00e8nes     repr\u00e9sentant un lieu, une mansion-auberge, une mansion-palais\u2026)<\/p>\n<p>Partout se cr\u00e9ent des <strong>\u2018confr\u00e9ries\u2019, \u00e9normes troupes d\u2019acteurs amateurs masculins<\/strong> rassemblant des pr\u00eatres, des nobles, des bourgeois, des artisans. A     Paris, le monopole du th\u00e9\u00e2tre religieux est donn\u00e9 aux \u2018Confr\u00e8res de la     Passion\u2019 (troupe cr\u00e9\u00e9e en 1398) et durera pendant plus de 400 ans     (jusqu\u2019\u00e0 la r\u00e9volution fran\u00e7aise).<\/p>\n<p>Quant aux auteurs des    myst\u00e8res, ce sont des hommes de th\u00e9\u00e2tre  complets. Pour eux, le texte    n\u2019est qu\u2019une des composantes de la  repr\u00e9sentation. La mise en sc\u00e8ne est    primordiale\u00a0et doit garantir le  r\u00e9alisme de l\u2019\u0153uvre. Le myst\u00e8re    fran\u00e7ais rayonnera dans toute l\u2019Europe.<\/p>\n<p>.<\/p>\n<hr \/>\n<p><em>Toutes les pages : <\/em><\/p>\n<ul>\n<li><a href=\"..\/ressources\/histoire-du-theatre\/la-prehistoire\/\">La Pr\u00e9histoire<\/a><\/li>\n<li><a href=\"..\/ressources\/histoire-du-theatre\/la-grece\/\">La Gr\u00e8ce<\/a><\/li>\n<li><a href=\"..\/ressources\/histoire-du-theatre\/rome\/\">Rome<\/a><\/li>\n<li><a href=\"..\/ressources\/histoire-du-theatre\/le-theatre-medieval\/\">Le th\u00e9\u00e2tre m\u00e9di\u00e9val<\/a><\/li>\n<li><a href=\"..\/ressources\/histoire-du-theatre\/le-theatre-profane\/\">Le th\u00e9\u00e2tre profane<\/a><\/li>\n<li><a href=\"..\/ressources\/histoire-du-theatre\/le-temps-des-auteurs\/\">Le temps des auteurs<\/a><\/li>\n<li><a href=\"..\/ressources\/histoire-du-theatre\/angleterre-le-theatre-elisabethain\/\">Angleterre : le th\u00e9\u00e2tre \u00e9lisab\u00e9thain<\/a><\/li>\n<li><a href=\"..\/ressources\/histoire-du-theatre\/l%E2%80%99italie-la-commedia-dell%E2%80%99arte\/\">L\u2019Italie : la Commedia Dell\u2019Arte <\/a>\n<ul>\n<li><a href=\"..\/ressources\/histoire-du-theatre\/la-comedie-des-masques\/\">La Com\u00e9die des Masques<\/a><\/li>\n<li><a href=\"..\/ressources\/histoire-du-theatre\/carlo-goldoni-et-carlo-gozzi\/\">Carlo Goldoni et Carlo Gozzi<\/a><\/li>\n<\/ul>\n<\/li>\n<li><a href=\"..\/ressources\/histoire-du-theatre\/la-france-le-monopole\/\">La France : le Monopole <\/a>\n<ul>\n<li><a href=\"..\/ressources\/histoire-du-theatre\/la-france-le-monopole\/confreres-de-la-passion\/\">Confr\u00e8res de la Passion<\/a><\/li>\n<li><a href=\"..\/ressources\/histoire-du-theatre\/la-france-le-monopole\/hotel-de-bourgogne\/\">H\u00f4tel de Bourgogne<\/a><\/li>\n<li><a href=\"..\/ressources\/histoire-du-theatre\/la-france-le-monopole\/le-cardinal-de-richelieu\/\">Le Cardinal de Richelieu<\/a><\/li>\n<li><a href=\"..\/ressources\/histoire-du-theatre\/la-france-le-monopole\/excommunication-des-comediens\/\">Excommunication des com\u00e9diens<\/a><\/li>\n<\/ul>\n<\/li>\n<li><a href=\"..\/ressources\/histoire-du-theatre\/apres-moliere%E2%80%A6-la-comedie-francaise\/\">Apr\u00e8s Moli\u00e8re\u2026 La Com\u00e9die-Fran\u00e7aise<\/a><\/li>\n<li><a href=\"..\/ressources\/histoire-du-theatre\/la-foire\/\">La Foire<\/a><\/li>\n<li><a href=\"..\/ressources\/histoire-du-theatre\/le-temps-de-voltaire-1694-1778-de-marivaux-1688-1763\/\">le temps de Voltaire (1694-1778), de Marivaux (1688-1763)<\/a><\/li>\n<li><a href=\"..\/ressources\/histoire-du-theatre\/le-boulevard-du-temple-boulevard-du-crime\/\">Le Boulevard du Temple\u2026 Boulevard du Crime<\/a><\/li>\n<li><a href=\"..\/ressources\/histoire-du-theatre\/1791-enfin-la-liberte-des-theatres-en-france\/\">1791 : enfin, la libert\u00e9 des th\u00e9\u00e2tres en France<\/a><\/li>\n<li><a href=\"..\/ressources\/histoire-du-theatre\/au-xixe-siecle\/\">Au XIXe si\u00e8cle<\/a><\/li>\n<li><a href=\"..\/ressources\/histoire-du-theatre\/les-metteurs-en-scene\/\">Fin du XIXe, XXe si\u00e8cle : les metteurs en sc\u00e8ne <\/a>\n<ul>\n<li><a href=\"..\/ressources\/histoire-du-theatre\/les-metteurs-en-scene\/andre-antoine-1858-%E2%80%93-1943\/\">Andr\u00e9 Antoine (1858 \u2013 1943)<\/a><\/li>\n<li><a href=\"..\/ressources\/histoire-du-theatre\/les-metteurs-en-scene\/alfred-jarry-1873-1907\/\">Alfred Jarry (1873-1907)<\/a><\/li>\n<li><a href=\"..\/ressources\/histoire-du-theatre\/les-metteurs-en-scene\/antonin-artaud-1896-1948\/\">Antonin Artaud (1896-1948)<\/a><\/li>\n<li><a href=\"..\/ressources\/histoire-du-theatre\/les-metteurs-en-scene\/constantin-stanislavski-le-realiste-1863-1938\/\">Constantin Stanislavski le r\u00e9aliste (1863-1938)<\/a><\/li>\n<li><a href=\"..\/ressources\/histoire-du-theatre\/les-metteurs-en-scene\/anton-tchekhov-1860-1904\/\">Anton Tch\u00e9khov (1860-1904)<\/a><\/li>\n<li><a href=\"..\/ressources\/histoire-du-theatre\/les-metteurs-en-scene\/erwin-piscator-1893-1966\/\">Erwin Piscator (1893-1966)<\/a><\/li>\n<li><a href=\"..\/ressources\/histoire-du-theatre\/les-metteurs-en-scene\/bertolt-brecht-1898-1956\/\">Bertolt Brecht (1898-1956)<\/a><\/li>\n<li><a href=\"..\/ressources\/histoire-du-theatre\/les-metteurs-en-scene\/le-tnp-theatre-national-populaire-de-jean-vilar-1912-1971\/\">Le TNP (Th\u00e9\u00e2tre National Populaire) de Jean Vilar (1912-1971)<\/a><\/li>\n<\/ul>\n<\/li>\n<li><a href=\"..\/ressources\/histoire-du-theatre\/le-happening\/\">Les ann\u00e9es soixante <\/a>\n<ul>\n<li><a href=\"..\/ressources\/histoire-du-theatre\/grotowski-et-le-theatre-pauvre\/\">Grotowski et le Th\u00e9\u00e2tre Pauvre<\/a><\/li>\n<li><a href=\"..\/ressources\/histoire-du-theatre\/augusto-boal\/\">Augusto Boal (1931 \u2013 2009)<\/a><\/li>\n<\/ul>\n<\/li>\n<\/ul>\n<p><span style=\"text-decoration: underline;\"> <\/span><\/p>\n","protected":false},"excerpt":{"rendered":"<p>Le th\u00e9\u00e2tre m\u00e9di\u00e9val Il faudra aller au-del\u00e0 de l\u2019an mil et de son cort\u00e8ge d\u2019angoisses de fin du monde, pour retrouver le th\u00e9\u00e2tre, \u00e0 nouveau suscit\u00e9 par la religion. En latin d\u2019abord, en langue \u2018vulgaire\u2019 (du pays, du peuple) ensuite, il rena\u00eet dans toute l\u2019Europe et prendra respectivement la forme\u00a0du drame liturgique aux XIe et [&hellip;]<\/p>\n","protected":false},"author":22,"featured_media":0,"parent":1846,"menu_order":479,"comment_status":"open","ping_status":"open","template":"","meta":{"footnotes":""},"class_list":["post-1856","page","type-page","status-publish","hentry"],"jetpack_sharing_enabled":true,"_links":{"self":[{"href":"https:\/\/www.dramaction.qc.ca\/fr\/wp-json\/wp\/v2\/pages\/1856","targetHints":{"allow":["GET"]}}],"collection":[{"href":"https:\/\/www.dramaction.qc.ca\/fr\/wp-json\/wp\/v2\/pages"}],"about":[{"href":"https:\/\/www.dramaction.qc.ca\/fr\/wp-json\/wp\/v2\/types\/page"}],"author":[{"embeddable":true,"href":"https:\/\/www.dramaction.qc.ca\/fr\/wp-json\/wp\/v2\/users\/22"}],"replies":[{"embeddable":true,"href":"https:\/\/www.dramaction.qc.ca\/fr\/wp-json\/wp\/v2\/comments?post=1856"}],"version-history":[{"count":0,"href":"https:\/\/www.dramaction.qc.ca\/fr\/wp-json\/wp\/v2\/pages\/1856\/revisions"}],"up":[{"embeddable":true,"href":"https:\/\/www.dramaction.qc.ca\/fr\/wp-json\/wp\/v2\/pages\/1846"}],"wp:attachment":[{"href":"https:\/\/www.dramaction.qc.ca\/fr\/wp-json\/wp\/v2\/media?parent=1856"}],"curies":[{"name":"wp","href":"https:\/\/api.w.org\/{rel}","templated":true}]}}