{"id":1854,"date":"2011-01-28T11:48:55","date_gmt":"2011-01-28T16:48:55","guid":{"rendered":"http:\/\/www.dramaction.qc.ca\/fr\/"},"modified":"2011-01-28T12:46:38","modified_gmt":"2011-01-28T17:46:38","slug":"rome","status":"publish","type":"page","link":"https:\/\/www.dramaction.qc.ca\/fr\/ressources\/histoire-du-theatre\/rome\/","title":{"rendered":"Rome"},"content":{"rendered":"<p><span style=\"text-decoration: underline;\">Rome<\/span><\/p>\n<p>La  R\u00e9publique romaine (apog\u00e9e de Rome) commence  vers -500 avant  J.-C., au  moment de la naissance du th\u00e9\u00e2tre en Gr\u00e8ce,  et durera 500 ans.  A cette  \u00e9poque, les Romains sont des citoyens,  guerriers, disciplin\u00e9s  et  responsables.<\/p>\n<p>Pendant la p\u00e9riode de  l\u2019Empire romain, qui durera  encore 500 ans  (jusqu\u2019en 476, \u00e0 la chute  de l\u2019Empire romain  d\u2019occident), les Romains ne  seront plus que de  simples sujets, passifs,  sans responsabilit\u00e9,  confiant tout travail,  m\u00eame la guerre \u00e0 des  non-citoyens, souvent des  \u00e9trangers. Ce qui leur  laisse tout le temps  de s\u2019amuser et de go\u00fbter  immod\u00e9r\u00e9ment aux  spectacles et aux jeux.<\/p>\n<p><span style=\"text-decoration: underline;\">Au Ve si\u00e8cle avant J.-C. &#8211; Les farces militaires<\/span><\/p>\n<p>Rome   est une nation de proie et de conqu\u00eates. Les soldats, pour f\u00eater  les   prises de butins, festoient goul\u00fbment en contemplant le tr\u00e9sor et  se   livrent ensuite \u00e0 des jeux sc\u00e9niques sous la forme de farces cocasses    caricaturales. Ils \u00e9taient obligatoirement masqu\u00e9s, le <strong>masque pr\u00e9servant l\u2019anonymat<\/strong> et stylisant le personnage. C\u2019\u00e9taient des <strong>citoyens romains<\/strong>, les <strong>non-citoyens ne pouvant l\u00e9galement masquer leur visage<\/strong>. Le masque pr\u00e9serve l\u2019anonymat, \u00f4te la timidit\u00e9, stylise le personnage et le rend m\u00eame fascinant .<\/p>\n<p><span style=\"text-decoration: underline;\">En -364, des jeux sc\u00e9niques contre la peste\u2026<\/span><\/p>\n<p>A   cette \u00e9poque, la peste frappe Rome et tout est d\u00e9vast\u00e9. Les pr\u00eatres    affirment que les Etrusques (peuplade d\u2019Italie centrale conquise par    Rome) connaissent des jeux sc\u00e9niques ayant le pouvoir (magique\u00a0?)    d\u2019\u00e9loigner la peste.<\/p>\n<p>Des Etrusques sont alors ramen\u00e9s \u00e0 Rome. Ce sont des <strong>saltimbanques raffin\u00e9s<\/strong>,    chanteurs, danseurs, jongleurs, prestidigitateurs, portant des   costumes  bizarres et inqui\u00e9tants, qui installent leurs tr\u00e9teaux en   pleine ville  pour se livrer \u00e0 des \u2018jeux sc\u00e9niques\u2019. <strong>L\u2019estrade est r\u00e9serv\u00e9e aux \u2018com\u00e9diens\u2019 et interdite aux citoyens romains<\/strong> : si un citoyen romain devait y monter, il serait frapp\u00e9 <strong>d\u2019infamie et perdrait ses droits civiques.<\/strong><\/p>\n<p>Consid\u00e9r\u00e9s comme un rem\u00e8de magique et livr\u00e9s par une <strong>peuplade m\u00e9pris\u00e9e<\/strong> (\u2018des vaincus\u2019), ces jeux fascinent les Romains, tout en les effrayant.<\/p>\n<p>On peut y voir une <strong>premi\u00e8re \u2018mal\u00e9diction\u2019 des com\u00e9diens<\/strong> et la source de toutes les autres, notamment leur excommunication par l\u2019Eglise (lev\u00e9e seulement en 1922\u00a0!)<\/p>\n<p>La   peste disparue, ces jeux \u00e9trusques donn\u00e9s aux quatre coins de la   ville  sont int\u00e9gr\u00e9s aux \u2018ludi\u2019, ou jeux de l\u2019hippodrome, sortes de    c\u00e9r\u00e9monies religieuses en l\u2019honneur d\u2019un dieu, d\u2019un g\u00e9n\u00e9ral victorieux    ou d\u2019un riche patricien, par exemple.<\/p>\n<p>Les <strong>acteurs\u00a0 appel\u00e9s \u2018histrions\u2019<\/strong> ne sont plus exclusivement des Etrusques, mais aussi des <strong>esclaves<\/strong> ou des <strong>affranchis<\/strong>, toujours interdits de porter le masque.<\/p>\n<p><span style=\"text-decoration: underline;\">En -241, les Romains d\u00e9couvrent le th\u00e9\u00e2tre grec\u2026<\/span><\/p>\n<p>Les   jeux \u00e9trusques sont remplac\u00e9s par les jeux grecs, qui eux,  racontent   une histoire. Le th\u00e9\u00e2tre grec devient bient\u00f4t la principale  attraction   des \u2018ludi\u2019.<\/p>\n<p>La trag\u00e9die grecque (cothurnata) a la faveur du   public romain. Les  acteurs portent des cothurnes d\u00e9mesur\u00e9s et pas de   masque. Ce sont les <strong>\u2018histrions\u2019<\/strong> des jeux \u00e9trusques, esclaves ou affranchis. Et toujours <strong>non citoyens<\/strong>.    Ce sont aussi des professionnels, sous l\u2019autorit\u00e9 d\u2019un professionnel    (dominus gregis = chef du troupeau ou de la troupe). Ils sont <strong>au ban de la soci\u00e9t\u00e9<\/strong>, mais parfois riches et c\u00e9l\u00e8bres aussi et exercent alors une v\u00e9ritable <strong>fascination<\/strong> sur le public. Bien s\u00fbr, en tant que non citoyens, ils n\u2019ont pas le    droit de porter le masque. Ils se maquillent et font des jeux de    physionomie du visage qui imitent le masque.<\/p>\n<p>Les auteurs   pastichent les auteurs grecs (pas d\u2019adaptation ni de  traduction) et   vendent leurs pi\u00e8ces.\u00a0 Mais pour les Romains, il est  impensable que les   probl\u00e8mes de la R\u00e9publique soient port\u00e9s \u00e0 la sc\u00e8ne  et que des   \u2018le\u00e7ons\u2019 sortent de la bouche des histrions, ces esclaves de  Rome (il   n\u2019y a pas de th\u00e9\u00e2tre civique transpos\u00e9 \u00e0 Rome).<\/p>\n<p><span style=\"text-decoration: underline;\">Exodium<\/span><\/p>\n<p>Les riches patriciens n\u2019appr\u00e9cient pas qu\u2019avec le th\u00e9\u00e2tre grec, ce soit en quelque sorte <strong>l\u2019intellectualisme m\u00e9t\u00e8que<\/strong> qui occupe l\u2019avant de la sc\u00e8ne. Ils veulent des farces, des satires\u00a0:    les Atellanes, sortes de farces campagnardes, vaudevillesques\u2019 parl\u00e9es    et dans\u00e9es. c\u2019est un peu l\u2019origine du mime.<\/p>\n<p>C\u2019est \u00e0 ce moment   aussi que sera cr\u00e9\u00e9 l\u2019exodium, farce comique jou\u00e9e  apr\u00e8s la trag\u00e9die   par de jeunes citoyens romains masqu\u00e9s (sorte de  parodie de la trag\u00e9die   qui venait de se jouer).<\/p>\n<p><span style=\"text-decoration: underline;\">Plaute et la Palliata<\/span><\/p>\n<p>La   Palliata est, pour nous, typique du th\u00e9\u00e2tre latin pour la bonne   raison  que ses auteurs Plaute et T\u00e9rence entre autres, sont les seuls    dramaturges latins ( avec S\u00e9n\u00e8que, tragique tardif) \u00e0 avoir \u00e9chapp\u00e9 aux    destructions diverses de leurs \u0153uvres au cours des si\u00e8cles.<\/p>\n<p>Mais le public de l\u2019\u00e9poque lui pr\u00e9f\u00e9rait la trag\u00e9die et les farces de l\u2019exodium, ayant sans doute largement inspir\u00e9 Plaute.<\/p>\n<p>Plaute   (de -251 \u00e0 -184) \u00e9tait un citoyen romain d\u2019origine modeste.  Auteur de   com\u00e9dies\u00a0: des palliatae. Mauvais acteur, il \u00e9crit pour vivre.    Largement inspir\u00e9 de M\u00e9nandre (voir plus haut \u2013 Com\u00e9die nouvelle en    Gr\u00e8ce) et de ses farces Il devient le ma\u00eetre de la com\u00e9die \u2018motoria\u2019    (mouvement\u00e9e). Parmi ses \u0153uvres\u00a0: <em>Amphitryon, Aulularia, <\/em>dont Moli\u00e8re tirera l\u2019Avare.<\/p>\n<p>Les <strong>acteurs <\/strong>de ces com\u00e9dies sont des <strong>professionnels, sans masque<\/strong>,    qui jouent notamment en langage cod\u00e9 (jeux de doigts). Pourquoi\u00a0? Se    produisant devant un public de 2.000 \u00e0 3.000 personnes, debout,    entendant et voyant mal, les acteurs doivent se faire \u2018voir\u2019 autrement.    Leurs textes sont chant\u00e9s (canticum) et sont constitu\u00e9s de nombreux    monologues, donnant aux acteurs l\u2019occasion de <strong>\u2018faire leur num\u00e9ro\u2019 et de montrer leur savoir-faire<\/strong>.<\/p>\n<p><span style=\"text-decoration: underline;\">Roscius, l\u2019acteur \u2018vedette\u2019<\/span><\/p>\n<p>A l\u2019apog\u00e9e de la R\u00e9publique, un acteur marquera son temps. <strong>Roscius, non citoyen romain, n\u00e9 d\u2019un p\u00e8re affranchi<\/strong>. Devient rapidement un acteur en vue (com\u00e9dien, danseur, chanteur). Technicien de th\u00e9\u00e2tre et professeur hors pair, il \u00e9crit <strong>des trait\u00e9s sur le th\u00e9\u00e2tre (De Actor). Il ne veut plus que l\u2019on parle d\u2019histrions en pa<\/strong>rlant des acteurs mais souhaite que ceux-ci puissent \u00eatre des<strong> citoyens \u00e0 part enti\u00e8re. Il impose d\u2019ailleurs le port du masque<\/strong> (interdit aux acteurs, car non citoyens romains, \u00e0 l\u2019exception des jeunes romains masqu\u00e9s qui se produisent dans les<\/p>\n<p>exodiums), <strong>contre toute l\u00e9galit\u00e9<\/strong>. Son influence durera jusqu\u2019\u00e0 la fin de la R\u00e9publique (-27).<\/p>\n<p>Car ensuite, deux formes de spectacle remplaceront la trag\u00e9die, la com\u00e9die et l\u2019atellane:<\/p>\n<ul>\n<li>le      mime\u00a0; pi\u00e8ce faite d\u2019une suite de sketches \u2018vaudevillesques\u2019 o\u00f9 l\u2019on      parle et o\u00f9 <strong>les femmes apparaissent comme danseuses\u00a0;<\/strong><\/li>\n<li>la        pantomime\u00a0: sorte de \u2018one man show\u2019 muet d\u2019un acteur,  entour\u00e9 de        danseuses, danseurs, musiciens, figurants et d\u2019imposants  d\u00e9cors,   et o\u00f9      seul le langage des mains est admis.<\/li>\n<\/ul>\n<p>Ce sont en r\u00e9alit\u00e9, non plus du th\u00e9\u00e2tre, mais des spectacles de vari\u00e9t\u00e9s, de music-hall.<\/p>\n<p>Vers   -55 (sous Pomp\u00e9e) apparaissent les premiers th\u00e9\u00e2tres en pierre,  (non   plus en bois) qui foisonneront ensuite un peu partout dans  l\u2019Empire.   Pour la premi\u00e8re fois, les spectateurs sont assis (non plus  debout). Le   nombre de jours d\u00e9di\u00e9s au th\u00e9\u00e2tre \u00e0 Rome est \u00e0 ce moment-l\u00e0  de 100   jours par an. A la fin de l\u2019Empire, le th\u00e9\u00e2tre y sera quasi  quotidien   pendant toute l\u2019ann\u00e9e.<\/p>\n<p>A Rome, pendant que <strong>l\u2019\u00e9lite s\u2019adonne aux lectures publiques, la rue s\u2019exhalte pour les \u2018archimimes\u2019<\/strong>,    vedettes de la pantomime, qui a alors \u00e9vinc\u00e9 tous les autres genres.    Dans cette cit\u00e9 multiculturelle, o\u00f9 l\u2019on parle toutes les langues, le    geste est roi. Les jeux de l\u2019Amphith\u00e9\u00e2tre donnent la part belle aux  jeux   \u2018spectacles\u2019 o\u00f9 l\u2019obsc\u00e9nit\u00e9 (amour physique en public), la  violence et   la cruaut\u00e9 (mutilations, mises \u00e0 mort r\u00e9elles d\u2019animaux ou  d\u2019hommes)   sont omnipr\u00e9sentes et font le bonheur du public.<\/p>\n<p>Pour  en revenir \u00e0  la place de la femme, nous l\u2019avons vu, elle n\u2019a pas  de  place au  th\u00e9\u00e2tre durant la p\u00e9riode gr\u00e9co-romaine. C\u2019est ce que   confirme Franca  Rame dans Le gai savoir de l\u2019acteur de Dario Fo, p.   277\u00a0:<\/p>\n<p><em> \u00ab\u00a0\u2026 On sait qu\u2019autrefois, les seules qui avaient le  droit de  monter sur  sc\u00e8ne, ne serait-ce que dans une taverne, \u00e9taient  les   femmes-jongleurs, les \u00ab\u00a0jongleresses\u00a0\u00bb. Pour la p\u00e9riode  chr\u00e9tienne, nous   avons des t\u00e9moignages sur des danseuses illustres,  comme Th\u00e9odora de   Byzance. Les fresques de Cnossos (Cr\u00e8te), trois  mille ans avant   J\u00e9sus-Christ, montrent des jeunes filles acrobates,  mais on n\u2019a gu\u00e8re de   renseignements touchant des actrices pour toute  la p\u00e9riode   gr\u00e9co-romaine\u2026\u00a0\u00bb<\/em><\/p>\n<p>D\u00e8s le Ve si\u00e8cle de notre \u00e8re,  l\u2019Empire  romain qui, durant le si\u00e8cle  pr\u00e9c\u00e9dent, a \u00e9t\u00e9 partag\u00e9 en deux  (Occident  et Orient), s\u2019effondre peu \u00e0  peu sous le d\u00e9ferlement des  invasions  barbares.<\/p>\n<p>Autre fait marquant\u00a0: le christianisme est reconnu comme religion d\u2019Etat en 391 apr\u00e8s J\u00e9sus Christ. <strong>Les p\u00e8res de la nouvelle Eglise condamnent le \u2018th\u00e9\u00e2tre\u2019 tel qu\u2019il \u00e9tait \u00e0 l\u2019\u00e9poque<\/strong>,    non seulement \u00e0 cause de l\u2019obsc\u00e9nit\u00e9 et de la violence qui le    caract\u00e9risent, mais aussi parce que ce \u2018th\u00e9\u00e2tre\u2019 c\u00e9l\u00e8bre les dieux    pa\u00efens.<\/p>\n<p>Curieusement, cependant, on sait qu\u2019un concile de   Carthage au IVe  si\u00e8cle a condamn\u00e9 les pr\u00e9jug\u00e9s \u00e0 l\u2019\u00e9gard des   com\u00e9diens\u00a0! Curieusement  aussi, des essais de th\u00e9\u00e2tre chr\u00e9tien   apparaissent. On dit que  Saint-Augustin aurait lui-m\u00eame fait du th\u00e9\u00e2tre   (comme chor\u00e8ge, et  peut-\u00eatre comme acteur) dans la ville de Carthage,   au d\u00e9but du Ve  si\u00e8cle.<\/p>\n<p>Puis, on assiste, durant 600 ans, \u00e0 un   v\u00e9ritable \u2018vide\u2019. Les  invasions qui d\u00e9ferlent sur l\u2019Europe et les   populations ont bien  d\u2019autres pr\u00e9occupations que d\u2019assister \u00e0 des   divertissements et de  spectacles. Seuls subsistent des saltimbanques,   des montreurs d\u2019ours,  des acrobates et des conteurs, mais de th\u00e9\u00e2tre,   il n\u2019en est plus  question.<\/p>\n<p>.<\/p>\n<hr \/>\n<p><em>Toutes les pages : <\/em><\/p>\n<ul>\n<li><a href=\"..\/ressources\/histoire-du-theatre\/la-prehistoire\/\">La Pr\u00e9histoire<\/a><\/li>\n<li><a href=\"..\/ressources\/histoire-du-theatre\/la-grece\/\">La Gr\u00e8ce<\/a><\/li>\n<li><a href=\"..\/ressources\/histoire-du-theatre\/rome\/\">Rome<\/a><\/li>\n<li><a href=\"..\/ressources\/histoire-du-theatre\/le-theatre-medieval\/\">Le th\u00e9\u00e2tre m\u00e9di\u00e9val<\/a><\/li>\n<li><a href=\"..\/ressources\/histoire-du-theatre\/le-theatre-profane\/\">Le th\u00e9\u00e2tre profane<\/a><\/li>\n<li><a href=\"..\/ressources\/histoire-du-theatre\/le-temps-des-auteurs\/\">Le temps des auteurs<\/a><\/li>\n<li><a href=\"..\/ressources\/histoire-du-theatre\/angleterre-le-theatre-elisabethain\/\">Angleterre : le th\u00e9\u00e2tre \u00e9lisab\u00e9thain<\/a><\/li>\n<li><a href=\"..\/ressources\/histoire-du-theatre\/l%E2%80%99italie-la-commedia-dell%E2%80%99arte\/\">L\u2019Italie : la Commedia Dell\u2019Arte <\/a>\n<ul>\n<li><a href=\"..\/ressources\/histoire-du-theatre\/la-comedie-des-masques\/\">La Com\u00e9die des Masques<\/a><\/li>\n<li><a href=\"..\/ressources\/histoire-du-theatre\/carlo-goldoni-et-carlo-gozzi\/\">Carlo Goldoni et Carlo Gozzi<\/a><\/li>\n<\/ul>\n<\/li>\n<li><a href=\"..\/ressources\/histoire-du-theatre\/la-france-le-monopole\/\">La France : le Monopole <\/a>\n<ul>\n<li><a href=\"..\/ressources\/histoire-du-theatre\/la-france-le-monopole\/confreres-de-la-passion\/\">Confr\u00e8res de la Passion<\/a><\/li>\n<li><a href=\"..\/ressources\/histoire-du-theatre\/la-france-le-monopole\/hotel-de-bourgogne\/\">H\u00f4tel de Bourgogne<\/a><\/li>\n<li><a href=\"..\/ressources\/histoire-du-theatre\/la-france-le-monopole\/le-cardinal-de-richelieu\/\">Le Cardinal de Richelieu<\/a><\/li>\n<li><a href=\"..\/ressources\/histoire-du-theatre\/la-france-le-monopole\/excommunication-des-comediens\/\">Excommunication des com\u00e9diens<\/a><\/li>\n<\/ul>\n<\/li>\n<li><a href=\"..\/ressources\/histoire-du-theatre\/apres-moliere%E2%80%A6-la-comedie-francaise\/\">Apr\u00e8s Moli\u00e8re\u2026 La Com\u00e9die-Fran\u00e7aise<\/a><\/li>\n<li><a href=\"..\/ressources\/histoire-du-theatre\/la-foire\/\">La Foire<\/a><\/li>\n<li><a href=\"..\/ressources\/histoire-du-theatre\/le-temps-de-voltaire-1694-1778-de-marivaux-1688-1763\/\">le temps de Voltaire (1694-1778), de Marivaux (1688-1763)<\/a><\/li>\n<li><a href=\"..\/ressources\/histoire-du-theatre\/le-boulevard-du-temple-boulevard-du-crime\/\">Le Boulevard du Temple\u2026 Boulevard du Crime<\/a><\/li>\n<li><a href=\"..\/ressources\/histoire-du-theatre\/1791-enfin-la-liberte-des-theatres-en-france\/\">1791 : enfin, la libert\u00e9 des th\u00e9\u00e2tres en France<\/a><\/li>\n<li><a href=\"..\/ressources\/histoire-du-theatre\/au-xixe-siecle\/\">Au XIXe si\u00e8cle<\/a><\/li>\n<li><a href=\"..\/ressources\/histoire-du-theatre\/les-metteurs-en-scene\/\">Fin du XIXe, XXe si\u00e8cle : les metteurs en sc\u00e8ne <\/a>\n<ul>\n<li><a href=\"..\/ressources\/histoire-du-theatre\/les-metteurs-en-scene\/andre-antoine-1858-%E2%80%93-1943\/\">Andr\u00e9 Antoine (1858 \u2013 1943)<\/a><\/li>\n<li><a href=\"..\/ressources\/histoire-du-theatre\/les-metteurs-en-scene\/alfred-jarry-1873-1907\/\">Alfred Jarry (1873-1907)<\/a><\/li>\n<li><a href=\"..\/ressources\/histoire-du-theatre\/les-metteurs-en-scene\/antonin-artaud-1896-1948\/\">Antonin Artaud (1896-1948)<\/a><\/li>\n<li><a href=\"..\/ressources\/histoire-du-theatre\/les-metteurs-en-scene\/constantin-stanislavski-le-realiste-1863-1938\/\">Constantin Stanislavski le r\u00e9aliste (1863-1938)<\/a><\/li>\n<li><a href=\"..\/ressources\/histoire-du-theatre\/les-metteurs-en-scene\/anton-tchekhov-1860-1904\/\">Anton Tch\u00e9khov (1860-1904)<\/a><\/li>\n<li><a href=\"..\/ressources\/histoire-du-theatre\/les-metteurs-en-scene\/erwin-piscator-1893-1966\/\">Erwin Piscator (1893-1966)<\/a><\/li>\n<li><a href=\"..\/ressources\/histoire-du-theatre\/les-metteurs-en-scene\/bertolt-brecht-1898-1956\/\">Bertolt Brecht (1898-1956)<\/a><\/li>\n<li><a href=\"..\/ressources\/histoire-du-theatre\/les-metteurs-en-scene\/le-tnp-theatre-national-populaire-de-jean-vilar-1912-1971\/\">Le TNP (Th\u00e9\u00e2tre National Populaire) de Jean Vilar (1912-1971)<\/a><\/li>\n<\/ul>\n<\/li>\n<li><a href=\"..\/ressources\/histoire-du-theatre\/le-happening\/\">Les ann\u00e9es soixante <\/a>\n<ul>\n<li><a href=\"..\/ressources\/histoire-du-theatre\/grotowski-et-le-theatre-pauvre\/\">Grotowski et le Th\u00e9\u00e2tre Pauvre<\/a><\/li>\n<li><a href=\"..\/ressources\/histoire-du-theatre\/augusto-boal\/\">Augusto Boal (1931 \u2013 2009)<\/a><\/li>\n<\/ul>\n<\/li>\n<\/ul>\n<p><span style=\"text-decoration: underline;\"> <\/span><\/p>\n","protected":false},"excerpt":{"rendered":"<p>Rome La R\u00e9publique romaine (apog\u00e9e de Rome) commence vers -500 avant J.-C., au moment de la naissance du th\u00e9\u00e2tre en Gr\u00e8ce, et durera 500 ans. A cette \u00e9poque, les Romains sont des citoyens, guerriers, disciplin\u00e9s et responsables. Pendant la p\u00e9riode de l\u2019Empire romain, qui durera encore 500 ans (jusqu\u2019en 476, \u00e0 la chute de l\u2019Empire [&hellip;]<\/p>\n","protected":false},"author":22,"featured_media":0,"parent":1846,"menu_order":478,"comment_status":"open","ping_status":"open","template":"","meta":{"footnotes":""},"class_list":["post-1854","page","type-page","status-publish","hentry"],"jetpack_sharing_enabled":true,"_links":{"self":[{"href":"https:\/\/www.dramaction.qc.ca\/fr\/wp-json\/wp\/v2\/pages\/1854","targetHints":{"allow":["GET"]}}],"collection":[{"href":"https:\/\/www.dramaction.qc.ca\/fr\/wp-json\/wp\/v2\/pages"}],"about":[{"href":"https:\/\/www.dramaction.qc.ca\/fr\/wp-json\/wp\/v2\/types\/page"}],"author":[{"embeddable":true,"href":"https:\/\/www.dramaction.qc.ca\/fr\/wp-json\/wp\/v2\/users\/22"}],"replies":[{"embeddable":true,"href":"https:\/\/www.dramaction.qc.ca\/fr\/wp-json\/wp\/v2\/comments?post=1854"}],"version-history":[{"count":0,"href":"https:\/\/www.dramaction.qc.ca\/fr\/wp-json\/wp\/v2\/pages\/1854\/revisions"}],"up":[{"embeddable":true,"href":"https:\/\/www.dramaction.qc.ca\/fr\/wp-json\/wp\/v2\/pages\/1846"}],"wp:attachment":[{"href":"https:\/\/www.dramaction.qc.ca\/fr\/wp-json\/wp\/v2\/media?parent=1854"}],"curies":[{"name":"wp","href":"https:\/\/api.w.org\/{rel}","templated":true}]}}