{"id":1846,"date":"2011-01-28T11:37:00","date_gmt":"2011-01-28T16:37:00","guid":{"rendered":"http:\/\/www.dramaction.qc.ca\/fr\/"},"modified":"2011-01-28T12:45:42","modified_gmt":"2011-01-28T17:45:42","slug":"histoire-du-theatre","status":"publish","type":"page","link":"https:\/\/www.dramaction.qc.ca\/fr\/ressources\/histoire-du-theatre\/","title":{"rendered":"Histoire du th\u00e9\u00e2tre"},"content":{"rendered":"<p><span style=\"text-decoration: underline;\">Un historique du th\u00e9\u00e2tre<em> <\/em><\/span><\/p>\n<p>Cette section a \u00e9t\u00e9 rassembl\u00e9e et cr\u00e9\u00e9e par Alicia Marie Ma\u00eblle Frochisse dans le cadre se son m\u00e9moire de fin d&#8217;\u00e9tudes \u00e0 l&#8217;Institut des Arts de Diffusion (IAD) en Belgique. Cette derni\u00e8re a rassembl\u00e9 les \u00e9l\u00e9ments fondateurs du Th\u00e9\u00e2tre de la Pr\u00e9histoire, de sa naissance \u00e0 nos jours. Ce document lui a servi de support \u00e0 sa r\u00e9flexion.<\/p>\n<p>Elle y a puis\u00e9 des renseignements un peu partout mais particuli\u00e8rement dans &#8220;l\u2019Histoire dessin\u00e9e du Th\u00e9\u00e2tre, d\u2019Andr\u00e9 DEGAINE&#8221;.\u00a0 On y rel\u00e8ve surtout des anecdotes sur la perception du com\u00e9dien, de sa place dans la soci\u00e9t\u00e9 aux diff\u00e9rents \u00e9poques chronologiquement.<\/p>\n<p>Bonne lecture !<\/p>\n<hr style=\"width: 100%;\" \/>Voici les rubriques disponibles dans ces pages.\u00a0 Dans toutes les pages, vous aurez un menu au bas&#8230;<\/p>\n<ul>\n<li><a href=\"http:\/\/www.dramaction.qc.ca\/fr\/ressources\/histoire-du-theatre\/la-prehistoire\/\">La Pr\u00e9histoire<\/a><\/li>\n<li><a href=\"http:\/\/www.dramaction.qc.ca\/fr\/ressources\/histoire-du-theatre\/la-grece\/\">La Gr\u00e8ce<\/a><\/li>\n<li><a href=\"http:\/\/www.dramaction.qc.ca\/fr\/ressources\/histoire-du-theatre\/rome\/\">Rome<\/a><\/li>\n<li><a href=\"http:\/\/www.dramaction.qc.ca\/fr\/ressources\/histoire-du-theatre\/le-theatre-medieval\/\">Le th\u00e9\u00e2tre m\u00e9di\u00e9val<\/a><\/li>\n<li><a href=\"http:\/\/www.dramaction.qc.ca\/fr\/ressources\/histoire-du-theatre\/le-theatre-profane\/\">Le th\u00e9\u00e2tre profane<\/a><\/li>\n<li><a href=\"http:\/\/www.dramaction.qc.ca\/fr\/ressources\/histoire-du-theatre\/le-temps-des-auteurs\/\">Le temps des auteurs<\/a><\/li>\n<li><a href=\"http:\/\/www.dramaction.qc.ca\/fr\/ressources\/histoire-du-theatre\/angleterre-le-theatre-elisabethain\/\">Angleterre : le th\u00e9\u00e2tre \u00e9lisab\u00e9thain<\/a><\/li>\n<li><a href=\"http:\/\/www.dramaction.qc.ca\/fr\/ressources\/histoire-du-theatre\/l%E2%80%99italie-la-commedia-dell%E2%80%99arte\/\">L\u2019Italie : la Commedia Dell\u2019Arte <\/a>\n<ul>\n<li><a href=\"http:\/\/www.dramaction.qc.ca\/fr\/ressources\/histoire-du-theatre\/la-comedie-des-masques\/\">La Com\u00e9die des Masques<\/a><\/li>\n<li><a href=\"http:\/\/www.dramaction.qc.ca\/fr\/ressources\/histoire-du-theatre\/carlo-goldoni-et-carlo-gozzi\/\">Carlo Goldoni et Carlo Gozzi<\/a><\/li>\n<\/ul>\n<\/li>\n<li><a href=\"http:\/\/www.dramaction.qc.ca\/fr\/ressources\/histoire-du-theatre\/la-france-le-monopole\/\">La France : le Monopole <\/a>\n<ul>\n<li><a href=\"http:\/\/www.dramaction.qc.ca\/fr\/ressources\/histoire-du-theatre\/la-france-le-monopole\/confreres-de-la-passion\/\">Confr\u00e8res de la Passion<\/a><\/li>\n<li><a href=\"http:\/\/www.dramaction.qc.ca\/fr\/ressources\/histoire-du-theatre\/la-france-le-monopole\/hotel-de-bourgogne\/\">H\u00f4tel de Bourgogne<\/a><\/li>\n<li><a href=\"http:\/\/www.dramaction.qc.ca\/fr\/ressources\/histoire-du-theatre\/la-france-le-monopole\/le-cardinal-de-richelieu\/\">Le Cardinal de Richelieu<\/a><\/li>\n<li><a href=\"http:\/\/www.dramaction.qc.ca\/fr\/ressources\/histoire-du-theatre\/la-france-le-monopole\/excommunication-des-comediens\/\">Excommunication des com\u00e9diens<\/a><\/li>\n<\/ul>\n<\/li>\n<li><a href=\"http:\/\/www.dramaction.qc.ca\/fr\/ressources\/histoire-du-theatre\/apres-moliere%E2%80%A6-la-comedie-francaise\/\">Apr\u00e8s Moli\u00e8re\u2026 La Com\u00e9die-Fran\u00e7aise<\/a><\/li>\n<li><a href=\"http:\/\/www.dramaction.qc.ca\/fr\/ressources\/histoire-du-theatre\/la-foire\/\">La Foire<\/a><\/li>\n<li><a href=\"http:\/\/www.dramaction.qc.ca\/fr\/ressources\/histoire-du-theatre\/le-temps-de-voltaire-1694-1778-de-marivaux-1688-1763\/\">le temps de Voltaire (1694-1778), de Marivaux (1688-1763)<\/a><\/li>\n<li><a href=\"http:\/\/www.dramaction.qc.ca\/fr\/ressources\/histoire-du-theatre\/le-boulevard-du-temple-boulevard-du-crime\/\">Le Boulevard du Temple\u2026 Boulevard du Crime<\/a><\/li>\n<li><a href=\"http:\/\/www.dramaction.qc.ca\/fr\/ressources\/histoire-du-theatre\/1791-enfin-la-liberte-des-theatres-en-france\/\">1791 : enfin, la libert\u00e9 des th\u00e9\u00e2tres en France<\/a><\/li>\n<li><a href=\"http:\/\/www.dramaction.qc.ca\/fr\/ressources\/histoire-du-theatre\/au-xixe-siecle\/\">Au XIXe si\u00e8cle<\/a><\/li>\n<li><a href=\"http:\/\/www.dramaction.qc.ca\/fr\/ressources\/histoire-du-theatre\/les-metteurs-en-scene\/\">Fin du XIXe, XXe si\u00e8cle : les metteurs en sc\u00e8ne <\/a>\n<ul>\n<li><a href=\"http:\/\/www.dramaction.qc.ca\/fr\/ressources\/histoire-du-theatre\/les-metteurs-en-scene\/andre-antoine-1858-%E2%80%93-1943\/\">Andr\u00e9 Antoine (1858 \u2013 1943)<\/a><\/li>\n<li><a href=\"http:\/\/www.dramaction.qc.ca\/fr\/ressources\/histoire-du-theatre\/les-metteurs-en-scene\/alfred-jarry-1873-1907\/\">Alfred Jarry (1873-1907)<\/a><\/li>\n<li><a href=\"http:\/\/www.dramaction.qc.ca\/fr\/ressources\/histoire-du-theatre\/les-metteurs-en-scene\/antonin-artaud-1896-1948\/\">Antonin Artaud (1896-1948)<\/a><\/li>\n<li><a href=\"http:\/\/www.dramaction.qc.ca\/fr\/ressources\/histoire-du-theatre\/les-metteurs-en-scene\/constantin-stanislavski-le-realiste-1863-1938\/\">Constantin Stanislavski le r\u00e9aliste (1863-1938)<\/a><\/li>\n<li><a href=\"http:\/\/www.dramaction.qc.ca\/fr\/ressources\/histoire-du-theatre\/les-metteurs-en-scene\/anton-tchekhov-1860-1904\/\">Anton Tch\u00e9khov (1860-1904)<\/a><\/li>\n<li><a href=\"http:\/\/www.dramaction.qc.ca\/fr\/ressources\/histoire-du-theatre\/les-metteurs-en-scene\/erwin-piscator-1893-1966\/\">Erwin Piscator (1893-1966)<\/a><\/li>\n<li><a href=\"http:\/\/www.dramaction.qc.ca\/fr\/ressources\/histoire-du-theatre\/les-metteurs-en-scene\/bertolt-brecht-1898-1956\/\">Bertolt Brecht (1898-1956)<\/a><\/li>\n<li><a href=\"http:\/\/www.dramaction.qc.ca\/fr\/ressources\/histoire-du-theatre\/les-metteurs-en-scene\/le-tnp-theatre-national-populaire-de-jean-vilar-1912-1971\/\">Le TNP (Th\u00e9\u00e2tre National Populaire) de Jean Vilar (1912-1971)<\/a><\/li>\n<\/ul>\n<\/li>\n<li><a href=\"http:\/\/www.dramaction.qc.ca\/fr\/ressources\/histoire-du-theatre\/le-happening\/\">Les ann\u00e9es soixante <\/a>\n<ul>\n<li><a href=\"http:\/\/www.dramaction.qc.ca\/fr\/ressources\/histoire-du-theatre\/grotowski-et-le-theatre-pauvre\/\">Grotowski et le Th\u00e9\u00e2tre Pauvre<\/a><\/li>\n<li><a href=\"http:\/\/www.dramaction.qc.ca\/fr\/ressources\/histoire-du-theatre\/augusto-boal\/\">Augusto Boal (1931 \u2013 2009)<\/a><\/li>\n<\/ul>\n<\/li>\n<\/ul>\n<p>Bien entendu, cette rubrique ne dit pas tout&#8230; Elle dresse par contre un portrait int\u00e9ressant.<\/p>\n<p>Nous remercions donc encore une fois Alicia Marie Ma\u00eblle Frochisse pour sa g\u00e9n\u00e9reuse contribution !<\/p>\n<div id=\"_mcePaste\" style=\"position: absolute; left: -10000px; top: 471px; width: 1px; height: 1px; overflow: hidden;\">\n<p>Anton Tch\u00e9khov (1860-1904)<\/p>\n<\/div>\n","protected":false},"excerpt":{"rendered":"<p>Un historique du th\u00e9\u00e2tre Cette section a \u00e9t\u00e9 rassembl\u00e9e et cr\u00e9\u00e9e par Alicia Marie Ma\u00eblle Frochisse dans le cadre se son m\u00e9moire de fin d&#8217;\u00e9tudes \u00e0 l&#8217;Institut des Arts de Diffusion (IAD) en Belgique. Cette derni\u00e8re a rassembl\u00e9 les \u00e9l\u00e9ments fondateurs du Th\u00e9\u00e2tre de la Pr\u00e9histoire, de sa naissance \u00e0 nos jours. Ce document lui [&hellip;]<\/p>\n","protected":false},"author":22,"featured_media":0,"parent":34,"menu_order":475,"comment_status":"open","ping_status":"open","template":"","meta":{"footnotes":""},"class_list":["post-1846","page","type-page","status-publish","hentry"],"jetpack_sharing_enabled":true,"_links":{"self":[{"href":"https:\/\/www.dramaction.qc.ca\/fr\/wp-json\/wp\/v2\/pages\/1846","targetHints":{"allow":["GET"]}}],"collection":[{"href":"https:\/\/www.dramaction.qc.ca\/fr\/wp-json\/wp\/v2\/pages"}],"about":[{"href":"https:\/\/www.dramaction.qc.ca\/fr\/wp-json\/wp\/v2\/types\/page"}],"author":[{"embeddable":true,"href":"https:\/\/www.dramaction.qc.ca\/fr\/wp-json\/wp\/v2\/users\/22"}],"replies":[{"embeddable":true,"href":"https:\/\/www.dramaction.qc.ca\/fr\/wp-json\/wp\/v2\/comments?post=1846"}],"version-history":[{"count":0,"href":"https:\/\/www.dramaction.qc.ca\/fr\/wp-json\/wp\/v2\/pages\/1846\/revisions"}],"up":[{"embeddable":true,"href":"https:\/\/www.dramaction.qc.ca\/fr\/wp-json\/wp\/v2\/pages\/34"}],"wp:attachment":[{"href":"https:\/\/www.dramaction.qc.ca\/fr\/wp-json\/wp\/v2\/media?parent=1846"}],"curies":[{"name":"wp","href":"https:\/\/api.w.org\/{rel}","templated":true}]}}