{"id":1819,"date":"2011-01-17T16:37:16","date_gmt":"2011-01-17T21:37:16","guid":{"rendered":"http:\/\/www.dramaction.qc.ca\/fr\/"},"modified":"2011-01-17T16:44:11","modified_gmt":"2011-01-17T21:44:11","slug":"fables-de-la-fontaine-le-corbeau-et-le-renard","status":"publish","type":"page","link":"https:\/\/www.dramaction.qc.ca\/fr\/ressources\/fables-de-la-fontaine\/fables-de-la-fontaine-le-corbeau-et-le-renard\/","title":{"rendered":"Fables de La Fontaine : Le Corbeau et le Renard"},"content":{"rendered":"<p>Ma\u00eetre corbeau, sur un arbre perch\u00e9,<br \/>\nTenait en son bec un fromage.<br \/>\nMa\u00eetre renard par l&#8217;odeur all\u00e9ch\u00e9 ,<br \/>\nLui tint \u00e0 peu pr\u00e8s ce langage :<br \/>\n\u00abEt bonjour Monsieur du Corbeau.<br \/>\nQue vous \u00eates joli! que vous me semblez beau!<br \/>\nSans mentir, si votre ramage<br \/>\nSe rapporte \u00e0 votre plumage,<br \/>\nVous \u00eates le ph\u00e9nix des h\u00f4tes de ces bois\u00bb<br \/>\nA ces mots le corbeau ne se sent pas de joie;<br \/>\nEt pour montrer sa belle voix,<br \/>\nIl ouvre un large bec laisse tomber sa proie.<br \/>\nLe renard s&#8217;en saisit et dit: &#8220;Mon bon Monsieur,<br \/>\nApprenez que tout flatteur<br \/>\nVit aux d\u00e9pens de celui qui l&#8217;\u00e9coute:<br \/>\nCette le\u00e7on vaut bien un fromage sans doute.&#8221;<br \/>\nLe corbeau honteux et confus<br \/>\nJura mais un peu tard , qu&#8217;on ne l&#8217;y prendrait plus.<\/p>\n","protected":false},"excerpt":{"rendered":"<p>Ma\u00eetre corbeau, sur un arbre perch\u00e9, Tenait en son bec un fromage. Ma\u00eetre renard par l&#8217;odeur all\u00e9ch\u00e9 , Lui tint \u00e0 peu pr\u00e8s ce langage : \u00abEt bonjour Monsieur du Corbeau. Que vous \u00eates joli! que vous me semblez beau! Sans mentir, si votre ramage Se rapporte \u00e0 votre plumage, Vous \u00eates le ph\u00e9nix des [&hellip;]<\/p>\n","protected":false},"author":22,"featured_media":0,"parent":1808,"menu_order":471,"comment_status":"open","ping_status":"open","template":"","meta":{"footnotes":""},"class_list":["post-1819","page","type-page","status-publish","hentry"],"jetpack_sharing_enabled":true,"_links":{"self":[{"href":"https:\/\/www.dramaction.qc.ca\/fr\/wp-json\/wp\/v2\/pages\/1819","targetHints":{"allow":["GET"]}}],"collection":[{"href":"https:\/\/www.dramaction.qc.ca\/fr\/wp-json\/wp\/v2\/pages"}],"about":[{"href":"https:\/\/www.dramaction.qc.ca\/fr\/wp-json\/wp\/v2\/types\/page"}],"author":[{"embeddable":true,"href":"https:\/\/www.dramaction.qc.ca\/fr\/wp-json\/wp\/v2\/users\/22"}],"replies":[{"embeddable":true,"href":"https:\/\/www.dramaction.qc.ca\/fr\/wp-json\/wp\/v2\/comments?post=1819"}],"version-history":[{"count":0,"href":"https:\/\/www.dramaction.qc.ca\/fr\/wp-json\/wp\/v2\/pages\/1819\/revisions"}],"up":[{"embeddable":true,"href":"https:\/\/www.dramaction.qc.ca\/fr\/wp-json\/wp\/v2\/pages\/1808"}],"wp:attachment":[{"href":"https:\/\/www.dramaction.qc.ca\/fr\/wp-json\/wp\/v2\/media?parent=1819"}],"curies":[{"name":"wp","href":"https:\/\/api.w.org\/{rel}","templated":true}]}}